{"id":10077,"date":"2015-05-28T01:21:07","date_gmt":"2015-05-28T01:21:07","guid":{"rendered":"http:\/\/www.defensoria.se.def.br\/?page_id=10077"},"modified":"2026-05-04T11:26:17","modified_gmt":"2026-05-04T14:26:17","slug":"subsidio","status":"publish","type":"page","link":"https:\/\/www.defensoria.se.def.br\/?page_id=10077","title":{"rendered":"Subs\u00eddio"},"content":{"rendered":"\n<h3 class=\"wp-block-heading\">&nbsp;<\/h3>\n\n\n\n<h1 class=\"wp-block-heading has-text-align-center has-ast-global-color-0-color has-text-color has-link-color wp-elements-8eced91d98dfdd1e938d9c65979377e7\"><strong>Subs\u00eddio<\/strong><\/h1>\n\n\n\n<h4 class=\"wp-block-heading has-text-align-center\"><br>REMUNERA\u00c7\u00c3O atual de Defensor P\u00fablico em Sergipe, de acordo com a Lei Ordin\u00e1ria n\u00ba 9.152 de 29 de dezembro de 2022, publicada no DOE de 30\/12\/2022:<br><br><\/h4>\n\n\n\n\n\n<p class=\"has-text-align-center\"><strong>Atual<\/strong><\/p>\n\n\n\n<figure class=\"wp-block-table\"><table class=\"has-fixed-layout\"><tbody><tr><td>\n<p><span style=\"font-size: medium;\"><strong>&nbsp;DEFENSOR P\u00daBLICO<\/strong><\/span><\/p>\n<\/td><td>\n<p><span style=\"font-size: medium;\"><strong>&nbsp;VENCIMENTO EFETIVO<\/strong><\/span><\/p>\n<\/td><\/tr><tr><td>\n<p><span style=\"font-size: medium;\">1\u00aa Categoria<\/span><\/p>\n<\/td><td><p><span style=\"font-size: medium;\">R$&nbsp;39.753,16<\/span><\/p><\/td><\/tr><tr><td>\n<p><span style=\"font-size: medium;\">2\u00aa Categoria<\/span><\/p>\n<\/td><td><p><span style=\"font-size: medium;\">R$&nbsp;34.567,97<\/span><\/p><\/td><\/tr><tr><td>\n<p><span style=\"font-size: medium;\">Substituto<\/span><\/p>\n<\/td><td><p><span style=\"font-size: medium;\">R$&nbsp;30.059<\/span><span style=\"font-size: medium; font-family: inherit; font-weight: inherit; color: var(--ast-global-color-3); background-color: var(--ast-global-color-5);\">,<\/span><span style=\"font-family: inherit; font-size: inherit; font-weight: inherit; color: var(--ast-global-color-3); background-color: var(--ast-global-color-5);\">10<\/span><\/p><\/td><\/tr><tr><td>\n<p><span style=\"font-size: medium;\">Substituto Ingresso<\/span><\/p>\n<\/td><td><p><span style=\"font-size: medium;\">R$ 20.039,40<\/span><\/p><\/td><\/tr><\/tbody><\/table><\/figure>\n\n\n\n<p class=\"has-text-align-center\"><br><strong>2025<\/strong><\/p>\n\n\n\n<figure class=\"wp-block-table\"><table class=\"has-fixed-layout\"><tbody><tr><td>\n<p><span style=\"font-size: medium;\"><strong>&nbsp;DEFENSOR P\u00daBLICO<\/strong><\/span><\/p>\n<\/td><td>\n<p><span style=\"font-size: medium;\"><strong>&nbsp;VENCIMENTO EFETIVO<\/strong><\/span><\/p>\n<\/td><\/tr><tr><td>\n<p><span style=\"font-size: medium;\">1\u00aa Categoria<\/span><\/p>\n<\/td><td><p><span style=\"font-size: medium;\">R$\u00a037.731,72<\/span><\/p><\/td><\/tr><tr><td>\n<p><span style=\"font-size: medium;\">2\u00aa Categoria<\/span><\/p>\n<\/td><td><p><span style=\"font-size: medium;\">R$\u00a032.810,19<\/span><\/p><\/td><\/tr><tr><td>\n<p><span style=\"font-size: medium;\">Substituto<\/span><\/p>\n<\/td><td><p><span style=\"font-size: medium;\">R$\u00a028.530<\/span><span style=\"font-size: medium; font-family: inherit; font-weight: inherit; color: var(--ast-global-color-3); background-color: var(--ast-global-color-5);\">,<\/span><span style=\"font-family: inherit; font-size: inherit; font-weight: inherit; color: var(--ast-global-color-3); background-color: var(--ast-global-color-5);\">6<\/span><span style=\"font-family: inherit; font-size: inherit; font-weight: inherit; color: var(--ast-global-color-3); background-color: var(--ast-global-color-5);\">0<\/span><\/p><\/td><\/tr><tr><td>\n<p><span style=\"font-size: medium;\">Substituto Ingresso<\/span><\/p>\n<\/td><td><p><span style=\"font-size: medium;\">R$ 19.020,40<\/span><\/p><\/td><\/tr><\/tbody><\/table><\/figure>\n\n\n\n<p class=\"has-text-align-center\"><br><strong>2024<\/strong><\/p>\n\n\n\n<figure class=\"wp-block-table\"><table class=\"has-fixed-layout\"><tbody><tr><td>\n<p><span style=\"font-size: medium;\"><strong>&nbsp;DEFENSOR P\u00daBLICO<\/strong><\/span><\/p>\n<\/td><td>\n<p><span style=\"font-size: medium;\"><strong>&nbsp;VENCIMENTO EFETIVO<\/strong><\/span><\/p>\n<\/td><\/tr><tr><td>\n<p><span style=\"font-size: medium;\">1\u00aa Categoria<\/span><\/p>\n<\/td><td><p><span style=\"font-size: medium;\">R$&nbsp;35.710,28<\/span><\/p><\/td><\/tr><tr><td>\n<p><span style=\"font-size: medium;\">2\u00aa Categoria<\/span><\/p>\n<\/td><td><p><span style=\"font-size: medium;\">R$&nbsp;31.052,42<\/span><\/p><\/td><\/tr><tr><td>\n<p><span style=\"font-size: medium;\">Substituto<\/span><\/p>\n<\/td><td><p><span style=\"font-size: medium;\">R$&nbsp;27.002<\/span><span style=\"font-size: medium; font-family: inherit; font-weight: inherit; color: var(--ast-global-color-3); background-color: var(--ast-global-color-5);\">,<\/span><span style=\"font-family: inherit; font-size: inherit; font-weight: inherit; color: var(--ast-global-color-3); background-color: var(--ast-global-color-5);\">10<\/span><\/p><\/td><\/tr><tr><td>\n<p><span style=\"font-size: medium;\">Substituto Ingresso<\/span><\/p>\n<\/td><td><p><span style=\"font-size: medium;\">R$ 18.001,40<\/span><\/p><\/td><\/tr><\/tbody><\/table><\/figure>\n\n\n\n<p class=\"has-text-align-center\"><br><strong>2023<\/strong><\/p>\n\n\n\n<figure class=\"wp-block-table\"><table class=\"has-fixed-layout\"><tbody><tr><td>\n<p><span style=\"font-size: medium;\"><strong>&nbsp;DEFENSOR P\u00daBLICO<\/strong><\/span><\/p>\n<\/td><td>\n<p><span style=\"font-size: medium;\"><strong>&nbsp;VENCIMENTO EFETIVO<\/strong><\/span><\/p>\n<\/td><\/tr><tr><td>\n<p><span style=\"font-size: medium;\">1\u00aa Categoria<\/span><\/p>\n<\/td><td><p><span style=\"font-size: medium;\">R$&nbsp;33.250,98<\/span><\/p><\/td><\/tr><tr><td>\n<p><span style=\"font-size: medium;\">2\u00aa Categoria<\/span><\/p>\n<\/td><td><p><span style=\"font-size: medium;\">R$&nbsp;28.913,90<\/span><\/p><\/td><\/tr><tr><td>\n<p><span style=\"font-size: medium;\">Substituto<\/span><\/p>\n<\/td><td><p><span style=\"font-size: medium;\">R$&nbsp;25.142<\/span><span style=\"font-size: medium; font-family: inherit; font-weight: inherit; color: var(--ast-global-color-3); background-color: var(--ast-global-color-5);\">,<\/span><span style=\"font-family: inherit; font-size: inherit; font-weight: inherit; color: var(--ast-global-color-3); background-color: var(--ast-global-color-5);\">52<\/span><\/p><\/td><\/tr><tr><td>\n<p><span style=\"font-size: medium;\">Substituto Ingresso<\/span><\/p>\n<\/td><td><p><span style=\"font-size: medium;\">R$ 16.761,68<\/span><\/p><\/td><\/tr><\/tbody><\/table><\/figure>\n\n\n\n<p class=\"has-text-align-center\"><strong>LEI COMPLEMENTAR N\u00ba. 317<br>DE 07 DE DEZEMBRO DE 2018<br>PUBLICADA NO DI\u00c1RIO OFICIAL N\u00ba 28.085, DE 10\/12\/2018<\/strong><\/p>\n\n\n\n<p class=\"has-text-align-center\"><\/p>\n\n\n\n<p class=\"has-text-align-center\"><br><strong>2022<\/strong><\/p>\n\n\n\n<figure class=\"wp-block-table\"><table class=\"has-fixed-layout\"><tbody><tr><td>\n<p><span style=\"font-size: medium;\"><strong>&nbsp;DEFENSOR P\u00daBLICO<\/strong><\/span><\/p>\n<\/td><td>\n<p><span style=\"font-size: medium;\"><strong>&nbsp;VENCIMENTO EFETIVO<\/strong><\/span><\/p>\n<\/td><\/tr><tr><td>\n<p><span style=\"font-size: medium;\">1\u00aa Categoria<\/span><\/p>\n<\/td><td><p><span style=\"font-size: medium;\">R$&nbsp;33.250,98<\/span><\/p><\/td><\/tr><tr><td>\n<p><span style=\"font-size: medium;\">2\u00aa Categoria<\/span><\/p>\n<\/td><td><p><span style=\"font-size: medium;\">R$&nbsp;28.913,90<\/span><\/p><\/td><\/tr><tr><td>\n<p><span style=\"font-size: medium;\">Substituto<\/span><\/p>\n<\/td><td><p><span style=\"font-size: medium;\">R$&nbsp;25.142<\/span><span style=\"font-size: medium; font-family: inherit; font-weight: inherit; color: var(--ast-global-color-3); background-color: var(--ast-global-color-5);\">,<\/span><span style=\"font-family: inherit; font-size: inherit; font-weight: inherit; color: var(--ast-global-color-3); background-color: var(--ast-global-color-5);\">52<\/span><\/p><\/td><\/tr><tr><td>\n<p><span style=\"font-size: medium;\">Substituto Ingresso<\/span><\/p>\n<\/td><td><p><span style=\"font-size: medium;\">R$ 16.761,68<\/span><\/p><\/td><\/tr><\/tbody><\/table><\/figure>\n\n\n\n<p class=\"has-text-align-center\"><br><strong>2021<\/strong><\/p>\n\n\n\n<figure class=\"wp-block-table\"><table class=\"has-fixed-layout\"><tbody><tr><td>\n<p><span style=\"font-size: medium;\"><strong>&nbsp;DEFENSOR P\u00daBLICO<\/strong><\/span><\/p>\n<\/td><td>\n<p><span style=\"font-size: medium;\"><strong>&nbsp;VENCIMENTO EFETIVO<\/strong><\/span><\/p>\n<\/td><\/tr><tr><td>\n<p><span style=\"font-size: medium;\">1\u00aa Categoria<\/span><\/p>\n<\/td><td><p><span style=\"font-size: medium;\">R$&nbsp;33.250,98<\/span><\/p><\/td><\/tr><tr><td>\n<p><span style=\"font-size: medium;\">2\u00aa Categoria<\/span><\/p>\n<\/td><td><p><span style=\"font-size: medium;\">R$&nbsp;28.913,90<\/span><\/p><\/td><\/tr><tr><td>\n<p><span style=\"font-size: medium;\">Substituto<\/span><\/p>\n<\/td><td><p><span style=\"font-size: medium;\">R$&nbsp;25.142<\/span><span style=\"font-size: medium; font-family: inherit; font-weight: inherit; color: var(--ast-global-color-3); background-color: var(--ast-global-color-5);\">,<\/span><span style=\"font-family: inherit; font-size: inherit; font-weight: inherit; color: var(--ast-global-color-3); background-color: var(--ast-global-color-5);\">52<\/span><\/p><\/td><\/tr><tr><td>\n<p><span style=\"font-size: medium;\">Substituto Ingresso<\/span><\/p>\n<\/td><td><p><span style=\"font-size: medium;\">R$ 16.761,68<\/span><\/p><\/td><\/tr><\/tbody><\/table><\/figure>\n\n\n\n\n\n<div class=\"wp-block-uagb-container uagb-block-ff0152f1 alignfull uagb-is-root-container\"><div class=\"uagb-container-inner-blocks-wrap\"><\/div><\/div>\n\n\n\n<p><br><br><br><\/p>\n","protected":false},"excerpt":{"rendered":"<p>&nbsp; Subs\u00eddio REMUNERA\u00c7\u00c3O atual de Defensor P\u00fablico em Sergipe, de acordo com a Lei Ordin\u00e1ria n\u00ba 9.152 de 29 de dezembro de 2022, publicada no DOE de 30\/12\/2022: Atual &nbsp;DEFENSOR P\u00daBLICO &nbsp;VENCIMENTO EFETIVO 1\u00aa Categoria R$&nbsp;39.753,16 2\u00aa Categoria R$&nbsp;34.567,97 Substituto R$&nbsp;30.059,10 Substituto Ingresso R$ 20.039,40 2025 &nbsp;DEFENSOR P\u00daBLICO &nbsp;VENCIMENTO EFETIVO 1\u00aa Categoria R$\u00a037.731,72 2\u00aa Categoria &hellip;<\/p>\n<p class=\"read-more\"> <a class=\"\" href=\"https:\/\/www.defensoria.se.def.br\/?page_id=10077\"> <span class=\"screen-reader-text\">Subs\u00eddio<\/span> Read More &raquo;<\/a><\/p>\n","protected":false},"author":1,"featured_media":0,"parent":12251,"menu_order":0,"comment_status":"closed","ping_status":"closed","template":"","meta":{"_eb_attr":"","_uag_custom_page_level_css":"","site-sidebar-layout":"default","site-content-layout":"","ast-site-content-layout":"","site-content-style":"default","site-sidebar-style":"default","ast-global-header-display":"","ast-banner-title-visibility":"","ast-main-header-display":"","ast-hfb-above-header-display":"","ast-hfb-below-header-display":"","ast-hfb-mobile-header-display":"","site-post-title":"","ast-breadcrumbs-content":"","ast-featured-img":"","footer-sml-layout":"","theme-transparent-header-meta":"","adv-header-id-meta":"","stick-header-meta":"","header-above-stick-meta":"","header-main-stick-meta":"","header-below-stick-meta":"","astra-migrate-meta-layouts":"","footnotes":""},"class_list":["post-10077","page","type-page","status-publish","hentry"],"uagb_featured_image_src":{"full":false,"thumbnail":false,"medium":false,"medium_large":false,"large":false,"1536x1536":false,"2048x2048":false},"uagb_author_info":{"display_name":"admin","author_link":"https:\/\/www.defensoria.se.def.br\/?author=1"},"uagb_comment_info":0,"uagb_excerpt":"&nbsp; Subs\u00eddio REMUNERA\u00c7\u00c3O atual de Defensor P\u00fablico em Sergipe, de acordo com a Lei Ordin\u00e1ria n\u00ba 9.152 de 29 de dezembro de 2022, publicada no DOE de 30\/12\/2022: Atual &nbsp;DEFENSOR P\u00daBLICO &nbsp;VENCIMENTO EFETIVO 1\u00aa Categoria R$&nbsp;39.753,16 2\u00aa Categoria R$&nbsp;34.567,97 Substituto R$&nbsp;30.059,10 Substituto Ingresso R$ 20.039,40 2025 &nbsp;DEFENSOR P\u00daBLICO &nbsp;VENCIMENTO EFETIVO 1\u00aa Categoria R$\u00a037.731,72 2\u00aa Categoria&hellip;","_links":{"self":[{"href":"https:\/\/www.defensoria.se.def.br\/index.php?rest_route=\/wp\/v2\/pages\/10077"}],"collection":[{"href":"https:\/\/www.defensoria.se.def.br\/index.php?rest_route=\/wp\/v2\/pages"}],"about":[{"href":"https:\/\/www.defensoria.se.def.br\/index.php?rest_route=\/wp\/v2\/types\/page"}],"author":[{"embeddable":true,"href":"https:\/\/www.defensoria.se.def.br\/index.php?rest_route=\/wp\/v2\/users\/1"}],"replies":[{"embeddable":true,"href":"https:\/\/www.defensoria.se.def.br\/index.php?rest_route=%2Fwp%2Fv2%2Fcomments&post=10077"}],"version-history":[{"count":36,"href":"https:\/\/www.defensoria.se.def.br\/index.php?rest_route=\/wp\/v2\/pages\/10077\/revisions"}],"predecessor-version":[{"id":50636,"href":"https:\/\/www.defensoria.se.def.br\/index.php?rest_route=\/wp\/v2\/pages\/10077\/revisions\/50636"}],"up":[{"embeddable":true,"href":"https:\/\/www.defensoria.se.def.br\/index.php?rest_route=\/wp\/v2\/pages\/12251"}],"wp:attachment":[{"href":"https:\/\/www.defensoria.se.def.br\/index.php?rest_route=%2Fwp%2Fv2%2Fmedia&parent=10077"}],"curies":[{"name":"wp","href":"https:\/\/api.w.org\/{rel}","templated":true}]}}