{"id":10378,"date":"2015-06-19T14:59:04","date_gmt":"2015-06-19T14:59:04","guid":{"rendered":"http:\/\/www.defensoria.se.def.br\/?page_id=10378"},"modified":"2024-09-05T10:36:28","modified_gmt":"2024-09-05T13:36:28","slug":"ano-20141025","status":"publish","type":"page","link":"https:\/\/www.defensoria.se.def.br\/?page_id=10378","title":{"rendered":"Ano 2014\/2015"},"content":{"rendered":"<p style=\"text-align: center;\"><span style=\"font-size: medium;\"><strong><em>Clique no n\u00famero do Edital no texto\u00a0e fa\u00e7a o\u00a0Download\u00a0<\/em><\/strong><\/span><\/p>\n<p style=\"text-align: center;\"><span style=\"font-size: medium;\">\u00a0<\/span><\/p>\n<p style=\"text-align: center;\">\u00a0<\/p>\n<p style=\"text-align: center;\"><span style=\"font-size: medium;\"><strong>ANO: 2014<\/strong><\/span><\/p>\n<p style=\"text-align: center;\">\u00a0<\/p>\n<p>&nbsp;<\/p>\n<p>&nbsp;<\/p>\n<p style=\"text-align: justify;\">\u00a0<\/p>\n<p style=\"text-align: justify;\"><span style=\"font-size: medium;\"><strong><span style=\"color: #ff0000;\"><span style=\"color: #0000ff;\"><a href=\"http:\/\/www.defensoria.se.def.br\/wp-content\/uploads\/2012\/06\/Edital-001.2014.CPSE_.pdf\"><span style=\"color: #0000ff;\">Edital n\u00ba 001.2014.CPSE<\/span><\/a>\u00a0<\/span>&#8211;<\/span>\u00a0<\/strong>O <strong>PRESIDENTE DO CONSELHO SUPERIOR DA<\/strong> <strong>DEFENSORIA P\u00daBLICA DO ESTADO DE SERGIPE <\/strong>e a <strong>COMISS\u00c3O DE PROCESSO SELETIVO PARA ESTAGI\u00c1RIOS DA DEFENSORIA P\u00daBLICA DO ESTADO DE SERGIPE<\/strong>, constitu\u00edda atrav\u00e9s da Portaria n.\u00ba 003\/2014 do Conselho Superior, no uso de suas atribui\u00e7\u00f5es legais, observando a Lei Complementar Estadual n.\u00ba 183\/2010 e a Resolu\u00e7\u00e3o n.\u00ba 003\/2010 deste Conselho Superior, faz saber aos interessados e ao p\u00fablico em geral, que estar\u00e3o abertas as inscri\u00e7\u00f5es para o Processo Seletivo para Provimento e Forma\u00e7\u00e3o de Cadastro de Reserva para Estagi\u00e1rios da Defensoria P\u00fablica do Estado de Sergipe, com vagas para os cursos de Direito, Administra\u00e7\u00e3o, Ci\u00eancias Cont\u00e1beis e Sistema de Informa\u00e7\u00e3o ou Sistema de Internet (com conhecimento espec\u00edfico para Web Designer), das quais 5% (cinco por cento) se destinar\u00e3o a pessoas portadoras de defici\u00eancia, nos termos da Lei Federal n.\u00ba 7.853 de 24 de outubro de 1989, regulamentada pelo Decreto Federal n.\u00ba 3.298 de 20 de dezembro de 1999.<\/span><\/p>\n<p style=\"text-align: justify;\">\u00a0<\/p>\n<p style=\"text-align: justify;\" align=\"center\"><span style=\"font-size: medium;\">\u00a0<\/span><\/p>\n<p style=\"text-align: justify;\" align=\"center\"><span style=\"color: #0000ff; font-size: medium;\"><strong><a href=\"http:\/\/www.defensoria.se.def.br\/wp-content\/uploads\/2012\/06\/FICHA-DE-INSCRI\u00c7\u00c3O2.pdf\"><span style=\"color: #0000ff;\">Ficha de Inscri\u00e7\u00e3o<\/span><\/a><\/strong><\/span><\/p>\n<p style=\"text-align: justify;\" align=\"center\"><span style=\"font-size: medium;\">\u00a0<\/span><\/p>\n<p style=\"text-align: justify;\" align=\"center\"><span style=\"font-size: medium;\"><strong><span style=\"color: #0000ff;\"><a href=\"http:\/\/www.defensoria.se.def.br\/wp-content\/uploads\/2015\/03\/Edital-n.%C2%BA-001.2015.CPSE-Deferimento-de-Inscri%C3%A7%C3%B5es-Local-e-Data-das-Provas.pdf\"><span style=\"color: #0000ff;\">Edital n.\u00ba 001\/2015<\/span><\/a>\u00a0&#8211;<\/span>\u00a0Deferimento de Inscri\u00e7\u00f5es \u2013 Data e local das Provas<\/strong><\/span><\/p>\n<p style=\"text-align: justify;\" align=\"center\"><span style=\"font-size: medium;\">\u00a0<\/span><\/p>\n<p style=\"text-align: justify;\" align=\"center\"><span style=\"color: #0000ff; font-size: medium;\"><strong><a href=\"http:\/\/www.defensoria.se.def.br\/wp-content\/uploads\/2015\/03\/Errata-Edital-n.\u00ba-001.2014.CPSE-Conte\u00fado-Program\u00e1tico-.pdf\"><span style=\"color: #0000ff;\">Errata do Edital n.\u00ba 001\/2014.CPSE &#8211; Conte\u00fado Program\u00e1tico<\/span><\/a><\/strong><\/span><\/p>\n<p style=\"text-align: justify;\" align=\"center\"><span style=\"font-size: medium;\">\u00a0<\/span><\/p>\n<p style=\"text-align: justify;\" align=\"center\"><span style=\"color: #0000ff; font-size: medium;\"><strong><a href=\"http:\/\/www.defensoria.se.def.br\/wp-content\/uploads\/2015\/03\/Edital-n.\u00ba-002.15-Disp\u00f5e-sobre-o-Gabarito-Preliminar-e-Recurso.pdf\"><span style=\"color: #0000ff;\">Edital n.\u00ba 002\/2015 &#8211; \u00a0Gabarito Preliminar e Recurso<\/span><\/a><\/strong><\/span><\/p>\n<p style=\"text-align: justify;\" align=\"center\"><span style=\"font-size: medium;\">\u00a0<\/span><\/p>\n<p><span style=\"font-size: medium; color: #0000ff;\"><strong><a href=\"http:\/\/www.defensoria.se.def.br\/wp-content\/uploads\/2015\/03\/PROVA-_-Direito.pdf\"><span style=\"color: #0000ff;\">Prova de Direito<\/span><\/a><\/strong><\/span><\/p>\n<p><span style=\"color: #ff0000; font-size: medium;\">\u00a0<\/span><\/p>\n<p><span style=\"color: #0000ff; font-size: medium;\"><strong><a href=\"http:\/\/www.defensoria.se.def.br\/wp-content\/uploads\/2015\/03\/PROVA-_-Administracao.pdf\"><span style=\"color: #0000ff;\">Prova de Administra\u00e7\u00e3o<\/span><\/a><\/strong><\/span><\/p>\n<p><span style=\"color: #ff0000; font-size: medium;\">\u00a0<\/span><\/p>\n<p><span style=\"color: #0000ff; font-size: medium;\"><strong><a href=\"http:\/\/www.defensoria.se.def.br\/wp-content\/uploads\/2015\/03\/PROVA-_-Ciencias-Contabeis.pdf\"><span style=\"color: #0000ff;\">PROVA DE CI\u00caNCIAS CONT\u00c1BEIS\u00a0<\/span><\/a><\/strong><\/span><\/p>\n<p><span style=\"color: #0000ff; font-size: medium;\">\u00a0<\/span><\/p>\n<p><span style=\"color: #0000ff; font-size: medium;\"><strong><a href=\"http:\/\/www.defensoria.se.def.br\/wp-content\/uploads\/2015\/03\/PROVA-_-Web-Designer.pdf\"><span style=\"color: #0000ff;\">PROVA DE WEB DESIGNER<\/span><\/a><\/strong><\/span><\/p>\n<p><span style=\"font-size: medium; color: #0000ff;\">\u00a0<\/span><\/p>\n<p><span style=\"font-size: medium;\"><span style=\"color: #0000ff;\"><strong><a href=\"http:\/\/www.defensoria.se.def.br\/wp-content\/uploads\/2012\/06\/Edital-n.\u00ba-003.15.CPSE-Resultado-de-Recurso.pdf\"><span style=\"color: #0000ff;\"><span style=\"color: #ff0000;\"><span style=\"color: #0000ff;\">Edital n.\u00ba 003\/2015<\/span><\/span><span style=\"color: #0000ff;\">\u00a0<\/span><\/span><\/a><\/strong><strong>&#8211;<\/strong><\/span> Disp\u00f5e sobre o resultado do Recurso contra a prova do curso de Direito do Processo Seletivo para Estagi\u00e1rios da Defensoria P\u00fablica do Estado. \u00a0<\/span><\/p>\n<p><span style=\"font-size: medium;\">\u00a0<\/span><\/p>\n<p><span style=\"font-size: medium;\"><span style=\"color: #0000ff;\"><strong><a href=\"http:\/\/www.defensoria.se.def.br\/wp-content\/uploads\/2012\/06\/Edital-n.\u00ba-004.15-Resultado-Provis\u00f3rio.pdf\"><span style=\"color: #0000ff;\">Edital n.\u00ba 004\/2015 &#8211; <\/span><\/a><\/strong><\/span>\u00a0Disp\u00f5e sobre o<strong> Resultado Provis\u00f3rio<\/strong> do Processo Seletivo para Estagi\u00e1rios da Defensoria P\u00fablica do Estado.\u00a0<\/span><\/p>\n<p><span style=\"font-size: medium;\">\u00a0<\/span><\/p>\n<p><span style=\"font-size: medium;\"><span style=\"color: #0000ff;\"><strong><a href=\"http:\/\/www.defensoria.se.def.br\/wp-content\/uploads\/2012\/06\/Edital-n.\u00ba-005.2015.CPSE-Resultado-Definitivo-1.pdf\"><span style=\"color: #0000ff;\">Edital n.\u00ba 005\/2015<\/span><\/a>\u00a0<\/strong>&#8211;<\/span> Disp\u00f5e sobre o <strong>RESULTADO DEFINITIVO<\/strong> do Processo Seletivo para Estagi\u00e1rios da Defensoria P\u00fablica do Estado.\u00a0<\/span><\/p>\n<p><span style=\"font-size: medium;\">\u00a0<\/span><\/p>\n<p><span style=\"font-size: medium;\"><span style=\"color: #0000ff;\"><strong><a href=\"http:\/\/www.defensoria.se.def.br\/wp-content\/uploads\/2012\/06\/Edital-n.\u00ba-006.2015.CPSE-Homologa\u00e7\u00e3o.pdf\"><span style=\"color: #0000ff;\">Edital n.\u00ba 006\/2015<\/span><\/a><\/strong>\u00a0&#8211;<\/span>\u00a0\u00a0Disp\u00f5e sobre a Homologa\u00e7\u00e3o do Resultado Definitivo do Processo Seletivo de Estagi\u00e1rios da Defensoria P\u00fablica do Estado.\u00a0<\/span><\/p>\n<p><span style=\"font-size: medium;\">\u00a0<\/span><\/p>\n<p><span style=\"font-size: medium;\"><span style=\"color: #0000ff;\"><strong><a href=\"http:\/\/www.defensoria.se.def.br\/wp-content\/uploads\/2012\/06\/EDITAL-DE-CONVOVA\u00c7\u00c3O-N\u00ba-002-2015-2.pdf\"><span style=\"color: #0000ff;\">CONVOCA\u00c7\u00c3O 001\/2015<\/span><\/a><\/strong><\/span><span style=\"color: #ff0000;\"><strong><span style=\"color: #0000ff;\"><a href=\"http:\/\/www.defensoria.se.def.br\/wp-content\/uploads\/2012\/06\/EDITAL-DE-CONVOVA\u00c7\u00c3O-N\u00ba-002-2015-2.pdf\"><span style=\"color: #0000ff;\">\u00a0<\/span><\/a><\/span><br \/><\/strong><\/span><\/span><\/p>\n<p><span style=\"font-size: medium;\">\u00a0<\/span><\/p>\n<p><span style=\"color: #0000ff; font-size: medium;\"><strong><a href=\"http:\/\/www.defensoria.se.def.br\/wp-content\/uploads\/2012\/06\/Despacho-Pedido-de-Final-de-Lista-Estagi\u00e1rios-1.pdf\"><span style=\"color: #0000ff;\">DESPACHO &#8211; DEFERIMENTO DO PEDIDO DE FINAL DE LISTA<\/span><\/a><\/strong><\/span><\/p>\n<p><span style=\"font-size: medium;\">\u00a0<\/span><\/p>\n<p><span style=\"color: #0000ff; font-size: medium;\"><strong><a href=\"http:\/\/www.defensoria.se.def.br\/wp-content\/uploads\/2012\/06\/Convoca\u00e7\u00e3o-002.15-Apresenta\u00e7\u00e3o-de-Estagi\u00e1rios.pdf\"><span style=\"color: #0000ff;\">CONVOCA\u00c7\u00c3O N\u00ba 002\/2015 &#8211; APRESENTA\u00c7\u00c3O DE ESTAGI\u00c1RIOS<\/span><\/a><\/strong><\/span><\/p>\n<p>&nbsp;<\/p>\n<p style=\"text-align: justify;\"><span style=\"color: #0000ff;\"><strong><span style=\"font-size: medium;\"><a href=\"http:\/\/www.defensoria.se.def.br\/wp-content\/uploads\/2012\/06\/Despacho-Pedido-de-Final-de-Lista-de-Estagi\u00e1rios...pdf\"><span style=\"color: #0000ff;\">DESPACHO &#8211; PEDIDO DE FINAL DE LISTA<\/span><\/a><\/span><\/strong>\u00a0&#8211;<\/span>\u00a0<span style=\"font-size: medium;\">Deferimos o pedido de final de lista dos candidatos relacionados, aprovados no Processo Seletivo para Estagi\u00e1rios da Defensoria P\u00fablica do Estado de Sergipe, com base no<strong> Edital n\u00ba 005\/2015.\u00a0<\/strong><\/span><\/p>\n<p style=\"text-align: justify;\">\u00a0<\/p>\n<p style=\"text-align: justify;\"><span style=\"color: #0000ff;\"><strong><span style=\"font-size: medium;\"><a href=\"http:\/\/www.defensoria.se.def.br\/wp-content\/uploads\/2012\/06\/Convocca\u00e7\u00e3o-n.\u00ba-003.15-Estagi\u00e1rios.pdf\"><span style=\"color: #0000ff;\">CONVOCA\u00c7\u00c3O N\u00ba 003\/2015<\/span><\/a>\u00a0<\/span><\/strong><\/span><span style=\"font-size: medium;\"><span style=\"color: #0000ff;\">&#8211;<\/span>\u00a0<strong>CONVOCA<\/strong> os candidatos abaixo relacionados, obedecendo a ordem de classifica\u00e7\u00e3o, a se apresentarem na sede da Defensoria P\u00fablica do Estado de Sergipe<\/span><\/p>\n<p style=\"text-align: justify;\">\u00a0<\/p>\n<p style=\"text-align: justify;\"><span style=\"font-size: medium;\"><span style=\"color: #0000ff;\"><strong><a href=\"http:\/\/www.defensoria.se.def.br\/wp-content\/uploads\/2012\/06\/Convocca\u00e7\u00e3o-n.\u00ba-004.15-Estagi\u00e1rios-que-pediram-Final-de-Lista.pdf\"><span style=\"color: #0000ff;\">CONVOCA\u00c7\u00c3O N\u00ba 004\/2015 &#8211; Estagi\u00e1rios que pediram Final de Lista<\/span><\/a><\/strong>\u00a0<\/span>&#8211;\u00a0<strong>CONVOCA<\/strong> os candidatos que protocolaram pedido de final de lista, obedecendo a ordem de classifica\u00e7\u00e3o, a se apresentarem na sede da Defensoria P\u00fablica do Estado de Sergipe.<\/span><\/p>\n<p style=\"text-align: center;\">\u00a0<\/p>\n<p style=\"text-align: left;\"><strong style=\"font-size: medium;\"><span style=\"color: #0000ff;\"><a href=\"http:\/\/www.defensoria.se.def.br\/wp-content\/uploads\/2015\/06\/Convoca\u00e7\u00e3o-n.\u00ba-005.15-Apresenta\u00e7\u00e3o-de-Estagi\u00e1rios.pdf\"><span style=\"color: #0000ff;\">Convoca\u00e7\u00e3o n.\u00ba 005.15 &#8211; Apresenta\u00e7\u00e3o de Estagi\u00e1rios<\/span><\/a><\/span>\u00a0&#8211; Convoca\u00a0<\/strong><span style=\"font-size: medium;\">os\u00a0candidatos\u00a0relacionados no edital, a se apresentarem na sede da Defensoria P\u00fablica do Estado de Sergipe<\/span><\/p>\n","protected":false},"excerpt":{"rendered":"<p>Clique no n\u00famero do Edital no texto\u00a0e fa\u00e7a o\u00a0Download\u00a0 \u00a0 \u00a0 ANO: 2014 \u00a0 &nbsp; &nbsp; \u00a0 Edital n\u00ba 001.2014.CPSE\u00a0&#8211;\u00a0O PRESIDENTE DO CONSELHO SUPERIOR DA DEFENSORIA P\u00daBLICA DO ESTADO DE SERGIPE e a COMISS\u00c3O DE PROCESSO SELETIVO PARA ESTAGI\u00c1RIOS DA DEFENSORIA P\u00daBLICA DO ESTADO DE SERGIPE, constitu\u00edda atrav\u00e9s da Portaria n.\u00ba 003\/2014 do Conselho Superior, &hellip;<\/p>\n<p class=\"read-more\"> <a class=\"\" href=\"https:\/\/www.defensoria.se.def.br\/?page_id=10378\"> <span class=\"screen-reader-text\">Ano 2014\/2015<\/span> Read More &raquo;<\/a><\/p>\n","protected":false},"author":9,"featured_media":0,"parent":21376,"menu_order":0,"comment_status":"closed","ping_status":"closed","template":"","meta":{"_eb_attr":"","_uag_custom_page_level_css":"","site-sidebar-layout":"default","site-content-layout":"","ast-site-content-layout":"","site-content-style":"default","site-sidebar-style":"default","ast-global-header-display":"","ast-banner-title-visibility":"","ast-main-header-display":"","ast-hfb-above-header-display":"","ast-hfb-below-header-display":"","ast-hfb-mobile-header-display":"","site-post-title":"","ast-breadcrumbs-content":"","ast-featured-img":"","footer-sml-layout":"","theme-transparent-header-meta":"","adv-header-id-meta":"","stick-header-meta":"","header-above-stick-meta":"","header-main-stick-meta":"","header-below-stick-meta":"","astra-migrate-meta-layouts":"","footnotes":""},"class_list":["post-10378","page","type-page","status-publish","hentry"],"uagb_featured_image_src":{"full":false,"thumbnail":false,"medium":false,"medium_large":false,"large":false,"1536x1536":false,"2048x2048":false},"uagb_author_info":{"display_name":"alexandre.ramos","author_link":"https:\/\/www.defensoria.se.def.br\/?author=9"},"uagb_comment_info":0,"uagb_excerpt":"Clique no n\u00famero do Edital no texto\u00a0e fa\u00e7a o\u00a0Download\u00a0 \u00a0 \u00a0 ANO: 2014 \u00a0 &nbsp; &nbsp; \u00a0 Edital n\u00ba 001.2014.CPSE\u00a0&#8211;\u00a0O PRESIDENTE DO CONSELHO SUPERIOR DA DEFENSORIA P\u00daBLICA DO ESTADO DE SERGIPE e a COMISS\u00c3O DE PROCESSO SELETIVO PARA ESTAGI\u00c1RIOS DA DEFENSORIA P\u00daBLICA DO ESTADO DE SERGIPE, constitu\u00edda atrav\u00e9s da Portaria n.\u00ba 003\/2014 do Conselho Superior,&hellip;","_links":{"self":[{"href":"https:\/\/www.defensoria.se.def.br\/index.php?rest_route=\/wp\/v2\/pages\/10378"}],"collection":[{"href":"https:\/\/www.defensoria.se.def.br\/index.php?rest_route=\/wp\/v2\/pages"}],"about":[{"href":"https:\/\/www.defensoria.se.def.br\/index.php?rest_route=\/wp\/v2\/types\/page"}],"author":[{"embeddable":true,"href":"https:\/\/www.defensoria.se.def.br\/index.php?rest_route=\/wp\/v2\/users\/9"}],"replies":[{"embeddable":true,"href":"https:\/\/www.defensoria.se.def.br\/index.php?rest_route=%2Fwp%2Fv2%2Fcomments&post=10378"}],"version-history":[{"count":8,"href":"https:\/\/www.defensoria.se.def.br\/index.php?rest_route=\/wp\/v2\/pages\/10378\/revisions"}],"predecessor-version":[{"id":21808,"href":"https:\/\/www.defensoria.se.def.br\/index.php?rest_route=\/wp\/v2\/pages\/10378\/revisions\/21808"}],"up":[{"embeddable":true,"href":"https:\/\/www.defensoria.se.def.br\/index.php?rest_route=\/wp\/v2\/pages\/21376"}],"wp:attachment":[{"href":"https:\/\/www.defensoria.se.def.br\/index.php?rest_route=%2Fwp%2Fv2%2Fmedia&parent=10378"}],"curies":[{"name":"wp","href":"https:\/\/api.w.org\/{rel}","templated":true}]}}