{"id":10618,"date":"2015-07-23T14:01:11","date_gmt":"2015-07-23T17:01:11","guid":{"rendered":"http:\/\/www.defensoria.se.def.br\/?page_id=10618"},"modified":"2024-09-05T10:35:50","modified_gmt":"2024-09-05T13:35:50","slug":"ano-2015","status":"publish","type":"page","link":"https:\/\/www.defensoria.se.def.br\/?page_id=10618","title":{"rendered":"Ano 2015 &#8211; editais est\u00e1gios"},"content":{"rendered":"<p style=\"text-align: center;\"><strong><em>Clique no n\u00famero do Edital no texto\u00a0e fa\u00e7a o\u00a0Download\u00a0<\/em><\/strong><\/p>\n<p style=\"text-align: center;\">\u00a0<\/p>\n<p style=\"text-align: center;\">\u00a0<\/p>\n<p style=\"text-align: center;\"><span style=\"background-color: #ffff00;\"><strong>ANO:\u00a0<\/strong><strong>2015\u00a0<\/strong><\/span><\/p>\n<p style=\"text-align: center;\">\u00a0<\/p>\n<p>&nbsp;<\/p>\n<p>&nbsp;<\/p>\n<p style=\"text-align: justify;\"><strong>\u00a0<a href=\"http:\/\/www.defensoria.se.def.br\/wp-content\/uploads\/2015\/07\/EDITAL-N.\u00ba-007.2015-CPSE.pdf\">EDITAL N.\u00ba 007.2015 &#8211; CPSE<\/a>\u00a0&#8211;\u00a0<\/strong>O\u00a0<strong>PRESIDENTE DO CONSELHO SUPERIOR DA DEFENSORIA P\u00daBLICA DO ESTADO DE SERGIPE\u00a0<\/strong>e a\u00a0<strong>COMISS\u00c3O DE PROCESSO SELETIVO PARA ESTAGI\u00c1RIOS DA DEFENSORIA P\u00daBLICA DO ESTADO DE SERGIPE,\u00a0<\/strong>constitu\u00edda atrav\u00e9s da Portaria n. \u00ba 001, de 20 de julho de 2015, do Conselho Superior, no uso de suas atribui\u00e7\u00f5es legais, observando a Lei Complementar Estadual n. \u00ba 183, de 31 de mar\u00e7o de 2010, e a Resolu\u00e7\u00e3o n. \u00ba 003\/2010, do Conselho Superior, fazem saber aos interessados e ao p\u00fablico em geral, que estar\u00e3o abertas as inscri\u00e7\u00f5es para o Processo Seletivo para Provimento de Vagas e Forma\u00e7\u00e3o de Cadastro Reserva para Estagi\u00e1rios da Defensoria P\u00fablica do Estado de Sergipe, com vagas para o Curso de Direito.<\/p>\n<p style=\"text-align: left;\">\u00a0<\/p>\n<p style=\"text-align: left;\"><strong><a href=\"http:\/\/www.defensoria.se.def.br\/wp-content\/uploads\/2015\/08\/Edital-n.\u00ba-009.2015.CPSE-Local-Data-e-Hor\u00e1rio-das-Provas-1.pdf\">Edital n.\u00ba 009.2015.CPSE<\/a>\u00a0&#8211;\u00a0<\/strong>Disp\u00f5e\u00a0sobre Local, Dota e Hora da Realiza\u00e7\u00e3o das Provas do Processo Seletivo para Estagi\u00e1rios da Defensoria P\u00fablica do Estado de Sergipe &#8211; Curso de Direito.<\/p>\n<p style=\"text-align: left;\">\u00a0<\/p>\n<p style=\"text-align: justify;\"><a href=\"http:\/\/www.defensoria.se.def.br\/wp-content\/uploads\/2015\/07\/Edital-n.\u00ba-010.2015.CPSE-Deferimento-das-Inscri\u00e7\u00f5es.pdf\"><strong>Edital n.\u00ba 010.2015.CPSE &#8211;<\/strong>\u00a0<\/a>\u00a0Disp\u00f5e sobre o deferimento das Inscri\u00e7\u00f5es do Processo Seletivo para\u00a0Estagi\u00e1rios\u00a0da Defensoria Publica do Estado de Sergipe &#8211; Curso de Direito<\/p>\n<p style=\"text-align: left;\">\u00a0<\/p>\n<p style=\"text-align: justify;\"><strong>\u00a0<\/strong><a href=\"http:\/\/www.defensoria.se.def.br\/wp-content\/uploads\/2015\/07\/Edital-n.\u00ba-011.2015.CPSE-Deferimento-das-Inscri\u00e7\u00f5es-ap\u00f3s-Recursos.pdf\"><strong>Edital n.\u00ba 011.2015.CPSE<\/strong> &#8211;\u00a0<\/a>\u00a0Disp\u00f5e sobre o Deferimento das Inscri\u00e7\u00f5es do Processo Seletivo para Estagi\u00e1rios da Defensoria P\u00fablica do Estado de Sergipe &#8211; Curso de Direito, ap\u00f3s prazo recursal.<\/p>\n<p>&nbsp;<\/p>\n<p><strong><a href=\"http:\/\/www.defensoria.se.def.br\/wp-content\/uploads\/2015\/07\/Rela\u00e7\u00e3o-dos-Candidatos_Defensoria-P\u00fablica-1.pdf\">Rela\u00e7\u00e3o dos Candidatos<\/a><\/strong><\/p>\n<p>&nbsp;<\/p>\n<p style=\"text-align: justify;\"><strong><a href=\"http:\/\/www.defensoria.se.def.br\/wp-content\/uploads\/2015\/07\/Edital-n.\u00ba-012.2015.CPSE-Divulga\u00e7\u00e3o-do-Gabarito-e-Prazo-de-Rec.pdf\">Edital n.\u00ba 012.2015.CPSE &#8211; Divulga\u00e7\u00e3o do Gabarito e Prazo de Recurso<\/a>\u00a0&#8211; <\/strong>Disp\u00f5e sobre o gabarito preliminar do Processo Seletivo de para Estagi\u00e1rios da Defensoria P\u00fablica do Estado de Sergipe &#8211; Curso de Direito e prazo de recurso.<\/p>\n<p style=\"text-align: justify;\">\u00a0<\/p>\n<p style=\"text-align: justify;\"><strong><a href=\"http:\/\/www.defensoria.se.def.br\/wp-content\/uploads\/2015\/09\/Edital-n.\u00ba-013.2015.CPSE-Resultado-de-Recursos-e-Gabarito-Definitivo.pdf\">Edital n.\u00ba 013\/2015.CPSE &#8211; Resultado de Recursos e Gabarito Definitivo<\/a>\u00a0&#8211; <\/strong>Disp\u00f5e sobre o resultado dos recursos ao Gabarito Preliminar e divulga o Gabarito Definitivo do Processo Seletivo para Estagi\u00e1rios da Defensoria P\u00fablica do Estado de Sergipe &#8211; Curso de Direito. \u00a0<\/p>\n<p style=\"text-align: justify;\">\u00a0<\/p>\n<p style=\"text-align: justify;\"><span style=\"color: #ff0000;\"><strong><a href=\"http:\/\/www.defensoria.se.def.br\/wp-content\/uploads\/2015\/07\/Edital-014.2015.CPSE-Divulga\u00e7\u00e3o-da-Classifica\u00e7\u00e3o-Provis\u00f3ria-dos-Aprovados-Excedentes-e-Prazo-para-Recurso-1.pdf\"><span style=\"color: #ff0000;\">Edital 014\/2015.CPSE<\/span><\/a><\/strong><\/span>\u00a0&#8211;\u00a0Disp\u00f5e sobre a classifica\u00e7\u00e3o provis\u00f3ria dos aprovados e excedentes no Processo Seletivo para Estagi\u00e1rios da Defensoria P\u00fablica do Estado de Sergipe &#8211; Curso de Direito e o prazo de Recurso.<\/p>\n<p style=\"text-align: justify;\">\u00a0<\/p>\n<p><span style=\"color: #ff0000;\"><strong><a href=\"http:\/\/www.defensoria.se.def.br\/wp-content\/uploads\/2015\/09\/Lista-de-Classificados-at\u00e9-o-limite-de-vagas-Classifica\u00e7\u00e3o.pdf\"><span style=\"color: #ff0000;\">Lista de Classificados at\u00e9 o limite de vagas<\/span><\/a><\/strong><\/span><\/p>\n<p><span style=\"color: #ff0000;\">\u00a0<\/span><\/p>\n<p><span style=\"color: #ff0000;\"><strong><a href=\"http:\/\/www.defensoria.se.def.br\/wp-content\/uploads\/2015\/09\/Lista-de-Classificados-Excedentes-Classifica\u00e7\u00e3o.pdf\"><span style=\"color: #ff0000;\">Lista de Classificados &#8211; Excedentes<\/span><\/a><\/strong><\/span><\/p>\n<p>&nbsp;<\/p>\n<p><strong><a href=\"http:\/\/www.defensoria.se.def.br\/wp-content\/uploads\/2015\/11\/Convoca\u00e7\u00e3o-n.\u00ba-007.2015-Convoca\u00e7\u00e3o-de-Estagi\u00e1rios.pdf\">Convoca\u00e7\u00e3o n.\u00ba 007.2015 &#8211; Convoca\u00e7\u00e3o de Estagi\u00e1rios<\/a><\/strong><\/p>\n","protected":false},"excerpt":{"rendered":"<p>Clique no n\u00famero do Edital no texto\u00a0e fa\u00e7a o\u00a0Download\u00a0 \u00a0 \u00a0 ANO:\u00a02015\u00a0 \u00a0 &nbsp; &nbsp; \u00a0EDITAL N.\u00ba 007.2015 &#8211; CPSE\u00a0&#8211;\u00a0O\u00a0PRESIDENTE DO CONSELHO SUPERIOR DA DEFENSORIA P\u00daBLICA DO ESTADO DE SERGIPE\u00a0e a\u00a0COMISS\u00c3O DE PROCESSO SELETIVO PARA ESTAGI\u00c1RIOS DA DEFENSORIA P\u00daBLICA DO ESTADO DE SERGIPE,\u00a0constitu\u00edda atrav\u00e9s da Portaria n. \u00ba 001, de 20 de julho de 2015, &hellip;<\/p>\n<p class=\"read-more\"> <a class=\"\" href=\"https:\/\/www.defensoria.se.def.br\/?page_id=10618\"> <span class=\"screen-reader-text\">Ano 2015 &#8211; editais est\u00e1gios<\/span> Read More &raquo;<\/a><\/p>\n","protected":false},"author":9,"featured_media":0,"parent":21376,"menu_order":0,"comment_status":"closed","ping_status":"closed","template":"","meta":{"_eb_attr":"","_uag_custom_page_level_css":"","site-sidebar-layout":"default","site-content-layout":"","ast-site-content-layout":"","site-content-style":"default","site-sidebar-style":"default","ast-global-header-display":"","ast-banner-title-visibility":"","ast-main-header-display":"","ast-hfb-above-header-display":"","ast-hfb-below-header-display":"","ast-hfb-mobile-header-display":"","site-post-title":"","ast-breadcrumbs-content":"","ast-featured-img":"","footer-sml-layout":"","theme-transparent-header-meta":"","adv-header-id-meta":"","stick-header-meta":"","header-above-stick-meta":"","header-main-stick-meta":"","header-below-stick-meta":"","astra-migrate-meta-layouts":"","footnotes":""},"class_list":["post-10618","page","type-page","status-publish","hentry"],"uagb_featured_image_src":{"full":false,"thumbnail":false,"medium":false,"medium_large":false,"large":false,"1536x1536":false,"2048x2048":false},"uagb_author_info":{"display_name":"alexandre.ramos","author_link":"https:\/\/www.defensoria.se.def.br\/?author=9"},"uagb_comment_info":0,"uagb_excerpt":"Clique no n\u00famero do Edital no texto\u00a0e fa\u00e7a o\u00a0Download\u00a0 \u00a0 \u00a0 ANO:\u00a02015\u00a0 \u00a0 &nbsp; &nbsp; \u00a0EDITAL N.\u00ba 007.2015 &#8211; CPSE\u00a0&#8211;\u00a0O\u00a0PRESIDENTE DO CONSELHO SUPERIOR DA DEFENSORIA P\u00daBLICA DO ESTADO DE SERGIPE\u00a0e a\u00a0COMISS\u00c3O DE PROCESSO SELETIVO PARA ESTAGI\u00c1RIOS DA DEFENSORIA P\u00daBLICA DO ESTADO DE SERGIPE,\u00a0constitu\u00edda atrav\u00e9s da Portaria n. \u00ba 001, de 20 de julho de 2015,&hellip;","_links":{"self":[{"href":"https:\/\/www.defensoria.se.def.br\/index.php?rest_route=\/wp\/v2\/pages\/10618"}],"collection":[{"href":"https:\/\/www.defensoria.se.def.br\/index.php?rest_route=\/wp\/v2\/pages"}],"about":[{"href":"https:\/\/www.defensoria.se.def.br\/index.php?rest_route=\/wp\/v2\/types\/page"}],"author":[{"embeddable":true,"href":"https:\/\/www.defensoria.se.def.br\/index.php?rest_route=\/wp\/v2\/users\/9"}],"replies":[{"embeddable":true,"href":"https:\/\/www.defensoria.se.def.br\/index.php?rest_route=%2Fwp%2Fv2%2Fcomments&post=10618"}],"version-history":[{"count":24,"href":"https:\/\/www.defensoria.se.def.br\/index.php?rest_route=\/wp\/v2\/pages\/10618\/revisions"}],"predecessor-version":[{"id":22489,"href":"https:\/\/www.defensoria.se.def.br\/index.php?rest_route=\/wp\/v2\/pages\/10618\/revisions\/22489"}],"up":[{"embeddable":true,"href":"https:\/\/www.defensoria.se.def.br\/index.php?rest_route=\/wp\/v2\/pages\/21376"}],"wp:attachment":[{"href":"https:\/\/www.defensoria.se.def.br\/index.php?rest_route=%2Fwp%2Fv2%2Fmedia&parent=10618"}],"curies":[{"name":"wp","href":"https:\/\/api.w.org\/{rel}","templated":true}]}}