{"id":12208,"date":"2016-01-29T00:18:56","date_gmt":"2016-01-29T03:18:56","guid":{"rendered":"http:\/\/www.defensoria.se.def.br\/?page_id=12208"},"modified":"2026-05-07T13:51:05","modified_gmt":"2026-05-07T16:51:05","slug":"nucleos-especializados","status":"publish","type":"page","link":"https:\/\/www.defensoria.se.def.br\/?page_id=12208","title":{"rendered":"N\u00daCLEOS ESPECIALIZADOS"},"content":{"rendered":"\n<p><br><\/p>\n\n\n\n<h1 class=\"wp-block-heading has-text-align-center has-ast-global-color-0-color has-text-color\" style=\"margin-top:0;margin-right:0;margin-bottom:0;margin-left:0;padding-top:0;padding-right:0;padding-bottom:0;padding-left:0;font-size:30px;font-style:normal;font-weight:500;letter-spacing:1px;display:block;width:100%;box-shadow:none;border-radius:0;text-align:center;\"><strong style=\"display: inline-block; box-shadow: 0 4px 8px rgba(0, 119, 73, 0.3); padding: 15px; border-radius: 10px;\">N\u00facleos Instalados na Central de Atendimento<br>&#8220;Defensora P\u00fablica Diva Costa Lima&#8221;<\/strong><\/h1>\n\n\n\n<h6 class=\"wp-block-heading has-text-align-center\"><br>Endere\u00e7o: Avenida Ministro Geraldo Barreto Sobral, n\u00ba 1436 \u2013 Bairro Jardins, Aracaju \u2013 Sergipe &#8211; CEP: 49.026-010<\/h6>\n\n\n\n<h6 class=\"wp-block-heading has-text-align-center\">Tel.: (79) 3205-3700.<br>Hor\u00e1rio de Atendimento: 07h \u00e0s 17h <br><\/h6>\n\n\n\n<p>&nbsp;<\/p>\n\n\n\n<h6 class=\"wp-block-heading\"><\/h6>\n\n\n\n<div class=\"wp-block-group is-layout-constrained wp-container-core-group-is-layout-1 wp-block-group-is-layout-constrained\">\n<h3 class=\"wp-block-heading has-text-align-center has-ast-global-color-0-color has-text-color has-link-color wp-elements-f3a8a273b21193173d2190a86d8d6afe\"><strong>N\u00facleo de Execu\u00e7\u00f5es Penais<\/strong><\/h3>\n\n\n\n<p class=\"has-text-align-center has-ast-global-color-0-color has-text-color has-link-color wp-elements-96d7aed18a22cd88d9e33fa0e754af8f\"> (Resolu\u00e7\u00e3o n\u00ba 011\/2010 e 006\/2016)<br>Diretor: <strong>Dr. Anderson Amorim Minas<\/strong> (Defensor P\u00fablico)<\/p>\n\n\n\n<div class=\"wp-block-buttons is-content-justification-center is-layout-flex wp-container-core-buttons-is-layout-1 wp-block-buttons-is-layout-flex\">\n<div class=\"wp-block-button\"><a class=\"wp-block-button__link wp-element-button\" href=\"https:\/\/www.defensoria.se.def.br\/?page_id=757\" target=\"_blank\" rel=\"noreferrer noopener\">Saiba Mais<\/a><\/div>\n<\/div>\n<\/div>\n\n\n\n<div class=\"wp-block-group is-layout-constrained wp-container-core-group-is-layout-2 wp-block-group-is-layout-constrained\">\n<h3 class=\"wp-block-heading has-text-align-center has-ast-global-color-0-color has-text-color has-link-color wp-elements-a0b081cb6086c52a976ae36d72ba3ee7\"><strong>N\u00facleo Especializado de Acompanhamento de Inqu\u00e9rito Administrativo<\/strong><\/h3>\n\n\n\n<p class=\"has-text-align-center has-ast-global-color-0-color has-text-color has-link-color wp-elements-7df8e9f075fcdc83576d5d614541f469\"> (Resolu\u00e7\u00e3o n\u00ba 005\/2010)<br>Diretora: <strong>Dra. Jadiella Santana de Albuquerque<\/strong> (Defensora P\u00fablica)<\/p>\n\n\n\n<div class=\"wp-block-buttons is-content-justification-center is-layout-flex wp-container-core-buttons-is-layout-2 wp-block-buttons-is-layout-flex\">\n<div class=\"wp-block-button\"><a class=\"wp-block-button__link wp-element-button\" href=\"https:\/\/www.defensoria.se.def.br\/?page_id=752\" target=\"_blank\" rel=\"noreferrer noopener\">Saiba Mais<\/a><\/div>\n<\/div>\n<\/div>\n\n\n\n<div class=\"wp-block-group is-layout-constrained wp-container-core-group-is-layout-3 wp-block-group-is-layout-constrained\">\n<h3 class=\"wp-block-heading has-text-align-center has-ast-global-color-0-color has-text-color has-link-color wp-elements-de96c4592a0f63216facdcf760015d5d\"><strong>N\u00facleo Especializado de Defesa \u00e0 Mulher<\/strong><\/h3>\n\n\n\n<p class=\"has-text-align-center has-ast-global-color-0-color has-text-color has-link-color wp-elements-0382f5b4cb2fe91e0af2adae004cc2f1\"> ( Resolu\u00e7\u00e3o n\u00ba 005\/2010)<br>Diretora: <strong>Dra. Elvira Lorenza Quaranta Leite<\/strong> (Defensora P\u00fablica)<\/p>\n\n\n\n<div class=\"wp-block-buttons is-content-justification-center is-layout-flex wp-container-core-buttons-is-layout-3 wp-block-buttons-is-layout-flex\">\n<div class=\"wp-block-button\"><a class=\"wp-block-button__link wp-element-button\" href=\"https:\/\/www.defensoria.se.def.br\/?page_id=742\" target=\"_blank\" rel=\"noreferrer noopener\">Saiba Mais<\/a><\/div>\n<\/div>\n<\/div>\n\n\n\n<div class=\"wp-block-group is-layout-constrained wp-container-core-group-is-layout-4 wp-block-group-is-layout-constrained\">\n<h3 class=\"wp-block-heading has-text-align-center has-ast-global-color-0-color has-text-color has-link-color wp-elements-057e245eac1cb9e0cb468bb0b7f009ee\"><strong>N\u00facleo Especializado na Defesa dos Direitos do Consumidor<\/strong><\/h3>\n\n\n\n<p class=\"has-text-align-center has-ast-global-color-0-color has-text-color has-link-color wp-elements-b3060ed6dcae4c6297b9a3ac945dce21\"> ( Resolu\u00e7\u00e3o n\u00ba 005\/2010)<br>Diretor: <strong>Dr. Orlando Sampaio de Almeida Monteiro da Silva<\/strong> (Defensor P\u00fablico)<\/p>\n\n\n\n<div class=\"wp-block-buttons is-content-justification-center is-layout-flex wp-container-core-buttons-is-layout-4 wp-block-buttons-is-layout-flex\">\n<div class=\"wp-block-button\"><a class=\"wp-block-button__link wp-element-button\" href=\"https:\/\/www.defensoria.se.def.br\/?page_id=761\" target=\"_blank\" rel=\"noreferrer noopener\">Saiba Mais<\/a><\/div>\n<\/div>\n<\/div>\n\n\n\n<div class=\"wp-block-group is-layout-constrained wp-container-core-group-is-layout-5 wp-block-group-is-layout-constrained\">\n<h3 class=\"wp-block-heading has-text-align-center has-ast-global-color-0-color has-text-color has-link-color wp-elements-464b81a9faeb80a004684e8e7af8e02d\"><strong>N\u00facleo Especializado da Crian\u00e7a e do Adolescente<\/strong><\/h3>\n\n\n\n<p class=\"has-text-align-center has-ast-global-color-0-color has-text-color has-link-color wp-elements-67a20d8effdb7a98a849d463942af5b6\"> ( Resolu\u00e7\u00e3o n\u00ba 005\/2017)<br>Diretor: <strong>Dr. Robson Milet<\/strong> (Defensor P\u00fablico)<\/p>\n\n\n\n<div class=\"wp-block-buttons is-content-justification-center is-layout-flex wp-container-core-buttons-is-layout-5 wp-block-buttons-is-layout-flex\">\n<div class=\"wp-block-button\"><a class=\"wp-block-button__link wp-element-button\" href=\"https:\/\/www.defensoria.se.def.br\/?page_id=748\" target=\"_blank\" rel=\"noreferrer noopener\">Saiba Mais<\/a><\/div>\n<\/div>\n<\/div>\n\n\n\n<div class=\"wp-block-group is-layout-constrained wp-container-core-group-is-layout-6 wp-block-group-is-layout-constrained\" style=\"margin-top:0;margin-bottom:0\">\n<h3 class=\"wp-block-heading has-text-align-center has-ast-global-color-0-color has-text-color has-link-color wp-elements-3331a9c2d5425a65b5736d5041aa77f0\"><strong>N\u00facleo Especializado de Defesa dos Direitos Humanos e Promo\u00e7\u00e3o da Inclus\u00e3o Social<\/strong><\/h3>\n\n\n\n<p class=\"has-text-align-center has-ast-global-color-0-color has-text-color has-link-color wp-elements-4a1242fc41d1dba6789dd0346758419f\"> ( Resolu\u00e7\u00e3o n\u00ba 005\/2017)<br>Diretor: <strong>Dr. S\u00e9rgio Barreto Morais<\/strong> (Defensor P\u00fablico)<\/p>\n\n\n\n<div class=\"wp-block-buttons is-content-justification-center is-layout-flex wp-container-core-buttons-is-layout-6 wp-block-buttons-is-layout-flex\">\n<div class=\"wp-block-button\"><a class=\"wp-block-button__link wp-element-button\" href=\"https:\/\/www.defensoria.se.def.br\/?page_id=750\" target=\"_blank\" rel=\"noreferrer noopener\">Saiba Mais<\/a><\/div>\n<\/div>\n<\/div>\n\n\n\n<div class=\"wp-block-group is-layout-constrained wp-container-core-group-is-layout-7 wp-block-group-is-layout-constrained\">\n<h3 class=\"wp-block-heading has-text-align-center has-ast-global-color-0-color has-text-color has-link-color wp-elements-9ee1de36b143d00e7cf7e0de98e8c0c8\"><strong>N\u00facleo de Direito da Sa\u00fade<\/strong><\/h3>\n\n\n\n<p class=\"has-text-align-center has-ast-global-color-0-color has-text-color has-link-color wp-elements-8829d23ce20487d667eaf3d84388a3c3\"> ( Resolu\u00e7\u00e3o n\u00ba 002\/2015)<br>Diretora: <strong>Dra. Carolina D&#8217;Avila Melo Brugni<\/strong> (Defensora P\u00fablica)<\/p>\n\n\n\n<div class=\"wp-block-buttons is-content-justification-center is-layout-flex wp-container-core-buttons-is-layout-7 wp-block-buttons-is-layout-flex\">\n<div class=\"wp-block-button\"><a class=\"wp-block-button__link wp-element-button\" href=\"https:\/\/www.defensoria.se.def.br\/?page_id=754\" target=\"_blank\" rel=\"noreferrer noopener\">Saiba Mais<\/a><\/div>\n<\/div>\n<\/div>\n\n\n\n<div class=\"wp-block-group is-layout-constrained wp-container-core-group-is-layout-8 wp-block-group-is-layout-constrained\">\n<h3 class=\"wp-block-heading has-text-align-center has-ast-global-color-0-color has-text-color has-link-color wp-elements-c03e3fafda9d7af1dacf771e5e041a98\"><strong>N\u00facleo de Organiza\u00e7\u00e3o e Gest\u00e3o de Primeiro Atendimento<\/strong><\/h3>\n\n\n\n<p class=\"has-text-align-center has-ast-global-color-0-color has-text-color has-link-color wp-elements-d73702bed8f9c9d1237e4c4a3dd906e8\"> ( Resolu\u00e7\u00e3o n\u00ba 005\/2010)<br>Diretor: <strong>Dr. Marcos Feitosa Lima<\/strong> (Defensor P\u00fablico)<\/p>\n\n\n\n<div class=\"wp-block-buttons is-content-justification-center is-layout-flex wp-container-core-buttons-is-layout-8 wp-block-buttons-is-layout-flex\">\n<div class=\"wp-block-button\"><a class=\"wp-block-button__link wp-element-button\" href=\"https:\/\/www.defensoria.se.def.br\/?page_id=759\" target=\"_blank\" rel=\"noreferrer noopener\">Saiba Mais<\/a><\/div>\n<\/div>\n<\/div>\n\n\n\n<div class=\"wp-block-group is-layout-constrained wp-container-core-group-is-layout-9 wp-block-group-is-layout-constrained\">\n<h3 class=\"wp-block-heading has-text-align-center has-ast-global-color-0-color has-text-color has-link-color wp-elements-8678cda2f9062673e4c143d2ce15b97d\"><strong>N\u00facleo de Articula\u00e7\u00e3o da Defensoria com os Movimentos de Bairros<\/strong><\/h3>\n\n\n\n<p class=\"has-text-align-center has-ast-global-color-0-color has-text-color has-link-color wp-elements-2ea401869f4717c9c23b0eca746e2e55\"> ( Resolu\u00e7\u00e3o n\u00ba 005\/2010 e 005\/2015)<br>Diretor: <strong>Dr. Alfredo Carlos Nikolaus de Figueiredo<\/strong> (Defensor P\u00fablico)<\/p>\n\n\n\n<div class=\"wp-block-buttons is-content-justification-center is-layout-flex wp-container-core-buttons-is-layout-9 wp-block-buttons-is-layout-flex\">\n<div class=\"wp-block-button\"><a class=\"wp-block-button__link wp-element-button\" href=\"https:\/\/www.defensoria.se.def.br\/?page_id=746\" target=\"_blank\" rel=\"noreferrer noopener\">Saiba Mais<\/a><\/div>\n<\/div>\n<\/div>\n\n\n\n<div class=\"wp-block-group is-layout-constrained wp-container-core-group-is-layout-10 wp-block-group-is-layout-constrained\">\n<h3 class=\"wp-block-heading has-text-align-center has-ast-global-color-0-color has-text-color has-link-color wp-elements-fee472e59fcf6ec8d6e466dee64ac987\"><strong>N\u00facleo de Assist\u00eancia Jur\u00eddica dos Tribunais do J\u00fari (NAJT)<\/strong><\/h3>\n\n\n\n<p class=\"has-text-align-center has-ast-global-color-0-color has-text-color has-link-color wp-elements-c30ab02728c182fee3767014e5ecce44\"> ( Resolu\u00e7\u00e3o n\u00ba 014\/2022)<br>Diretor: <strong>Dr. Gustavo Dantas Carvalho<\/strong> (Defensor P\u00fablico)<\/p>\n\n\n\n<div class=\"wp-block-buttons is-content-justification-center is-layout-flex wp-container-core-buttons-is-layout-10 wp-block-buttons-is-layout-flex\">\n<div class=\"wp-block-button\"><a class=\"wp-block-button__link wp-element-button\" href=\"https:\/\/www.defensoria.se.def.br\/?page_id=38085\" target=\"_blank\" rel=\"noreferrer noopener\">Saiba Mais<\/a><\/div>\n<\/div>\n<\/div>\n\n\n\n<div class=\"wp-block-buttons is-content-justification-center is-layout-flex wp-container-core-buttons-is-layout-11 wp-block-buttons-is-layout-flex\"><\/div>\n\n\n\n<p class=\"has-text-align-center has-ast-global-color-0-color has-text-color has-link-color wp-elements-89b9d31dbb328e4a4c55c3be2fa88b1c\"><strong>N\u00facleo de Combate ao Racismo e \u00e0 Discrimina\u00e7\u00e3o \u00c9tnico-Racial (NUCORA)<\/strong><br>Diretor: <strong>DR\u00aa. JANARA PEREIRA CESAR SANTOS<\/strong> (Defensora P\u00fablica)<\/p>\n\n\n\n<p class=\"has-text-align-center has-ast-global-color-0-color has-text-color has-link-color wp-elements-a5e4c13a20915ce2f86a403686ea75d2\"><strong>N\u00facleo Especializado em Direitos da Pessoa Idosa e da Pessoa com Defici\u00eancia<\/strong><br>Diretor: <strong>DR\u00aa. NATALIE BRITO MARTINS PAIM<\/strong> (Defensora P\u00fablica)<\/p>\n\n\n\n<p class=\"has-text-align-center has-ast-global-color-0-color has-text-color has-link-color wp-elements-3c20d1e6c84cbca5d2e1233d342276c0\"><strong>N\u00facleo de Justi\u00e7a Restaurativa (NJR)<\/strong><br>Diretor: <strong>DR\u00aa. LET\u00cdCIA DE OLIVEIRA NEVES<\/strong> (Defensora P\u00fablica)<\/p>\n\n\n\n<p class=\"has-text-align-center has-ast-global-color-0-color has-text-color has-link-color wp-elements-2f51fd356b28cd96bfa94f0fcc08d181\"><strong>N\u00facleo Itinerante e Expans\u00e3o da Defensoria P\u00fablica do Estado<\/strong><br>Diretor: <strong>DR\u00aa. ARLENE MARIA DA ROCHA CARVALHO<\/strong> (Defensora P\u00fablica)<\/p>\n\n\n\n<p class=\"has-text-align-center has-ast-global-color-0-color has-text-color has-link-color wp-elements-f870dbdf23fdca0bcdd6435cdab9d78e\"><strong>N\u00facleo de Media\u00e7\u00e3o de Concilia\u00e7\u00e3o (NUMECON)<\/strong><br>Diretor: <strong>DR\u00aa. ISABELLE SILVA PEIXOTO BARBOSA<\/strong> (Defensora P\u00fablica)<\/p>\n\n\n\n<h4 class=\"wp-block-heading has-text-align-center\">&#8212;&#8212;&#8212;&#8212;&#8212;&#8212;&#8212;&#8212;&#8212;&#8212;&#8212;&#8212;&#8212;&#8212;&#8212;&#8212;&#8212;&#8212;&#8212;&#8212;&#8212;&#8212;&#8212;&#8212;&#8212;&#8212;&#8212;&#8212;&#8212;&#8212;&#8212;&#8212;&#8212;&#8212;&#8212;&#8212;&#8212;&#8212;&#8212;&#8212;&#8212;&#8212;&#8212;&#8212;&#8212;&#8212;&#8212;&#8212;&#8212;&#8212;&#8212;<\/h4>\n\n\n\n<h4 class=\"wp-block-heading\">&nbsp;<\/h4>\n\n\n\n<h1 class=\"wp-block-heading has-text-align-center has-ast-global-color-0-color has-text-color\" style=\"margin-top:0;margin-right:0;margin-bottom:0;margin-left:0;padding-top:0;padding-right:0;padding-bottom:0;padding-left:0;font-size:30px;font-style:normal;font-weight:500;letter-spacing:1px\"><strong style=\"display: inline-block; box-shadow: 0 4px 8px rgba(0, 119, 73, 0.3); padding: 15px;border-radius: 10px;\">N\u00facleos  Instalados na Central de Atendimento do F\u00f3rum Gumersindo Bessa<\/strong><\/h1>\n\n\n\n<h6 class=\"wp-block-heading has-text-align-center\"><br>Endere\u00e7o: F\u00f3rum Gumersindo Bessa, Av. Presidente Tancredo Neves, S\/N, Bairro Capucho, Aracaju \u2013 Sergipe<\/h6>\n\n\n\n<p>&nbsp;<\/p>\n\n\n\n<h3 class=\"wp-block-heading has-text-align-center has-ast-global-color-0-color has-text-color has-link-color wp-elements-db5b6ab242ac4496763bd113b49a9039\"><strong>N\u00facleo de Flagrante Delito e Acompanhamento a Presos Provis\u00f3rios <\/strong><\/h3>\n\n\n\n<p class=\"has-text-align-center has-ast-global-color-0-color has-text-color has-link-color wp-elements-6988d86de713cd1d2f127354702aa1ad\">(Resolu\u00e7\u00e3o n\u00ba 004\/2021)<br>Diretor: <strong>Dr. Ermelino Costa Cequeira<\/strong> (Defensor P\u00fablico)<\/p>\n\n\n\n<p class=\"has-text-align-center\">Hor\u00e1rio de atendimento: Das 12h \u00e0s 17h30<\/p>\n\n\n\n<p class=\"has-text-align-center\">Tel. (79) 3226.3525 \/ 98867.5282<\/p>\n\n\n\n<div class=\"wp-block-buttons is-content-justification-center is-layout-flex wp-container-core-buttons-is-layout-12 wp-block-buttons-is-layout-flex\">\n<div class=\"wp-block-button\"><a class=\"wp-block-button__link wp-element-button\" href=\"https:\/\/www.defensoria.se.def.br\/?page_id=1649\" target=\"_blank\" rel=\"noreferrer noopener\">Saiba Mais<\/a><\/div>\n<\/div>\n\n\n\n<p>&nbsp;<\/p>\n\n\n\n<h3 class=\"wp-block-heading has-text-align-center has-ast-global-color-0-color has-text-color has-link-color wp-elements-8fb883a80f2f0b4f8189626998e44ce6\"><strong>N\u00facleo de Plant\u00e3o C\u00edvel e Atua\u00e7\u00e3o Especial da Defensoria P\u00fablica<\/strong><\/h3>\n\n\n\n<p class=\"has-text-align-center has-ast-global-color-0-color has-text-color has-link-color wp-elements-0e8e9d11035a9534055e387bd9ef84f7\"><strong> <\/strong>(Resolu\u00e7\u00e3o n\u00ba 007\/2023)<br>Diretora: <strong>Dra. Roberta Gouveia Donald Alves<\/strong> (Defensora P\u00fablica)<\/p>\n\n\n\n<p class=\"has-text-align-center\">Plant\u00f5es: S\u00e1bados, domingos e feriados.<\/p>\n\n\n\n<p class=\"has-text-align-center\">Hor\u00e1rio: Das 8h \u00e0s 18h<\/p>\n\n\n\n<p class=\"has-text-align-center\">Tel: (79) 99801.2746<\/p>\n\n\n\n<div class=\"wp-block-buttons is-content-justification-center is-layout-flex wp-container-core-buttons-is-layout-13 wp-block-buttons-is-layout-flex\">\n<div class=\"wp-block-button\"><a class=\"wp-block-button__link wp-element-button\" href=\"https:\/\/www.defensoria.se.def.br\/?page_id=38091\" target=\"_blank\" rel=\"noreferrer noopener\">Saiba Mais<\/a><\/div>\n<\/div>\n\n\n\n<p class=\"has-text-align-center\"><br><\/p>\n\n\n\n\n\n\n\n<h5 class=\"wp-block-heading\">&nbsp;<\/h5>\n\n\n\n\n","protected":false},"excerpt":{"rendered":"<p>N\u00facleos Instalados na Central de Atendimento&#8220;Defensora P\u00fablica Diva Costa Lima&#8221; Endere\u00e7o: Avenida Ministro Geraldo Barreto Sobral, n\u00ba 1436 \u2013 Bairro Jardins, Aracaju \u2013 Sergipe &#8211; CEP: 49.026-010 Tel.: (79) 3205-3700.Hor\u00e1rio de Atendimento: 07h \u00e0s 17h &nbsp; N\u00facleo de Execu\u00e7\u00f5es Penais (Resolu\u00e7\u00e3o n\u00ba 011\/2010 e 006\/2016)Diretor: Dr. Anderson Amorim Minas (Defensor P\u00fablico) N\u00facleo Especializado de Acompanhamento &hellip;<\/p>\n<p class=\"read-more\"> <a class=\"\" href=\"https:\/\/www.defensoria.se.def.br\/?page_id=12208\"> <span class=\"screen-reader-text\">N\u00daCLEOS ESPECIALIZADOS<\/span> Read More &raquo;<\/a><\/p>\n","protected":false},"author":1,"featured_media":0,"parent":19906,"menu_order":0,"comment_status":"closed","ping_status":"closed","template":"","meta":{"_eb_attr":"","_uag_custom_page_level_css":"","site-sidebar-layout":"default","site-content-layout":"","ast-site-content-layout":"","site-content-style":"default","site-sidebar-style":"default","ast-global-header-display":"","ast-banner-title-visibility":"","ast-main-header-display":"","ast-hfb-above-header-display":"","ast-hfb-below-header-display":"","ast-hfb-mobile-header-display":"","site-post-title":"","ast-breadcrumbs-content":"","ast-featured-img":"","footer-sml-layout":"","theme-transparent-header-meta":"","adv-header-id-meta":"","stick-header-meta":"","header-above-stick-meta":"","header-main-stick-meta":"","header-below-stick-meta":"","astra-migrate-meta-layouts":"","footnotes":""},"class_list":["post-12208","page","type-page","status-publish","hentry"],"uagb_featured_image_src":{"full":false,"thumbnail":false,"medium":false,"medium_large":false,"large":false,"1536x1536":false,"2048x2048":false},"uagb_author_info":{"display_name":"admin","author_link":"https:\/\/www.defensoria.se.def.br\/?author=1"},"uagb_comment_info":0,"uagb_excerpt":"N\u00facleos Instalados na Central de Atendimento&#8220;Defensora P\u00fablica Diva Costa Lima&#8221; Endere\u00e7o: Avenida Ministro Geraldo Barreto Sobral, n\u00ba 1436 \u2013 Bairro Jardins, Aracaju \u2013 Sergipe &#8211; CEP: 49.026-010 Tel.: (79) 3205-3700.Hor\u00e1rio de Atendimento: 07h \u00e0s 17h &nbsp; N\u00facleo de Execu\u00e7\u00f5es Penais (Resolu\u00e7\u00e3o n\u00ba 011\/2010 e 006\/2016)Diretor: Dr. Anderson Amorim Minas (Defensor P\u00fablico) N\u00facleo Especializado de Acompanhamento&hellip;","_links":{"self":[{"href":"https:\/\/www.defensoria.se.def.br\/index.php?rest_route=\/wp\/v2\/pages\/12208"}],"collection":[{"href":"https:\/\/www.defensoria.se.def.br\/index.php?rest_route=\/wp\/v2\/pages"}],"about":[{"href":"https:\/\/www.defensoria.se.def.br\/index.php?rest_route=\/wp\/v2\/types\/page"}],"author":[{"embeddable":true,"href":"https:\/\/www.defensoria.se.def.br\/index.php?rest_route=\/wp\/v2\/users\/1"}],"replies":[{"embeddable":true,"href":"https:\/\/www.defensoria.se.def.br\/index.php?rest_route=%2Fwp%2Fv2%2Fcomments&post=12208"}],"version-history":[{"count":128,"href":"https:\/\/www.defensoria.se.def.br\/index.php?rest_route=\/wp\/v2\/pages\/12208\/revisions"}],"predecessor-version":[{"id":50804,"href":"https:\/\/www.defensoria.se.def.br\/index.php?rest_route=\/wp\/v2\/pages\/12208\/revisions\/50804"}],"up":[{"embeddable":true,"href":"https:\/\/www.defensoria.se.def.br\/index.php?rest_route=\/wp\/v2\/pages\/19906"}],"wp:attachment":[{"href":"https:\/\/www.defensoria.se.def.br\/index.php?rest_route=%2Fwp%2Fv2%2Fmedia&parent=12208"}],"curies":[{"name":"wp","href":"https:\/\/api.w.org\/{rel}","templated":true}]}}