{"id":12418,"date":"2016-02-24T10:29:30","date_gmt":"2016-02-24T13:29:30","guid":{"rendered":"http:\/\/www.defensoria.se.def.br\/?page_id=12418"},"modified":"2024-09-05T10:35:17","modified_gmt":"2024-09-05T13:35:17","slug":"ano-2016","status":"publish","type":"page","link":"https:\/\/www.defensoria.se.def.br\/?page_id=12418","title":{"rendered":"Ano 2016 &#8211; editais est\u00e1gios"},"content":{"rendered":"<p style=\"text-align: center;\"><strong><em>Clique no n\u00famero do Edital no texto\u00a0e fa\u00e7a o\u00a0Download\u00a0<\/em><\/strong><\/p>\n<p style=\"text-align: center;\">\u00a0<\/p>\n<p style=\"text-align: center;\">\u00a0<\/p>\n<p style=\"text-align: justify;\">\u00a0<\/p>\n<p style=\"text-align: center;\"><span style=\"background-color: #ffff00;\"><strong>ANO:\u00a0<\/strong><strong>2016\u00a0<\/strong><\/span><\/p>\n<p>&nbsp;<\/p>\n<p style=\"text-align: center;\"><strong>EDITAIS\u00a0DE CONVOCA\u00c7\u00c3O<\/strong><\/p>\n<p style=\"text-align: center;\">\u00a0<\/p>\n<p>\u00a0 <a href=\"http:\/\/www.defensoria.se.def.br\/wp-content\/uploads\/2016\/01\/Edital-GSPG-001.16-Convoca\u00e7\u00e3o-de-Estagi\u00e1rios-1.pdf\" target=\"_blank\" rel=\"noopener\">08\/01 &#8211; EDITAL n.\u00ba 001.2016 &#8211; GSPG<\/a>\u00a0&#8211;\u00a0<strong>CONVOCA<\/strong> os candidatos abaixo relacionados, obedecendo a ordem de classifica\u00e7\u00e3o, a se apresentarem na sede da Defensoria P\u00fablica do Estado de Sergipe. \u00a0<\/p>\n<p>&nbsp;<\/p>\n<p><a href=\"http:\/\/www.defensoria.se.def.br\/wp-content\/uploads\/2016\/01\/Edital-GSPG-002.16-Convoca\u00e7\u00e3o-de-Estagi\u00e1rios.pdf\" target=\"_blank\" rel=\"noopener\">13\/01 &#8211; EDITAL n.\u00ba 002.2016 &#8211; GSPG<\/a>\u00a0&#8211;\u00a0<strong>CONVOCA<\/strong> os candidatos abaixo relacionados, obedecendo a ordem de classifica\u00e7\u00e3o, a se apresentarem na sede da Defensoria P\u00fablica do Estado de Sergipe. \u00a0<\/p>\n<p>&nbsp;<\/p>\n<p><a href=\"http:\/\/www.defensoria.se.def.br\/wp-content\/uploads\/2016\/01\/Edital-GSPG-003.16-Convoca\u00e7\u00e3o-de-Estagi\u00e1rios.pdf\" target=\"_blank\" rel=\"noopener\">20\/01 &#8211; EDITAL n.\u00ba 003.2016 &#8211; GSPG<\/a>\u00a0&#8211;\u00a0<strong>CONVOCA<\/strong> os candidatos abaixo relacionados, obedecendo a ordem de classifica\u00e7\u00e3o, a se apresentarem na sede da Defensoria P\u00fablica do Estado de Sergipe. \u00a0<\/p>\n<p>&nbsp;<\/p>\n<p><a href=\"http:\/\/www.defensoria.se.def.br\/wp-content\/uploads\/2016\/02\/Edital-GSPG-004.16-Convoca\u00e7\u00e3o-de-Estagi\u00e1rios-1.pdf\" target=\"_blank\" rel=\"noopener\">01\/02 &#8211; EDITAL n.\u00ba 004.2016 &#8211; GSPG<\/a>\u00a0&#8211;\u00a0<strong>CONVOCA<\/strong> os candidatos abaixo relacionados, obedecendo a ordem de classifica\u00e7\u00e3o, a se apresentarem na sede da Defensoria P\u00fablica do Estado de Sergipe. \u00a0<\/p>\n<p>&nbsp;<\/p>\n<p><a href=\"http:\/\/www.defensoria.se.def.br\/wp-content\/uploads\/2016\/02\/Edital-GSPG-n.\u00ba-005.2016-Convoca\u00e7\u00e3o-Estagi\u00e1rios-1.pdf\">19\/02 &#8211; EDITAL n\u00ba 005.2016 &#8211; GSPG<\/a>\u00a0&#8211; <strong>CONVOCA<\/strong> os candidatos abaixo relacionados, obedecendo a ordem de classifica\u00e7\u00e3o, a se apresentarem na sede da Defensoria P\u00fablica do Estado de Sergipe. \u00a0<\/p>\n<p>&nbsp;<\/p>\n<p><a href=\"http:\/\/www.defensoria.se.def.br\/wp-content\/uploads\/2016\/05\/Edital-GSPG-006.16-Convoca\u00e7\u00e3o-de-Estagi\u00e1rios.pdf\">05\/05 &#8211; EDITAL n\u00ba 006.2016 &#8211; GSPG<\/a>\u00a0&#8211; <strong>CONVOCA<\/strong>\u00a0os candidatos abaixo relacionados, obedecendo a ordem de classifica\u00e7\u00e3o, a se apresentarem na sede da Defensoria P\u00fablica do Estado de Sergipe. \u00a0<\/p>\n<p>&nbsp;<\/p>\n<p><a href=\"http:\/\/www.defensoria.se.def.br\/wp-content\/uploads\/2016\/06\/Edital-GSPG-n.\u00ba-007.2016-Convoca\u00e7\u00e3o-de-Estagi\u00e1rios-Edital-n.\u00ba-001.2016.CPSE_.pdf\">02\/06 &#8211; Edital n.\u00ba 007.2016 &#8211;\u00a0GSPG &#8211;\u00a0<\/a><strong>CONVOCA<\/strong>\u00a0os candidatos abaixo relacionados, obedecendo a ordem de classifica\u00e7\u00e3o, a se apresentarem na sede da Defensoria P\u00fablica do Estado de Sergipe. \u00a0<\/p>\n<p>&nbsp;<\/p>\n<p><a href=\"http:\/\/www.defensoria.se.def.br\/wp-content\/uploads\/2016\/06\/Edital-GSPG-008.2016-Convoca\u00e7\u00e3o-de-Estagi\u00e1rios-Edital-n.\u00ba-001.2016.CPSE_.pdf\">09\/06 -Edital n.\u00ba 008.2016.GSPG &#8211;\u00a0 <\/a><strong>CONVOCA<\/strong>\u00a0os candidatos abaixo relacionados, obedecendo a ordem de classifica\u00e7\u00e3o, a se apresentarem na sede da Defensoria P\u00fablica do Estado de Sergipe. \u00a0<\/p>\n<p>&nbsp;<\/p>\n<p><a href=\"http:\/\/www.defensoria.se.def.br\/wp-content\/uploads\/2016\/06\/095.-Edital-GSPG-008.2016-Republica\u00e7\u00e3o-Convoca\u00e7\u00e3o-de-Estagi\u00e1rios-Edital-n.\u00ba-001.2016.CPSE_.pdf\">Edital n.\u00ba 008.2016.GSPG &#8211; Convoca\u00e7\u00e3o de Estagi\u00e1rios &#8211; (09\/06)<\/a>\u00a0<\/p>\n<p>&nbsp;<\/p>\n<p><a href=\"http:\/\/www.defensoria.se.def.br\/wp-content\/uploads\/2016\/07\/Edital-GSPG-010.2016-Convoca\u00e7\u00e3o-de-Estagi\u00e1rios-Edital-n.\u00ba-001.2016.CPSE_.pdf\">Edital n.\u00ba 010.2016.GSPG &#8211; Convoca\u00e7\u00e3o de Estagi\u00e1rios &#8211; (06\/07)<\/a><\/p>\n<p>&nbsp;<\/p>\n<p><a href=\"http:\/\/www.defensoria.se.def.br\/wp-content\/uploads\/2016\/08\/Edital-GSPG-011.16-Convoca\u00e7\u00e3o-de-Estagi\u00e1rios.pdf\">Edital n.\u00ba 011.16.GSPG &#8211; Convoca\u00e7\u00e3o de Estagi\u00e1rios &#8211; (03\/08)<\/a><\/p>\n<p>&nbsp;<\/p>\n<p><a href=\"http:\/\/www.defensoria.se.def.br\/wp-content\/uploads\/2016\/08\/Edital-GSPG-012.16-Convoca\u00e7\u00e3o-de-Estagi\u00e1rios.pdf\">Edital GSPG 012.16 &#8211; Convoca\u00e7\u00e3o de Estagi\u00e1rios &#8211; (24\/08)<\/a><\/p>\n<p>&nbsp;<\/p>\n<p><a href=\"http:\/\/www.defensoria.se.def.br\/wp-content\/uploads\/2016\/09\/Edital-GSPG-n.\u00ba-013.2016-Convoca\u00e7\u00e3o-de-Estagi\u00e1rios.pdf\">Edital GSPG n.\u00ba 013.2016 &#8211; Convoca\u00e7\u00e3o de Estagi\u00e1rios &#8211; (02\/09)<\/a><\/p>\n<p>&nbsp;<\/p>\n<p><a href=\"http:\/\/www.defensoria.se.def.br\/wp-content\/uploads\/2016\/09\/Edital-GSPG-n.\u00ba-014.2016-Revoga\u00e7\u00e3o-de-Edital-e-Convoca\u00e7\u00e3o-de-Estagi\u00e1rios.pdf\">Edital GSPG n.\u00ba 014.2016 &#8211; Revoga\u00e7\u00e3o de Edital e Convoca\u00e7\u00e3o de Estagi\u00e1rios &#8211; (09\/09)<\/a><\/p>\n<p>&nbsp;<\/p>\n<p><a href=\"http:\/\/www.defensoria.se.def.br\/?attachment_id=15132\" rel=\"attachment wp-att-15132\">Edital GSPG n.\u00ba 015.2016 &#8211; Convoca\u00e7\u00e3o de Estagi\u00e1rios<\/a>\u00a0&#8211;\u00a0<strong>CONVOCA<\/strong>\u00a0os candidatos abaixo relacionados, obedecendo a ordem de classifica\u00e7\u00e3o, a se apresentarem na sede da Defensoria P\u00fablica do Estado de Sergipe.<\/p>\n<p>&nbsp;<\/p>\n<p>&nbsp;<\/p>\n<p style=\"text-align: center;\">\u00a0<\/p>\n<p style=\"text-align: center;\"><strong>PROCESSO SELETIVO &#8211; EDITAIS<\/strong><\/p>\n<p style=\"text-align: center;\"><strong>\u00a0<\/strong><\/p>\n<p><a href=\"http:\/\/www.defensoria.se.def.br\/?attachment_id=12695\" target=\"_blank\" rel=\"noopener\">EDITAL n\u00ba 001.2016 &#8211; CPSE &#8211;<\/a>\u00a0Disp\u00f5e sobre abertura de Processo Seletivo para Estagi\u00e1rios da Defensoria P\u00fablica do Estado de Sergipe, com vagas para os cursos de Direito, Administra\u00e7\u00e3o, Jornalismo, Psicologia e Servi\u00e7o Social. \u00a0<\/p>\n<p>&nbsp;<\/p>\n<p style=\"text-align: left;\"><strong><a href=\"http:\/\/www.defensoria.se.def.br\/?attachment_id=12744\" rel=\"attachment wp-att-12744\">ERRATA DO EDITAL N.\u00ba 001.2016.CPSE &#8211; (Das Vagas)<\/a><\/strong> &#8211; O Presidente da Comiss\u00e3o de Processo Seletivo de Estagi\u00e1rios da Defensoria P\u00fablica do Estado de Sergipe, no uso de suas atribui\u00e7\u00f5es, torna p\u00fablica a ERRATA DO EDITAL N\u00ba 001.2016-CPSE, publicado no Di\u00e1rio Oficial n\u00ba 27.414, de 14 de Mar\u00e7o de 2016.<\/p>\n<p style=\"text-align: left;\">\u00a0<\/p>\n<p><strong><a href=\"http:\/\/www.defensoria.se.def.br\/?attachment_id=12769\" rel=\"attachment wp-att-12769\">EDITAL N.\u00ba 001.2016.CPSE &#8211; ALTERADO<\/a><\/strong>\u00a0&#8211; Disp\u00f5e sobre abertura de Processo Seletivo para estagi\u00e1rios da Defensoria P\u00fablica do Estado de Sergipe, com vagas para os cursos de Direito, Administra\u00e7\u00e3o, Jornalismo, Psicologia e Servi\u00e7o Social. \u00a0<\/p>\n<p>&nbsp;<\/p>\n<p><strong><a href=\"http:\/\/www.defensoria.se.def.br\/?attachment_id=12837\" rel=\"attachment wp-att-12837\">Edital n.\u00ba 002.2016.CPSE &#8211;<\/a>\u00a0<\/strong>Inscri\u00e7\u00f5es Deferidas, Data,\u00a0Hor\u00e1rio\u00a0 e Local de Provas.<\/p>\n<p>&nbsp;<\/p>\n<p>\u00a0 <strong><a href=\"http:\/\/www.defensoria.se.def.br\/wp-content\/uploads\/2016\/04\/Edital-n.\u00ba-003.2016.CPSE-Gabarito-Preliminar-e-Prazo-de-Recurs-1.pdf\" rel=\"attachment wp-att-12937\">Edital n.\u00ba 003.2016.CPSE &#8211; Gabarito Preliminar e Prazo de Recursos<\/a><\/strong> \u00a0<\/p>\n<p>&nbsp;<\/p>\n<p><strong><a href=\"http:\/\/www.defensoria.se.def.br\/?attachment_id=13013\" rel=\"attachment wp-att-13013\">Edital n.\u00ba 004.2016.CPSE &#8211; Gabarito Definitivo<\/a><\/strong> \u00a0 <strong><a href=\"http:\/\/www.defensoria.se.def.br\/?attachment_id=13014\" rel=\"attachment wp-att-13014\">Rela\u00e7\u00e3o de Recursos Apresentados (Edital n.\u00ba 001.2016.CPSE)<\/a><\/strong> \u00a0<\/p>\n<p>&nbsp;<\/p>\n<p><strong><a href=\"http:\/\/www.defensoria.se.def.br\/?attachment_id=13045\" rel=\"attachment wp-att-13045\">Edital n.\u00ba 005.2016.CPSE &#8211; Classifica\u00e7\u00e3o Provis\u00f3ria e Prazo de Recurso\u00a0<\/a><\/strong> \u00a0<\/p>\n<p>&nbsp;<\/p>\n<p><strong><a href=\"http:\/\/www.defensoria.se.def.br\/wp-content\/uploads\/2016\/05\/Edital-n.\u00ba-006.2016.CPSE-Retifica\u00e7\u00e3o-de-Gabarito-Definitivo-e-Revoga\u00e7\u00e3o-de-Edital-de-Classifica\u00e7\u00e3o-Provis\u00f3ria.pdf\">Edital n.\u00ba 006.2016.CPSE &#8211; Retifica\u00e7\u00e3o de Gabarito Definitivo e Revoga\u00e7\u00e3o de Edital de Classifica\u00e7\u00e3o Provis\u00f3ria<\/a><\/strong> \u00a0<\/p>\n<p>&nbsp;<\/p>\n<p><strong><a href=\"http:\/\/www.defensoria.se.def.br\/wp-content\/uploads\/2016\/02\/Edital-n.\u00ba-007.2016.CPSE-Classifica\u00e7\u00e3o-Provis\u00f3ria.pdf\" rel=\"attachment wp-att-13207\">Edital n.\u00ba 007.2016.CPSE &#8211; Classifica\u00e7\u00e3o Provis\u00f3ria<\/a><\/strong> \u00a0<\/p>\n<p>&nbsp;<\/p>\n<p><strong><a href=\"http:\/\/www.defensoria.se.def.br\/wp-content\/uploads\/2016\/05\/Edital-n.\u00ba-008.2016.CPSE-Classifica\u00e7\u00e3o-Definitiva.pdf\">Edital n.\u00ba 008.2016.CPSE &#8211; Classifica\u00e7\u00e3o Definitiva<\/a><\/strong> \u00a0<\/p>\n<p>&nbsp;<\/p>\n<p><strong><a href=\"http:\/\/www.defensoria.se.def.br\/wp-content\/uploads\/2016\/02\/Rela\u00e7\u00e3o-de-Recursos-Apresentados-Editais-004-e-005.2016.CPSE_.pdf\" rel=\"attachment wp-att-13208\">Rela\u00e7\u00e3o de Recursos Apresentados (Editais 004 e 005.2016.CPSE)<\/a><\/strong> \u00a0<\/p>\n<p>&nbsp;<\/p>\n<p style=\"text-align: left;\"><strong><a href=\"http:\/\/www.defensoria.se.def.br\/wp-content\/uploads\/2016\/02\/Rela\u00e7\u00e3o-por-local.pdf\" target=\"_blank\" rel=\"attachment wp-att-12849 noopener\">PROVAS &#8211; Rela\u00e7\u00e3o por local &#8211; Setor<\/a><\/strong><\/p>\n<p style=\"text-align: left;\">\u00a0<\/p>\n<p><strong><a href=\"http:\/\/www.defensoria.se.def.br\/wp-content\/uploads\/2016\/04\/PROVA-Servi\u00e7o-Social.pdf\" rel=\"attachment wp-att-12932\">PROVA &#8211; Servi\u00e7o Social<\/a> <a href=\"http:\/\/www.defensoria.se.def.br\/wp-content\/uploads\/2016\/04\/PROVA-Psicologia.pdf\" rel=\"attachment wp-att-12933\">PROVA &#8211; Psicologia<\/a> <a href=\"http:\/\/www.defensoria.se.def.br\/wp-content\/uploads\/2016\/04\/PROVA-Jornalismo.pdf\" rel=\"attachment wp-att-12934\">PROVA &#8211; Jornalismo<\/a> <a href=\"http:\/\/www.defensoria.se.def.br\/wp-content\/uploads\/2016\/04\/PROVA-Direito.pdf\" rel=\"attachment wp-att-12935\">PROVA &#8211; Direito<\/a> <a href=\"http:\/\/www.defensoria.se.def.br\/wp-content\/uploads\/2016\/04\/PROVA-Administra\u00e7\u00e3o.pdf\" rel=\"attachment wp-att-12936\">PROVA &#8211; Administra\u00e7\u00e3o<\/a> \u00a0 \u00a0<\/strong><\/p>\n","protected":false},"excerpt":{"rendered":"<p>Clique no n\u00famero do Edital no texto\u00a0e fa\u00e7a o\u00a0Download\u00a0 \u00a0 \u00a0 \u00a0 ANO:\u00a02016\u00a0 &nbsp; EDITAIS\u00a0DE CONVOCA\u00c7\u00c3O \u00a0 \u00a0 08\/01 &#8211; EDITAL n.\u00ba 001.2016 &#8211; GSPG\u00a0&#8211;\u00a0CONVOCA os candidatos abaixo relacionados, obedecendo a ordem de classifica\u00e7\u00e3o, a se apresentarem na sede da Defensoria P\u00fablica do Estado de Sergipe. \u00a0 &nbsp; 13\/01 &#8211; EDITAL n.\u00ba 002.2016 &#8211; GSPG\u00a0&#8211;\u00a0CONVOCA &hellip;<\/p>\n<p class=\"read-more\"> <a class=\"\" href=\"https:\/\/www.defensoria.se.def.br\/?page_id=12418\"> <span class=\"screen-reader-text\">Ano 2016 &#8211; editais est\u00e1gios<\/span> Read More &raquo;<\/a><\/p>\n","protected":false},"author":9,"featured_media":0,"parent":21376,"menu_order":0,"comment_status":"closed","ping_status":"closed","template":"","meta":{"_eb_attr":"","_uag_custom_page_level_css":"","site-sidebar-layout":"default","site-content-layout":"","ast-site-content-layout":"","site-content-style":"default","site-sidebar-style":"default","ast-global-header-display":"","ast-banner-title-visibility":"","ast-main-header-display":"","ast-hfb-above-header-display":"","ast-hfb-below-header-display":"","ast-hfb-mobile-header-display":"","site-post-title":"","ast-breadcrumbs-content":"","ast-featured-img":"","footer-sml-layout":"","theme-transparent-header-meta":"","adv-header-id-meta":"","stick-header-meta":"","header-above-stick-meta":"","header-main-stick-meta":"","header-below-stick-meta":"","astra-migrate-meta-layouts":"","footnotes":""},"class_list":["post-12418","page","type-page","status-publish","hentry"],"uagb_featured_image_src":{"full":false,"thumbnail":false,"medium":false,"medium_large":false,"large":false,"1536x1536":false,"2048x2048":false},"uagb_author_info":{"display_name":"alexandre.ramos","author_link":"https:\/\/www.defensoria.se.def.br\/?author=9"},"uagb_comment_info":0,"uagb_excerpt":"Clique no n\u00famero do Edital no texto\u00a0e fa\u00e7a o\u00a0Download\u00a0 \u00a0 \u00a0 \u00a0 ANO:\u00a02016\u00a0 &nbsp; EDITAIS\u00a0DE CONVOCA\u00c7\u00c3O \u00a0 \u00a0 08\/01 &#8211; EDITAL n.\u00ba 001.2016 &#8211; GSPG\u00a0&#8211;\u00a0CONVOCA os candidatos abaixo relacionados, obedecendo a ordem de classifica\u00e7\u00e3o, a se apresentarem na sede da Defensoria P\u00fablica do Estado de Sergipe. \u00a0 &nbsp; 13\/01 &#8211; EDITAL n.\u00ba 002.2016 &#8211; GSPG\u00a0&#8211;\u00a0CONVOCA&hellip;","_links":{"self":[{"href":"https:\/\/www.defensoria.se.def.br\/index.php?rest_route=\/wp\/v2\/pages\/12418"}],"collection":[{"href":"https:\/\/www.defensoria.se.def.br\/index.php?rest_route=\/wp\/v2\/pages"}],"about":[{"href":"https:\/\/www.defensoria.se.def.br\/index.php?rest_route=\/wp\/v2\/types\/page"}],"author":[{"embeddable":true,"href":"https:\/\/www.defensoria.se.def.br\/index.php?rest_route=\/wp\/v2\/users\/9"}],"replies":[{"embeddable":true,"href":"https:\/\/www.defensoria.se.def.br\/index.php?rest_route=%2Fwp%2Fv2%2Fcomments&post=12418"}],"version-history":[{"count":78,"href":"https:\/\/www.defensoria.se.def.br\/index.php?rest_route=\/wp\/v2\/pages\/12418\/revisions"}],"predecessor-version":[{"id":38157,"href":"https:\/\/www.defensoria.se.def.br\/index.php?rest_route=\/wp\/v2\/pages\/12418\/revisions\/38157"}],"up":[{"embeddable":true,"href":"https:\/\/www.defensoria.se.def.br\/index.php?rest_route=\/wp\/v2\/pages\/21376"}],"wp:attachment":[{"href":"https:\/\/www.defensoria.se.def.br\/index.php?rest_route=%2Fwp%2Fv2%2Fmedia&parent=12418"}],"curies":[{"name":"wp","href":"https:\/\/api.w.org\/{rel}","templated":true}]}}