{"id":1357,"date":"2012-11-14T18:51:48","date_gmt":"2012-11-14T18:51:48","guid":{"rendered":"http:\/\/www.defensoria.se.def.br\/?page_id=1357"},"modified":"2023-06-12T21:47:11","modified_gmt":"2023-06-13T00:47:11","slug":"subdefensor","status":"publish","type":"page","link":"https:\/\/www.defensoria.se.def.br\/?page_id=1357","title":{"rendered":"Subdefensor"},"content":{"rendered":"<h2 style=\"text-align: center;\"><span style=\"color: #008000;\"><strong>SUBDEFENSOR P\u00daBLICO-GERAL<\/strong><\/span><\/h2>\n<p>&nbsp;<\/p>\n<p style=\"text-align: justify;\">\u00a0<a href=\"https:\/\/www.defensoria.se.def.br\/wp-content\/uploads\/2012\/11\/Jesus-Jairo-Lacerda-1.jpg\"><img loading=\"lazy\" decoding=\"async\" class=\"alignleft size-full wp-image-30453\" src=\"https:\/\/www.defensoria.se.def.br\/wp-content\/uploads\/2012\/11\/Jesus-Jairo-Lacerda-1.jpg\" alt=\"\" width=\"1824\" height=\"2077\" \/><\/a><\/p>\n<p style=\"text-align: justify;\">\u00a0<\/p>\n<h4 style=\"text-align: justify;\"><em>Natural da Cidade\u00a0 de Patos, Estado da Para\u00edba,\u00a0<strong>Jesus Jairo Almeida de Lacerda\u00a0<\/strong>formou-se<\/em><em>\u00a0<\/em><em>em Direito pela Universidade Estadual da Para\u00edba. Foi analista judici\u00e1rio do Tribunal de Justi\u00e7a de Pernambuco, nomeado Delegado concursado da Pol\u00edcia Civil do Estado da Para\u00edba e ingressou na Defensoria P\u00fablica do Estado de Sergipe no segundo concurso p\u00fablico. Atuou na 3\u00aa e 9\u00aa Vara Privativa de Assist\u00eancia Judici\u00e1ria do Tribunal de Justi\u00e7a de Sergipe, foi coordenador do N\u00facleo do Consumidor, presidente da Associa\u00e7\u00e3o dos Defensores P\u00fablicos do Estado de Sergipe (Adpese) e \u00a0Subdefensor P\u00fablico Geral na gest\u00e3o do Defensor P\u00fablico, Raimundo Jos\u00e9 Oliveira Veiga, nos Bi\u00eanios 2010\/2012 e 2012\/2014. Conquistou mais de 71% dos votos para o cargo de Defensor P\u00fablico Geral para o Bi\u00eanio 2014\/2016 e foi reeleito com quase 90% dos votos para o Bi\u00eanio 2016\/2018.\u00a0Assumiu a Corregedoria Geral por<strong>\u00a0<\/strong>dois mandatos<strong> ( 2019 \/2023)\u00a0<\/strong>e\u00a0assume pela segunda vez a <strong>Subdefensoria Geral<\/strong> na atual gest\u00e3o do Defensor P\u00fablico-Geral, Vin\u00edcius Menezes Barreto, sendo escolhido por unanimidade pelo Conselho Superior\u00a0<strong>para o Bi\u00eanio 2022 \/2024.\u00a0<\/strong><\/em><\/h4>\n","protected":false},"excerpt":{"rendered":"<p>SUBDEFENSOR P\u00daBLICO-GERAL &nbsp; \u00a0 \u00a0 Natural da Cidade\u00a0 de Patos, Estado da Para\u00edba,\u00a0Jesus Jairo Almeida de Lacerda\u00a0formou-se\u00a0em Direito pela Universidade Estadual da Para\u00edba. Foi analista judici\u00e1rio do Tribunal de Justi\u00e7a de Pernambuco, nomeado Delegado concursado da Pol\u00edcia Civil do Estado da Para\u00edba e ingressou na Defensoria P\u00fablica do Estado de Sergipe no segundo concurso p\u00fablico. &hellip;<\/p>\n<p class=\"read-more\"> <a class=\"\" href=\"https:\/\/www.defensoria.se.def.br\/?page_id=1357\"> <span class=\"screen-reader-text\">Subdefensor<\/span> Read More &raquo;<\/a><\/p>\n","protected":false},"author":1,"featured_media":0,"parent":865,"menu_order":0,"comment_status":"closed","ping_status":"closed","template":"","meta":{"_eb_attr":"","_uag_custom_page_level_css":"","site-sidebar-layout":"default","site-content-layout":"","ast-site-content-layout":"","site-content-style":"default","site-sidebar-style":"default","ast-global-header-display":"","ast-banner-title-visibility":"","ast-main-header-display":"","ast-hfb-above-header-display":"","ast-hfb-below-header-display":"","ast-hfb-mobile-header-display":"","site-post-title":"","ast-breadcrumbs-content":"","ast-featured-img":"","footer-sml-layout":"","theme-transparent-header-meta":"","adv-header-id-meta":"","stick-header-meta":"","header-above-stick-meta":"","header-main-stick-meta":"","header-below-stick-meta":"","astra-migrate-meta-layouts":"","footnotes":""},"class_list":["post-1357","page","type-page","status-publish","hentry"],"uagb_featured_image_src":{"full":false,"thumbnail":false,"medium":false,"medium_large":false,"large":false,"1536x1536":false,"2048x2048":false},"uagb_author_info":{"display_name":"admin","author_link":"https:\/\/www.defensoria.se.def.br\/?author=1"},"uagb_comment_info":0,"uagb_excerpt":"SUBDEFENSOR P\u00daBLICO-GERAL &nbsp; \u00a0 \u00a0 Natural da Cidade\u00a0 de Patos, Estado da Para\u00edba,\u00a0Jesus Jairo Almeida de Lacerda\u00a0formou-se\u00a0em Direito pela Universidade Estadual da Para\u00edba. Foi analista judici\u00e1rio do Tribunal de Justi\u00e7a de Pernambuco, nomeado Delegado concursado da Pol\u00edcia Civil do Estado da Para\u00edba e ingressou na Defensoria P\u00fablica do Estado de Sergipe no segundo concurso p\u00fablico.&hellip;","_links":{"self":[{"href":"https:\/\/www.defensoria.se.def.br\/index.php?rest_route=\/wp\/v2\/pages\/1357"}],"collection":[{"href":"https:\/\/www.defensoria.se.def.br\/index.php?rest_route=\/wp\/v2\/pages"}],"about":[{"href":"https:\/\/www.defensoria.se.def.br\/index.php?rest_route=\/wp\/v2\/types\/page"}],"author":[{"embeddable":true,"href":"https:\/\/www.defensoria.se.def.br\/index.php?rest_route=\/wp\/v2\/users\/1"}],"replies":[{"embeddable":true,"href":"https:\/\/www.defensoria.se.def.br\/index.php?rest_route=%2Fwp%2Fv2%2Fcomments&post=1357"}],"version-history":[{"count":36,"href":"https:\/\/www.defensoria.se.def.br\/index.php?rest_route=\/wp\/v2\/pages\/1357\/revisions"}],"predecessor-version":[{"id":32790,"href":"https:\/\/www.defensoria.se.def.br\/index.php?rest_route=\/wp\/v2\/pages\/1357\/revisions\/32790"}],"up":[{"embeddable":true,"href":"https:\/\/www.defensoria.se.def.br\/index.php?rest_route=\/wp\/v2\/pages\/865"}],"wp:attachment":[{"href":"https:\/\/www.defensoria.se.def.br\/index.php?rest_route=%2Fwp%2Fv2%2Fmedia&parent=1357"}],"curies":[{"name":"wp","href":"https:\/\/api.w.org\/{rel}","templated":true}]}}