{"id":1649,"date":"2012-12-04T14:54:56","date_gmt":"2012-12-04T14:54:56","guid":{"rendered":"http:\/\/www.defensoria.se.def.br\/?page_id=1649"},"modified":"2026-05-07T09:54:20","modified_gmt":"2026-05-07T12:54:20","slug":"inqueritos-polic-e-flagrantes","status":"publish","type":"page","link":"https:\/\/www.defensoria.se.def.br\/?page_id=1649","title":{"rendered":"Inqu\u00e9ritos Polic. e Flagrantes"},"content":{"rendered":"\n<h3 class=\"wp-block-heading\">&nbsp;&nbsp;&nbsp;&nbsp;&nbsp;&nbsp;&nbsp;&nbsp;<strong>&nbsp;&nbsp;&nbsp;&nbsp;&nbsp;&nbsp;&nbsp; <\/strong><\/h3>\n\n\n\n<h1 class=\"wp-block-heading has-text-align-center\"><span style=\"color: #007749;\"><strong>N\u00facleo de Flagrante Delito e acompanhamento a Presos Provis\u00f3rios<\/strong><\/span><\/h1>\n\n\n\n<p class=\"has-text-align-center\">Resolu\u00e7\u00e3o n\u00ba 004\/2011<\/p>\n\n\n\n<p><span style=\"color: #007749;\"><strong>DIRETOR:<\/strong><\/span><\/p>\n\n\n\n<p><strong>Dr. Ermelino Costa Cerqueira<\/strong> &#8211; Port. 156\/2010 <br>(Port. 197\/2025 &#8211; Representante da Defensoria no Comit\u00ea Estadual de Pol\u00edticas Penais (CEPP) do Estado de Sergipe)<\/p>\n\n\n\n\n\n<p><span style=\"color: #007749;\"><strong>MEMBROS:<\/strong><\/span><\/p>\n\n\n\n<p>Dr. Raimundo Jose Oliveira Veiga &#8211; Port. 050\/2020<\/p>\n\n\n\n<p>Dra. J\u00falia Paiva Kirchermair &#8211; Port. 784\/2023<\/p>\n\n\n\n<p>Dr. Diego Souza Carvalho Mota &#8211; Port. 019\/2025<\/p>\n\n\n\n<p>Dr. Paulo Henrique de Souza &#8211; Portaria n\u00ba271.2025<\/p>\n\n\n\n<p>Dr. Fillype Mattos Rigaud De Andrade &#8211; Port. 156\/2020<\/p>\n\n\n\n<p>Dra. Aurea Gloria Oliveira Costa &#8211; Port.203\/10<\/p>\n\n\n\n<p>Dr. Marcelo Rocha Mesquita &#8211; Port. 063\/11<\/p>\n\n\n\n<p>Dr. George Santos Pereira &#8211; Port. 325\/2023<\/p>\n\n\n\n<p>Dr. Carlos Luiz Da Silva J\u00fanior &#8211; Port. 420\/2022<\/p>\n\n\n\n<p>Dra. Paula Matos Torres &#8211; Port. 025\/2023<\/p>\n\n\n\n<p><span style=\"color: #007749;\"><strong>HIST\u00d3RICO:<\/strong><\/span><\/p>\n\n\n\n<p>Art 3\u00b0 DA RESOLU\u00c7\u00c3O N.\u00b0 004\/2011<\/p>\n\n\n\n<p><strong>I \u2013<\/strong> Receber as comunica\u00e7\u00f5es expedidas pelas autoridades policiais, conforme artigo 306 , \u00a71\u00b0, do CPP, no \u00e2mbito territorial, delimitado no caput deste artigo, acerca da lavratura de autos de pris\u00e3o em flagrante e delito, sempre que a pessoa detida n\u00e3o dispuser de condi\u00e7\u00f5es para arcar com honor\u00e1rios advocat\u00edcios;<\/p>\n\n\n\n<p><strong>II \u2013<\/strong> Promover \u00e0s medidas jur\u00eddicas necess\u00e1rias a salvaguarda dos direitos da pessoa detida em estado de flagrante delito, visando ao restabelecimento de sua liberdade;<\/p>\n\n\n\n<p><strong>III \u2013<\/strong> Orientar e informar ao preso, seus familiares ou quem o represente, acerca da situa\u00e7\u00e3o jur\u00eddica;<\/p>\n\n\n\n<p><strong>IV \u2013<\/strong> Oficiar aos \u00f3rg\u00e3os competentes para ado\u00e7\u00e3o de medidas cab\u00edveis em caso de abuso de poder ou ilegalidade que repercuta no \u00e2mbito dos direitos da pessoas assistida, requisitando, de imediato a realiza\u00e7\u00e3o de exames de corpo de delito, na hip\u00f3tese de desrespeito \u00e0 integridade f\u00edsica, sem preju\u00edzo de outras medidas judiciais cab\u00edveis.<\/p>\n\n\n\n<p>Art 9\u00b0&nbsp;&nbsp;DA RESOLU\u00c7\u00c3O N.\u00b0 004\/2011 &#8211; As atribui\u00e7\u00f5es do N\u00facleo do de Flagrante Delito e acompanhamento a Presos Provis\u00f3rios n\u00e3o se limitam aos presos colhidos em flagrante, mas tamb\u00e9m aos presos provis\u00f3rios nas delegacias e unidades prisionais de todo estado, na forma do artigo 61, III, da Lei Federal n.\u00b0 7.210\/84, com altera\u00e7\u00e3o da lei n.\u00b0 12.313\/2010, competindo:<\/p>\n\n\n\n<p><strong>I \u2013<\/strong> Dar orienta\u00e7\u00f5es jur\u00eddicas ao preso, \u00e0 fam\u00edlia ou a quem o represente, bem com tomar medidas judiciais cab\u00edveis onde n\u00e3o exista Defensor P\u00fablico;<\/p>\n\n\n\n<p><strong>II \u2013<\/strong> Cientificar a situa\u00e7\u00e3o processual ao preso provis\u00f3rio, bem como encaminhar solicita\u00e7\u00e3o de providencias as defensorias competentes, sugerindo as medidas necess\u00e1rias;<\/p>\n\n\n\n<p><strong>III \u2013<\/strong> Oficiar aos \u00f3rg\u00e3os competentes para ado\u00e7\u00e3o de medidas cab\u00edveis em caso de abuso de poder ou ilegalidade que repercuta no \u00e2mbito dos direitos da pessoa assitida;<\/p>\n\n\n\n<p><strong>IV \u2013<\/strong> Ter audi\u00eancia especial com o diretor de estabelecimento;<\/p>\n\n\n\n<p><strong>V \u2013<\/strong> Vistoriar os estabelecimentos penais de presos provis\u00f3rios, tomando providencias para o adequado funcionamento, e requerer, quando for o caso, a apura\u00e7\u00e3o de responsabilidade;<\/p>\n\n\n\n<p><strong>VI \u2013<\/strong> Requerer a autoridade competente a interdi\u00e7\u00e3o, no todo ou em parte, de estabelecimento penal do preso provis\u00f3rio;<\/p>\n\n\n\n<p><strong>VII \u2013<\/strong> Visitar periodicamente os estabelecimentos penais de preso provis\u00f3rio, conforme escala pr\u00f3pria confeccionada pelo coordenador, registrando a sua presen\u00e7a em livro pr\u00f3prio;<\/p>\n\n\n\n<p><strong>VIII \u2013<\/strong> Perfilhar todas as providencias jur\u00eddicas e administrativas, visando salvaguardar a incolumidade f\u00edsica aos presos provis\u00f3rios, nas unidades prisionais, bem como zelar pelo funcionamento normal dos estabelecimentos; e, em caso de grave anormalidade, requerer \u00e0 autoridade competente a interdi\u00e7\u00e3o, no todo ou em parte, de estabelecimentos penal;<\/p>\n\n\n\n<p><strong>IX \u2013<\/strong> Fazer-se presente em casos de conflagra\u00e7\u00e3o publica a fim de mediar conflitos, buscando uma solu\u00e7\u00e3o pacifica.<\/p>\n\n\n\n<p><br><br><br><br><\/p>\n","protected":false},"excerpt":{"rendered":"<p>&nbsp;&nbsp;&nbsp;&nbsp;&nbsp;&nbsp;&nbsp;&nbsp;&nbsp;&nbsp;&nbsp;&nbsp;&nbsp;&nbsp;&nbsp; N\u00facleo de Flagrante Delito e acompanhamento a Presos Provis\u00f3rios Resolu\u00e7\u00e3o n\u00ba 004\/2011 DIRETOR: Dr. Ermelino Costa Cerqueira &#8211; Port. 156\/2010 (Port. 197\/2025 &#8211; Representante da Defensoria no Comit\u00ea Estadual de Pol\u00edticas Penais (CEPP) do Estado de Sergipe) MEMBROS: Dr. Raimundo Jose Oliveira Veiga &#8211; Port. 050\/2020 Dra. J\u00falia Paiva Kirchermair &#8211; Port. 784\/2023 Dr. &hellip;<\/p>\n<p class=\"read-more\"> <a class=\"\" href=\"https:\/\/www.defensoria.se.def.br\/?page_id=1649\"> <span class=\"screen-reader-text\">Inqu\u00e9ritos Polic. e Flagrantes<\/span> Read More &raquo;<\/a><\/p>\n","protected":false},"author":1,"featured_media":0,"parent":458,"menu_order":0,"comment_status":"closed","ping_status":"closed","template":"","meta":{"_eb_attr":"","_uag_custom_page_level_css":"","site-sidebar-layout":"default","site-content-layout":"","ast-site-content-layout":"","site-content-style":"default","site-sidebar-style":"default","ast-global-header-display":"","ast-banner-title-visibility":"","ast-main-header-display":"","ast-hfb-above-header-display":"","ast-hfb-below-header-display":"","ast-hfb-mobile-header-display":"","site-post-title":"","ast-breadcrumbs-content":"","ast-featured-img":"","footer-sml-layout":"","theme-transparent-header-meta":"","adv-header-id-meta":"","stick-header-meta":"","header-above-stick-meta":"","header-main-stick-meta":"","header-below-stick-meta":"","astra-migrate-meta-layouts":"","footnotes":""},"class_list":["post-1649","page","type-page","status-publish","hentry"],"uagb_featured_image_src":{"full":false,"thumbnail":false,"medium":false,"medium_large":false,"large":false,"1536x1536":false,"2048x2048":false},"uagb_author_info":{"display_name":"admin","author_link":"https:\/\/www.defensoria.se.def.br\/?author=1"},"uagb_comment_info":0,"uagb_excerpt":"&nbsp;&nbsp;&nbsp;&nbsp;&nbsp;&nbsp;&nbsp;&nbsp;&nbsp;&nbsp;&nbsp;&nbsp;&nbsp;&nbsp;&nbsp; N\u00facleo de Flagrante Delito e acompanhamento a Presos Provis\u00f3rios Resolu\u00e7\u00e3o n\u00ba 004\/2011 DIRETOR: Dr. Ermelino Costa Cerqueira &#8211; Port. 156\/2010 (Port. 197\/2025 &#8211; Representante da Defensoria no Comit\u00ea Estadual de Pol\u00edticas Penais (CEPP) do Estado de Sergipe) MEMBROS: Dr. Raimundo Jose Oliveira Veiga &#8211; Port. 050\/2020 Dra. J\u00falia Paiva Kirchermair &#8211; Port. 784\/2023 Dr.&hellip;","_links":{"self":[{"href":"https:\/\/www.defensoria.se.def.br\/index.php?rest_route=\/wp\/v2\/pages\/1649"}],"collection":[{"href":"https:\/\/www.defensoria.se.def.br\/index.php?rest_route=\/wp\/v2\/pages"}],"about":[{"href":"https:\/\/www.defensoria.se.def.br\/index.php?rest_route=\/wp\/v2\/types\/page"}],"author":[{"embeddable":true,"href":"https:\/\/www.defensoria.se.def.br\/index.php?rest_route=\/wp\/v2\/users\/1"}],"replies":[{"embeddable":true,"href":"https:\/\/www.defensoria.se.def.br\/index.php?rest_route=%2Fwp%2Fv2%2Fcomments&post=1649"}],"version-history":[{"count":22,"href":"https:\/\/www.defensoria.se.def.br\/index.php?rest_route=\/wp\/v2\/pages\/1649\/revisions"}],"predecessor-version":[{"id":50736,"href":"https:\/\/www.defensoria.se.def.br\/index.php?rest_route=\/wp\/v2\/pages\/1649\/revisions\/50736"}],"up":[{"embeddable":true,"href":"https:\/\/www.defensoria.se.def.br\/index.php?rest_route=\/wp\/v2\/pages\/458"}],"wp:attachment":[{"href":"https:\/\/www.defensoria.se.def.br\/index.php?rest_route=%2Fwp%2Fv2%2Fmedia&parent=1649"}],"curies":[{"name":"wp","href":"https:\/\/api.w.org\/{rel}","templated":true}]}}