{"id":17473,"date":"2017-09-29T11:18:53","date_gmt":"2017-09-29T14:18:53","guid":{"rendered":"http:\/\/www.defensoria.se.def.br\/?page_id=17473"},"modified":"2017-10-30T10:25:15","modified_gmt":"2017-10-30T13:25:15","slug":"editais-de-processos-seletivos","status":"publish","type":"page","link":"https:\/\/www.defensoria.se.def.br\/?page_id=17473","title":{"rendered":"Editais de Processos Seletivos &#8211; 2017"},"content":{"rendered":"<h3 style=\"text-align: center;\"><span style=\"color: #000000;\"><strong>EDITAIS DE PROCESSOS SELETIVOS<\/strong><\/span><\/h3>\n<h4 style=\"text-align: justify;\"><span style=\"color: #000000;\">\u00a0<\/span><\/h4>\n<h5 style=\"text-align: justify;\"><span style=\"color: #000000;\"><strong><a style=\"color: #000000;\" href=\"http:\/\/www.defensoria.se.def.br\/wp-content\/uploads\/2017\/09\/1_Edital_0082017CPSE_-_Abertura_de_P_Seletivo_para_Estagiarios-Capital.pdf\">Edital_008.2017CPSE_-_Abertura_de_Processo_Seletivo_para_Estagi\u00e1rios-Capital<\/a><\/strong> &#8211; Disp\u00f5e sobre abertura de Processo Seletivo para Estagi\u00e1rios da Defensoria P\u00fablica do Estado de Sergipe, com vagas para os cursos de Administra\u00e7\u00e3o, Ci\u00eancias Cont\u00e1beis, Direito, Jornalismo, Sistema de Informa\u00e7\u00e3o ou Sistema de Internet (com conhecimento espec\u00edfico em Web Designer), para atua\u00e7\u00e3o na Comarca de Aracaju\/SE.<\/span><\/h5>\n<p>&nbsp;<\/p>\n<h5 style=\"text-align: justify;\"><span style=\"color: #000000;\"><a style=\"color: #000000;\" href=\"http:\/\/www.defensoria.se.def.br\/wp-content\/uploads\/2017\/04\/2.-Edital-009.2017.CPSE-Altera\u00e7\u00e3o-de-Data-e-Hor\u00e1rio-das-Provas-Capital.pdf\">Edital 009.2017.CPSE &#8211; Altera\u00e7\u00e3o de Data e Hor\u00e1rio das Provas (Capital)<\/a> &#8211; Disp\u00f5e sobre a altera\u00e7\u00e3o da data e hor\u00e1rio das provas do Processo Seletivo para Estagi\u00e1rios da Defensoria P\u00fablica do Estado de Sergipe, com vagas para os cursos de Administra\u00e7\u00e3o, Ci\u00eancias Cont\u00e1beis, Direito, Jornalismo, Sistema de Informa\u00e7\u00e3o ou Sistema de Internet (com conhecimento espec\u00edfico em Web Designer), para atua\u00e7\u00e3o na Comarca de Aracaju\/SE.<\/span><\/h5>\n<h4 style=\"text-align: justify;\"><span style=\"color: #000000;\">\u00a0<\/span><\/h4>\n<h5 style=\"text-align: justify;\"><span style=\"color: #000000;\"><a style=\"color: #000000;\" href=\"http:\/\/www.defensoria.se.def.br\/wp-content\/uploads\/2017\/04\/Edital-010.2017.CPSE-Retifica\u00e7\u00e3o-do-Edital-n.\u00ba-008.2017.CPSE-prazo-para-pagamento-do-boleto.pdf\">Edital 010.2017.CPSE &#8211; Retifica\u00e7\u00e3o do Edital n.\u00ba 008.2017.CPSE (prazo para pagamento do boleto)<\/a> &#8211; Disp\u00f5e acerca da RETIFICA\u00c7\u00c3O do item 4.6 do Edital n.\u00ba 008\/2017\/CPSE, que trata da abertura de Processo Seletivo para Estagi\u00e1rios da Defensoria P\u00fablica do Estado de Sergipe, com vagas para os cursos de Administra\u00e7\u00e3o, Ci\u00eancias Cont\u00e1beis, Direito, Jornalismo, Sistema de Informa\u00e7\u00e3o ou Sistema de Internet (com conhecimento espec\u00edfico em Web Designer), para atua\u00e7\u00e3o na Comarca de Aracaju\/SE.<\/span><\/h5>\n<p>&nbsp;<\/p>\n<h5 style=\"text-align: justify;\"><span style=\"color: #000000;\"><a style=\"color: #000000;\" href=\"http:\/\/www.defensoria.se.def.br\/wp-content\/uploads\/2017\/09\/Edital-011.2017.CPSE-Deferimento-das-Inscri\u00e7\u00f5es.pdf\">Edital 011.2017.CPSE &#8211; Deferimento das Inscri\u00e7\u00f5es<\/a> &#8211; Disp\u00f5e acerca do DEFERIMENTO DAS INSCRI\u00c7\u00d5ES do Processo Seletivo para Estagi\u00e1rios da Defensoria P\u00fablica do Estado de Sergipe, com vagas para os cursos de Administra\u00e7\u00e3o, Ci\u00eancias Cont\u00e1beis, Direito, Jornalismo, Sistema de Informa\u00e7\u00e3o ou Sistema de Internet (com conhecimento espec\u00edfico em Web Designer), para atua\u00e7\u00e3o na Comarca de Aracaju\/SE.<\/span><\/h5>\n<p>&nbsp;<\/p>\n<h5><span style=\"color: #000000;\"><strong><a style=\"color: #000000;\" href=\"http:\/\/www.defensoria.se.def.br\/wp-content\/uploads\/2017\/09\/FORMUL\u00c1RIO-DE-RECURSO-DEFERIMENTO-DAS-INSCRI\u00c7\u00d5ES.pdf\">FORMUL\u00c1RIO DE RECURSO &#8211; DEFERIMENTO DAS INSCRI\u00c7\u00d5ES<\/a><\/strong><\/span><\/h5>\n<p>&nbsp;<\/p>\n<h5 style=\"text-align: justify;\"><span style=\"color: #000000;\"><strong><a style=\"color: #000000;\" href=\"http:\/\/www.defensoria.se.def.br\/wp-content\/uploads\/2017\/09\/Edital-012.2017.CPSE-Deferimento-das-Inscri\u00e7\u00f5es-Ap\u00f3s-Prazo-Recursal.pdf\">Edital 012.2017.CPSE &#8211; Deferimento das Inscri\u00e7\u00f5es Ap\u00f3s Prazo Recursal<\/a><\/strong> &#8211; Disp\u00f5e acerca do DEFERIMENTO DAS INSCRI\u00c7\u00d5ES do Processo Seletivo para Estagi\u00e1rios da Defensoria P\u00fablica do Estado de Sergipe, com vagas para os cursos de Administra\u00e7\u00e3o, Ci\u00eancias Cont\u00e1beis, Direito, Jornalismo, Sistema de Informa\u00e7\u00e3o ou Sistema de Internet (com conhecimento espec\u00edfico em Web Designer), para atua\u00e7\u00e3o na Comarca de Aracaju\/SE, AP\u00d3S O PRAZO RECURSAL.<\/span><\/h5>\n<p>&nbsp;<\/p>\n<h5 style=\"text-align: justify;\"><span style=\"color: #000000;\"><a style=\"color: #000000;\" href=\"http:\/\/www.defensoria.se.def.br\/wp-content\/uploads\/2017\/09\/Edital-013.2017.CPSE-Gabarito-Preliminar-e-Prazo-para-Recurso.pdf\">Edital 013.2017.CPSE &#8211; Gabarito Preliminar e Prazo para Recurso<\/a> &#8211; Disp\u00f5e acerca do GABARITO PRELIMINAR E PRAZO PARA RECURSO, referentes \u00e0s Provas do Processo Seletivo para Estagi\u00e1rios da Defensoria P\u00fablica do Estado de Sergipe, com vagas para os cursos de Administra\u00e7\u00e3o, Ci\u00eancias Cont\u00e1beis, Direito, Jornalismo, Sistema de Informa\u00e7\u00e3o ou Sistema de Internet (com conhecimento espec\u00edfico em Web Designer), para atua\u00e7\u00e3o na Comarca de Aracaju\/SE.<\/span><\/h5>\n<h5><span style=\"color: #000000;\"><a style=\"color: #000000;\" href=\"http:\/\/www.defensoria.se.def.br\/wp-content\/uploads\/2017\/09\/FORMUL\u00c1RIO-DE-RECURSO-GABARITO-PRELIMINAR.pdf\">FORMUL\u00c1RIO DE RECURSO &#8211; GABARITO PRELIMINAR<\/a><\/span><\/h5>\n<p>&nbsp;<\/p>\n<h5 style=\"text-align: justify;\"><span style=\"color: #000000;\"><a style=\"color: #000000;\" href=\"http:\/\/www.defensoria.se.def.br\/wp-content\/uploads\/2017\/09\/7.-Edital-014.2017.CPSE-Resultados-dos-Recursos-e-Gabarito-Definitivo.pdf\">Edital 014.2017.CPSE &#8211; Resultados dos Recursos e Gabarito Definitivo\u00a0<\/a><\/span> &#8211;\u00a0 Disp\u00f5e acerca do RESULTADO DOS RECURSOS APRESENTADOS CONTRA O GABARITO PRELIMINAR E DIVULGA O GABARITO DEFINITIVO, referentes \u00e0s Provas do Processo Seletivo para Estagi\u00e1rios da Defensoria P\u00fablica do Estado de Sergipe, com vagas para os cursos de Administra\u00e7\u00e3o, Ci\u00eancias Cont\u00e1beis, Direito, Jornalismo, Sistema de Informa\u00e7\u00e3o ou Sistema de Internet (com conhecimento espec\u00edfico em Web Designer), para atua\u00e7\u00e3o na Comarca de Aracaju\/SE.\u00a0<\/h5>\n<p>&nbsp;<\/p>\n<h5 style=\"text-align: justify;\"><span style=\"color: #000000;\"><a style=\"color: #000000;\" href=\"http:\/\/www.defensoria.se.def.br\/wp-content\/uploads\/2017\/09\/Edital-015.2017.CPSE-Classifica\u00e7\u00e3o-Provis\u00f3ria-e-Prazo-para-Recurso.pdf\">Edital 015.2017.CPSE &#8211; Classifica\u00e7\u00e3o Provis\u00f3ria e Prazo para Recurso<\/a> &#8211; Disp\u00f5e acerca da CLASSIFICA\u00c7\u00c3O PROVIS\u00d3RIA do Processo Seletivo para Estagi\u00e1rios da Defensoria P\u00fablica do Estado de Sergipe, com vagas para os cursos de Administra\u00e7\u00e3o, Ci\u00eancias Cont\u00e1beis, Direito, Jornalismo, Sistema de Informa\u00e7\u00e3o ou Sistema de Internet (com conhecimento espec\u00edfico em Web Designer), para atua\u00e7\u00e3o na Comarca de Aracaju\/SE, como tamb\u00e9m o PRAZO PARA RECURSO.<\/span><\/h5>\n<h5><span style=\"color: #000000;\"><a style=\"color: #000000;\" href=\"http:\/\/www.defensoria.se.def.br\/wp-content\/uploads\/2017\/09\/FORMUL\u00c1RIO-DE-RECURSO-CLASSIFICA\u00c7\u00c3O-PROVIS\u00d3RIA.pdf\">FORMUL\u00c1RIO DE RECURSO &#8211; CLASSIFICA\u00c7\u00c3O PROVIS\u00d3RIA<\/a><\/span><\/h5>\n<h5 style=\"text-align: justify;\">\u00a0<\/h5>\n<h5 style=\"text-align: justify;\"><span style=\"color: #000000;\"><a style=\"color: #000000;\" href=\"http:\/\/www.defensoria.se.def.br\/wp-content\/uploads\/2017\/09\/Edital-016.2017.CPSE-Classifica\u00e7\u00e3o-Definitiva.pdf\">Edital 016.2017.CPSE &#8211; Classifica\u00e7\u00e3o Definitiva<\/a> &#8211;\u00a0Disp\u00f5e acerca da CLASSIFICA\u00c7\u00c3O DEFINITIVA do Processo Seletivo para Estagi\u00e1rios da Defensoria P\u00fablica do Estado de Sergipe, com vagas para os cursos de Administra\u00e7\u00e3o, Ci\u00eancias Cont\u00e1beis, Direito, Jornalismo, Sistema de Informa\u00e7\u00e3o ou Sistema de Internet (com conhecimento espec\u00edfico em Web Designer), para atua\u00e7\u00e3o na Comarca de Aracaju\/SE. <\/span><\/h5>\n","protected":false},"excerpt":{"rendered":"<p>EDITAIS DE PROCESSOS SELETIVOS \u00a0 Edital_008.2017CPSE_-_Abertura_de_Processo_Seletivo_para_Estagi\u00e1rios-Capital &#8211; Disp\u00f5e sobre abertura de Processo Seletivo para Estagi\u00e1rios da Defensoria P\u00fablica do Estado de Sergipe, com vagas para os cursos de Administra\u00e7\u00e3o, Ci\u00eancias Cont\u00e1beis, Direito, Jornalismo, Sistema de Informa\u00e7\u00e3o ou Sistema de Internet (com conhecimento espec\u00edfico em Web Designer), para atua\u00e7\u00e3o na Comarca de Aracaju\/SE. &nbsp; Edital 009.2017.CPSE &hellip;<\/p>\n<p class=\"read-more\"> <a class=\"\" href=\"https:\/\/www.defensoria.se.def.br\/?page_id=17473\"> <span class=\"screen-reader-text\">Editais de Processos Seletivos &#8211; 2017<\/span> Read More &raquo;<\/a><\/p>\n","protected":false},"author":1,"featured_media":0,"parent":0,"menu_order":0,"comment_status":"closed","ping_status":"closed","template":"","meta":{"_eb_attr":"","_uag_custom_page_level_css":"","site-sidebar-layout":"default","site-content-layout":"","ast-site-content-layout":"","site-content-style":"default","site-sidebar-style":"default","ast-global-header-display":"","ast-banner-title-visibility":"","ast-main-header-display":"","ast-hfb-above-header-display":"","ast-hfb-below-header-display":"","ast-hfb-mobile-header-display":"","site-post-title":"","ast-breadcrumbs-content":"","ast-featured-img":"","footer-sml-layout":"","theme-transparent-header-meta":"","adv-header-id-meta":"","stick-header-meta":"","header-above-stick-meta":"","header-main-stick-meta":"","header-below-stick-meta":"","astra-migrate-meta-layouts":"","footnotes":""},"class_list":["post-17473","page","type-page","status-publish","hentry"],"uagb_featured_image_src":{"full":false,"thumbnail":false,"medium":false,"medium_large":false,"large":false,"1536x1536":false,"2048x2048":false},"uagb_author_info":{"display_name":"admin","author_link":"https:\/\/www.defensoria.se.def.br\/?author=1"},"uagb_comment_info":0,"uagb_excerpt":"EDITAIS DE PROCESSOS SELETIVOS \u00a0 Edital_008.2017CPSE_-_Abertura_de_Processo_Seletivo_para_Estagi\u00e1rios-Capital &#8211; Disp\u00f5e sobre abertura de Processo Seletivo para Estagi\u00e1rios da Defensoria P\u00fablica do Estado de Sergipe, com vagas para os cursos de Administra\u00e7\u00e3o, Ci\u00eancias Cont\u00e1beis, Direito, Jornalismo, Sistema de Informa\u00e7\u00e3o ou Sistema de Internet (com conhecimento espec\u00edfico em Web Designer), para atua\u00e7\u00e3o na Comarca de Aracaju\/SE. &nbsp; Edital 009.2017.CPSE&hellip;","_links":{"self":[{"href":"https:\/\/www.defensoria.se.def.br\/index.php?rest_route=\/wp\/v2\/pages\/17473"}],"collection":[{"href":"https:\/\/www.defensoria.se.def.br\/index.php?rest_route=\/wp\/v2\/pages"}],"about":[{"href":"https:\/\/www.defensoria.se.def.br\/index.php?rest_route=\/wp\/v2\/types\/page"}],"author":[{"embeddable":true,"href":"https:\/\/www.defensoria.se.def.br\/index.php?rest_route=\/wp\/v2\/users\/1"}],"replies":[{"embeddable":true,"href":"https:\/\/www.defensoria.se.def.br\/index.php?rest_route=%2Fwp%2Fv2%2Fcomments&post=17473"}],"version-history":[{"count":29,"href":"https:\/\/www.defensoria.se.def.br\/index.php?rest_route=\/wp\/v2\/pages\/17473\/revisions"}],"predecessor-version":[{"id":17937,"href":"https:\/\/www.defensoria.se.def.br\/index.php?rest_route=\/wp\/v2\/pages\/17473\/revisions\/17937"}],"wp:attachment":[{"href":"https:\/\/www.defensoria.se.def.br\/index.php?rest_route=%2Fwp%2Fv2%2Fmedia&parent=17473"}],"curies":[{"name":"wp","href":"https:\/\/api.w.org\/{rel}","templated":true}]}}