{"id":17475,"date":"2017-09-29T11:19:15","date_gmt":"2017-09-29T14:19:15","guid":{"rendered":"http:\/\/www.defensoria.se.def.br\/?page_id=17475"},"modified":"2017-12-07T09:52:12","modified_gmt":"2017-12-07T12:52:12","slug":"editais-de-convocacao","status":"publish","type":"page","link":"https:\/\/www.defensoria.se.def.br\/?page_id=17475","title":{"rendered":"Editais de Convoca\u00e7\u00e3o &#8211; 2017"},"content":{"rendered":"<h3 style=\"text-align: center;\"><strong>EDITAIS DE CONVOCA\u00c7\u00c3O<\/strong><\/h3>\n<h4 style=\"text-align: justify;\">\u00a0<\/h4>\n<h5 style=\"text-align: justify;\"><strong><span style=\"color: #000000;\"><a style=\"color: #000000;\" href=\"http:\/\/www.defensoria.se.def.br\/?attachment_id=15190\" rel=\"attachment wp-att-15190\">Edital GSPG n.\u00ba 001.17 &#8211; Convoca\u00e7\u00e3o de Estagi\u00e1rios<\/a><\/span><\/strong> &#8211; Convoca os candidatos abaixo relacionados, obedecendo a ordem de classifica\u00e7\u00e3o, a se apresentarem na sede da Defensoria P\u00fablica do Estado de Sergipe.<\/h5>\n<h4 style=\"text-align: justify;\">\u00a0<\/h4>\n<h5 style=\"text-align: justify;\"><span style=\"color: #000000;\"><a style=\"color: #000000;\" href=\"http:\/\/www.defensoria.se.def.br\/?attachment_id=15215\" rel=\"attachment wp-att-15215\">EDITAL GSPG 002.17 &#8211; Convoca\u00e7\u00e3o de Estagi\u00e1rios<\/a><\/span> &#8211; Convoca os candidatos abaixo relacionados, obedecendo a ordem de classifica\u00e7\u00e3o, a se apresentarem na sede da Defensoria P\u00fablica do Estado de Sergipe.<\/h5>\n<h4 style=\"text-align: justify;\">\u00a0<\/h4>\n<h5 style=\"text-align: justify;\"><span style=\"color: #000000;\"><a style=\"color: #000000;\" href=\"http:\/\/www.defensoria.se.def.br\/wp-content\/uploads\/2017\/01\/Edital-GSPG-n.\u00ba-003.2017-Convoca\u00e7\u00e3o-de-Estagi\u00e1rios.pdf\">Edital GSPG n.\u00ba 003.2017 &#8211; Convoca\u00e7\u00e3o de Estagi\u00e1rios <\/a>&#8211; Convoca os candidatos abaixo relacionados, obedecendo a ordem de classifica\u00e7\u00e3o, a se apresentarem na sede da Defensoria P\u00fablica do Estado de Sergipe.<\/span><\/h5>\n<h4 style=\"text-align: justify;\">\u00a0<\/h4>\n<h5 style=\"text-align: justify;\"><span style=\"color: #000000;\"><a style=\"color: #000000;\" href=\"http:\/\/www.defensoria.se.def.br\/wp-content\/uploads\/2017\/01\/Edital-GSPG-n.\u00ba-004.2017-Convoca\u00e7\u00e3o-de-Estagi\u00e1rios.pdf\">Edital GSPG n.\u00ba 004.2017 &#8211; Convoca\u00e7\u00e3o de Estagi\u00e1rios<\/a> &#8211; Convoca os candidatos abaixo relacionados, obedecendo a ordem de classifica\u00e7\u00e3o, a se apresentarem na sede da Defensoria P\u00fablica do Estado de Sergipe.<\/span><\/h5>\n<h4 style=\"text-align: justify;\">\u00a0<\/h4>\n<h5 style=\"text-align: justify;\"><span style=\"color: #000000;\"><a style=\"color: #000000;\" href=\"http:\/\/www.defensoria.se.def.br\/wp-content\/uploads\/2017\/01\/EDITAL-GSPG-005.17-Convoca\u00e7\u00e3o-de-Estagi\u00e1rios-Edital-n.\u00ba-001.16.CPSE_.pdf\">EDITAL GSPG 005.17 &#8211; Convoca\u00e7\u00e3o de Estagi\u00e1rios\u00a0 <\/a>&#8211; Convoca os candidatos abaixo relacionados, obedecendo a ordem de classifica\u00e7\u00e3o, a se apresentarem na sede da Defensoria P\u00fablica do Estado de Sergipe.<\/span><\/h5>\n<h4 style=\"text-align: justify;\">\u00a0<\/h4>\n<h5 style=\"text-align: justify;\"><span style=\"color: #000000;\"><a style=\"color: #000000;\" href=\"http:\/\/www.defensoria.se.def.br\/wp-content\/uploads\/2017\/04\/EDITAL-GSPG-006.17-Convoca\u00e7\u00e3o-de-Estagi\u00e1rios-Edital-n.\u00ba-001.16.CPSE_.pdf\">EDITAL GSPG 006.17 &#8211; Convoca\u00e7\u00e3o de Estagi\u00e1rios<\/a> &#8211; Convoca os candidatos abaixo relacionados, obedecendo a ordem de classifica\u00e7\u00e3o, a se apresentarem na sede da Defensoria P\u00fablica do Estado de Sergipe.<\/span><\/h5>\n<h4 style=\"text-align: justify;\">\u00a0<\/h4>\n<h5 style=\"text-align: justify;\"><span style=\"color: #000000;\"><a style=\"color: #000000;\" href=\"http:\/\/www.defensoria.se.def.br\/wp-content\/uploads\/2017\/04\/EDITAL-GSPG-007.17-Convoca\u00e7\u00e3o-de-Estagi\u00e1rios-Edital-n.\u00ba-001.16.CPSE_.pdf\">EDITAL GSPG 007.17 &#8211; Convoca\u00e7\u00e3o de Estagi\u00e1rios<\/a> &#8211; Convoca os candidatos abaixo relacionados, obedecendo a ordem de classifica\u00e7\u00e3o, a se apresentarem na sede da Defensoria P\u00fablica do Estado de Sergipe.<\/span><\/h5>\n<h4 style=\"text-align: justify;\">\u00a0<\/h4>\n<h5 style=\"text-align: justify;\"><span style=\"color: #000000;\"><a style=\"color: #000000;\" href=\"http:\/\/www.defensoria.se.def.br\/wp-content\/uploads\/2017\/04\/EDITAL-GSPG-008.17-Convoca\u00e7\u00e3o-de-Estagi\u00e1rios-Edital-n.\u00ba-001.16.CPSE_.pdf\">EDITAL GSPG 008.17 &#8211; Convoca\u00e7\u00e3o de Estagi\u00e1rios<\/a> &#8211; Convoca os candidatos abaixo relacionados, obedecendo a ordem de classifica\u00e7\u00e3o, a se apresentarem na sede da Defensoria P\u00fablica do Estado de Sergipe.<\/span><\/h5>\n<h4 style=\"text-align: justify;\">\u00a0<\/h4>\n<h5 style=\"text-align: justify;\"><span style=\"color: #000000;\"><a style=\"color: #000000;\" href=\"http:\/\/www.defensoria.se.def.br\/wp-content\/uploads\/2017\/04\/EDITAL-GSPG-009.17-Convoca\u00e7\u00e3o-de-Estagi\u00e1rios-Edital-n.\u00ba-001.16.CPSE-e-n.\u00ba-001.2017.CPSE_.pdf\">EDITAL GSPG 009.17 &#8211; Convoca\u00e7\u00e3o de Estagi\u00e1rios<\/a> &#8211; Convoca os candidatos abaixo relacionados, obedecendo a ordem de classifica\u00e7\u00e3o, a se apresentarem na sede da Defensoria P\u00fablica do Estado de Sergipe.<\/span><\/h5>\n<h4 style=\"text-align: justify;\">\u00a0<\/h4>\n<h5 style=\"text-align: justify;\"><span style=\"color: #000000;\"><a style=\"color: #000000;\" href=\"http:\/\/www.defensoria.se.def.br\/wp-content\/uploads\/2017\/04\/EDITAL-GSPG-010.17-Convoca\u00e7\u00e3o-de-Estagi\u00e1rios-Edital-n.\u00ba-001.16.CPSE-e-n.\u00ba-001.2017.CPSE-I.pdf\">EDITAL GSPG 010.17 &#8211; Convoca\u00e7\u00e3o de Estagi\u00e1rios<\/a>&#8211; Convoca os candidatos abaixo relacionados, obedecendo a ordem de classifica\u00e7\u00e3o, a se apresentarem na sede da Defensoria P\u00fablica do Estado de Sergipe.<\/span><\/h5>\n<h4 style=\"text-align: justify;\">\u00a0<\/h4>\n<h5 style=\"text-align: justify;\"><span style=\"color: #000000;\"><a style=\"color: #000000;\" href=\"http:\/\/www.defensoria.se.def.br\/wp-content\/uploads\/2017\/04\/EDITAL-GSPG-N.\u00ba-011.2017.pdf\">EDITAL GSPG N.\u00ba 011.2017 &#8211; Convoca\u00e7\u00e3o de Estagi\u00e1rios<\/a> &#8211; Convoca os candidatos abaixo relacionados, obedecendo a ordem de classifica\u00e7\u00e3o, a se apresentarem na sede da Defensoria P\u00fablica do Estado de Sergipe.<\/span><\/h5>\n<h4 style=\"text-align: justify;\">\u00a0<\/h4>\n<h5 style=\"text-align: justify;\"><span style=\"color: #000000;\"><a style=\"color: #000000;\" href=\"http:\/\/www.defensoria.se.def.br\/wp-content\/uploads\/2017\/04\/EDITAL-GSPG-N.\u00ba-012.2017.pdf\">EDITAL GSPG N.\u00ba 012.2017 &#8211; Convoca\u00e7\u00e3o de Estagi\u00e1rios<\/a> &#8211; Convoca os candidatos abaixo relacionados, obedecendo a ordem de classifica\u00e7\u00e3o, a se apresentarem na sede da Defensoria P\u00fablica do Estado de Sergipe.<\/span><\/h5>\n<h4 style=\"text-align: justify;\">\u00a0<\/h4>\n<h5 style=\"text-align: justify;\"><span style=\"color: #000000;\"><a style=\"color: #000000;\" href=\"http:\/\/www.defensoria.se.def.br\/wp-content\/uploads\/2017\/04\/EDITAL-GSPG-013.17-Convoca\u00e7\u00e3o-de-Estagi\u00e1rios-Edital-n.\u00ba-001.16.CPSE_.pdf\">EDITAL GSPG 013.17 &#8211; Convoca\u00e7\u00e3o de Estagi\u00e1rios<\/a> &#8211; Convoca os candidatos abaixo relacionados, obedecendo a ordem de classifica\u00e7\u00e3o, a se apresentarem na sede da Defensoria P\u00fablica do Estado de Sergipe.<\/span><\/h5>\n<h5 style=\"text-align: justify;\"><span style=\"color: #000000;\">\u00a0<\/span><\/h5>\n<h5 style=\"text-align: justify;\"><span style=\"color: #000000;\"><a style=\"color: #000000;\" href=\"http:\/\/www.defensoria.se.def.br\/wp-content\/uploads\/2017\/07\/EDITAL-GSPG-014.17-Convoca\u00e7\u00e3o-de-Estagi\u00e1rios-Candidatos-do-Final-de-Lista-.pdf\">EDITAL GSPG 014.17 &#8211; Convoca\u00e7\u00e3o de Estagi\u00e1rios &#8211; Candidatos do Final de Lista<\/a> &#8211; Convoca os candidatos abaixo relacionados, obedecendo a ordem de classifica\u00e7\u00e3o, a se apresentarem na sede da Defensoria P\u00fablica do Estado de Sergipe.<\/span><\/h5>\n<h4 style=\"text-align: justify;\">\u00a0<\/h4>\n<h5 style=\"text-align: justify;\"><span style=\"color: #000000;\"><a style=\"color: #000000;\" href=\"http:\/\/www.defensoria.se.def.br\/wp-content\/uploads\/2017\/07\/EDITAL-GSPG-015.17-Convoca\u00e7\u00e3o-de-Estagi\u00e1rios-.pdf\">EDITAL GSPG 015.17 &#8211; Convoca\u00e7\u00e3o de Estagi\u00e1rios<\/a> &#8211; Convoca os candidatos abaixo relacionados, obedecendo a ordem de classifica\u00e7\u00e3o, a se apresentarem na sede da Defensoria P\u00fablica do Estado de Sergipe.<\/span><\/h5>\n<h4 style=\"text-align: justify;\">\u00a0<\/h4>\n<h5 style=\"text-align: justify;\"><span style=\"color: #000000;\"><a style=\"color: #000000;\" href=\"http:\/\/www.defensoria.se.def.br\/wp-content\/uploads\/2017\/04\/EDITAL-GSPG-016.17-Convoca\u00e7\u00e3o-de-Estagi\u00e1rios-Final-de-Lista-Edital-n.\u00ba-001.16.CPSE_.pdf\">EDITAL GSPG 016.17 &#8211; Convoca\u00e7\u00e3o de Estagi\u00e1rios &#8211; Final de Lista<\/a> &#8211; Convoca os candidatos abaixo relacionados, obedecendo a ordem de classifica\u00e7\u00e3o, a se apresentarem na sede da Defensoria P\u00fablica do Estado de Sergipe.<\/span><\/h5>\n<h4 style=\"text-align: justify;\">\u00a0<\/h4>\n<h5 style=\"text-align: justify;\"><span style=\"color: #000000;\"><a style=\"color: #000000;\" href=\"http:\/\/www.defensoria.se.def.br\/wp-content\/uploads\/2017\/04\/EDITAL-GSPG-017.17-Convoca\u00e7\u00e3o-de-Estagi\u00e1rios-Edital-n.\u00ba-001.16.CPSE-e-n.\u00ba-001.2017.CPSE_.pdf\">EDITAL GSPG 017.17 &#8211; Convoca\u00e7\u00e3o de Estagi\u00e1rios<\/a> &#8211; Convoca os candidatos abaixo relacionados, obedecendo a ordem de classifica\u00e7\u00e3o, a se apresentarem na sede da Defensoria P\u00fablica do Estado de Sergipe.<\/span><\/h5>\n<h4 style=\"text-align: justify;\">\u00a0<\/h4>\n<h5 style=\"text-align: justify;\"><span style=\"color: #000000;\"><strong><a style=\"color: #000000;\" href=\"http:\/\/www.defensoria.se.def.br\/wp-content\/uploads\/2017\/04\/EDITAL-GSPG-018.17-Convoca\u00e7\u00e3o-de-Estagi\u00e1rios-Edital-n.\u00ba-001.16.CPSE-e-n.\u00ba-001.2017.CPSE_.pdf\">EDITAL GSPG 018.17 &#8211; Convoca\u00e7\u00e3o de Estagi\u00e1rios<\/a> <\/strong>&#8211; Convoca os candidatos abaixo relacionados, obedecendo a ordem de classifica\u00e7\u00e3o, a se apresentarem na sede da Defensoria P\u00fablica do Estado de Sergipe.<\/span><\/h5>\n<p style=\"text-align: justify;\">\u00a0<\/p>\n<h5 style=\"text-align: justify;\"><span style=\"color: #000000;\"><a style=\"color: #000000;\" href=\"http:\/\/www.defensoria.se.def.br\/wp-content\/uploads\/2017\/04\/EDITAL-GSPG-019.17-Convoca\u00e7\u00e3o-de-Estagi\u00e1rios-Edital-n.\u00ba-001.16.CPSE-e-n.\u00ba-001.2017.CPSE_.pdf\">EDITAL GSPG 019.17 &#8211; Convoca\u00e7\u00e3o de Estagi\u00e1rios<\/a> &#8211; Convoca os candidatos abaixo relacionados, obedecendo a ordem de classifica\u00e7\u00e3o, a se apresentarem na sede da Defensoria P\u00fablica do Estado de Sergipe.<\/span><\/h5>\n<p>&nbsp;<\/p>\n<h5 style=\"text-align: justify;\"><span style=\"color: #000000;\"><strong><a style=\"color: #000000;\" href=\"http:\/\/www.defensoria.se.def.br\/wp-content\/uploads\/2017\/04\/EDITAL-GSPG-020.17-Convoca\u00e7\u00e3o-de-Estagi\u00e1rios-Edital-n.\u00ba-001.2017.CPSE_.pdf\">EDITAL GSPG 020.17 &#8211; Convoca\u00e7\u00e3o de Estagi\u00e1rios<\/a> <\/strong>&#8211; Convoca os candidatos abaixo relacionados, obedecendo a ordem de classifica\u00e7\u00e3o, a se apresentarem na sede da Defensoria P\u00fablica do Estado de Sergipe.<\/span><\/h5>\n<p style=\"text-align: justify;\">\u00a0<\/p>\n<h5 style=\"text-align: justify;\"><span style=\"color: #000000;\"><a style=\"color: #000000;\" href=\"http:\/\/www.defensoria.se.def.br\/wp-content\/uploads\/2017\/09\/EDITAL-GSPG-021.17-Convoca\u00e7\u00e3o-de-Estagi\u00e1rios.pdf\">EDITAL GSPG 021.17 &#8211; Convoca\u00e7\u00e3o de Estagi\u00e1rios <\/a><\/span><span style=\"color: #000000;\">&#8211; Convoca os candidatos abaixo relacionados, obedecendo a ordem de classifica\u00e7\u00e3o, a se apresentarem na sede da Defensoria P\u00fablica do Estado de Sergipe.<\/span><\/h5>\n<h5 style=\"text-align: justify;\">\u00a0<\/h5>\n<h5 style=\"text-align: justify;\"><span style=\"color: #000000;\"><a style=\"color: #000000;\" href=\"http:\/\/www.defensoria.se.def.br\/wp-content\/uploads\/2017\/09\/EDITAL-GSPG-022.17-Convoca\u00e7\u00e3o-de-Estagi\u00e1rios-Edital-n.\u00ba-001.2017.CPSE_.pdf\">EDITAL GSPG 022.17 &#8211; Convoca\u00e7\u00e3o de Estagi\u00e1rios (Edital n.\u00ba 001.2017.CPSE)<\/a> &#8211; Convoca os candidatos abaixo relacionados, obedecendo a ordem de classifica\u00e7\u00e3o, a se apresentarem na sede da Defensoria P\u00fablica do Estado de Sergipe.<\/span><\/h5>\n<h5 style=\"text-align: justify;\">\u00a0<\/h5>\n<h5 style=\"text-align: justify;\"><span style=\"color: #000000;\"><a style=\"color: #000000;\" href=\"http:\/\/www.defensoria.se.def.br\/wp-content\/uploads\/2017\/09\/EDITAL-GSPG-023.17-Convoca\u00e7\u00e3o-de-Estagi\u00e1rios-Edital-n.\u00ba-008.2017.CPSE_.pdf\">EDITAL GSPG 023.17 &#8211; Convoca\u00e7\u00e3o de Estagi\u00e1rios (Edital n.\u00ba 008.2017.CPSE)<\/a> &#8211;\u00a0 Convoca os candidatos abaixo relacionados, obedecendo a ordem de classifica\u00e7\u00e3o, a se apresentarem na sede da Defensoria P\u00fablica do Estado de Sergipe.<\/span><\/h5>\n<p>&nbsp;<\/p>\n<p>&nbsp;<\/p>\n<p>&nbsp;<\/p>\n","protected":false},"excerpt":{"rendered":"<p>EDITAIS DE CONVOCA\u00c7\u00c3O \u00a0 Edital GSPG n.\u00ba 001.17 &#8211; Convoca\u00e7\u00e3o de Estagi\u00e1rios &#8211; Convoca os candidatos abaixo relacionados, obedecendo a ordem de classifica\u00e7\u00e3o, a se apresentarem na sede da Defensoria P\u00fablica do Estado de Sergipe. \u00a0 EDITAL GSPG 002.17 &#8211; Convoca\u00e7\u00e3o de Estagi\u00e1rios &#8211; Convoca os candidatos abaixo relacionados, obedecendo a ordem de classifica\u00e7\u00e3o, a &hellip;<\/p>\n<p class=\"read-more\"> <a class=\"\" href=\"https:\/\/www.defensoria.se.def.br\/?page_id=17475\"> <span class=\"screen-reader-text\">Editais de Convoca\u00e7\u00e3o &#8211; 2017<\/span> Read More &raquo;<\/a><\/p>\n","protected":false},"author":1,"featured_media":0,"parent":0,"menu_order":0,"comment_status":"closed","ping_status":"closed","template":"","meta":{"_eb_attr":"","_uag_custom_page_level_css":"","site-sidebar-layout":"default","site-content-layout":"","ast-site-content-layout":"","site-content-style":"default","site-sidebar-style":"default","ast-global-header-display":"","ast-banner-title-visibility":"","ast-main-header-display":"","ast-hfb-above-header-display":"","ast-hfb-below-header-display":"","ast-hfb-mobile-header-display":"","site-post-title":"","ast-breadcrumbs-content":"","ast-featured-img":"","footer-sml-layout":"","theme-transparent-header-meta":"","adv-header-id-meta":"","stick-header-meta":"","header-above-stick-meta":"","header-main-stick-meta":"","header-below-stick-meta":"","astra-migrate-meta-layouts":"","footnotes":""},"class_list":["post-17475","page","type-page","status-publish","hentry"],"uagb_featured_image_src":{"full":false,"thumbnail":false,"medium":false,"medium_large":false,"large":false,"1536x1536":false,"2048x2048":false},"uagb_author_info":{"display_name":"admin","author_link":"https:\/\/www.defensoria.se.def.br\/?author=1"},"uagb_comment_info":0,"uagb_excerpt":"EDITAIS DE CONVOCA\u00c7\u00c3O \u00a0 Edital GSPG n.\u00ba 001.17 &#8211; Convoca\u00e7\u00e3o de Estagi\u00e1rios &#8211; Convoca os candidatos abaixo relacionados, obedecendo a ordem de classifica\u00e7\u00e3o, a se apresentarem na sede da Defensoria P\u00fablica do Estado de Sergipe. \u00a0 EDITAL GSPG 002.17 &#8211; Convoca\u00e7\u00e3o de Estagi\u00e1rios &#8211; Convoca os candidatos abaixo relacionados, obedecendo a ordem de classifica\u00e7\u00e3o, a&hellip;","_links":{"self":[{"href":"https:\/\/www.defensoria.se.def.br\/index.php?rest_route=\/wp\/v2\/pages\/17475"}],"collection":[{"href":"https:\/\/www.defensoria.se.def.br\/index.php?rest_route=\/wp\/v2\/pages"}],"about":[{"href":"https:\/\/www.defensoria.se.def.br\/index.php?rest_route=\/wp\/v2\/types\/page"}],"author":[{"embeddable":true,"href":"https:\/\/www.defensoria.se.def.br\/index.php?rest_route=\/wp\/v2\/users\/1"}],"replies":[{"embeddable":true,"href":"https:\/\/www.defensoria.se.def.br\/index.php?rest_route=%2Fwp%2Fv2%2Fcomments&post=17475"}],"version-history":[{"count":20,"href":"https:\/\/www.defensoria.se.def.br\/index.php?rest_route=\/wp\/v2\/pages\/17475\/revisions"}],"predecessor-version":[{"id":17492,"href":"https:\/\/www.defensoria.se.def.br\/index.php?rest_route=\/wp\/v2\/pages\/17475\/revisions\/17492"}],"wp:attachment":[{"href":"https:\/\/www.defensoria.se.def.br\/index.php?rest_route=%2Fwp%2Fv2%2Fmedia&parent=17475"}],"curies":[{"name":"wp","href":"https:\/\/api.w.org\/{rel}","templated":true}]}}