{"id":22318,"date":"2019-02-12T09:41:50","date_gmt":"2019-02-12T12:41:50","guid":{"rendered":"http:\/\/www.defensoria.se.def.br\/?page_id=22318"},"modified":"2020-11-10T10:57:35","modified_gmt":"2020-11-10T13:57:35","slug":"aracaju-n11-2","status":"publish","type":"page","link":"https:\/\/www.defensoria.se.def.br\/?page_id=22318","title":{"rendered":"Aracaju N\u00b011"},"content":{"rendered":"<h3 style=\"text-align: center;\"><strong>Editais de convoca\u00e7\u00e3o Aracaju<\/strong><\/h3>\n<p style=\"text-align: center;\">\u00a0<\/p>\n<h6>\u00a0<\/h6>\n<table class=\" aligncenter\">\n<tbody>\n<tr>\n<td style=\"width: 225px;\">\n<h6 style=\"text-align: center;\"><a href=\"http:\/\/www.defensoria.se.def.br\/wp-content\/uploads\/2019\/01\/EDITAL-GSPG-002.19-Convoca\u00e7\u00e3o-de-Estagi\u00e1rios-Edital-n.\u00ba-001.18.CPSE_.pdf\">EDITAL GSPG 002.19 &#8211; Convoca\u00e7\u00e3o de Estagi\u00e1rios (Edital n.\u00ba 001.18.CPSE)<\/a>\u00a0\u00a0<\/h6>\n<\/td>\n<td style=\"text-align: center;\">\n<h6 style=\"text-align: justify;\">\u00a0<strong>Publica\u00e7\u00e3o\u00a011\/01\/2019<\/strong><\/h6>\n<h6><strong>Convoca\u00e7\u00e3o\u00a018\/01\/2019<\/strong><\/h6>\n<\/td>\n<\/tr>\n<tr>\n<td style=\"width: 225px;\">\n<h6 style=\"text-align: center;\"><a href=\"http:\/\/www.defensoria.se.def.br\/wp-content\/uploads\/2019\/01\/EDITAL-GSPG-004.19-Convoca\u00e7\u00e3o-de-Estagi\u00e1rios-Edital-n.\u00ba-001.18.CPSE_.pdf\">\u00a0EDITAL GSPG 004.19 &#8211; Convoca\u00e7\u00e3o de Estagi\u00e1rios (Edital n.\u00ba 001.18.CPSE)<\/a><\/h6>\n<\/td>\n<td style=\"text-align: center;\">\n<h6><strong>Publica\u00e7\u00e3o\u00a022\/01\/2019<\/strong><\/h6>\n<h6><strong>Convoca\u00e7\u00e3o\u00a025\/01\/2019<\/strong><\/h6>\n<\/td>\n<\/tr>\n<tr>\n<td style=\"width: 225px;\">\n<h6><a href=\"http:\/\/www.defensoria.se.def.br\/wp-content\/uploads\/2019\/02\/EDITAL-GSPG-006.19-Convoca\u00e7\u00e3o-de-Estagi\u00e1rios-Edital-n.\u00ba-001.18.CPSE_.pdf\">EDITAL GSPG 006.19 &#8211; Convoca\u00e7\u00e3o de Estagi\u00e1rios (Edital n.\u00ba 001.18.CPSE)<\/a><\/h6>\n<\/td>\n<td style=\"text-align: center;\">\n<h6 style=\"text-align: justify;\"><strong>Publica\u00e7\u00e3o 01\/02\/2019<\/strong><\/h6>\n<h6 style=\"text-align: justify;\"><strong>Convoca\u00e7\u00e3o 07\/02\/2019<\/strong><\/h6>\n<\/td>\n<\/tr>\n<tr>\n<td style=\"width: 225px;\">\n<h6><a href=\"http:\/\/www.defensoria.se.def.br\/wp-content\/uploads\/2019\/02\/EDITAL-GSPG-010.19-Convoca\u00e7\u00e3o-de-Estagi\u00e1rios-Edital-n.\u00ba-001.18.CPSE_.pdf\">EDITAL GSPG 010.19 &#8211; Convoca\u00e7\u00e3o de Estagi\u00e1rios (Edital n.\u00ba 001.18.CPSE)<\/a><\/h6>\n<\/td>\n<td style=\"text-align: center;\">\n<h6 style=\"text-align: justify;\"><strong>Publica\u00e7\u00e3o 19\/02\/2019<\/strong><\/h6>\n<h6 style=\"text-align: justify;\"><strong>Convoca\u00e7\u00e3o 22\/02\/2019<\/strong><\/h6>\n<\/td>\n<\/tr>\n<tr>\n<td style=\"width: 225px;\">\n<h6><a href=\"http:\/\/www.defensoria.se.def.br\/wp-content\/uploads\/2019\/02\/EDITAL-GSPG-012.19-Convoca\u00e7\u00e3o-de-Estagi\u00e1rios-Edital-n.\u00ba-001.18.CPSE_.pdf\">EDITAL GSPG 012.19 &#8211; Convoca\u00e7\u00e3o de Estagi\u00e1rios (Edital n.\u00ba 001.18.CPSE)<\/a><\/h6>\n<\/td>\n<td style=\"text-align: center;\">\n<h6 style=\"text-align: justify;\"><strong>Publica\u00e7\u00e3o 27\/02\/2019<\/strong><\/h6>\n<h6 style=\"text-align: justify;\"><strong>Convoca\u00e7\u00e3o 08\/03\/2019<\/strong><\/h6>\n<\/td>\n<\/tr>\n<tr>\n<td style=\"width: 225px;\">\n<h6><a href=\"https:\/\/www.defensoria.se.def.br\/wp-content\/uploads\/2019\/02\/EDITAL-GSPG-023.19-Convoca\u00e7\u00e3o-de-Estagi\u00e1rios-Edital-n.\u00ba-001.18.CPSE-Capital.pdf\">EDITAL GSPG 023.19 &#8211; Convoca\u00e7\u00e3o de Estagi\u00e1rios (Edital n.\u00ba 001.18.CPSE &#8211; Capital)<\/a><\/h6>\n<\/td>\n<td style=\"text-align: center;\">\n<h6 style=\"text-align: justify;\"><strong>Publica\u00e7\u00e3o 08\/05\/2019<\/strong><\/h6>\n<h6 style=\"text-align: justify;\"><strong>Convoca\u00e7\u00e3o 10\/05\/2019<\/strong><\/h6>\n<\/td>\n<\/tr>\n<tr>\n<td style=\"width: 225px;\">\n<h6><a href=\"https:\/\/www.defensoria.se.def.br\/wp-content\/uploads\/2019\/02\/EDITAL-GSPG-024.19-Convoca\u00e7\u00e3o-de-Estagi\u00e1rios-Edital-n.\u00ba-008.2017-e-001.18.CPSE-Capital-e-Interior.pdf\">EDITAL GSPG 024.19 &#8211; Convoca\u00e7\u00e3o de Estagi\u00e1rios (Edital n.\u00ba 008.2017 e 001.18.CPSE &#8211; Capital e Interior)<\/a><\/h6>\n<\/td>\n<td style=\"text-align: center;\">\n<h6 style=\"text-align: justify;\"><strong>Publica\u00e7\u00e3o 24\/05\/2019<\/strong><\/h6>\n<h6 style=\"text-align: justify;\"><strong>Convoca\u00e7\u00e3o 30\/05\/2019<\/strong><\/h6>\n<\/td>\n<\/tr>\n<tr>\n<td style=\"width: 225px;\">\n<h6><a href=\"https:\/\/www.defensoria.se.def.br\/wp-content\/uploads\/2019\/02\/EDITAL-GSPG-025.19-Convoca\u00e7\u00e3o-de-Estagi\u00e1rios-Edital-n.\u00ba-001.18.CPSE-Capital.pdf\">EDITAL GSPG 025.19 &#8211; Convoca\u00e7\u00e3o de Estagi\u00e1rios (Edital n.\u00ba 001.18.CPSE &#8211; Capital)<\/a><\/h6>\n<\/td>\n<td style=\"text-align: center;\">\n<h6 style=\"text-align: justify;\"><strong>Publica\u00e7\u00e3o 04\/06\/2019<\/strong><\/h6>\n<h6 style=\"text-align: justify;\"><strong>Convoca\u00e7\u00e3o 10\/06\/2019<\/strong><\/h6>\n<\/td>\n<\/tr>\n<tr>\n<td style=\"width: 225px;\">\n<h6><a href=\"https:\/\/www.defensoria.se.def.br\/wp-content\/uploads\/2019\/02\/EDITAL-GSPG-026.19-Convoca\u00e7\u00e3o-de-Estagi\u00e1rios-Edital-n.\u00ba-001.18.CPSE-Capital.pdf\">EDITAL GSPG 026.19 &#8211; Convoca\u00e7\u00e3o de Estagi\u00e1rios (Edital n.\u00ba 001.18.CPSE &#8211; Capital)<\/a><\/h6>\n<\/td>\n<td style=\"text-align: center;\">\n<h6 style=\"text-align: justify;\"><strong>Publica\u00e7\u00e3o 18\/06\/2019<\/strong><\/h6>\n<h6 style=\"text-align: justify;\"><strong>Convoca\u00e7\u00e3o 27\/06\/2019<\/strong><\/h6>\n<\/td>\n<\/tr>\n<tr>\n<td style=\"width: 225px;\">\n<h6><a href=\"https:\/\/www.defensoria.se.def.br\/wp-content\/uploads\/2019\/02\/EDITAL-GSPG-028.19-Convoca\u00e7\u00e3o-de-Estagi\u00e1rios-Edital-n.\u00ba-001.18.CPSE-capital-e-interior.pdf\">EDITAL GSPG 028.19 &#8211; Convoca\u00e7\u00e3o de Estagi\u00e1rios (Edital n.\u00ba 001.18.CPSE &#8211; capital e interior)<\/a><\/h6>\n<\/td>\n<td style=\"text-align: center;\">\n<h6 style=\"text-align: justify;\"><strong>Publica\u00e7\u00e3o 06\/08\/2019<\/strong><\/h6>\n<h6 style=\"text-align: justify;\"><strong>Convoca\u00e7\u00e3o 12\/08\/2019<\/strong><\/h6>\n<\/td>\n<\/tr>\n<tr>\n<td style=\"width: 225px;\">\n<h6><a href=\"https:\/\/www.defensoria.se.def.br\/wp-content\/uploads\/2019\/02\/EDITAL-GSPG-029.19-Convoca\u00e7\u00e3o-de-Estagi\u00e1rios-Edital-n.\u00ba-001.18.CPSE-capital.pdf\">EDITAL GSPG 029.19 &#8211; Convoca\u00e7\u00e3o de Estagi\u00e1rios (Edital n.\u00ba 001.18.CPSE &#8211; capital)<\/a><\/h6>\n<\/td>\n<td style=\"text-align: center;\">\n<h6 style=\"text-align: justify;\"><strong>Publica\u00e7\u00e3o 14\/08\/2019<\/strong><\/h6>\n<h6 style=\"text-align: justify;\"><strong>Convoca\u00e7\u00e3o 20\/08\/2019<\/strong><\/h6>\n<\/td>\n<\/tr>\n<tr>\n<td style=\"width: 225px;\">\n<h6><a href=\"https:\/\/www.defensoria.se.def.br\/wp-content\/uploads\/2019\/02\/EDITAL-GSPG-030.19-Convoca\u00e7\u00e3o-de-Estagi\u00e1rios-Edital-n.\u00ba-001.18.CPSE-capital.pdf\">EDITAL GSPG 030.19 &#8211; Convoca\u00e7\u00e3o de Estagi\u00e1rios (Edital n.\u00ba 001.18.CPSE &#8211; capital)<\/a><\/h6>\n<\/td>\n<td style=\"text-align: center;\">\n<h6 style=\"text-align: justify;\"><strong>Publica\u00e7\u00e3o 28\/08\/2019<\/strong><\/h6>\n<h6 style=\"text-align: justify;\"><strong>Convoca\u00e7\u00e3o 02\/09\/2019<\/strong><\/h6>\n<\/td>\n<\/tr>\n<tr>\n<td style=\"width: 225px;\">\n<h6><a href=\"https:\/\/www.defensoria.se.def.br\/wp-content\/uploads\/2019\/02\/EDITAL-GSPG-033.19-Convoca\u00e7\u00e3o-de-Estagi\u00e1rios-Edital-n.\u00ba-001.18.CPSE_.pdf\">EDITAL GSPG 033.19 &#8211; Convoca\u00e7\u00e3o de Estagi\u00e1rios (Edital n.\u00ba 001.18.CPSE)<\/a><\/h6>\n<\/td>\n<td style=\"text-align: center;\">\n<h6 style=\"text-align: justify;\"><strong>Publica\u00e7\u00e3o 18\/09\/2019<\/strong><\/h6>\n<h6 style=\"text-align: justify;\"><strong>Convoca\u00e7\u00e3o 24\/09\/2019<\/strong><\/h6>\n<\/td>\n<\/tr>\n<tr>\n<td style=\"width: 225px;\">\n<h6><a href=\"https:\/\/www.defensoria.se.def.br\/wp-content\/uploads\/2019\/02\/EDITAL-GSPG-034.19-Convoca\u00e7\u00e3o-de-Estagi\u00e1rios-Edital-n.\u00ba-001.18.CPSE_-1.pdf\">EDITAL GSPG 034.19 &#8211; Convoca\u00e7\u00e3o de Estagi\u00e1rios (Edital n.\u00ba 001.18.CPSE)<\/a><\/h6>\n<\/td>\n<td style=\"text-align: center;\">\n<h6 style=\"text-align: justify;\"><strong>Publica\u00e7\u00e3o 15\/10\/2019<\/strong><\/h6>\n<h6 style=\"text-align: justify;\"><strong>Convoca\u00e7\u00e3o 18\/10\/2019<\/strong><\/h6>\n<\/td>\n<\/tr>\n<tr>\n<td style=\"width: 225px;\">\n<h6><a href=\"https:\/\/www.defensoria.se.def.br\/wp-content\/uploads\/2019\/02\/EDITAL-GSPG-036.19-Convoca\u00e7\u00e3o-de-Estagi\u00e1rios-Edital-n.\u00ba-001.18.CPSE_.pdf\">EDITAL GSPG 036.19 &#8211; Convoca\u00e7\u00e3o de Estagi\u00e1rios (Edital n.\u00ba 001.18.CPSE)<\/a><\/h6>\n<\/td>\n<td style=\"text-align: center;\">\n<h6 style=\"text-align: justify;\"><strong>Publica\u00e7\u00e3o 25\/10\/2019<\/strong><\/h6>\n<h6 style=\"text-align: justify;\"><strong>Convoca\u00e7\u00e3o 01\/11\/2019<\/strong><\/h6>\n<\/td>\n<\/tr>\n<tr>\n<td style=\"width: 225px;\">\n<h6><a href=\"https:\/\/www.defensoria.se.def.br\/wp-content\/uploads\/2019\/02\/EDITAL-GSPG-039.19-Convoca\u00e7\u00e3o-de-Estagi\u00e1rios-Edital-n.\u00ba-001.18.CPSE_.pdf\">EDITAL GSPG 039.19 &#8211; Convoca\u00e7\u00e3o de Estagi\u00e1rios (Edital n.\u00ba 001.18.CPSE)<\/a><\/h6>\n<\/td>\n<td style=\"text-align: center;\">\n<h6 style=\"text-align: justify;\"><strong>Publica\u00e7\u00e3o 25\/11\/2019<\/strong><\/h6>\n<h6 style=\"text-align: justify;\"><strong>Convoca\u00e7\u00e3o 29\/11\/2019<\/strong><\/h6>\n<\/td>\n<\/tr>\n<tr>\n<td style=\"width: 225px;\">\n<h6><a href=\"https:\/\/www.defensoria.se.def.br\/wp-content\/uploads\/2019\/02\/EDITAL-GSPG-001.20-Convoca\u00e7\u00e3o-de-Estagi\u00e1rios-Final-de-Lista-2018.pdf\">EDITAL GSPG 001.20 &#8211; Convoca\u00e7\u00e3o de Estagi\u00e1rios &#8211; Final de Lista (2018)<\/a><\/h6>\n<\/td>\n<td style=\"text-align: center;\">\n<h6 style=\"text-align: justify;\"><strong>Publica\u00e7\u00e3o 08\/01\/2020<\/strong><\/h6>\n<h6 style=\"text-align: justify;\"><strong>Convoca\u00e7\u00e3o 14\/01\/2020<\/strong><\/h6>\n<\/td>\n<\/tr>\n<tr>\n<td style=\"width: 225px;\">\n<h6><a href=\"https:\/\/www.defensoria.se.def.br\/wp-content\/uploads\/2019\/02\/EDITAL-GSPG-014.20-Convoca\u00e7\u00e3o-de-Estagi\u00e1rios-PSE-2018.pdf\">EDITAL GSPG 014.20 &#8211; Convoca\u00e7\u00e3o de Estagi\u00e1rios (PSE 2018)<\/a><\/h6>\n<\/td>\n<td style=\"text-align: center;\">\n<h6 style=\"text-align: justify;\"><strong>Publica\u00e7\u00e3o 12\/03\/2020<\/strong><\/h6>\n<h6 style=\"text-align: justify;\"><strong>Convoca\u00e7\u00e3o 18\/03\/2020<\/strong><\/h6>\n<\/td>\n<\/tr>\n<tr>\n<td style=\"width: 225px;\">\n<h6><a href=\"https:\/\/www.defensoria.se.def.br\/wp-content\/uploads\/2019\/02\/EDITAL-GSPG-022.20-Convoca\u00e7\u00e3o-de-Estagi\u00e1rios-PSE-2018.pdf\">EDITAL GSPG 022.20 &#8211; Convoca\u00e7\u00e3o de Estagi\u00e1rios (PSE 2018)<\/a><\/h6>\n<\/td>\n<td style=\"text-align: center;\">\n<h6 style=\"text-align: justify;\"><strong>Publica\u00e7\u00e3o 10\/11\/2020<\/strong><\/h6>\n<h6 style=\"text-align: justify;\"><strong>Convoca\u00e7\u00e3o 13\/11\/2020<\/strong><\/h6>\n<\/td>\n<\/tr>\n<\/tbody>\n<\/table>\n","protected":false},"excerpt":{"rendered":"<p>Editais de convoca\u00e7\u00e3o Aracaju \u00a0 \u00a0 EDITAL GSPG 002.19 &#8211; Convoca\u00e7\u00e3o de Estagi\u00e1rios (Edital n.\u00ba 001.18.CPSE)\u00a0\u00a0 \u00a0Publica\u00e7\u00e3o\u00a011\/01\/2019 Convoca\u00e7\u00e3o\u00a018\/01\/2019 \u00a0EDITAL GSPG 004.19 &#8211; Convoca\u00e7\u00e3o de Estagi\u00e1rios (Edital n.\u00ba 001.18.CPSE) Publica\u00e7\u00e3o\u00a022\/01\/2019 Convoca\u00e7\u00e3o\u00a025\/01\/2019 EDITAL GSPG 006.19 &#8211; Convoca\u00e7\u00e3o de Estagi\u00e1rios (Edital n.\u00ba 001.18.CPSE) Publica\u00e7\u00e3o 01\/02\/2019 Convoca\u00e7\u00e3o 07\/02\/2019 EDITAL GSPG 010.19 &#8211; Convoca\u00e7\u00e3o de Estagi\u00e1rios (Edital n.\u00ba 001.18.CPSE) Publica\u00e7\u00e3o &hellip;<\/p>\n<p class=\"read-more\"> <a class=\"\" href=\"https:\/\/www.defensoria.se.def.br\/?page_id=22318\"> <span class=\"screen-reader-text\">Aracaju N\u00b011<\/span> Read More &raquo;<\/a><\/p>\n","protected":false},"author":10,"featured_media":0,"parent":0,"menu_order":0,"comment_status":"closed","ping_status":"closed","template":"","meta":{"_eb_attr":"","_uag_custom_page_level_css":"","site-sidebar-layout":"default","site-content-layout":"","ast-site-content-layout":"","site-content-style":"default","site-sidebar-style":"default","ast-global-header-display":"","ast-banner-title-visibility":"","ast-main-header-display":"","ast-hfb-above-header-display":"","ast-hfb-below-header-display":"","ast-hfb-mobile-header-display":"","site-post-title":"","ast-breadcrumbs-content":"","ast-featured-img":"","footer-sml-layout":"","theme-transparent-header-meta":"","adv-header-id-meta":"","stick-header-meta":"","header-above-stick-meta":"","header-main-stick-meta":"","header-below-stick-meta":"","astra-migrate-meta-layouts":"","footnotes":""},"class_list":["post-22318","page","type-page","status-publish","hentry"],"uagb_featured_image_src":{"full":false,"thumbnail":false,"medium":false,"medium_large":false,"large":false,"1536x1536":false,"2048x2048":false},"uagb_author_info":{"display_name":"Raul Mendon\u00e7a","author_link":"https:\/\/www.defensoria.se.def.br\/?author=10"},"uagb_comment_info":0,"uagb_excerpt":"Editais de convoca\u00e7\u00e3o Aracaju \u00a0 \u00a0 EDITAL GSPG 002.19 &#8211; Convoca\u00e7\u00e3o de Estagi\u00e1rios (Edital n.\u00ba 001.18.CPSE)\u00a0\u00a0 \u00a0Publica\u00e7\u00e3o\u00a011\/01\/2019 Convoca\u00e7\u00e3o\u00a018\/01\/2019 \u00a0EDITAL GSPG 004.19 &#8211; Convoca\u00e7\u00e3o de Estagi\u00e1rios (Edital n.\u00ba 001.18.CPSE) Publica\u00e7\u00e3o\u00a022\/01\/2019 Convoca\u00e7\u00e3o\u00a025\/01\/2019 EDITAL GSPG 006.19 &#8211; Convoca\u00e7\u00e3o de Estagi\u00e1rios (Edital n.\u00ba 001.18.CPSE) Publica\u00e7\u00e3o 01\/02\/2019 Convoca\u00e7\u00e3o 07\/02\/2019 EDITAL GSPG 010.19 &#8211; Convoca\u00e7\u00e3o de Estagi\u00e1rios (Edital n.\u00ba 001.18.CPSE) Publica\u00e7\u00e3o&hellip;","_links":{"self":[{"href":"https:\/\/www.defensoria.se.def.br\/index.php?rest_route=\/wp\/v2\/pages\/22318"}],"collection":[{"href":"https:\/\/www.defensoria.se.def.br\/index.php?rest_route=\/wp\/v2\/pages"}],"about":[{"href":"https:\/\/www.defensoria.se.def.br\/index.php?rest_route=\/wp\/v2\/types\/page"}],"author":[{"embeddable":true,"href":"https:\/\/www.defensoria.se.def.br\/index.php?rest_route=\/wp\/v2\/users\/10"}],"replies":[{"embeddable":true,"href":"https:\/\/www.defensoria.se.def.br\/index.php?rest_route=%2Fwp%2Fv2%2Fcomments&post=22318"}],"version-history":[{"count":28,"href":"https:\/\/www.defensoria.se.def.br\/index.php?rest_route=\/wp\/v2\/pages\/22318\/revisions"}],"predecessor-version":[{"id":26175,"href":"https:\/\/www.defensoria.se.def.br\/index.php?rest_route=\/wp\/v2\/pages\/22318\/revisions\/26175"}],"wp:attachment":[{"href":"https:\/\/www.defensoria.se.def.br\/index.php?rest_route=%2Fwp%2Fv2%2Fmedia&parent=22318"}],"curies":[{"name":"wp","href":"https:\/\/api.w.org\/{rel}","templated":true}]}}