{"id":22331,"date":"2019-02-12T10:26:16","date_gmt":"2019-02-12T13:26:16","guid":{"rendered":"http:\/\/www.defensoria.se.def.br\/?page_id=22331"},"modified":"2019-05-03T14:58:26","modified_gmt":"2019-05-03T17:58:26","slug":"caninde-n11","status":"publish","type":"page","link":"https:\/\/www.defensoria.se.def.br\/?page_id=22331","title":{"rendered":"Socorro N\u00b011"},"content":{"rendered":"<h3 style=\"text-align: center;\"><strong>Editais de convoca\u00e7\u00e3o\u00a0Nossa Senhora Do Socorro<\/strong><\/h3>\n<p>&nbsp;<\/p>\n<table class=\" aligncenter\" style=\"height: 1538px;\" width=\"529\">\n<tbody>\n<tr>\n<td style=\"width: 225px;\">\n<h6 style=\"text-align: center;\"><a href=\"http:\/\/www.defensoria.se.def.br\/wp-content\/uploads\/2019\/01\/EDITAL-GSPG-001.19-Convoca\u00e7\u00e3o-de-Estagi\u00e1rios-Edital-n.\u00ba-001.17.CPSE-Interior.pdf\">EDITAL GSPG 001.19 &#8211; Convoca\u00e7\u00e3o de Estagi\u00e1rios (Edital n.\u00ba 001.17.CPSE &#8211; Interior)<\/a>\u00a0\u00a0<\/h6>\n<\/td>\n<td style=\"text-align: center;\">\n<h6 style=\"text-align: justify;\">\u00a0<strong>Publica\u00e7\u00e3o\u00a011\/01\/2019<\/strong><\/h6>\n<h6><strong>Convoca\u00e7\u00e3o\u00a018\/01\/2019<\/strong><\/h6>\n<\/td>\n<\/tr>\n<tr>\n<td style=\"width: 225px;\">\n<h6 style=\"text-align: center;\"><a href=\"http:\/\/www.defensoria.se.def.br\/wp-content\/uploads\/2019\/01\/EDITAL-GSPG-003.19-Convoca\u00e7\u00e3o-de-Estagi\u00e1rios-Edital-n.\u00ba-001.17.CPSE-Interior.pdf\">EDITAL GSPG 003.19 &#8211; Convoca\u00e7\u00e3o de Estagi\u00e1rios (Edital n.\u00ba 001.17.CPSE &#8211; Interior)<\/a>\u00a0<\/h6>\n<\/td>\n<td style=\"text-align: center;\">\n<h6 style=\"text-align: justify;\">\u00a0<strong>Publica\u00e7\u00e3o 22\/01\/2019<\/strong><\/h6>\n<h6><strong>Convoca\u00e7\u00e3o 25\/01\/2019<\/strong><\/h6>\n<\/td>\n<\/tr>\n<tr>\n<td style=\"width: 225px;\">\n<h6 style=\"text-align: center;\"><a href=\"http:\/\/www.defensoria.se.def.br\/wp-content\/uploads\/2019\/02\/EDITAL-GSPG-005.19-Convoca\u00e7\u00e3o-de-Estagi\u00e1rios-Edital-n.\u00ba-001.17.CPSE-Interior.pdf\">EDITAL GSPG 005.19 &#8211; Convoca\u00e7\u00e3o de Estagi\u00e1rios (Edital n.\u00ba 001.17.CPSE &#8211; Interior)\u00a0<\/a><\/h6>\n<\/td>\n<td style=\"text-align: center;\">\n<h6 style=\"text-align: justify;\">\u00a0<strong>Publica\u00e7\u00e3o 01\/02\/2019<\/strong><\/h6>\n<h6><strong>Convoca\u00e7\u00e3o 07\/02\/2019<\/strong><\/h6>\n<\/td>\n<\/tr>\n<tr>\n<td style=\"width: 225px;\">\n<h6 style=\"text-align: center;\"><a href=\"http:\/\/www.defensoria.se.def.br\/wp-content\/uploads\/2019\/01\/EDITAL-GSPG-007.19-Convoca\u00e7\u00e3o-de-Estagi\u00e1rios-Edital-n.\u00ba-001.17.CPSE-Interior.pdf\">EDITAL GSPG 007.19 &#8211; Convoca\u00e7\u00e3o de Estagi\u00e1rios (Edital n.\u00ba 001.17.CPSE &#8211; Interior)<\/a><\/h6>\n<\/td>\n<td style=\"text-align: center;\">\n<h6 style=\"text-align: justify;\">\u00a0<strong>Publica\u00e7\u00e3o 12\/02\/2019<\/strong><\/h6>\n<h6><strong>Convoca\u00e7\u00e3o 15\/02\/2019<\/strong><\/h6>\n<\/td>\n<\/tr>\n<tr>\n<td style=\"width: 225px;\">\n<h6 style=\"text-align: center;\"><a href=\"http:\/\/www.defensoria.se.def.br\/wp-content\/uploads\/2019\/02\/EDITAL-GSPG-009.19-Convoca\u00e7\u00e3o-de-Estagi\u00e1rios-Edital-n.\u00ba-001.17.CPSE-Interior.pdf\">EDITAL GSPG 009.19 &#8211; Convoca\u00e7\u00e3o de Estagi\u00e1rios (Edital n.\u00ba 001.17.CPSE &#8211; Interior)<\/a><\/h6>\n<\/td>\n<td style=\"text-align: center;\">\n<h6 style=\"text-align: justify;\">\u00a0<strong>Publica\u00e7\u00e3o 19\/02\/2019<\/strong><\/h6>\n<h6><strong>Convoca\u00e7\u00e3o 22\/02\/2019<\/strong><\/h6>\n<\/td>\n<\/tr>\n<tr>\n<td style=\"width: 225px;\">\n<h6 style=\"text-align: center;\"><a href=\"http:\/\/www.defensoria.se.def.br\/wp-content\/uploads\/2019\/02\/EDITAL-GSPG-011.19-Convoca\u00e7\u00e3o-de-Estagi\u00e1rios-Edital-n.\u00ba-001.17.CPSE-Interior.pdf\">EDITAL GSPG 011.19 &#8211; Convoca\u00e7\u00e3o de Estagi\u00e1rios (Edital n.\u00ba 001.17.CPSE &#8211; Interior)<\/a><\/h6>\n<\/td>\n<td style=\"text-align: center;\">\n<h6 style=\"text-align: justify;\">\u00a0<strong>Publica\u00e7\u00e3o 27\/02\/2019<\/strong><\/h6>\n<h6><strong>Convoca\u00e7\u00e3o 08\/03\/2019<\/strong><\/h6>\n<\/td>\n<\/tr>\n<tr>\n<td style=\"width: 225px;\">\n<h6 style=\"text-align: center;\"><a href=\"http:\/\/www.defensoria.se.def.br\/wp-content\/uploads\/2019\/03\/EDITAL-GSPG-013.19-Convoca\u00e7\u00e3o-de-Estagi\u00e1rios-Edital-n.\u00ba-001.17.CPSE-Interior.pdf\">EDITAL GSPG 013.19 &#8211; Convoca\u00e7\u00e3o de Estagi\u00e1rios (Edital n.\u00ba 001.17.CPSE &#8211; Interior)<\/a><\/h6>\n<\/td>\n<td style=\"text-align: center;\">\n<h6 style=\"text-align: justify;\"><strong>Publica\u00e7\u00e3o 13\/03\/2019<\/strong><\/h6>\n<h6 style=\"text-align: justify;\"><strong>Convoca\u00e7\u00e3o 15\/03\/2019<\/strong><\/h6>\n<h6>\u00a0<\/h6>\n<\/td>\n<\/tr>\n<tr>\n<td style=\"width: 225px;\">\n<h6 style=\"text-align: center;\"><a href=\"https:\/\/www.defensoria.se.def.br\/wp-content\/uploads\/2019\/04\/EDITAL-GSPG-016.19-Convoca%C3%A7%C3%A3o-de-Estagi%C3%A1rios-Edital-n.%C2%BA-001.17.CPSE-Interior.pdf\">EDITAL GSPG 016.19 &#8211; Convoca\u00e7\u00e3o de Estagi\u00e1rios (Edital n.\u00ba 001.17.CPSE &#8211; Interior)<\/a><\/h6>\n<\/td>\n<td style=\"text-align: center;\">\n<h6 style=\"text-align: justify;\"><strong>Publica\u00e7\u00e3o 01\/04\/2019<\/strong><\/h6>\n<h6 style=\"text-align: justify;\"><strong>Convoca\u00e7\u00e3o 04\/04\/2019<\/strong><\/h6>\n<h6>\u00a0<\/h6>\n<\/td>\n<\/tr>\n<tr>\n<td style=\"width: 225px;\">\n<h6 style=\"text-align: center;\"><a href=\"https:\/\/www.defensoria.se.def.br\/wp-content\/uploads\/2019\/04\/EDITAL-GSPG-017.19-Convoca%C3%A7%C3%A3o-de-Estagi%C3%A1rios-Edital-n.%C2%BA-001.17.CPSE-Interior.pdf\">EDITAL GSPG 017.19 &#8211; Convoca\u00e7\u00e3o de Estagi\u00e1rios (Edital n.\u00ba 001.17.CPSE &#8211; Interior)<\/a><\/h6>\n<\/td>\n<td style=\"text-align: center;\">\n<h6 style=\"text-align: justify;\"><strong>Publica\u00e7\u00e3o 09\/04\/2019<\/strong><\/h6>\n<h6 style=\"text-align: justify;\"><strong>Convoca\u00e7\u00e3o 12\/04\/2019<\/strong><\/h6>\n<h6>\u00a0<\/h6>\n<\/td>\n<\/tr>\n<tr>\n<td style=\"width: 225px;\">\n<h6 style=\"text-align: center;\"><a href=\"https:\/\/www.defensoria.se.def.br\/wp-content\/uploads\/2019\/04\/EDITAL-GSPG-018.19-Convoca%C3%A7%C3%A3o-de-Estagi%C3%A1rios-Edital-n.%C2%BA-001.17.CPSE-Interior.pdf\">EDITAL GSPG 018.19 &#8211; Convoca\u00e7\u00e3o de Estagi\u00e1rios (Edital n.\u00ba 001.17.CPSE &#8211; Interior)<\/a><\/h6>\n<\/td>\n<td style=\"text-align: center;\">\n<h6 style=\"text-align: justify;\"><strong>Publica\u00e7\u00e3o 17\/04\/2019<\/strong><\/h6>\n<h6 style=\"text-align: justify;\"><strong>Convoca\u00e7\u00e3o 23\/04\/2019<\/strong><\/h6>\n<h6>\u00a0<\/h6>\n<\/td>\n<\/tr>\n<tr>\n<td style=\"width: 225px;\">\n<h6 style=\"text-align: center;\"><a href=\"https:\/\/www.defensoria.se.def.br\/wp-content\/uploads\/2019\/02\/EDITAL-GSPG-022.19-Convoca\u00e7\u00e3o-de-Estagi\u00e1rios-Edital-n.\u00ba-001.17.CPSE-Interior.pdf\">EDITAL GSPG 022.19 &#8211; Convoca\u00e7\u00e3o de Estagi\u00e1rios (Edital n.\u00ba 001.17.CPSE &#8211; Interior)<\/a><\/h6>\n<\/td>\n<td style=\"text-align: center;\">\n<h6 style=\"text-align: justify;\"><strong>Publica\u00e7\u00e3o 03\/05\/2019<\/strong><\/h6>\n<h6 style=\"text-align: justify;\"><strong>Convoca\u00e7\u00e3o 08\/05\/2019<\/strong><\/h6>\n<h6> <\/h6>\n<\/td>\n<\/tr>\n<\/tbody>\n<\/table>\n","protected":false},"excerpt":{"rendered":"<p>Editais de convoca\u00e7\u00e3o\u00a0Nossa Senhora Do Socorro &nbsp; EDITAL GSPG 001.19 &#8211; Convoca\u00e7\u00e3o de Estagi\u00e1rios (Edital n.\u00ba 001.17.CPSE &#8211; Interior)\u00a0\u00a0 \u00a0Publica\u00e7\u00e3o\u00a011\/01\/2019 Convoca\u00e7\u00e3o\u00a018\/01\/2019 EDITAL GSPG 003.19 &#8211; Convoca\u00e7\u00e3o de Estagi\u00e1rios (Edital n.\u00ba 001.17.CPSE &#8211; Interior)\u00a0 \u00a0Publica\u00e7\u00e3o 22\/01\/2019 Convoca\u00e7\u00e3o 25\/01\/2019 EDITAL GSPG 005.19 &#8211; Convoca\u00e7\u00e3o de Estagi\u00e1rios (Edital n.\u00ba 001.17.CPSE &#8211; Interior)\u00a0 \u00a0Publica\u00e7\u00e3o 01\/02\/2019 Convoca\u00e7\u00e3o 07\/02\/2019 EDITAL GSPG &hellip;<\/p>\n<p class=\"read-more\"> <a class=\"\" href=\"https:\/\/www.defensoria.se.def.br\/?page_id=22331\"> <span class=\"screen-reader-text\">Socorro N\u00b011<\/span> Read More &raquo;<\/a><\/p>\n","protected":false},"author":10,"featured_media":0,"parent":0,"menu_order":0,"comment_status":"closed","ping_status":"closed","template":"","meta":{"_eb_attr":"","_uag_custom_page_level_css":"","site-sidebar-layout":"default","site-content-layout":"","ast-site-content-layout":"","site-content-style":"default","site-sidebar-style":"default","ast-global-header-display":"","ast-banner-title-visibility":"","ast-main-header-display":"","ast-hfb-above-header-display":"","ast-hfb-below-header-display":"","ast-hfb-mobile-header-display":"","site-post-title":"","ast-breadcrumbs-content":"","ast-featured-img":"","footer-sml-layout":"","theme-transparent-header-meta":"","adv-header-id-meta":"","stick-header-meta":"","header-above-stick-meta":"","header-main-stick-meta":"","header-below-stick-meta":"","astra-migrate-meta-layouts":"","footnotes":""},"class_list":["post-22331","page","type-page","status-publish","hentry"],"uagb_featured_image_src":{"full":false,"thumbnail":false,"medium":false,"medium_large":false,"large":false,"1536x1536":false,"2048x2048":false},"uagb_author_info":{"display_name":"Raul Mendon\u00e7a","author_link":"https:\/\/www.defensoria.se.def.br\/?author=10"},"uagb_comment_info":0,"uagb_excerpt":"Editais de convoca\u00e7\u00e3o\u00a0Nossa Senhora Do Socorro &nbsp; EDITAL GSPG 001.19 &#8211; Convoca\u00e7\u00e3o de Estagi\u00e1rios (Edital n.\u00ba 001.17.CPSE &#8211; Interior)\u00a0\u00a0 \u00a0Publica\u00e7\u00e3o\u00a011\/01\/2019 Convoca\u00e7\u00e3o\u00a018\/01\/2019 EDITAL GSPG 003.19 &#8211; Convoca\u00e7\u00e3o de Estagi\u00e1rios (Edital n.\u00ba 001.17.CPSE &#8211; Interior)\u00a0 \u00a0Publica\u00e7\u00e3o 22\/01\/2019 Convoca\u00e7\u00e3o 25\/01\/2019 EDITAL GSPG 005.19 &#8211; Convoca\u00e7\u00e3o de Estagi\u00e1rios (Edital n.\u00ba 001.17.CPSE &#8211; Interior)\u00a0 \u00a0Publica\u00e7\u00e3o 01\/02\/2019 Convoca\u00e7\u00e3o 07\/02\/2019 EDITAL GSPG&hellip;","_links":{"self":[{"href":"https:\/\/www.defensoria.se.def.br\/index.php?rest_route=\/wp\/v2\/pages\/22331"}],"collection":[{"href":"https:\/\/www.defensoria.se.def.br\/index.php?rest_route=\/wp\/v2\/pages"}],"about":[{"href":"https:\/\/www.defensoria.se.def.br\/index.php?rest_route=\/wp\/v2\/types\/page"}],"author":[{"embeddable":true,"href":"https:\/\/www.defensoria.se.def.br\/index.php?rest_route=\/wp\/v2\/users\/10"}],"replies":[{"embeddable":true,"href":"https:\/\/www.defensoria.se.def.br\/index.php?rest_route=%2Fwp%2Fv2%2Fcomments&post=22331"}],"version-history":[{"count":16,"href":"https:\/\/www.defensoria.se.def.br\/index.php?rest_route=\/wp\/v2\/pages\/22331\/revisions"}],"predecessor-version":[{"id":23086,"href":"https:\/\/www.defensoria.se.def.br\/index.php?rest_route=\/wp\/v2\/pages\/22331\/revisions\/23086"}],"wp:attachment":[{"href":"https:\/\/www.defensoria.se.def.br\/index.php?rest_route=%2Fwp%2Fv2%2Fmedia&parent=22331"}],"curies":[{"name":"wp","href":"https:\/\/api.w.org\/{rel}","templated":true}]}}