{"id":22365,"date":"2019-02-13T10:35:21","date_gmt":"2019-02-13T13:35:21","guid":{"rendered":"http:\/\/www.defensoria.se.def.br\/?page_id=22365"},"modified":"2019-04-25T09:49:47","modified_gmt":"2019-04-25T12:49:47","slug":"sao-cristovao-n11","status":"publish","type":"page","link":"https:\/\/www.defensoria.se.def.br\/?page_id=22365","title":{"rendered":"S\u00e3o Crist\u00f3v\u00e3o N\u00b011"},"content":{"rendered":"<h3 style=\"text-align: center;\"><strong>Editais de convoca\u00e7\u00e3o S\u00e3o\u00a0Crist\u00f3v\u00e3o<\/strong><\/h3>\n<p>&nbsp;<\/p>\n<table>\n<tbody>\n<tr>\n<td style=\"width: 225px;\">\n<h6 style=\"text-align: center;\"><a href=\"http:\/\/www.defensoria.se.def.br\/wp-content\/uploads\/2019\/02\/EDITAL-GSPG-005.19-Convoca\u00e7\u00e3o-de-Estagi\u00e1rios-Edital-n.\u00ba-001.17.CPSE-Interior.pdf\">EDITAL GSPG 005.19 &#8211; Convoca\u00e7\u00e3o de Estagi\u00e1rios (Edital n.\u00ba 001.17.CPSE &#8211; Interior)\u00a0<\/a><\/h6>\n<\/td>\n<td style=\"text-align: center;\">\n<h6 style=\"text-align: justify;\">\u00a0<strong>Publica\u00e7\u00e3o 01\/02\/2019<\/strong><\/h6>\n<h6><strong>Convoca\u00e7\u00e3o 07\/02\/2019<\/strong><\/h6>\n<\/td>\n<\/tr>\n<tr>\n<td style=\"width: 225px;\">\n<h6 style=\"text-align: center;\"><a href=\"http:\/\/www.defensoria.se.def.br\/wp-content\/uploads\/2019\/01\/EDITAL-GSPG-007.19-Convoca\u00e7\u00e3o-de-Estagi\u00e1rios-Edital-n.\u00ba-001.17.CPSE-Interior.pdf\">EDITAL GSPG 007.19 &#8211; Convoca\u00e7\u00e3o de Estagi\u00e1rios (Edital n.\u00ba 001.17.CPSE &#8211; Interior)<\/a><\/h6>\n<\/td>\n<td style=\"text-align: center;\">\n<h6 style=\"text-align: justify;\">\u00a0<strong>Publica\u00e7\u00e3o 12\/02\/2019<\/strong><\/h6>\n<h6><strong>Convoca\u00e7\u00e3o 15\/02\/2019<\/strong><\/h6>\n<\/td>\n<\/tr>\n<tr>\n<td style=\"width: 225px;\">\n<h6 style=\"text-align: center;\"><a href=\"http:\/\/www.defensoria.se.def.br\/wp-content\/uploads\/2019\/02\/EDITAL-GSPG-009.19-Convoca\u00e7\u00e3o-de-Estagi\u00e1rios-Edital-n.\u00ba-001.17.CPSE-Interior.pdf\">EDITAL GSPG 009.19 &#8211; Convoca\u00e7\u00e3o de Estagi\u00e1rios (Edital n.\u00ba 001.17.CPSE &#8211; Interior)<\/a><\/h6>\n<\/td>\n<td style=\"text-align: center;\">\n<h6 style=\"text-align: justify;\">\u00a0<strong>Publica\u00e7\u00e3o 19\/02\/2019<\/strong><\/h6>\n<h6><strong>Convoca\u00e7\u00e3o 22\/02\/2019<\/strong><\/h6>\n<\/td>\n<\/tr>\n<tr>\n<td style=\"width: 225px;\">\n<h6 style=\"text-align: center;\"><a href=\"http:\/\/www.defensoria.se.def.br\/wp-content\/uploads\/2019\/02\/EDITAL-GSPG-011.19-Convoca\u00e7\u00e3o-de-Estagi\u00e1rios-Edital-n.\u00ba-001.17.CPSE-Interior.pdf\">EDITAL GSPG 011.19 &#8211; Convoca\u00e7\u00e3o de Estagi\u00e1rios (Edital n.\u00ba 001.17.CPSE &#8211; Interior)<\/a><\/h6>\n<\/td>\n<td style=\"text-align: center;\">\n<h6 style=\"text-align: justify;\">\u00a0<strong>Publica\u00e7\u00e3o 27\/02\/2019<\/strong><\/h6>\n<h6><strong>Convoca\u00e7\u00e3o 08\/03\/2019<\/strong><\/h6>\n<\/td>\n<\/tr>\n<tr>\n<td style=\"width: 225px;\">\n<h6 style=\"text-align: center;\"><a href=\"http:\/\/www.defensoria.se.def.br\/wp-content\/uploads\/2019\/03\/EDITAL-GSPG-013.19-Convoca\u00e7\u00e3o-de-Estagi\u00e1rios-Edital-n.\u00ba-001.17.CPSE-Interior.pdf\">EDITAL GSPG 013.19 &#8211; Convoca\u00e7\u00e3o de Estagi\u00e1rios (Edital n.\u00ba 001.17.CPSE &#8211; Interior)<\/a><\/h6>\n<\/td>\n<td style=\"text-align: center;\">\n<h6 style=\"text-align: justify;\"><strong>Publica\u00e7\u00e3o 13\/03\/2019<\/strong><\/h6>\n<h6 style=\"text-align: justify;\"><strong>Convoca\u00e7\u00e3o 15\/03\/2019<\/strong><\/h6>\n<h6>\u00a0<\/h6>\n<\/td>\n<\/tr>\n<tr>\n<td style=\"width: 225px;\">\n<h6 style=\"text-align: center;\"><a href=\"http:\/\/www.defensoria.se.def.br\/wp-content\/uploads\/2019\/02\/EDITAL-GSPG-014.19-Convoca\u00e7\u00e3o-de-Estagi\u00e1rios-Edital-n.\u00ba-001.17.CPSE-Interior.pdf\">EDITAL GSPG 014.19 &#8211; Convoca\u00e7\u00e3o de Estagi\u00e1rios (Edital n.\u00ba 001.17.CPSE &#8211; Interior)<\/a><\/h6>\n<\/td>\n<td style=\"text-align: center;\">\n<h6 style=\"text-align: justify;\"><strong>Publica\u00e7\u00e3o 15\/03\/2019<\/strong><\/h6>\n<h6 style=\"text-align: justify;\"><strong>Convoca\u00e7\u00e3o 19\/03\/2019<\/strong><\/h6>\n<\/td>\n<\/tr>\n<tr>\n<td style=\"width: 225px;\">\n<h6 style=\"text-align: center;\"><a href=\"http:\/\/www.defensoria.se.def.br\/wp-content\/uploads\/2019\/02\/EDITAL-GSPG-015.19-Convoca\u00e7\u00e3o-de-Estagi\u00e1rios-Edital-n.\u00ba-001.17.CPSE-Interior.pdf\">EDITAL GSPG 015.19 &#8211; Convoca\u00e7\u00e3o de Estagi\u00e1rios (Edital n.\u00ba 001.17.CPSE &#8211; Interior)<\/a><\/h6>\n<\/td>\n<td style=\"text-align: center;\">\n<h6 style=\"text-align: justify;\"><strong>Publica\u00e7\u00e3o 20\/03\/2019<\/strong><\/h6>\n<h6 style=\"text-align: justify;\"><strong>Convoca\u00e7\u00e3o 22\/03\/2019<\/strong><\/h6>\n<\/td>\n<\/tr>\n<tr>\n<td style=\"width: 225px;\">\n<h6 style=\"text-align: center;\"><a href=\"http:\/\/www.defensoria.se.def.br\/wp-content\/uploads\/2019\/02\/EDITAL-GSPG-019.19-Convoca\u00e7\u00e3o-de-Estagi\u00e1rios-Final-de-Lista-Edital-n.\u00ba-001.17.CPSE-Interior.pdf\">EDITAL GSPG 019.19 &#8211; Convoca\u00e7\u00e3o de Estagi\u00e1rios &#8211; Final de Lista &#8211; (Edital n.\u00ba 001.17.CPSE &#8211; Interior)<\/a><\/h6>\n<\/td>\n<td style=\"text-align: center;\">\n<h6 style=\"text-align: justify;\"><strong>Publica\u00e7\u00e3o 17\/04\/2019<\/strong><\/h6>\n<h6 style=\"text-align: justify;\"><strong>Convoca\u00e7\u00e3o 23\/04\/2019<\/strong><\/h6>\n<\/td>\n<\/tr>\n<tr>\n<td style=\"width: 225px;\">\n<h6 style=\"text-align: center;\"><a href=\"http:\/\/www.defensoria.se.def.br\/wp-content\/uploads\/2019\/04\/EDITAL-GSPG-020.19-Convoca\u00e7\u00e3o-de-Estagi\u00e1rios-Final-de-Lista-Edital-n.\u00ba-001.17.CPSE-Interior.pdf\">EDITAL GSPG 020.19 &#8211; Convoca\u00e7\u00e3o de Estagi\u00e1rios &#8211; Final de Lista &#8211; (Edital n.\u00ba 001.17.CPSE &#8211; Interior)<\/a><\/h6>\n<\/td>\n<td style=\"text-align: center;\">\n<h6 style=\"text-align: justify;\"><strong>Publica\u00e7\u00e3o 23\/04\/2019<\/strong><\/h6>\n<h6 style=\"text-align: justify;\"><strong>Convoca\u00e7\u00e3o 26\/04\/2019<\/strong><\/h6>\n<\/td>\n<\/tr>\n<\/tbody>\n<\/table>\n","protected":false},"excerpt":{"rendered":"<p>Editais de convoca\u00e7\u00e3o S\u00e3o\u00a0Crist\u00f3v\u00e3o &nbsp; EDITAL GSPG 005.19 &#8211; Convoca\u00e7\u00e3o de Estagi\u00e1rios (Edital n.\u00ba 001.17.CPSE &#8211; Interior)\u00a0 \u00a0Publica\u00e7\u00e3o 01\/02\/2019 Convoca\u00e7\u00e3o 07\/02\/2019 EDITAL GSPG 007.19 &#8211; Convoca\u00e7\u00e3o de Estagi\u00e1rios (Edital n.\u00ba 001.17.CPSE &#8211; Interior) \u00a0Publica\u00e7\u00e3o 12\/02\/2019 Convoca\u00e7\u00e3o 15\/02\/2019 EDITAL GSPG 009.19 &#8211; Convoca\u00e7\u00e3o de Estagi\u00e1rios (Edital n.\u00ba 001.17.CPSE &#8211; Interior) \u00a0Publica\u00e7\u00e3o 19\/02\/2019 Convoca\u00e7\u00e3o 22\/02\/2019 EDITAL GSPG &hellip;<\/p>\n<p class=\"read-more\"> <a class=\"\" href=\"https:\/\/www.defensoria.se.def.br\/?page_id=22365\"> <span class=\"screen-reader-text\">S\u00e3o Crist\u00f3v\u00e3o N\u00b011<\/span> Read More &raquo;<\/a><\/p>\n","protected":false},"author":10,"featured_media":0,"parent":0,"menu_order":0,"comment_status":"closed","ping_status":"closed","template":"","meta":{"_eb_attr":"","_uag_custom_page_level_css":"","site-sidebar-layout":"default","site-content-layout":"","ast-site-content-layout":"","site-content-style":"default","site-sidebar-style":"default","ast-global-header-display":"","ast-banner-title-visibility":"","ast-main-header-display":"","ast-hfb-above-header-display":"","ast-hfb-below-header-display":"","ast-hfb-mobile-header-display":"","site-post-title":"","ast-breadcrumbs-content":"","ast-featured-img":"","footer-sml-layout":"","theme-transparent-header-meta":"","adv-header-id-meta":"","stick-header-meta":"","header-above-stick-meta":"","header-main-stick-meta":"","header-below-stick-meta":"","astra-migrate-meta-layouts":"","footnotes":""},"class_list":["post-22365","page","type-page","status-publish","hentry"],"uagb_featured_image_src":{"full":false,"thumbnail":false,"medium":false,"medium_large":false,"large":false,"1536x1536":false,"2048x2048":false},"uagb_author_info":{"display_name":"Raul Mendon\u00e7a","author_link":"https:\/\/www.defensoria.se.def.br\/?author=10"},"uagb_comment_info":0,"uagb_excerpt":"Editais de convoca\u00e7\u00e3o S\u00e3o\u00a0Crist\u00f3v\u00e3o &nbsp; EDITAL GSPG 005.19 &#8211; Convoca\u00e7\u00e3o de Estagi\u00e1rios (Edital n.\u00ba 001.17.CPSE &#8211; Interior)\u00a0 \u00a0Publica\u00e7\u00e3o 01\/02\/2019 Convoca\u00e7\u00e3o 07\/02\/2019 EDITAL GSPG 007.19 &#8211; Convoca\u00e7\u00e3o de Estagi\u00e1rios (Edital n.\u00ba 001.17.CPSE &#8211; Interior) \u00a0Publica\u00e7\u00e3o 12\/02\/2019 Convoca\u00e7\u00e3o 15\/02\/2019 EDITAL GSPG 009.19 &#8211; Convoca\u00e7\u00e3o de Estagi\u00e1rios (Edital n.\u00ba 001.17.CPSE &#8211; Interior) \u00a0Publica\u00e7\u00e3o 19\/02\/2019 Convoca\u00e7\u00e3o 22\/02\/2019 EDITAL GSPG&hellip;","_links":{"self":[{"href":"https:\/\/www.defensoria.se.def.br\/index.php?rest_route=\/wp\/v2\/pages\/22365"}],"collection":[{"href":"https:\/\/www.defensoria.se.def.br\/index.php?rest_route=\/wp\/v2\/pages"}],"about":[{"href":"https:\/\/www.defensoria.se.def.br\/index.php?rest_route=\/wp\/v2\/types\/page"}],"author":[{"embeddable":true,"href":"https:\/\/www.defensoria.se.def.br\/index.php?rest_route=\/wp\/v2\/users\/10"}],"replies":[{"embeddable":true,"href":"https:\/\/www.defensoria.se.def.br\/index.php?rest_route=%2Fwp%2Fv2%2Fcomments&post=22365"}],"version-history":[{"count":19,"href":"https:\/\/www.defensoria.se.def.br\/index.php?rest_route=\/wp\/v2\/pages\/22365\/revisions"}],"predecessor-version":[{"id":23038,"href":"https:\/\/www.defensoria.se.def.br\/index.php?rest_route=\/wp\/v2\/pages\/22365\/revisions\/23038"}],"wp:attachment":[{"href":"https:\/\/www.defensoria.se.def.br\/index.php?rest_route=%2Fwp%2Fv2%2Fmedia&parent=22365"}],"curies":[{"name":"wp","href":"https:\/\/api.w.org\/{rel}","templated":true}]}}