{"id":23066,"date":"2019-04-30T15:06:34","date_gmt":"2019-04-30T18:06:34","guid":{"rendered":"http:\/\/www.defensoria.se.def.br\/?page_id=23066"},"modified":"2019-05-24T15:46:17","modified_gmt":"2019-05-24T18:46:17","slug":"23066-2","status":"publish","type":"page","link":"https:\/\/www.defensoria.se.def.br\/?page_id=23066","title":{"rendered":"Editais de convoca\u00e7\u00e3o Est\u00e2ncia"},"content":{"rendered":"<h3 style=\"text-align: center;\"><strong>Editais de convoca\u00e7\u00e3o Est\u00e2ncia<\/strong><\/h3>\n<p>&nbsp;<\/p>\n<p>&nbsp;<\/p>\n<table class=\" aligncenter\" style=\"height: 400px;\" width=\"500\">\n<tbody>\n<tr>\n<td style=\"width: 225px;\">\n<h6 style=\"text-align: center;\"><a href=\"http:\/\/www.defensoria.se.def.br\/wp-content\/uploads\/2019\/05\/EDITAL-GSPG-021.19-Convoca\u00e7\u00e3o-de-Estagi\u00e1rios-Final-de-Lista-Edital-n.\u00ba-001.17.CPSE-Interior.pdf\">EDITAL GSPG 021.19 &#8211; Convoca\u00e7\u00e3o de Estagi\u00e1rios &#8211; Final de Lista &#8211; (Edital n.\u00ba 001.17.CPSE &#8211; Interior)<\/a>  <\/h6>\n<\/td>\n<td style=\"text-align: center;\">\n<h6 style=\"text-align: justify;\"> <strong>Publica\u00e7\u00e3o 30\/04\/2019<\/strong><\/h6>\n<h6><strong>Convoca\u00e7\u00e3o 03\/05\/2019<\/strong><\/h6>\n<\/td>\n<\/tr>\n<tr>\n<td style=\"width: 225px;\">\n<h6 style=\"text-align: center;\"><a href=\"https:\/\/www.defensoria.se.def.br\/wp-content\/uploads\/2019\/02\/EDITAL-GSPG-024.19-Convoca\u00e7\u00e3o-de-Estagi\u00e1rios-Edital-n.\u00ba-008.2017-e-001.18.CPSE-Capital-e-Interior.pdf\">EDITAL GSPG 024.19 &#8211; Convoca\u00e7\u00e3o de Estagi\u00e1rios (Edital n.\u00ba 008.2017 e 001.18.CPSE &#8211; Capital e Interior)<\/a><\/h6>\n<\/td>\n<td style=\"text-align: center;\">\n<h6 style=\"text-align: justify;\"> <strong>Publica\u00e7\u00e3o 24\/05\/2019<\/strong><\/h6>\n<h6><strong>Convoca\u00e7\u00e3o 30\/05\/2019<\/strong><\/h6>\n<\/td>\n<\/tr>\n<\/tbody>\n<\/table>\n","protected":false},"excerpt":{"rendered":"<p>Editais de convoca\u00e7\u00e3o Est\u00e2ncia &nbsp; &nbsp; EDITAL GSPG 021.19 &#8211; Convoca\u00e7\u00e3o de Estagi\u00e1rios &#8211; Final de Lista &#8211; (Edital n.\u00ba 001.17.CPSE &#8211; Interior) Publica\u00e7\u00e3o 30\/04\/2019 Convoca\u00e7\u00e3o 03\/05\/2019 EDITAL GSPG 024.19 &#8211; Convoca\u00e7\u00e3o de Estagi\u00e1rios (Edital n.\u00ba 008.2017 e 001.18.CPSE &#8211; Capital e Interior) Publica\u00e7\u00e3o 24\/05\/2019 Convoca\u00e7\u00e3o 30\/05\/2019<\/p>\n","protected":false},"author":1,"featured_media":0,"parent":0,"menu_order":0,"comment_status":"closed","ping_status":"closed","template":"","meta":{"_eb_attr":"","_uag_custom_page_level_css":"","site-sidebar-layout":"default","site-content-layout":"","ast-site-content-layout":"","site-content-style":"default","site-sidebar-style":"default","ast-global-header-display":"","ast-banner-title-visibility":"","ast-main-header-display":"","ast-hfb-above-header-display":"","ast-hfb-below-header-display":"","ast-hfb-mobile-header-display":"","site-post-title":"","ast-breadcrumbs-content":"","ast-featured-img":"","footer-sml-layout":"","theme-transparent-header-meta":"","adv-header-id-meta":"","stick-header-meta":"","header-above-stick-meta":"","header-main-stick-meta":"","header-below-stick-meta":"","astra-migrate-meta-layouts":"","footnotes":""},"class_list":["post-23066","page","type-page","status-publish","hentry"],"uagb_featured_image_src":{"full":false,"thumbnail":false,"medium":false,"medium_large":false,"large":false,"1536x1536":false,"2048x2048":false},"uagb_author_info":{"display_name":"admin","author_link":"https:\/\/www.defensoria.se.def.br\/?author=1"},"uagb_comment_info":0,"uagb_excerpt":"Editais de convoca\u00e7\u00e3o Est\u00e2ncia &nbsp; &nbsp; EDITAL GSPG 021.19 &#8211; Convoca\u00e7\u00e3o de Estagi\u00e1rios &#8211; Final de Lista &#8211; (Edital n.\u00ba 001.17.CPSE &#8211; Interior) Publica\u00e7\u00e3o 30\/04\/2019 Convoca\u00e7\u00e3o 03\/05\/2019 EDITAL GSPG 024.19 &#8211; Convoca\u00e7\u00e3o de Estagi\u00e1rios (Edital n.\u00ba 008.2017 e 001.18.CPSE &#8211; Capital e Interior) Publica\u00e7\u00e3o 24\/05\/2019 Convoca\u00e7\u00e3o 30\/05\/2019","_links":{"self":[{"href":"https:\/\/www.defensoria.se.def.br\/index.php?rest_route=\/wp\/v2\/pages\/23066"}],"collection":[{"href":"https:\/\/www.defensoria.se.def.br\/index.php?rest_route=\/wp\/v2\/pages"}],"about":[{"href":"https:\/\/www.defensoria.se.def.br\/index.php?rest_route=\/wp\/v2\/types\/page"}],"author":[{"embeddable":true,"href":"https:\/\/www.defensoria.se.def.br\/index.php?rest_route=\/wp\/v2\/users\/1"}],"replies":[{"embeddable":true,"href":"https:\/\/www.defensoria.se.def.br\/index.php?rest_route=%2Fwp%2Fv2%2Fcomments&post=23066"}],"version-history":[{"count":3,"href":"https:\/\/www.defensoria.se.def.br\/index.php?rest_route=\/wp\/v2\/pages\/23066\/revisions"}],"predecessor-version":[{"id":23373,"href":"https:\/\/www.defensoria.se.def.br\/index.php?rest_route=\/wp\/v2\/pages\/23066\/revisions\/23373"}],"wp:attachment":[{"href":"https:\/\/www.defensoria.se.def.br\/index.php?rest_route=%2Fwp%2Fv2%2Fmedia&parent=23066"}],"curies":[{"name":"wp","href":"https:\/\/api.w.org\/{rel}","templated":true}]}}