{"id":24206,"date":"2019-09-06T15:19:49","date_gmt":"2019-09-06T18:19:49","guid":{"rendered":"https:\/\/www.defensoria.se.def.br\/?page_id=24206"},"modified":"2021-06-07T10:35:59","modified_gmt":"2021-06-07T13:35:59","slug":"editais-de-convocacao-aracaju-edital-no-122019","status":"publish","type":"page","link":"https:\/\/www.defensoria.se.def.br\/?page_id=24206","title":{"rendered":"Editais de convoca\u00e7\u00e3o Aracaju &#8211; Edital n\u00ba 12\/2019"},"content":{"rendered":"<h3 style=\"text-align: center;\"><span style=\"color: #000000;\"><strong>Editais de convoca\u00e7\u00e3o Aracaju<\/strong><\/span><\/h3>\n<p style=\"text-align: center;\"><span style=\"color: #000000;\">\u00a0<\/span><\/p>\n<h4 style=\"text-align: center;\"><span style=\"color: #000000;\"><a style=\"color: #000000;\" href=\"https:\/\/www.defensoria.se.def.br\/wp-content\/uploads\/2020\/10\/Requerimento-para-Pedido-de-Final-de-Lista-de-Estagi\u00e1rios.docx\">Requerimento para Pedido de Final de Lista de Estagi\u00e1rios<\/a><\/span><\/h4>\n<p>&nbsp;<\/p>\n<table class=\" aligncenter\">\n<tbody>\n<tr>\n<td style=\"width: 400px;\">\n<h6 style=\"text-align: center;\"><span style=\"color: #000000;\"><a style=\"color: #000000;\" href=\"https:\/\/www.defensoria.se.def.br\/wp-content\/uploads\/2019\/09\/EDITAL-GSPG-031.19-Convoca\u00e7\u00e3o-de-Estagi\u00e1rios-Edital-n.\u00ba-001.19.CPSE_.pdf\">EDITAL GSPG 031.19 &#8211; Convoca\u00e7\u00e3o de Estagi\u00e1rios (Edital n.\u00ba 001.19.CPSE)<\/a><\/span><\/h6>\n<\/td>\n<td style=\"text-align: center;\">\n<h6 style=\"text-align: justify;\"><span style=\"color: #000000;\"><strong>Publica\u00e7\u00e3o 06\/09\/2019<\/strong><\/span><\/h6>\n<h6><span style=\"color: #000000;\"><strong>Convoca\u00e7\u00e3o 11\/09\/2019<\/strong><\/span><\/h6>\n<\/td>\n<\/tr>\n<tr>\n<td style=\"width: 400px;\">\n<h6 style=\"text-align: center;\"><span style=\"color: #000000;\"><a style=\"color: #000000;\" href=\"https:\/\/www.defensoria.se.def.br\/wp-content\/uploads\/2019\/09\/EDITAL-GSPG-032.19-Convoca\u00e7\u00e3o-de-Estagi\u00e1rios-Edital-n.\u00ba-001.19.CPSEl_.pdf\">EDITAL GSPG 032.19 &#8211; Convoca\u00e7\u00e3o de Estagi\u00e1rios (Edital n.\u00ba 001.19.CPSEl)<\/a><\/span><\/h6>\n<\/td>\n<td style=\"text-align: center;\">\n<h6 style=\"text-align: justify;\"><span style=\"color: #000000;\"><strong>Publica\u00e7\u00e3o 13\/09\/2019<\/strong><\/span><\/h6>\n<h6><span style=\"color: #000000;\"><strong>Convoca\u00e7\u00e3o 19\/09\/2019<\/strong><\/span><\/h6>\n<\/td>\n<\/tr>\n<tr>\n<td style=\"width: 400px;\">\n<h6 style=\"text-align: center;\"><span style=\"color: #000000;\"><a style=\"color: #000000;\" href=\"https:\/\/www.defensoria.se.def.br\/wp-content\/uploads\/2019\/09\/EDITAL-GSPG-035.19-Convoca\u00e7\u00e3o-de-Estagi\u00e1rios-Edital-n.\u00ba-001.19.CPSE_.pdf\">EDITAL GSPG 035.19 &#8211; Convoca\u00e7\u00e3o de Estagi\u00e1rios (Edital n.\u00ba 001.19.CPSE)<\/a><\/span><\/h6>\n<\/td>\n<td style=\"text-align: center;\">\n<h6 style=\"text-align: justify;\"><span style=\"color: #000000;\"><strong>Publica\u00e7\u00e3o 15\/10\/2019<\/strong><\/span><\/h6>\n<h6><span style=\"color: #000000;\"><strong>Convoca\u00e7\u00e3o 18\/10\/2019<\/strong><\/span><\/h6>\n<\/td>\n<\/tr>\n<tr>\n<td style=\"width: 400px;\">\n<h6 style=\"text-align: center;\"><span style=\"color: #000000;\"><a style=\"color: #000000;\" href=\"https:\/\/www.defensoria.se.def.br\/wp-content\/uploads\/2019\/09\/EDITAL-GSPG-037.19-Convoca\u00e7\u00e3o-de-Estagi\u00e1rios-Edital-n.\u00ba-001.19.CPSE_.pdf\">EDITAL GSPG 037.19 &#8211; Convoca\u00e7\u00e3o de Estagi\u00e1rios (Edital n.\u00ba 001.19.CPSE)<\/a><\/span><\/h6>\n<\/td>\n<td style=\"text-align: center;\">\n<h6 style=\"text-align: justify;\"><span style=\"color: #000000;\"><strong>Publica\u00e7\u00e3o 25\/10\/2019<\/strong><\/span><\/h6>\n<h6><span style=\"color: #000000;\"><strong>Convoca\u00e7\u00e3o 01\/11\/2019<\/strong><\/span><\/h6>\n<\/td>\n<\/tr>\n<tr>\n<td style=\"width: 400px;\">\n<h6 style=\"text-align: center;\"><span style=\"color: #000000;\"><a style=\"color: #000000;\" href=\"https:\/\/www.defensoria.se.def.br\/wp-content\/uploads\/2019\/09\/EDITAL-GSPG-038.19-Convoca\u00e7\u00e3o-de-Estagi\u00e1rios-Edital-n.\u00ba-001.19.CPSE_.pdf\">EDITAL GSPG 038.19 &#8211; Convoca\u00e7\u00e3o de Estagi\u00e1rios (Edital n.\u00ba 001.19.CPSE)<\/a><\/span><\/h6>\n<\/td>\n<td style=\"text-align: center;\">\n<h6 style=\"text-align: justify;\"><span style=\"color: #000000;\"><strong>Publica\u00e7\u00e3o 11\/11\/2019<\/strong><\/span><\/h6>\n<h6><span style=\"color: #000000;\"><strong>Convoca\u00e7\u00e3o 14\/11\/2019<\/strong><\/span><\/h6>\n<\/td>\n<\/tr>\n<tr>\n<td style=\"width: 400px;\">\n<h6 style=\"text-align: center;\"><span style=\"color: #000000;\"><a style=\"color: #000000;\" href=\"https:\/\/www.defensoria.se.def.br\/wp-content\/uploads\/2019\/09\/EDITAL-GSPG-002.20-Convoca\u00e7\u00e3o-de-Estagi\u00e1rios-12\u00ba-PSE.pdf\">EDITAL GSPG 002.20 &#8211; Convoca\u00e7\u00e3o de Estagi\u00e1rios (12\u00ba PSE)<\/a><\/span><\/h6>\n<\/td>\n<td style=\"text-align: center;\">\n<h6 style=\"text-align: justify;\"><span style=\"color: #000000;\"><strong>Publica\u00e7\u00e3o 08\/01\/2020<\/strong><\/span><\/h6>\n<h6><span style=\"color: #000000;\"><strong>Convoca\u00e7\u00e3o 15\/01\/2020<\/strong><\/span><\/h6>\n<\/td>\n<\/tr>\n<tr>\n<td style=\"width: 400px;\">\n<h6 style=\"text-align: center;\"><span style=\"color: #000000;\"><a style=\"color: #000000;\" href=\"https:\/\/www.defensoria.se.def.br\/wp-content\/uploads\/2019\/09\/EDITAL-GSPG-004.2020-Convoca\u00e7\u00e3o-de-Estagi\u00e1rios-12\u00ba-PSE.pdf\">EDITAL GSPG 004.2020 &#8211; Convoca\u00e7\u00e3o de Estagi\u00e1rios (12\u00ba PSE)<\/a><\/span><\/h6>\n<\/td>\n<td style=\"text-align: center;\">\n<h6 style=\"text-align: justify;\"><span style=\"color: #000000;\"><strong>Publica\u00e7\u00e3o 17\/01\/2020<\/strong><\/span><\/h6>\n<h6><span style=\"color: #000000;\"><strong>Convoca\u00e7\u00e3o 23\/01\/2020<\/strong><\/span><\/h6>\n<\/td>\n<\/tr>\n<tr>\n<td style=\"width: 400px;\">\n<h6 style=\"text-align: center;\"><span style=\"color: #000000;\"><a style=\"color: #000000;\" href=\"https:\/\/www.defensoria.se.def.br\/wp-content\/uploads\/2019\/09\/EDITAL-GSPG-005.20-Convoca\u00e7\u00e3o-de-Estagi\u00e1rios-12\u00ba-PSE.pdf\">EDITAL GSPG 005.20 &#8211; Convoca\u00e7\u00e3o de Estagi\u00e1rios (12\u00ba PSE)<\/a><\/span><\/h6>\n<\/td>\n<td style=\"text-align: center;\">\n<h6 style=\"text-align: justify;\"><span style=\"color: #000000;\"><strong>Publica\u00e7\u00e3o 28\/01\/2020<\/strong><\/span><\/h6>\n<h6><span style=\"color: #000000;\"><strong>Convoca\u00e7\u00e3o 31\/01\/2020<\/strong><\/span><\/h6>\n<\/td>\n<\/tr>\n<tr>\n<td style=\"width: 400px;\">\n<h6 style=\"text-align: center;\"><span style=\"color: #000000;\"><a style=\"color: #000000;\" href=\"https:\/\/www.defensoria.se.def.br\/wp-content\/uploads\/2019\/09\/EDITAL-GSPG-008.20-Convoca\u00e7\u00e3o-de-Estagi\u00e1rios-12\u00ba-PSE.pdf\">EDITAL GSPG 008.20 &#8211; Convoca\u00e7\u00e3o de Estagi\u00e1rios (12\u00ba PSE)<\/a><\/span><\/h6>\n<\/td>\n<td style=\"text-align: center;\">\n<h6 style=\"text-align: justify;\"><span style=\"color: #000000;\"><strong>Publica\u00e7\u00e3o 05\/02\/2020<\/strong><\/span><\/h6>\n<h6><span style=\"color: #000000;\"><strong>Convoca\u00e7\u00e3o 12\/02\/2020<\/strong><\/span><\/h6>\n<\/td>\n<\/tr>\n<tr>\n<td style=\"width: 400px;\">\n<h6 style=\"text-align: center;\"><span style=\"color: #000000;\"><a style=\"color: #000000;\" href=\"https:\/\/www.defensoria.se.def.br\/wp-content\/uploads\/2019\/09\/EDITAL-GSPG-010.20-Convoca\u00e7\u00e3o-de-Estagi\u00e1rios-12\u00ba-PSE.pdf\">EDITAL GSPG 010.20 &#8211; Convoca\u00e7\u00e3o de Estagi\u00e1rios (12\u00ba PSE)<\/a><\/span><\/h6>\n<\/td>\n<td style=\"text-align: center;\">\n<h6 style=\"text-align: justify;\"><span style=\"color: #000000;\"><strong>Publica\u00e7\u00e3o 13\/02\/2020<\/strong><\/span><\/h6>\n<h6><span style=\"color: #000000;\"><strong>Convoca\u00e7\u00e3o 18\/02\/2020<\/strong><\/span><\/h6>\n<\/td>\n<\/tr>\n<tr>\n<td style=\"width: 400px;\">\n<h6 style=\"text-align: center;\"><span style=\"color: #000000;\"><a style=\"color: #000000;\" href=\"https:\/\/www.defensoria.se.def.br\/wp-content\/uploads\/2019\/09\/EDITAL-GSPG-012.20-Convoca\u00e7\u00e3o-de-Estagi\u00e1rios-12\u00ba-PSE.pdf\">EDITAL GSPG 012.20 &#8211; Convoca\u00e7\u00e3o de Estagi\u00e1rios (12\u00ba PSE)<\/a><\/span><\/h6>\n<\/td>\n<td style=\"text-align: center;\">\n<h6 style=\"text-align: justify;\"><span style=\"color: #000000;\"><strong>Publica\u00e7\u00e3o 28\/02\/2020<\/strong><\/span><\/h6>\n<h6><span style=\"color: #000000;\"><strong>Convoca\u00e7\u00e3o 05\/03\/2020<\/strong><\/span><\/h6>\n<\/td>\n<\/tr>\n<tr>\n<td style=\"width: 400px;\">\n<h6 style=\"text-align: center;\"><span style=\"color: #000000;\"><a style=\"color: #000000;\" href=\"https:\/\/www.defensoria.se.def.br\/wp-content\/uploads\/2019\/09\/EDITAL-GSPG-015.20-Convoca\u00e7\u00e3o-de-Estagi\u00e1rios-12\u00ba-PSE.pdf\">EDITAL GSPG 015.20 &#8211; Convoca\u00e7\u00e3o de Estagi\u00e1rios (12\u00ba PSE)<\/a><\/span><\/h6>\n<\/td>\n<td style=\"text-align: center;\">\n<h6 style=\"text-align: justify;\"><span style=\"color: #000000;\"><strong>Publica\u00e7\u00e3o 12\/03\/2020<\/strong><\/span><\/h6>\n<h6><span style=\"color: #000000;\"><strong>Convoca\u00e7\u00e3o 18\/03\/2020<\/strong><\/span><\/h6>\n<\/td>\n<\/tr>\n<tr>\n<td style=\"width: 400px;\">\n<h6 style=\"text-align: center;\"><span style=\"color: #000000;\"><a style=\"color: #000000;\" href=\"https:\/\/www.defensoria.se.def.br\/wp-content\/uploads\/2020\/10\/EDITAL-GSPG-018.20-Convoca\u00e7\u00e3o-de-Estagi\u00e1rios-12\u00ba-PSE.pdf\">EDITAL GSPG 018.20 &#8211; Convoca\u00e7\u00e3o de Estagi\u00e1rios (12\u00ba PSE)<\/a><\/span><\/h6>\n<\/td>\n<td style=\"text-align: center;\">\n<h6 style=\"text-align: justify;\"><span style=\"color: #000000;\"><strong>Publica\u00e7\u00e3o 09\/10\/2020<\/strong><\/span><\/h6>\n<h6><span style=\"color: #000000;\"><strong>Convoca\u00e7\u00e3o 19\/10\/2020<\/strong><\/span><\/h6>\n<\/td>\n<\/tr>\n<tr>\n<td style=\"width: 400px;\">\n<h6 style=\"text-align: center;\"><span style=\"color: #000000;\"><a style=\"color: #000000;\" href=\"https:\/\/www.defensoria.se.def.br\/wp-content\/uploads\/2019\/09\/EDITAL-GSPG-020.20-Convoca\u00e7\u00e3o-de-Estagi\u00e1rios-12\u00ba-PSE.pdf\">EDITAL GSPG 020.20 &#8211; Convoca\u00e7\u00e3o de Estagi\u00e1rios (12\u00ba PSE)<\/a><\/span><\/h6>\n<\/td>\n<td style=\"text-align: center;\">\n<h6 style=\"text-align: justify;\"><span style=\"color: #000000;\"><strong>Publica\u00e7\u00e3o 27\/10\/2020<\/strong><\/span><\/h6>\n<h6><span style=\"color: #000000;\"><strong>Convoca\u00e7\u00e3o 04\/11\/2020<\/strong><\/span><\/h6>\n<\/td>\n<\/tr>\n<tr>\n<td style=\"width: 400px;\">\n<h6 style=\"text-align: center;\"><span style=\"color: #000000;\"><a style=\"color: #000000;\" href=\"https:\/\/www.defensoria.se.def.br\/wp-content\/uploads\/2019\/09\/EDITAL-GSPG-023.20-Convoca\u00e7\u00e3o-de-Estagi\u00e1rios-12\u00ba-PSE.pdf\">EDITAL GSPG 023.20 &#8211; Convoca\u00e7\u00e3o de Estagi\u00e1rios (12\u00ba PSE)<\/a><\/span><\/h6>\n<\/td>\n<td style=\"text-align: center;\">\n<h6 style=\"text-align: justify;\"><span style=\"color: #000000;\"><strong>Publica\u00e7\u00e3o 10\/11\/2020<\/strong><\/span><\/h6>\n<h6><span style=\"color: #000000;\"><strong>Convoca\u00e7\u00e3o 13\/11\/2020<\/strong><\/span><\/h6>\n<\/td>\n<\/tr>\n<tr>\n<td style=\"width: 400px;\">\n<h6 style=\"text-align: center;\"><span style=\"color: #000000;\"><a style=\"color: #000000;\" href=\"https:\/\/www.defensoria.se.def.br\/wp-content\/uploads\/2019\/09\/EDITAL-GSPG-025.20-Convoca\u00e7\u00e3o-de-Estagi\u00e1rios-12\u00ba-PSE-Final-de-Lista.pdf\">EDITAL GSPG 025.20 &#8211; Convoca\u00e7\u00e3o de Estagi\u00e1rios (12\u00ba PSE) &#8211; Final de Lista<\/a><\/span><\/h6>\n<\/td>\n<td style=\"text-align: center;\">\n<h6 style=\"text-align: justify;\"><span style=\"color: #000000;\"><strong>Publica\u00e7\u00e3o 12\/11\/2020<\/strong><\/span><\/h6>\n<h6><span style=\"color: #000000;\"><strong>Convoca\u00e7\u00e3o 18\/11\/2020<\/strong><\/span><\/h6>\n<\/td>\n<\/tr>\n<tr>\n<td style=\"width: 400px;\">\n<h6 style=\"text-align: center;\"><span style=\"color: #000000;\"><a style=\"color: #000000;\" href=\"https:\/\/www.defensoria.se.def.br\/wp-content\/uploads\/2020\/11\/EDITAL-GSPG-027.20-Convoca\u00e7\u00e3o-de-Estagi\u00e1rios-12\u00ba-PSE.pdf\">EDITAL GSPG 027.20 &#8211; Convoca\u00e7\u00e3o de Estagi\u00e1rios (12\u00ba PSE)<\/a><\/span><\/h6>\n<\/td>\n<td style=\"text-align: center;\">\n<h6 style=\"text-align: justify;\"><span style=\"color: #000000;\"><strong>Publica\u00e7\u00e3o 19\/11\/2020<\/strong><\/span><\/h6>\n<h6><span style=\"color: #000000;\"><strong>Convoca\u00e7\u00e3o 25\/11\/2020<\/strong><\/span><\/h6>\n<\/td>\n<\/tr>\n<tr>\n<td style=\"width: 400px;\">\n<h6 style=\"text-align: center;\"><span style=\"color: #000000;\"><a style=\"color: #000000;\" href=\"https:\/\/www.defensoria.se.def.br\/wp-content\/uploads\/2020\/11\/EDITAL-GSPG-028.20-Convoca\u00e7\u00e3o-de-Estagi\u00e1rios-12\u00ba-PSE-Final-de-Lista.pdf\">EDITAL GSPG 028.20 &#8211; Convoca\u00e7\u00e3o de Estagi\u00e1rios (12\u00ba PSE) &#8211; Final de Lista<\/a><\/span><\/h6>\n<\/td>\n<td style=\"text-align: center;\">\n<h6 style=\"text-align: justify;\"><span style=\"color: #000000;\"><strong>Publica\u00e7\u00e3o 19\/11\/2020<\/strong><\/span><\/h6>\n<h6><span style=\"color: #000000;\"><strong>Convoca\u00e7\u00e3o 25\/11\/2020<\/strong><\/span><\/h6>\n<\/td>\n<\/tr>\n<tr>\n<td style=\"width: 400px;\">\n<h6 style=\"text-align: center;\"><span style=\"color: #000000;\"><a style=\"color: #000000;\" href=\"https:\/\/www.defensoria.se.def.br\/wp-content\/uploads\/2019\/09\/EDITAL-GSPG-029.20-Convoca\u00e7\u00e3o-de-Estagi\u00e1rios-12\u00ba-PSE.pdf\">EDITAL GSPG 029.20 &#8211; Convoca\u00e7\u00e3o de Estagi\u00e1rios (12\u00ba PSE)<\/a><\/span><\/h6>\n<\/td>\n<td style=\"text-align: center;\">\n<h6 style=\"text-align: justify;\"><span style=\"color: #000000;\"><strong>Publica\u00e7\u00e3o 10\/12\/2020<\/strong><\/span><\/h6>\n<h6><span style=\"color: #000000;\"><strong>Convoca\u00e7\u00e3o 17\/12\/2020<\/strong><\/span><\/h6>\n<\/td>\n<\/tr>\n<tr>\n<td style=\"width: 400px;\">\n<h6 style=\"text-align: center;\"><span style=\"color: #000000;\"><a style=\"color: #000000;\" href=\"https:\/\/www.defensoria.se.def.br\/wp-content\/uploads\/2021\/01\/EDITAL-GSPG-001.2021-Convoca\u00e7\u00e3o-de-Estagi\u00e1rios-12\u00ba-PSE-Direito-Final-de-Lista.pdf\">EDITAL GSPG 001.2021 &#8211; Convoca\u00e7\u00e3o de Estagi\u00e1rios (12\u00ba PSE) &#8211; Direito &#8211; Final de Lista<\/a><\/span><\/h6>\n<\/td>\n<td style=\"text-align: center;\">\n<h6 style=\"text-align: justify;\"><span style=\"color: #000000;\"><strong>Publica\u00e7\u00e3o 11\/01\/2021<\/strong><\/span><\/h6>\n<h6><span style=\"color: #000000;\"><strong>Convoca\u00e7\u00e3o 15\/01\/2021<\/strong><\/span><\/h6>\n<\/td>\n<\/tr>\n<tr>\n<td style=\"width: 400px;\">\n<h6 style=\"text-align: center;\"><span style=\"color: #000000;\"><a style=\"color: #000000;\" href=\"https:\/\/www.defensoria.se.def.br\/wp-content\/uploads\/2019\/09\/EDITAL-GSPG-027.2021-Convoca\u00e7\u00e3o-de-Estagi\u00e1rios-12\u00ba-PSE-Sistema-de-Informa\u00e7\u00e3o-Aracaju-Final-de-Lista.pdf\">EDITAL GSPG 027.2021 &#8211; Convoca\u00e7\u00e3o de Estagi\u00e1rios (12\u00ba PSE) &#8211; Sistema de Informa\u00e7\u00e3o &#8211; Aracaju &#8211; Final de Lista<\/a><\/span><\/h6>\n<\/td>\n<td style=\"text-align: center;\">\n<h6 style=\"text-align: justify;\"><span style=\"color: #000000;\"><strong>Publica\u00e7\u00e3o 07\/06\/2021<\/strong><\/span><\/h6>\n<h6><span style=\"color: #000000;\"><strong>Convoca\u00e7\u00e3o 10\/06\/2021<\/strong><\/span><\/h6>\n<\/td>\n<\/tr>\n<\/tbody>\n<\/table>\n","protected":false},"excerpt":{"rendered":"<p>Editais de convoca\u00e7\u00e3o Aracaju \u00a0 Requerimento para Pedido de Final de Lista de Estagi\u00e1rios &nbsp; EDITAL GSPG 031.19 &#8211; Convoca\u00e7\u00e3o de Estagi\u00e1rios (Edital n.\u00ba 001.19.CPSE) Publica\u00e7\u00e3o 06\/09\/2019 Convoca\u00e7\u00e3o 11\/09\/2019 EDITAL GSPG 032.19 &#8211; Convoca\u00e7\u00e3o de Estagi\u00e1rios (Edital n.\u00ba 001.19.CPSEl) Publica\u00e7\u00e3o 13\/09\/2019 Convoca\u00e7\u00e3o 19\/09\/2019 EDITAL GSPG 035.19 &#8211; Convoca\u00e7\u00e3o de Estagi\u00e1rios (Edital n.\u00ba 001.19.CPSE) Publica\u00e7\u00e3o 15\/10\/2019 &hellip;<\/p>\n<p class=\"read-more\"> <a class=\"\" href=\"https:\/\/www.defensoria.se.def.br\/?page_id=24206\"> <span class=\"screen-reader-text\">Editais de convoca\u00e7\u00e3o Aracaju &#8211; Edital n\u00ba 12\/2019<\/span> Read More &raquo;<\/a><\/p>\n","protected":false},"author":1,"featured_media":0,"parent":0,"menu_order":0,"comment_status":"closed","ping_status":"closed","template":"","meta":{"_eb_attr":"","_uag_custom_page_level_css":"","site-sidebar-layout":"default","site-content-layout":"","ast-site-content-layout":"","site-content-style":"default","site-sidebar-style":"default","ast-global-header-display":"","ast-banner-title-visibility":"","ast-main-header-display":"","ast-hfb-above-header-display":"","ast-hfb-below-header-display":"","ast-hfb-mobile-header-display":"","site-post-title":"","ast-breadcrumbs-content":"","ast-featured-img":"","footer-sml-layout":"","theme-transparent-header-meta":"","adv-header-id-meta":"","stick-header-meta":"","header-above-stick-meta":"","header-main-stick-meta":"","header-below-stick-meta":"","astra-migrate-meta-layouts":"","footnotes":""},"class_list":["post-24206","page","type-page","status-publish","hentry"],"uagb_featured_image_src":{"full":false,"thumbnail":false,"medium":false,"medium_large":false,"large":false,"1536x1536":false,"2048x2048":false},"uagb_author_info":{"display_name":"admin","author_link":"https:\/\/www.defensoria.se.def.br\/?author=1"},"uagb_comment_info":0,"uagb_excerpt":"Editais de convoca\u00e7\u00e3o Aracaju \u00a0 Requerimento para Pedido de Final de Lista de Estagi\u00e1rios &nbsp; EDITAL GSPG 031.19 &#8211; Convoca\u00e7\u00e3o de Estagi\u00e1rios (Edital n.\u00ba 001.19.CPSE) Publica\u00e7\u00e3o 06\/09\/2019 Convoca\u00e7\u00e3o 11\/09\/2019 EDITAL GSPG 032.19 &#8211; Convoca\u00e7\u00e3o de Estagi\u00e1rios (Edital n.\u00ba 001.19.CPSEl) Publica\u00e7\u00e3o 13\/09\/2019 Convoca\u00e7\u00e3o 19\/09\/2019 EDITAL GSPG 035.19 &#8211; Convoca\u00e7\u00e3o de Estagi\u00e1rios (Edital n.\u00ba 001.19.CPSE) Publica\u00e7\u00e3o 15\/10\/2019&hellip;","_links":{"self":[{"href":"https:\/\/www.defensoria.se.def.br\/index.php?rest_route=\/wp\/v2\/pages\/24206"}],"collection":[{"href":"https:\/\/www.defensoria.se.def.br\/index.php?rest_route=\/wp\/v2\/pages"}],"about":[{"href":"https:\/\/www.defensoria.se.def.br\/index.php?rest_route=\/wp\/v2\/types\/page"}],"author":[{"embeddable":true,"href":"https:\/\/www.defensoria.se.def.br\/index.php?rest_route=\/wp\/v2\/users\/1"}],"replies":[{"embeddable":true,"href":"https:\/\/www.defensoria.se.def.br\/index.php?rest_route=%2Fwp%2Fv2%2Fcomments&post=24206"}],"version-history":[{"count":30,"href":"https:\/\/www.defensoria.se.def.br\/index.php?rest_route=\/wp\/v2\/pages\/24206\/revisions"}],"predecessor-version":[{"id":27032,"href":"https:\/\/www.defensoria.se.def.br\/index.php?rest_route=\/wp\/v2\/pages\/24206\/revisions\/27032"}],"wp:attachment":[{"href":"https:\/\/www.defensoria.se.def.br\/index.php?rest_route=%2Fwp%2Fv2%2Fmedia&parent=24206"}],"curies":[{"name":"wp","href":"https:\/\/api.w.org\/{rel}","templated":true}]}}