{"id":24210,"date":"2019-09-06T15:20:56","date_gmt":"2019-09-06T18:20:56","guid":{"rendered":"https:\/\/www.defensoria.se.def.br\/?page_id=24210"},"modified":"2020-09-30T09:44:36","modified_gmt":"2020-09-30T12:44:36","slug":"editais-de-convocacao-nossa-senhora-do-socorro-edital-no-122019","status":"publish","type":"page","link":"https:\/\/www.defensoria.se.def.br\/?page_id=24210","title":{"rendered":"Editais de convoca\u00e7\u00e3o Nossa Senhora do Socorro &#8211; Edital n\u00ba 12\/2019"},"content":{"rendered":"<h3 style=\"text-align: center;\"><strong>Editais de convoca\u00e7\u00e3o Nossa Senhora do Socorro<\/strong><\/h3>\n<p style=\"text-align: center;\">\u00a0<\/p>\n<h6>\u00a0<\/h6>\n<table class=\" aligncenter\">\n<tbody>\n<tr>\n<td style=\"width: 225px;\">\n<h6 style=\"text-align: center;\"><a href=\"https:\/\/www.defensoria.se.def.br\/wp-content\/uploads\/2019\/09\/EDITAL-GSPG-031.19-Convoca\u00e7\u00e3o-de-Estagi\u00e1rios-Edital-n.\u00ba-001.19.CPSE_.pdf\">EDITAL GSPG 031.19 &#8211; Convoca\u00e7\u00e3o de Estagi\u00e1rios (Edital n.\u00ba 001.19.CPSE)<\/a><\/h6>\n<\/td>\n<td style=\"text-align: center;\">\n<h6 style=\"text-align: justify;\"><strong>Publica\u00e7\u00e3o 06\/09\/2019<\/strong><\/h6>\n<h6><strong>Convoca\u00e7\u00e3o 11\/09\/2019<\/strong><\/h6>\n<\/td>\n<\/tr>\n<tr>\n<td style=\"width: 225px;\">\n<h6 style=\"text-align: center;\"><a href=\"https:\/\/www.defensoria.se.def.br\/wp-content\/uploads\/2019\/09\/EDITAL-GSPG-032.19-Convoca\u00e7\u00e3o-de-Estagi\u00e1rios-Edital-n.\u00ba-001.19.CPSEl_.pdf\">EDITAL GSPG 032.19 &#8211; Convoca\u00e7\u00e3o de Estagi\u00e1rios (Edital n.\u00ba 001.19.CPSEl)<\/a><\/h6>\n<\/td>\n<td style=\"text-align: center;\">\n<h6 style=\"text-align: justify;\"><strong>Publica\u00e7\u00e3o 13\/09\/2019<\/strong><\/h6>\n<h6><strong>Convoca\u00e7\u00e3o 19\/09\/2019<\/strong><\/h6>\n<\/td>\n<\/tr>\n<tr>\n<td style=\"width: 225px;\">\n<h6 style=\"text-align: center;\"><a href=\"https:\/\/www.defensoria.se.def.br\/wp-content\/uploads\/2019\/09\/EDITAL-GSPG-035.19-Convoca\u00e7\u00e3o-de-Estagi\u00e1rios-Edital-n.\u00ba-001.19.CPSE_.pdf\">EDITAL GSPG 035.19 &#8211; Convoca\u00e7\u00e3o de Estagi\u00e1rios (Edital n.\u00ba 001.19.CPSE)<\/a><\/h6>\n<\/td>\n<td style=\"text-align: center;\">\n<h6 style=\"text-align: justify;\"><strong>Publica\u00e7\u00e3o 15\/10\/2019<\/strong><\/h6>\n<h6><strong>Convoca\u00e7\u00e3o 18\/10\/2019<\/strong><\/h6>\n<\/td>\n<\/tr>\n<tr>\n<td style=\"width: 225px;\">\n<h6 style=\"text-align: center;\"><a href=\"https:\/\/www.defensoria.se.def.br\/wp-content\/uploads\/2019\/09\/EDITAL-GSPG-038.19-Convoca\u00e7\u00e3o-de-Estagi\u00e1rios-Edital-n.\u00ba-001.19.CPSE_.pdf\">EDITAL GSPG 038.19 &#8211; Convoca\u00e7\u00e3o de Estagi\u00e1rios (Edital n.\u00ba 001.19.CPSE)<\/a><\/h6>\n<\/td>\n<td style=\"text-align: center;\">\n<h6 style=\"text-align: justify;\"><strong>Publica\u00e7\u00e3o 11\/11\/2019<\/strong><\/h6>\n<h6><strong>Convoca\u00e7\u00e3o 14\/11\/2019<\/strong><\/h6>\n<\/td>\n<\/tr>\n<tr>\n<td style=\"width: 225px;\">\n<h6 style=\"text-align: center;\"><a href=\"https:\/\/www.defensoria.se.def.br\/wp-content\/uploads\/2019\/09\/EDITAL-GSPG-017.20-Convoca\u00e7\u00e3o-de-Estagi\u00e1rios-12\u00ba-PSE-Direito-Socorro-Final-de-Lista.pdf\">EDITAL GSPG 017.20 &#8211; Convoca\u00e7\u00e3o de Estagi\u00e1rios (12\u00ba PSE) &#8211; Direito &#8211; Socorro &#8211; Final de Lista<\/a><\/h6>\n<\/td>\n<td style=\"text-align: center;\">\n<h6 style=\"text-align: justify;\"><strong>Publica\u00e7\u00e3o 30\/09\/2020<\/strong><\/h6>\n<h6><strong>Convoca\u00e7\u00e3o 02\/10\/2020<\/strong><\/h6>\n<\/td>\n<\/tr>\n<\/tbody>\n<\/table>\n<p>&nbsp;<\/p>\n","protected":false},"excerpt":{"rendered":"<p>Editais de convoca\u00e7\u00e3o Nossa Senhora do Socorro \u00a0 \u00a0 EDITAL GSPG 031.19 &#8211; Convoca\u00e7\u00e3o de Estagi\u00e1rios (Edital n.\u00ba 001.19.CPSE) Publica\u00e7\u00e3o 06\/09\/2019 Convoca\u00e7\u00e3o 11\/09\/2019 EDITAL GSPG 032.19 &#8211; Convoca\u00e7\u00e3o de Estagi\u00e1rios (Edital n.\u00ba 001.19.CPSEl) Publica\u00e7\u00e3o 13\/09\/2019 Convoca\u00e7\u00e3o 19\/09\/2019 EDITAL GSPG 035.19 &#8211; Convoca\u00e7\u00e3o de Estagi\u00e1rios (Edital n.\u00ba 001.19.CPSE) Publica\u00e7\u00e3o 15\/10\/2019 Convoca\u00e7\u00e3o 18\/10\/2019 EDITAL GSPG 038.19 &#8211; &hellip;<\/p>\n<p class=\"read-more\"> <a class=\"\" href=\"https:\/\/www.defensoria.se.def.br\/?page_id=24210\"> <span class=\"screen-reader-text\">Editais de convoca\u00e7\u00e3o Nossa Senhora do Socorro &#8211; Edital n\u00ba 12\/2019<\/span> Read More &raquo;<\/a><\/p>\n","protected":false},"author":1,"featured_media":0,"parent":0,"menu_order":0,"comment_status":"closed","ping_status":"closed","template":"","meta":{"_eb_attr":"","_uag_custom_page_level_css":"","site-sidebar-layout":"default","site-content-layout":"","ast-site-content-layout":"","site-content-style":"default","site-sidebar-style":"default","ast-global-header-display":"","ast-banner-title-visibility":"","ast-main-header-display":"","ast-hfb-above-header-display":"","ast-hfb-below-header-display":"","ast-hfb-mobile-header-display":"","site-post-title":"","ast-breadcrumbs-content":"","ast-featured-img":"","footer-sml-layout":"","theme-transparent-header-meta":"","adv-header-id-meta":"","stick-header-meta":"","header-above-stick-meta":"","header-main-stick-meta":"","header-below-stick-meta":"","astra-migrate-meta-layouts":"","footnotes":""},"class_list":["post-24210","page","type-page","status-publish","hentry"],"uagb_featured_image_src":{"full":false,"thumbnail":false,"medium":false,"medium_large":false,"large":false,"1536x1536":false,"2048x2048":false},"uagb_author_info":{"display_name":"admin","author_link":"https:\/\/www.defensoria.se.def.br\/?author=1"},"uagb_comment_info":0,"uagb_excerpt":"Editais de convoca\u00e7\u00e3o Nossa Senhora do Socorro \u00a0 \u00a0 EDITAL GSPG 031.19 &#8211; Convoca\u00e7\u00e3o de Estagi\u00e1rios (Edital n.\u00ba 001.19.CPSE) Publica\u00e7\u00e3o 06\/09\/2019 Convoca\u00e7\u00e3o 11\/09\/2019 EDITAL GSPG 032.19 &#8211; Convoca\u00e7\u00e3o de Estagi\u00e1rios (Edital n.\u00ba 001.19.CPSEl) Publica\u00e7\u00e3o 13\/09\/2019 Convoca\u00e7\u00e3o 19\/09\/2019 EDITAL GSPG 035.19 &#8211; Convoca\u00e7\u00e3o de Estagi\u00e1rios (Edital n.\u00ba 001.19.CPSE) Publica\u00e7\u00e3o 15\/10\/2019 Convoca\u00e7\u00e3o 18\/10\/2019 EDITAL GSPG 038.19 &#8211;&hellip;","_links":{"self":[{"href":"https:\/\/www.defensoria.se.def.br\/index.php?rest_route=\/wp\/v2\/pages\/24210"}],"collection":[{"href":"https:\/\/www.defensoria.se.def.br\/index.php?rest_route=\/wp\/v2\/pages"}],"about":[{"href":"https:\/\/www.defensoria.se.def.br\/index.php?rest_route=\/wp\/v2\/types\/page"}],"author":[{"embeddable":true,"href":"https:\/\/www.defensoria.se.def.br\/index.php?rest_route=\/wp\/v2\/users\/1"}],"replies":[{"embeddable":true,"href":"https:\/\/www.defensoria.se.def.br\/index.php?rest_route=%2Fwp%2Fv2%2Fcomments&post=24210"}],"version-history":[{"count":7,"href":"https:\/\/www.defensoria.se.def.br\/index.php?rest_route=\/wp\/v2\/pages\/24210\/revisions"}],"predecessor-version":[{"id":26012,"href":"https:\/\/www.defensoria.se.def.br\/index.php?rest_route=\/wp\/v2\/pages\/24210\/revisions\/26012"}],"wp:attachment":[{"href":"https:\/\/www.defensoria.se.def.br\/index.php?rest_route=%2Fwp%2Fv2%2Fmedia&parent=24210"}],"curies":[{"name":"wp","href":"https:\/\/api.w.org\/{rel}","templated":true}]}}