{"id":28210,"date":"2022-02-04T10:40:22","date_gmt":"2022-02-04T13:40:22","guid":{"rendered":"https:\/\/www.defensoria.se.def.br\/?page_id=28210"},"modified":"2024-10-04T11:13:07","modified_gmt":"2024-10-04T14:13:07","slug":"fases-do-processo-seletivo-no17","status":"publish","type":"page","link":"https:\/\/www.defensoria.se.def.br\/?page_id=28210","title":{"rendered":"FASES DO PROCESSO SELETIVO N\u00ba17"},"content":{"rendered":"\n<h2 class=\"wp-block-heading has-text-align-center has-ast-global-color-0-color has-text-color has-link-color\"><strong><br \/><br \/>FASES DO PROCESSO SELETIVO N\u00ba17<\/strong><\/h2>\n\n\n\n<p>&nbsp;<\/p>\n\n\n\n<h5 class=\"wp-block-heading\"><strong>Acesse abaixo:<\/strong><\/h5>\n\n\n\n<p>&nbsp;<\/p>\n\n\n\n<p class=\"has-medium-font-size\"><span style=\"color: #000000;\"><a href=\"https:\/\/www.defensoria.se.def.br\/wp-content\/uploads\/2022\/02\/01-17\u00ba-Processo-Seletivo-Edital-n.\u00ba-001.2022.CPSE-Abertura-das-inscri\u00e7\u00f5es.pdf\">01 &#8211; 17\u00ba Processo Seletivo &#8211; Edital n.\u00ba 001.2022.CPSE &#8211; Abertura das inscri\u00e7\u00f5es<\/a><\/span><\/p>\n\n\n\n<p class=\"has-medium-font-size\"><span style=\"color: #000000;\"><a href=\"https:\/\/www.defensoria.se.def.br\/wp-content\/uploads\/2022\/02\/02-17\u00ba-Processo-Seletivo-Edital-n.\u00ba-002.2022.CPSE-Inscri\u00e7\u00f5es-Deferidas-Prazo-para-Recurso-e-entraga-dos-documentos.pdf\">02 &#8211; 17\u00ba Processo Seletivo &#8211; Edital n.\u00ba 002.2022.CPSE &#8211; Inscri\u00e7\u00f5es Deferidas, Prazo para Recurso e entrega dos documentos<\/a><\/span><\/p>\n\n\n\n<p class=\"has-medium-font-size\"><span style=\"color: #000000;\"><a href=\"https:\/\/www.defensoria.se.def.br\/wp-content\/uploads\/2022\/02\/2.1-17\u00ba-Processo-Seletivo-Formul\u00e1rio-de-Recurso-Contra-a-rela\u00e7\u00e3o-provis\u00f3ria-das-inscri\u00e7\u00f5es-deferidas.docx\">2.1 &#8211; 17\u00ba Processo Seletivo &#8211; Formul\u00e1rio de Recurso &#8211; Contra a rela\u00e7\u00e3o provis\u00f3ria das inscri\u00e7\u00f5es deferidas<\/a><\/span><\/p>\n\n\n\n<p class=\"has-medium-font-size\"><span style=\"color: #000000;\"><a href=\"https:\/\/www.defensoria.se.def.br\/wp-content\/uploads\/2022\/02\/03-17\u00ba-Processo-Seletivo-Edital-n.\u00ba-003.2022.CPSE-Rela\u00e7\u00e3o-Definitiva-das-Inscri\u00e7\u00f5es-Deferidas.pdf\">03 &#8211; 17\u00ba Processo Seletivo &#8211; Edital n.\u00ba 003.2022.CPSE &#8211; Rela\u00e7\u00e3o Definitiva das Inscri\u00e7\u00f5es Deferidas<\/a><\/span><\/p>\n\n\n\n<p class=\"has-medium-font-size\"><span style=\"color: #ff0000;\"><a style=\"color: #ff0000;\" href=\"https:\/\/www.defensoria.se.def.br\/wp-content\/uploads\/2022\/02\/04-17\u00ba-Processo-Seletivo-Edital-n.\u00ba-004.2022.CPSE-Classifica\u00e7\u00e3o-Provis\u00f3ria-e-Prazo-de-Recurso.pdf\">04 &#8211; 17\u00ba Processo Seletivo &#8211; Edital n.\u00ba 004.2022.CPSE &#8211; Classifica\u00e7\u00e3o Provis\u00f3ria e Prazo de Recurso<\/a><\/span><\/p>\n\n\n\n<p class=\"has-medium-font-size\"><span style=\"color: #ff0000;\"><a style=\"color: #ff0000;\" href=\"https:\/\/www.defensoria.se.def.br\/wp-content\/uploads\/2022\/02\/4.1-17\u00ba-Processo-Seletivo-Formul\u00e1rio-de-Recurso-Contra-a-Classifica\u00e7\u00e3o-Provis\u00f3ria.docx\">4.1 &#8211; 17\u00ba Processo Seletivo &#8211; Formul\u00e1rio de Recurso &#8211; Contra a Classifica\u00e7\u00e3o Provis\u00f3ria<\/a><\/span><\/p>\n\n\n\n<p class=\"has-medium-font-size\"><span style=\"color: #ff0000;\"><a style=\"color: #ff0000;\" href=\"https:\/\/www.defensoria.se.def.br\/wp-content\/uploads\/2022\/02\/01-Cronograma-de-Etapas-17\u00ba-Processo-Seletivo-para-Estagi\u00e1rios-2022-atualizado-em-23.03.2022.pdf\">Cronograma de Etapas &#8211; 17\u00ba Processo Seletivo para Estagi\u00e1rios &#8211; 2022 &#8211; atualizado em 23.03.2022<\/a><\/span><\/p>\n\n\n\n<p class=\"has-medium-font-size\"><span style=\"color: #000000;\"><a href=\"https:\/\/www.defensoria.se.def.br\/wp-content\/uploads\/2022\/02\/05-17\u00ba-Processo-Seletivo-Edital-n.\u00ba-005.2021.CPSE-Resultados-dos-Recursos-Classifica\u00e7\u00e3o-Definitiva-e-Homologa\u00e7\u00e3o-SEM-CPF.pdf\">05 &#8211; 17\u00ba Processo Seletivo &#8211; Edital n.\u00ba 005.2021.CPSE &#8211; Resultados dos Recursos, Classifica\u00e7\u00e3o Definitiva e Homologa\u00e7\u00e3o &#8211; SEM CPF<\/a><\/span><\/p>\n\n\n\n<p>\u00a0<br><br><br><\/p>\n","protected":false},"excerpt":{"rendered":"<p>FASES DO PROCESSO SELETIVO N\u00ba17 &nbsp; Acesse abaixo: &nbsp; 01 &#8211; 17\u00ba Processo Seletivo &#8211; Edital n.\u00ba 001.2022.CPSE &#8211; Abertura das inscri\u00e7\u00f5es 02 &#8211; 17\u00ba Processo Seletivo &#8211; Edital n.\u00ba 002.2022.CPSE &#8211; Inscri\u00e7\u00f5es Deferidas, Prazo para Recurso e entrega dos documentos 2.1 &#8211; 17\u00ba Processo Seletivo &#8211; Formul\u00e1rio de Recurso &#8211; Contra a rela\u00e7\u00e3o provis\u00f3ria &hellip;<\/p>\n<p class=\"read-more\"> <a class=\"\" href=\"https:\/\/www.defensoria.se.def.br\/?page_id=28210\"> <span class=\"screen-reader-text\">FASES DO PROCESSO SELETIVO N\u00ba17<\/span> Read More &raquo;<\/a><\/p>\n","protected":false},"author":1,"featured_media":0,"parent":28206,"menu_order":0,"comment_status":"closed","ping_status":"closed","template":"","meta":{"_eb_attr":"","_uag_custom_page_level_css":"","site-sidebar-layout":"default","site-content-layout":"","ast-site-content-layout":"","site-content-style":"default","site-sidebar-style":"default","ast-global-header-display":"","ast-banner-title-visibility":"","ast-main-header-display":"","ast-hfb-above-header-display":"","ast-hfb-below-header-display":"","ast-hfb-mobile-header-display":"","site-post-title":"","ast-breadcrumbs-content":"","ast-featured-img":"","footer-sml-layout":"","theme-transparent-header-meta":"","adv-header-id-meta":"","stick-header-meta":"","header-above-stick-meta":"","header-main-stick-meta":"","header-below-stick-meta":"","astra-migrate-meta-layouts":"","footnotes":""},"class_list":["post-28210","page","type-page","status-publish","hentry"],"uagb_featured_image_src":{"full":false,"thumbnail":false,"medium":false,"medium_large":false,"large":false,"1536x1536":false,"2048x2048":false},"uagb_author_info":{"display_name":"admin","author_link":"https:\/\/www.defensoria.se.def.br\/?author=1"},"uagb_comment_info":0,"uagb_excerpt":"FASES DO PROCESSO SELETIVO N\u00ba17 &nbsp; Acesse abaixo: &nbsp; 01 &#8211; 17\u00ba Processo Seletivo &#8211; Edital n.\u00ba 001.2022.CPSE &#8211; Abertura das inscri\u00e7\u00f5es 02 &#8211; 17\u00ba Processo Seletivo &#8211; Edital n.\u00ba 002.2022.CPSE &#8211; Inscri\u00e7\u00f5es Deferidas, Prazo para Recurso e entrega dos documentos 2.1 &#8211; 17\u00ba Processo Seletivo &#8211; Formul\u00e1rio de Recurso &#8211; Contra a rela\u00e7\u00e3o provis\u00f3ria&hellip;","_links":{"self":[{"href":"https:\/\/www.defensoria.se.def.br\/index.php?rest_route=\/wp\/v2\/pages\/28210"}],"collection":[{"href":"https:\/\/www.defensoria.se.def.br\/index.php?rest_route=\/wp\/v2\/pages"}],"about":[{"href":"https:\/\/www.defensoria.se.def.br\/index.php?rest_route=\/wp\/v2\/types\/page"}],"author":[{"embeddable":true,"href":"https:\/\/www.defensoria.se.def.br\/index.php?rest_route=\/wp\/v2\/users\/1"}],"replies":[{"embeddable":true,"href":"https:\/\/www.defensoria.se.def.br\/index.php?rest_route=%2Fwp%2Fv2%2Fcomments&post=28210"}],"version-history":[{"count":25,"href":"https:\/\/www.defensoria.se.def.br\/index.php?rest_route=\/wp\/v2\/pages\/28210\/revisions"}],"predecessor-version":[{"id":40502,"href":"https:\/\/www.defensoria.se.def.br\/index.php?rest_route=\/wp\/v2\/pages\/28210\/revisions\/40502"}],"up":[{"embeddable":true,"href":"https:\/\/www.defensoria.se.def.br\/index.php?rest_route=\/wp\/v2\/pages\/28206"}],"wp:attachment":[{"href":"https:\/\/www.defensoria.se.def.br\/index.php?rest_route=%2Fwp%2Fv2%2Fmedia&parent=28210"}],"curies":[{"name":"wp","href":"https:\/\/api.w.org\/{rel}","templated":true}]}}