{"id":29691,"date":"2022-08-25T23:19:15","date_gmt":"2022-08-26T02:19:15","guid":{"rendered":"https:\/\/www.defensoria.se.def.br\/?page_id=29691"},"modified":"2024-10-04T10:59:51","modified_gmt":"2024-10-04T13:59:51","slug":"fases-do-processo-seletivo-no18","status":"publish","type":"page","link":"https:\/\/www.defensoria.se.def.br\/?page_id=29691","title":{"rendered":"FASES DO PROCESSO SELETIVO N\u00ba18"},"content":{"rendered":"\n<h2 class=\"wp-block-heading has-text-align-center has-ast-global-color-0-color has-text-color has-link-color wp-elements-9d043d28df0f6d2632c798af27244ef4\"><br><br><strong>FASES DO PROCESSO SELETIVO N\u00ba18<\/strong><\/h2>\n\n\n\n<p>&nbsp;<\/p>\n\n\n\n<h5 class=\"wp-block-heading\"><strong>Acesse abaixo:<\/strong><\/h5>\n\n\n\n<p class=\"has-medium-font-size\"><span style=\"color: #000000;\"><a href=\"https:\/\/www.defensoria.se.def.br\/wp-content\/uploads\/2022\/08\/01-18\u00ba-Processo-Seletivo-Edital-n.\u00ba-001.2022.CPSE-Abertura-das-inscri\u00e7\u00f5es.pdf\">01 &#8211; 18\u00ba Processo Seletivo &#8211; Edital n.\u00ba 001.2022.CPSE &#8211; Abertura das inscri\u00e7\u00f5es<\/a><\/span><\/p>\n\n\n\n<p class=\"has-medium-font-size\"><span style=\"color: #000000;\"><a href=\"https:\/\/www.defensoria.se.def.br\/wp-content\/uploads\/2022\/08\/02-18\u00ba-Processo-Seletivo-Edital-n.\u00ba-002.2022.CPSE-Rela\u00e7\u00e3o-provis\u00f3ria-das-inscri\u00e7\u00f5es-deferidas-com-prazo-recursal.pdf\">02 &#8211; 18\u00ba Processo Seletivo &#8211; Edital n.\u00ba 002.2022.CPSE &#8211; Rela\u00e7\u00e3o provis\u00f3ria das inscri\u00e7\u00f5es deferidas (com prazo recursal)<\/a><\/span><\/p>\n\n\n\n<p class=\"has-medium-font-size\"><span style=\"color: #000000;\"><a href=\"https:\/\/www.defensoria.se.def.br\/wp-content\/uploads\/2022\/08\/2.1-18\u00ba-Processo-Seletivo-Formul\u00e1rio-de-Recurso-Contra-a-rela\u00e7\u00e3o-provis\u00f3ria-das-inscri\u00e7\u00f5es-deferidas.docx\">2.1 &#8211; 18\u00ba Processo Seletivo &#8211; Formul\u00e1rio de Recurso &#8211; Contra a rela\u00e7\u00e3o provis\u00f3ria das inscri\u00e7\u00f5es deferidas<\/a><\/span><\/p>\n\n\n\n<p class=\"has-medium-font-size\"><span style=\"color: #000000;\"><a href=\"https:\/\/www.defensoria.se.def.br\/wp-content\/uploads\/2022\/08\/03-18\u00ba-Processo-Seletivo-Edital-n.\u00ba-003.2022.CPSE-Rela\u00e7\u00e3o-definitiva-das-inscri\u00e7\u00f5es-deferidas-data-e-local-das-provas.pdf\">03 &#8211; 18\u00ba Processo Seletivo &#8211; Edital n.\u00ba 003.2022.CPSE &#8211; Rela\u00e7\u00e3o definitiva das inscri\u00e7\u00f5es deferidas, data e local das provas<\/a><\/span><\/p>\n\n\n\n<p class=\"has-medium-font-size\"><span style=\"color: #000000;\"><a href=\"https:\/\/www.defensoria.se.def.br\/wp-content\/uploads\/2022\/08\/04-18\u00ba-Processo-Seletivo-Edital-n.\u00ba-004.2022.CPSE-Gabarito-Provis\u00f3rio-e-Prazo-de-Recurso.pdf\">04 &#8211; 18\u00ba Processo Seletivo &#8211; Edital n.\u00ba 004.2022.CPSE &#8211; Gabarito Provis\u00f3rio e Prazo de Recurso<\/a><\/span><\/p>\n\n\n\n<p class=\"has-medium-font-size\"><span style=\"color: #000000;\"><a href=\"https:\/\/www.defensoria.se.def.br\/wp-content\/uploads\/2022\/08\/4.1-18\u00ba-Processo-Seletivo-Formul\u00e1rio-de-Recurso-Contra-o-gabarito-provis\u00f3rio.docx\">4.1 &#8211; 18\u00ba Processo Seletivo &#8211; Formul\u00e1rio de Recurso &#8211; Contra o gabarito provis\u00f3rio<\/a><\/span><\/p>\n\n\n\n<p class=\"has-medium-font-size\"><span style=\"color: #000000;\"><a href=\"https:\/\/www.defensoria.se.def.br\/wp-content\/uploads\/2022\/08\/05-18\u00ba-Processo-Seletivo-Edital-n.\u00ba-005.2022.CPSE-Gabarito-Definitivo-Classifica\u00e7\u00e3o-Provis\u00f3ria-e-Prazo-de-Recurso.pdf\">05 &#8211; 18\u00ba Processo Seletivo &#8211; Edital n.\u00ba 005.2022.CPSE &#8211; Gabarito Definitivo &#8211; Classifica\u00e7\u00e3o Provis\u00f3ria e Prazo de Recurso<\/a><\/span><\/p>\n\n\n\n<p class=\"has-medium-font-size\"><span style=\"color: #000000;\"><a href=\"https:\/\/www.defensoria.se.def.br\/wp-content\/uploads\/2022\/08\/5.1-18\u00ba-Processo-Seletivo-Formul\u00e1rio-de-Recurso-Contra-a-Classifica\u00e7\u00e3o-Provis\u00f3ria.docx\">5.1 &#8211; 18\u00ba Processo Seletivo &#8211; Formul\u00e1rio de Recurso &#8211; Contra a Classifica\u00e7\u00e3o Provis\u00f3ria<\/a><\/span><\/p>\n\n\n\n<p class=\"has-medium-font-size\"><span style=\"color: #000000;\"><a href=\"https:\/\/www.defensoria.se.def.br\/wp-content\/uploads\/2022\/08\/06-18\u00ba-Processo-Seletivo-Edital-n.\u00ba-006.2022.CPSE-Classifica\u00e7\u00e3o-Definitiva-e-Homologa\u00e7\u00e3o.pdf\">06 &#8211; 18\u00ba Processo Seletivo &#8211; Edital n.\u00ba 006.2022.CPSE &#8211; Classifica\u00e7\u00e3o Definitiva e Homologa\u00e7\u00e3o<\/a><\/span><\/p>\n\n\n\n<p>&nbsp;<\/p>\n\n\n\n<p class=\"has-medium-font-size\"><strong><span style=\"color: #000000;\"><a style=\"color: #000000;\" href=\"https:\/\/www.defensoria.se.def.br\/wp-content\/uploads\/2022\/08\/Lista-de-Distribui\u00e7\u00e3o-dos-Candidatos-por-Sala.pdf\">Lista de Distribui\u00e7\u00e3o dos Candidatos por Sala<\/a><\/span><\/strong><\/p>\n\n\n\n<p>&nbsp;<\/p>\n\n\n\n<p>&nbsp;<\/p>\n","protected":false},"excerpt":{"rendered":"<p>FASES DO PROCESSO SELETIVO N\u00ba18 &nbsp; Acesse abaixo: 01 &#8211; 18\u00ba Processo Seletivo &#8211; Edital n.\u00ba 001.2022.CPSE &#8211; Abertura das inscri\u00e7\u00f5es 02 &#8211; 18\u00ba Processo Seletivo &#8211; Edital n.\u00ba 002.2022.CPSE &#8211; Rela\u00e7\u00e3o provis\u00f3ria das inscri\u00e7\u00f5es deferidas (com prazo recursal) 2.1 &#8211; 18\u00ba Processo Seletivo &#8211; Formul\u00e1rio de Recurso &#8211; Contra a rela\u00e7\u00e3o provis\u00f3ria das inscri\u00e7\u00f5es &hellip;<\/p>\n<p class=\"read-more\"> <a class=\"\" href=\"https:\/\/www.defensoria.se.def.br\/?page_id=29691\"> <span class=\"screen-reader-text\">FASES DO PROCESSO SELETIVO N\u00ba18<\/span> Read More &raquo;<\/a><\/p>\n","protected":false},"author":1,"featured_media":0,"parent":29689,"menu_order":0,"comment_status":"closed","ping_status":"closed","template":"","meta":{"_eb_attr":"","_uag_custom_page_level_css":"","site-sidebar-layout":"default","site-content-layout":"","ast-site-content-layout":"","site-content-style":"default","site-sidebar-style":"default","ast-global-header-display":"","ast-banner-title-visibility":"","ast-main-header-display":"","ast-hfb-above-header-display":"","ast-hfb-below-header-display":"","ast-hfb-mobile-header-display":"","site-post-title":"","ast-breadcrumbs-content":"","ast-featured-img":"","footer-sml-layout":"","theme-transparent-header-meta":"","adv-header-id-meta":"","stick-header-meta":"","header-above-stick-meta":"","header-main-stick-meta":"","header-below-stick-meta":"","astra-migrate-meta-layouts":"","footnotes":""},"class_list":["post-29691","page","type-page","status-publish","hentry"],"uagb_featured_image_src":{"full":false,"thumbnail":false,"medium":false,"medium_large":false,"large":false,"1536x1536":false,"2048x2048":false},"uagb_author_info":{"display_name":"admin","author_link":"https:\/\/www.defensoria.se.def.br\/?author=1"},"uagb_comment_info":0,"uagb_excerpt":"FASES DO PROCESSO SELETIVO N\u00ba18 &nbsp; Acesse abaixo: 01 &#8211; 18\u00ba Processo Seletivo &#8211; Edital n.\u00ba 001.2022.CPSE &#8211; Abertura das inscri\u00e7\u00f5es 02 &#8211; 18\u00ba Processo Seletivo &#8211; Edital n.\u00ba 002.2022.CPSE &#8211; Rela\u00e7\u00e3o provis\u00f3ria das inscri\u00e7\u00f5es deferidas (com prazo recursal) 2.1 &#8211; 18\u00ba Processo Seletivo &#8211; Formul\u00e1rio de Recurso &#8211; Contra a rela\u00e7\u00e3o provis\u00f3ria das inscri\u00e7\u00f5es&hellip;","_links":{"self":[{"href":"https:\/\/www.defensoria.se.def.br\/index.php?rest_route=\/wp\/v2\/pages\/29691"}],"collection":[{"href":"https:\/\/www.defensoria.se.def.br\/index.php?rest_route=\/wp\/v2\/pages"}],"about":[{"href":"https:\/\/www.defensoria.se.def.br\/index.php?rest_route=\/wp\/v2\/types\/page"}],"author":[{"embeddable":true,"href":"https:\/\/www.defensoria.se.def.br\/index.php?rest_route=\/wp\/v2\/users\/1"}],"replies":[{"embeddable":true,"href":"https:\/\/www.defensoria.se.def.br\/index.php?rest_route=%2Fwp%2Fv2%2Fcomments&post=29691"}],"version-history":[{"count":16,"href":"https:\/\/www.defensoria.se.def.br\/index.php?rest_route=\/wp\/v2\/pages\/29691\/revisions"}],"predecessor-version":[{"id":40492,"href":"https:\/\/www.defensoria.se.def.br\/index.php?rest_route=\/wp\/v2\/pages\/29691\/revisions\/40492"}],"up":[{"embeddable":true,"href":"https:\/\/www.defensoria.se.def.br\/index.php?rest_route=\/wp\/v2\/pages\/29689"}],"wp:attachment":[{"href":"https:\/\/www.defensoria.se.def.br\/index.php?rest_route=%2Fwp%2Fv2%2Fmedia&parent=29691"}],"curies":[{"name":"wp","href":"https:\/\/api.w.org\/{rel}","templated":true}]}}