{"id":300,"date":"2012-05-02T05:09:41","date_gmt":"2012-05-02T05:09:41","guid":{"rendered":"http:\/\/www.defensoria.se.def.br\/?page_id=300"},"modified":"2023-06-22T10:19:35","modified_gmt":"2023-06-22T13:19:35","slug":"estrutura-administrativa","status":"publish","type":"page","link":"https:\/\/www.defensoria.se.def.br\/?page_id=300","title":{"rendered":"Secret\u00e1rio Geral"},"content":{"rendered":"<p style=\"text-align: justify;\">\u00a0<\/p>\n<figure id=\"attachment_1929\" aria-describedby=\"caption-attachment-1929\" style=\"width: 300px\" class=\"wp-caption aligncenter\"><a href=\"http:\/\/www.defensoria.se.def.br\/wp-content\/uploads\/2012\/05\/almo.jpg\"><img loading=\"lazy\" decoding=\"async\" class=\"size-medium wp-image-1929\" title=\"almo\" src=\"http:\/\/www.defensoria.se.def.br\/wp-content\/uploads\/2012\/05\/almo-300x265.jpg\" alt=\"\" width=\"300\" height=\"265\" srcset=\"https:\/\/www.defensoria.se.def.br\/wp-content\/uploads\/2012\/05\/almo-300x265.jpg 300w, https:\/\/www.defensoria.se.def.br\/wp-content\/uploads\/2012\/05\/almo.jpg 709w\" sizes=\"(max-width: 300px) 100vw, 300px\" \/><\/a><figcaption id=\"caption-attachment-1929\" class=\"wp-caption-text\"><span style=\"font-size: medium;\"><strong>ALMO BATALHA BRITTO<\/strong><\/span><br \/>\nSECRET\u00c1RIO GERAL<\/figcaption><\/figure>\n<p style=\"text-align: justify;\"><em><span style=\"font-size: medium;\">Natural de Aracaju, Sergipe,\u00a0<strong>Almo Batalha Britto <\/strong>estudou parte do curso de Direito na Universidade Federal de Sergipe e formou-se na Funda\u00e7\u00e3o Universidade Regional do Nordeste (FURNE), em Jo\u00e3o Pessoa, Para\u00edba, no ano de 1985. Ingressou na Defensoria P\u00fablica do Estado no cargo de Defensor P\u00fablico em 1986. Atuou nas \u00e1reas C\u00edvel e Criminal nas Comarcas de Nossa Senhora da Gl\u00f3ria e S\u00e3o Crist\u00f3v\u00e3o. Em Itabaiana, exerceu as fun\u00e7\u00f5es na \u00e1rea Criminal e logo ap\u00f3s foi titular por 10 anos e seis meses na 5\u00aa Vara Criminal de Aracaju \u2013 1\u00ba Tribunal do Juri. Ocupou o cargo de Subdefensor P\u00fablico Geral por dois mandatos, foi Defensor P\u00fablico Geral durante seis meses \u2013 \u00e9poca de transi\u00e7\u00e3o das elei\u00e7\u00f5es e da independ\u00eancia funcional da institui\u00e7\u00e3o \u2013 e atualmente exerce o cargo de <strong>Secret\u00e1rio Geral<\/strong> desde o m\u00eas de Setembro de 2010.\u00a0\u00a0<\/span>\u00a0<\/em><\/p>\n","protected":false},"excerpt":{"rendered":"<p>\u00a0 Natural de Aracaju, Sergipe,\u00a0Almo Batalha Britto estudou parte do curso de Direito na Universidade Federal de Sergipe e formou-se na Funda\u00e7\u00e3o Universidade Regional do Nordeste (FURNE), em Jo\u00e3o Pessoa, Para\u00edba, no ano de 1985. Ingressou na Defensoria P\u00fablica do Estado no cargo de Defensor P\u00fablico em 1986. Atuou nas \u00e1reas C\u00edvel e Criminal nas &hellip;<\/p>\n<p class=\"read-more\"> <a class=\"\" href=\"https:\/\/www.defensoria.se.def.br\/?page_id=300\"> <span class=\"screen-reader-text\">Secret\u00e1rio Geral<\/span> Read More &raquo;<\/a><\/p>\n","protected":false},"author":6,"featured_media":0,"parent":589,"menu_order":1,"comment_status":"closed","ping_status":"closed","template":"","meta":{"_eb_attr":"","_uag_custom_page_level_css":"","site-sidebar-layout":"default","site-content-layout":"","ast-site-content-layout":"","site-content-style":"default","site-sidebar-style":"default","ast-global-header-display":"","ast-banner-title-visibility":"","ast-main-header-display":"","ast-hfb-above-header-display":"","ast-hfb-below-header-display":"","ast-hfb-mobile-header-display":"","site-post-title":"","ast-breadcrumbs-content":"","ast-featured-img":"","footer-sml-layout":"","theme-transparent-header-meta":"","adv-header-id-meta":"","stick-header-meta":"","header-above-stick-meta":"","header-main-stick-meta":"","header-below-stick-meta":"","astra-migrate-meta-layouts":"","footnotes":""},"class_list":["post-300","page","type-page","status-publish","hentry"],"uagb_featured_image_src":{"full":false,"thumbnail":false,"medium":false,"medium_large":false,"large":false,"1536x1536":false,"2048x2048":false},"uagb_author_info":{"display_name":"administrador","author_link":"https:\/\/www.defensoria.se.def.br\/?author=6"},"uagb_comment_info":0,"uagb_excerpt":"\u00a0 Natural de Aracaju, Sergipe,\u00a0Almo Batalha Britto estudou parte do curso de Direito na Universidade Federal de Sergipe e formou-se na Funda\u00e7\u00e3o Universidade Regional do Nordeste (FURNE), em Jo\u00e3o Pessoa, Para\u00edba, no ano de 1985. Ingressou na Defensoria P\u00fablica do Estado no cargo de Defensor P\u00fablico em 1986. Atuou nas \u00e1reas C\u00edvel e Criminal nas&hellip;","_links":{"self":[{"href":"https:\/\/www.defensoria.se.def.br\/index.php?rest_route=\/wp\/v2\/pages\/300"}],"collection":[{"href":"https:\/\/www.defensoria.se.def.br\/index.php?rest_route=\/wp\/v2\/pages"}],"about":[{"href":"https:\/\/www.defensoria.se.def.br\/index.php?rest_route=\/wp\/v2\/types\/page"}],"author":[{"embeddable":true,"href":"https:\/\/www.defensoria.se.def.br\/index.php?rest_route=\/wp\/v2\/users\/6"}],"replies":[{"embeddable":true,"href":"https:\/\/www.defensoria.se.def.br\/index.php?rest_route=%2Fwp%2Fv2%2Fcomments&post=300"}],"version-history":[{"count":12,"href":"https:\/\/www.defensoria.se.def.br\/index.php?rest_route=\/wp\/v2\/pages\/300\/revisions"}],"predecessor-version":[{"id":33194,"href":"https:\/\/www.defensoria.se.def.br\/index.php?rest_route=\/wp\/v2\/pages\/300\/revisions\/33194"}],"up":[{"embeddable":true,"href":"https:\/\/www.defensoria.se.def.br\/index.php?rest_route=\/wp\/v2\/pages\/589"}],"wp:attachment":[{"href":"https:\/\/www.defensoria.se.def.br\/index.php?rest_route=%2Fwp%2Fv2%2Fmedia&parent=300"}],"curies":[{"name":"wp","href":"https:\/\/api.w.org\/{rel}","templated":true}]}}