{"id":30252,"date":"2022-11-21T15:13:58","date_gmt":"2022-11-21T18:13:58","guid":{"rendered":"https:\/\/www.defensoria.se.def.br\/?page_id=30252"},"modified":"2024-10-04T11:07:41","modified_gmt":"2024-10-04T14:07:41","slug":"ps-no-18-editais-de-convocacao","status":"publish","type":"page","link":"https:\/\/www.defensoria.se.def.br\/?page_id=30252","title":{"rendered":"PS N\u00ba 18 \u2013 Editais de convoca\u00e7\u00e3o"},"content":{"rendered":"\n<h2 class=\"wp-block-heading has-text-align-center has-ast-global-color-0-color has-text-color has-link-color wp-elements-7a6587d6d9c6f8c4e2b878ecbd4e96ec\"><br><br><strong>PS N\u00ba 18 \u2013 Editais de convoca\u00e7\u00e3o<br><\/strong><\/h2>\n\n\n\n<h4 class=\"wp-block-heading has-text-align-center\"><br><br><span style=\"color: #000000;\"><a href=\"https:\/\/www.defensoria.se.def.br\/wp-content\/uploads\/2020\/10\/Requerimento-para-Pedido-de-Final-de-Lista-de-Estagi\u00e1rios.docx\">Requerimento para Pedido de Final de Lista de Estagi\u00e1rios<\/a><\/span><\/h4>\n\n\n\n<figure class=\"wp-block-table aligncenter is-style-stripes\"><table><tbody><tr><td class=\"has-text-align-left\" data-align=\"left\"><span style=\"color: #000000;\"><a href=\"https:\/\/www.defensoria.se.def.br\/wp-content\/uploads\/2022\/11\/Edital-GDPG-n\u00ba-036.2022-Convoca\u00e7\u00e3o-de-Estagi\u00e1rios-18\u00ba-PSE-Itaporanga-e-Laranjeiras-Direito-Aracaju-C.-Cont\u00e1beis.pdf\">Edital GDPG n\u00ba 036.2022 &#8211; Convoca\u00e7\u00e3o de Estagi\u00e1rios &#8211; 18\u00ba PSE &#8211; Itaporanga e Laranjeiras (Direito) &#8211; Aracaju (C. Cont\u00e1beis)<\/a><\/span><\/td><td><br><span style=\"color: #000000;\"><strong>Publica\u00e7\u00e3o 21\/11\/2022<\/strong><\/span><br><span style=\"color: #000000;\"><strong>Convoca\u00e7\u00e3o 25\/11\/2022<\/strong><\/span><br><br><\/td><\/tr><tr><td class=\"has-text-align-left\" data-align=\"left\"><span style=\"color: #000000;\"><a href=\"https:\/\/www.defensoria.se.def.br\/wp-content\/uploads\/2022\/11\/EDITAL-GSPG-074.2022-Convoca\u00e7\u00e3o-de-Estagi\u00e1rios-18\u00ba-PSE-Itabaiana-Direito.pdf\">EDITAL GSPG 074.2022 &#8211; Convoca\u00e7\u00e3o de Estagi\u00e1rios &#8211; 18\u00ba PSE &#8211; Itabaiana (Direito)<\/a><\/span><\/td><td><br><span style=\"color: #000000;\"><strong>Publica\u00e7\u00e3o 22\/12\/2022<\/strong><\/span><br><span style=\"color: #000000;\"><strong>Convoca\u00e7\u00e3o 26\/12\/2022<\/strong><\/span><br><br><\/td><\/tr><tr><td class=\"has-text-align-left\" data-align=\"left\"><span style=\"color: #000000;\"><a href=\"https:\/\/www.defensoria.se.def.br\/wp-content\/uploads\/2022\/11\/EDITAL-GSPG-001.2023-Convoca\u00e7\u00e3o-de-Estagi\u00e1rios-18\u00ba-PSE-Direito-EST\u00c2NCIA.pdf\">EDITAL GSPG 001.2023 &#8211; Convoca\u00e7\u00e3o de Estagi\u00e1rios (18\u00ba PSE) &#8211; Direito EST\u00c2NCIA<\/a><\/span><\/td><td><br><span style=\"color: #000000;\"><strong>Publica\u00e7\u00e3o 10\/01\/2023<\/strong><\/span><br><span style=\"color: #000000;\"><strong>Convoca\u00e7\u00e3o 13\/01\/2023<\/strong><\/span><br><br><\/td><\/tr><tr><td class=\"has-text-align-left\" data-align=\"left\"><span style=\"color: #000000;\"><a href=\"https:\/\/www.defensoria.se.def.br\/wp-content\/uploads\/2022\/11\/EDITAL-GSPG-012.2023-Convoca\u00e7\u00e3o-de-Estagi\u00e1rios-18\u00ba-PSE-Nossa-Senhora-do-Socorro-Direito.pdf\">EDITAL GSPG 012.2023 &#8211; Convoca\u00e7\u00e3o de Estagi\u00e1rios (18\u00ba PSE) &#8211; Nossa Senhora do Socorro (Direito)<\/a><\/span><\/td><td><br><span style=\"color: #000000;\"><strong>Publica\u00e7\u00e3o 02\/02\/2023<\/strong><\/span><br><span style=\"color: #000000;\"><strong>Convoca\u00e7\u00e3o 06\/02\/2023<\/strong><\/span><br><br><\/td><\/tr><tr><td class=\"has-text-align-left\" data-align=\"left\"><span style=\"color: #000000;\"><a href=\"https:\/\/www.defensoria.se.def.br\/wp-content\/uploads\/2022\/11\/EDITAL-GSPG-016.2023-Convoca\u00e7\u00e3o-de-Estagi\u00e1rios-18\u00ba-PSE-S\u00e3o-Crist\u00f3v\u00e3o-Direito.pdf\">EDITAL GSPG 016.2023 &#8211; Convoca\u00e7\u00e3o de Estagi\u00e1rios (18\u00ba PSE) &#8211; S\u00e3o Crist\u00f3v\u00e3o (Direito)<\/a><\/span><\/td><td><br><span style=\"color: #000000;\"><strong>Publica\u00e7\u00e3o 06\/02\/2023<\/strong><\/span><br><span style=\"color: #000000;\"><strong>Convoca\u00e7\u00e3o 09\/02\/2023<\/strong><\/span><br><br><\/td><\/tr><tr><td class=\"has-text-align-left\" data-align=\"left\"><span style=\"color: #000000;\"><a href=\"https:\/\/www.defensoria.se.def.br\/wp-content\/uploads\/2022\/11\/EDITAL-GSPG-019.2023-Convoca\u00e7\u00e3o-de-Estagi\u00e1rios-18\u00ba-PSE-S\u00e3o-Crist\u00f3v\u00e3o-Direito.pdf\">EDITAL GSPG 019.2023 &#8211; Convoca\u00e7\u00e3o de Estagi\u00e1rios (18\u00ba PSE) &#8211; S\u00e3o Crist\u00f3v\u00e3o (Direito)<\/a><\/span><\/td><td><br><span style=\"color: #000000;\"><strong>Publica\u00e7\u00e3o 13\/02\/2023<\/strong><\/span><br><span style=\"color: #000000;\"><strong>Convoca\u00e7\u00e3o 15\/02\/2023<\/strong><\/span><br><br><\/td><\/tr><tr><td class=\"has-text-align-left\" data-align=\"left\"><span style=\"color: #000000;\"><a href=\"https:\/\/www.defensoria.se.def.br\/wp-content\/uploads\/2022\/11\/EDITAL-GSPG-022.2023-Convoca\u00e7\u00e3o-de-Estagi\u00e1rios-18\u00ba-PSE-S\u00e3o-Crsit\u00f3v\u00e3o-Direito.pdf\">EDITAL GSPG 022.2023 &#8211; Convoca\u00e7\u00e3o de Estagi\u00e1rios (18\u00ba PSE) &#8211; S\u00e3o Crsit\u00f3v\u00e3o (Direito)<\/a><\/span><\/td><td><br><span style=\"color: #000000;\"><strong>Publica\u00e7\u00e3o 13\/02\/2023<\/strong><\/span><br><span style=\"color: #000000;\"><strong>Convoca\u00e7\u00e3o 27\/02\/2023<\/strong><\/span><br><br><\/td><\/tr><tr><td class=\"has-text-align-left\" data-align=\"left\"><span style=\"color: #000000;\"><a href=\"https:\/\/www.defensoria.se.def.br\/wp-content\/uploads\/2022\/11\/EDITAL-GSPG-027.2023-Convoca\u00e7\u00e3o-de-Estagi\u00e1rios-18\u00ba-PSE-Socorro-Direito.pdf\">EDITAL GSPG 027.2023 &#8211; Convoca\u00e7\u00e3o de Estagi\u00e1rios (18\u00ba PSE) &#8211; Socorro (Direito)<\/a><\/span><\/td><td><br><span style=\"color: #000000;\"><strong>Publica\u00e7\u00e3o 02\/03\/2023<\/strong><\/span><br><span style=\"color: #000000;\"><strong>Convoca\u00e7\u00e3o 07\/03\/2023<\/strong><\/span><br><br><\/td><\/tr><tr><td class=\"has-text-align-left\" data-align=\"left\"><span style=\"color: #000000;\"><a href=\"https:\/\/www.defensoria.se.def.br\/wp-content\/uploads\/2022\/11\/EDITAL-GSPG-036.2023-Convoca\u00e7\u00e3o-de-Estagi\u00e1rios-18\u00ba-PSE-Aracaju-Administra\u00e7\u00e3o.pdf\">EDITAL GSPG 036.2023 &#8211; Convoca\u00e7\u00e3o de Estagi\u00e1rios (18\u00ba PSE) &#8211; Aracaju (Administra\u00e7\u00e3o)<\/a><\/span><\/td><td><br><span style=\"color: #000000;\"><strong>Publica\u00e7\u00e3o 22\/03\/2023<\/strong><\/span><br><span style=\"color: #000000;\"><strong>Convoca\u00e7\u00e3o 24\/03\/2023<\/strong><\/span><br><br><\/td><\/tr><tr><td class=\"has-text-align-left\" data-align=\"left\"><span style=\"color: #000000;\"><a href=\"https:\/\/www.defensoria.se.def.br\/wp-content\/uploads\/2022\/11\/EDITAL-GSPG-043.2023-Convoca\u00e7\u00e3o-de-Estagi\u00e1rios-18\u00ba-PSE-S\u00e3o-Cristov\u00e3o-Direito.pdf\">EDITAL GSPG 043.2023 &#8211; Convoca\u00e7\u00e3o de Estagi\u00e1rios (18\u00ba PSE) &#8211; S\u00e3o Cristov\u00e3o (Direito)<\/a><\/span><\/td><td><br><span style=\"color: #000000;\"><strong>Publica\u00e7\u00e3o 10\/04\/2023<\/strong><\/span><br><span style=\"color: #000000;\"><strong>Convoca\u00e7\u00e3o 12\/04\/2023<\/strong><\/span><br><br><\/td><\/tr><tr><td class=\"has-text-align-left\" data-align=\"left\"><span style=\"color: #000000;\"><a href=\"https:\/\/www.defensoria.se.def.br\/wp-content\/uploads\/2022\/11\/EDITAL-GSPG-047.2023-Convoca\u00e7\u00e3o-de-Estagi\u00e1rios-18\u00ba-PSE-S\u00e3o-Cristov\u00e3o-Direito.pdf\">EDITAL GSPG 047.2023 &#8211; Convoca\u00e7\u00e3o de Estagi\u00e1rios (18\u00ba PSE) &#8211; S\u00e3o Cristov\u00e3o (Direito)<\/a><\/span><\/td><td><br><span style=\"color: #000000;\"><strong>Publica\u00e7\u00e3o 25\/04\/2023<\/strong><\/span><br><span style=\"color: #000000;\"><strong>Convoca\u00e7\u00e3o 27\/04\/2023<\/strong><\/span><br><br><\/td><\/tr><tr><td class=\"has-text-align-left\" data-align=\"left\"><span style=\"color: #000000;\"><a href=\"https:\/\/www.defensoria.se.def.br\/wp-content\/uploads\/2022\/11\/EDITAL-GSPG-049.2023-Convoca\u00e7\u00e3o-de-Estagi\u00e1rios-18\u00ba-PSE-S\u00e3o-Crist\u00f3v\u00e3o-Direito-1.pdf\">EDITAL GSPG 049.2023 &#8211; Convoca\u00e7\u00e3o de Estagi\u00e1rios (18\u00ba PSE) &#8211; S\u00e3o Crist\u00f3v\u00e3o (Direito) (1)<\/a><\/span><\/td><td><br><span style=\"color: #000000;\"><strong>Publica\u00e7\u00e3o 28\/04\/2023<\/strong><\/span><br><span style=\"color: #000000;\"><strong>Convoca\u00e7\u00e3o 03\/05\/2023<\/strong><\/span><br><br><\/td><\/tr><tr><td class=\"has-text-align-left\" data-align=\"left\"><span style=\"color: #000000;\"><a href=\"https:\/\/www.defensoria.se.def.br\/wp-content\/uploads\/2022\/11\/EDITAL-GSPG-052.2023-Convoca\u00e7\u00e3o-de-Estagi\u00e1rios-18\u00ba-PSE-S\u00e3o-Crist\u00f3v\u00e3o-Direito.pdf\">EDITAL GSPG 052.2023 &#8211; Convoca\u00e7\u00e3o de Estagi\u00e1rios (18\u00ba PSE) &#8211; S\u00e3o Crist\u00f3v\u00e3o (Direito)<\/a> <\/span><\/td><td><br><span style=\"color: #000000;\"><strong>Publica\u00e7\u00e3o 08\/05\/2023<\/strong><\/span><br><span style=\"color: #000000;\"><strong>Convoca\u00e7\u00e3o 10\/05\/2023<\/strong><\/span><br><br><\/td><\/tr><tr><td class=\"has-text-align-left\" data-align=\"left\"><span style=\"color: #000000;\"><a href=\"https:\/\/www.defensoria.se.def.br\/wp-content\/uploads\/2022\/11\/EDITAL-GSPG-054.2023-Convoca\u00e7\u00e3o-de-Estagi\u00e1rios-18\u00ba-PSE-S\u00e3o-Crist\u00f3v\u00e3o-Direito.pdf\">EDITAL GSPG 054.2023 &#8211; Convoca\u00e7\u00e3o de Estagi\u00e1rios (18\u00ba PSE) &#8211; S\u00e3o Crist\u00f3v\u00e3o (Direito)<\/a><\/span><\/td><td><br><span style=\"color: #000000;\"><strong>Publica\u00e7\u00e3o 10\/05\/2023<\/strong><\/span><br><span style=\"color: #000000;\"><strong>Convoca\u00e7\u00e3o 11\/05\/2023<\/strong><\/span><br><br><\/td><\/tr><tr><td class=\"has-text-align-left\" data-align=\"left\"><span style=\"color: #000000;\"><a href=\"https:\/\/www.defensoria.se.def.br\/wp-content\/uploads\/2022\/11\/EDITAL-GSPG-055.2023-Convoca\u00e7\u00e3o-de-Estagi\u00e1rios-18\u00ba-PSE-S\u00e3o-Crist\u00f3v\u00e3o-Direito-FINAL-DE-LISTA.pdf\">EDITAL GSPG 055.2023 &#8211; Convoca\u00e7\u00e3o de Estagi\u00e1rios (18\u00ba PSE) &#8211; S\u00e3o Crist\u00f3v\u00e3o (Direito) &#8211; FINAL DE LISTA<\/a><\/span><\/td><td><br><span style=\"color: #000000;\"><strong>Publica\u00e7\u00e3o 10\/05\/2023<\/strong><\/span><br><span style=\"color: #000000;\"><strong>Convoca\u00e7\u00e3o 11\/05\/2023<\/strong><\/span><br><br><\/td><\/tr><tr><td class=\"has-text-align-left\" data-align=\"left\"><span style=\"color: #000000;\"><a href=\"https:\/\/www.defensoria.se.def.br\/wp-content\/uploads\/2022\/11\/EDITAL-GSPG-064.2023-Convoca\u00e7\u00e3o-de-Estagi\u00e1rios-18\u00ba-PSE-Socorro-Direito.pdf\">EDITAL GSPG 064.2023 &#8211; Convoca\u00e7\u00e3o de Estagi\u00e1rios (18\u00ba PSE) &#8211; Socorro (Direito)<\/a><\/span><\/td><td><br><span style=\"color: #000000;\"><strong>Publica\u00e7\u00e3o 06\/06\/2023<\/strong><\/span><br><span style=\"color: #000000;\"><strong>Convoca\u00e7\u00e3o 09\/06\/2023<\/strong><\/span><br><br><\/td><\/tr><tr><td class=\"has-text-align-left\" data-align=\"left\"><span style=\"color: #000000;\"><a href=\"https:\/\/www.defensoria.se.def.br\/wp-content\/uploads\/2022\/11\/EDITAL-GDPG-011.2023-Convoca\u00e7\u00e3o-de-Estagi\u00e1rios-18\u00ba-PSE-Socorro-Direito-ASSINADO.pdf\">EDITAL GDPG 011.2023 &#8211; Convoca\u00e7\u00e3o de Estagi\u00e1rios (18\u00ba PSE) &#8211; Socorro (Direito) &#8211; ASSINADO<\/a><\/span><\/td><td><br><span style=\"color: #000000;\"><strong>Publica\u00e7\u00e3o 22\/06\/2023<\/strong><\/span><br><span style=\"color: #000000;\"><strong>Convoca\u00e7\u00e3o 22\/06\/2023<\/strong><\/span><br><br><\/td><\/tr><tr><td class=\"has-text-align-left\" data-align=\"left\"><span style=\"color: #000000;\"><a href=\"https:\/\/www.defensoria.se.def.br\/wp-content\/uploads\/2022\/11\/EDITAL-GDPG-012.2023-Convoca\u00e7\u00e3o-de-Estagi\u00e1rios-18\u00ba-PSE-S\u00e3o-Crist\u00f3v\u00e3o-Direito-Final-de-lista-ASSINADO.pdf\" target=\"_blank\" rel=\"noreferrer noopener\">EDITAL GDPG 012.2023 &#8211; Convoca\u00e7\u00e3o de Estagi\u00e1rios (18\u00ba PSE) &#8211; S\u00e3o Crist\u00f3v\u00e3o (Direito) &#8211; Final de lista &#8211; ASSINADO<\/a><\/span><\/td><td><br><span style=\"color: #000000;\"><strong>Publica\u00e7\u00e3o 22\/06\/2023<\/strong><\/span><br><span style=\"color: #000000;\"><strong>Convoca\u00e7\u00e3o 23\/06\/2023<\/strong><\/span><br><br><\/td><\/tr><tr><td class=\"has-text-align-left\" data-align=\"left\"><span style=\"color: #000000;\"><a>EDITAL GSPG 073.2023 &#8211; Convoca\u00e7\u00e3o de Estagi\u00e1rios (18\u00ba PSE) &#8211; Socorro (Direito)<\/a><\/span><\/td><td><br><span style=\"color: #000000;\"><strong>Publica\u00e7\u00e3o 21\/07\/2023<\/strong><\/span><br><span style=\"color: #000000;\"><strong>Convoca\u00e7\u00e3o 26\/07\/2023<\/strong><\/span><br><br><\/td><\/tr><\/tbody><\/table><\/figure>\n\n\n\n<div class=\"wp-block-uagb-container uagb-block-12b94b26 alignfull uagb-is-root-container\"><div class=\"uagb-container-inner-blocks-wrap\">\n<p><br><br><br><br><\/p>\n<\/div><\/div>\n","protected":false},"excerpt":{"rendered":"<p>PS N\u00ba 18 \u2013 Editais de convoca\u00e7\u00e3o Requerimento para Pedido de Final de Lista de Estagi\u00e1rios Edital GDPG n\u00ba 036.2022 &#8211; Convoca\u00e7\u00e3o de Estagi\u00e1rios &#8211; 18\u00ba PSE &#8211; Itaporanga e Laranjeiras (Direito) &#8211; Aracaju (C. Cont\u00e1beis) Publica\u00e7\u00e3o 21\/11\/2022Convoca\u00e7\u00e3o 25\/11\/2022 EDITAL GSPG 074.2022 &#8211; Convoca\u00e7\u00e3o de Estagi\u00e1rios &#8211; 18\u00ba PSE &#8211; Itabaiana (Direito) Publica\u00e7\u00e3o 22\/12\/2022Convoca\u00e7\u00e3o 26\/12\/2022 &hellip;<\/p>\n<p class=\"read-more\"> <a class=\"\" href=\"https:\/\/www.defensoria.se.def.br\/?page_id=30252\"> <span class=\"screen-reader-text\">PS N\u00ba 18 \u2013 Editais de convoca\u00e7\u00e3o<\/span> Read More &raquo;<\/a><\/p>\n","protected":false},"author":1,"featured_media":0,"parent":29689,"menu_order":0,"comment_status":"closed","ping_status":"closed","template":"","meta":{"_eb_attr":"","_uag_custom_page_level_css":"","site-sidebar-layout":"default","site-content-layout":"","ast-site-content-layout":"","site-content-style":"default","site-sidebar-style":"default","ast-global-header-display":"","ast-banner-title-visibility":"","ast-main-header-display":"","ast-hfb-above-header-display":"","ast-hfb-below-header-display":"","ast-hfb-mobile-header-display":"","site-post-title":"","ast-breadcrumbs-content":"","ast-featured-img":"","footer-sml-layout":"","theme-transparent-header-meta":"","adv-header-id-meta":"","stick-header-meta":"","header-above-stick-meta":"","header-main-stick-meta":"","header-below-stick-meta":"","astra-migrate-meta-layouts":"","footnotes":""},"class_list":["post-30252","page","type-page","status-publish","hentry"],"uagb_featured_image_src":{"full":false,"thumbnail":false,"medium":false,"medium_large":false,"large":false,"1536x1536":false,"2048x2048":false},"uagb_author_info":{"display_name":"admin","author_link":"https:\/\/www.defensoria.se.def.br\/?author=1"},"uagb_comment_info":0,"uagb_excerpt":"PS N\u00ba 18 \u2013 Editais de convoca\u00e7\u00e3o Requerimento para Pedido de Final de Lista de Estagi\u00e1rios Edital GDPG n\u00ba 036.2022 &#8211; Convoca\u00e7\u00e3o de Estagi\u00e1rios &#8211; 18\u00ba PSE &#8211; Itaporanga e Laranjeiras (Direito) &#8211; Aracaju (C. Cont\u00e1beis) Publica\u00e7\u00e3o 21\/11\/2022Convoca\u00e7\u00e3o 25\/11\/2022 EDITAL GSPG 074.2022 &#8211; Convoca\u00e7\u00e3o de Estagi\u00e1rios &#8211; 18\u00ba PSE &#8211; Itabaiana (Direito) Publica\u00e7\u00e3o 22\/12\/2022Convoca\u00e7\u00e3o 26\/12\/2022&hellip;","_links":{"self":[{"href":"https:\/\/www.defensoria.se.def.br\/index.php?rest_route=\/wp\/v2\/pages\/30252"}],"collection":[{"href":"https:\/\/www.defensoria.se.def.br\/index.php?rest_route=\/wp\/v2\/pages"}],"about":[{"href":"https:\/\/www.defensoria.se.def.br\/index.php?rest_route=\/wp\/v2\/types\/page"}],"author":[{"embeddable":true,"href":"https:\/\/www.defensoria.se.def.br\/index.php?rest_route=\/wp\/v2\/users\/1"}],"replies":[{"embeddable":true,"href":"https:\/\/www.defensoria.se.def.br\/index.php?rest_route=%2Fwp%2Fv2%2Fcomments&post=30252"}],"version-history":[{"count":29,"href":"https:\/\/www.defensoria.se.def.br\/index.php?rest_route=\/wp\/v2\/pages\/30252\/revisions"}],"predecessor-version":[{"id":40498,"href":"https:\/\/www.defensoria.se.def.br\/index.php?rest_route=\/wp\/v2\/pages\/30252\/revisions\/40498"}],"up":[{"embeddable":true,"href":"https:\/\/www.defensoria.se.def.br\/index.php?rest_route=\/wp\/v2\/pages\/29689"}],"wp:attachment":[{"href":"https:\/\/www.defensoria.se.def.br\/index.php?rest_route=%2Fwp%2Fv2%2Fmedia&parent=30252"}],"curies":[{"name":"wp","href":"https:\/\/api.w.org\/{rel}","templated":true}]}}