{"id":30310,"date":"2022-11-28T10:30:29","date_gmt":"2022-11-28T13:30:29","guid":{"rendered":"https:\/\/www.defensoria.se.def.br\/?page_id=30310"},"modified":"2024-10-04T10:25:54","modified_gmt":"2024-10-04T13:25:54","slug":"fases-do-processo-seletivo-no19","status":"publish","type":"page","link":"https:\/\/www.defensoria.se.def.br\/?page_id=30310","title":{"rendered":"FASES DO PROCESSO SELETIVO N\u00ba19"},"content":{"rendered":"\n<h2 class=\"wp-block-heading has-text-align-center has-ast-global-color-0-color has-text-color has-link-color wp-elements-50dcd02ab465c3e81e0f624a3bccad63\"><br><br><strong>FASES DO PROCESSO SELETIVO N\u00ba19<\/strong><\/h2>\n\n\n\n<h3 class=\"wp-block-heading\">&nbsp;<\/h3>\n\n\n\n<p>&nbsp;<\/p>\n\n\n\n<h5 class=\"wp-block-heading\"><strong>Acesse abaixo:<\/strong><\/h5>\n\n\n\n<p class=\"has-medium-font-size\"><span style=\"color: #000000;\"><a href=\"https:\/\/www.defensoria.se.def.br\/wp-content\/uploads\/2022\/11\/01-19\u00ba-Processo-Seletivo-Edital-n.\u00ba-001.2022.CPSE-Abertura-das-inscri\u00e7\u00f5es.pdf\">01 &#8211; 19\u00ba Processo Seletivo &#8211; Edital n.\u00ba 001.2022.CPSE &#8211; Abertura das inscri\u00e7\u00f5es<\/a><\/span><\/p>\n\n\n\n<p class=\"has-medium-font-size\"><span style=\"color: #000000;\"><a href=\"https:\/\/www.defensoria.se.def.br\/wp-content\/uploads\/2022\/11\/02-19\u00ba-Processo-Seletivo-Edital-n.\u00ba-002.2022.CPSE-Prorroga\u00e7\u00e3o-das-inscri\u00e7\u00f5es.pdf\">02 &#8211; 19\u00ba Processo Seletivo &#8211; Edital n.\u00ba 002.2022.CPSE &#8211; Prorroga\u00e7\u00e3o das inscri\u00e7\u00f5es<\/a><\/span><\/p>\n\n\n\n<p class=\"has-medium-font-size\"><span style=\"color: #000000;\"><a href=\"https:\/\/www.defensoria.se.def.br\/wp-content\/uploads\/2022\/11\/03-19\u00ba-Processo-Seletivo-Edital-n.\u00ba-003.2022.CPSE-Lista-Provis\u00f3ria-dos-Inscritos.pdf\">03 &#8211; 19\u00ba Processo Seletivo &#8211; Edital n.\u00ba 003.2022.CPSE &#8211; Lista Provis\u00f3ria dos Inscritos<\/a><\/span><\/p>\n\n\n\n<p class=\"has-medium-font-size\"><span style=\"color: #000000;\"><a href=\"https:\/\/www.defensoria.se.def.br\/wp-content\/uploads\/2022\/11\/3.1-19\u00ba-Processo-Seletivo-Formul\u00e1rio-de-Recurso-Contra-a-lista-provis\u00f3ria-dos-inscritos.docx\">3.1 &#8211; 19\u00ba Processo Seletivo &#8211; Formul\u00e1rio de Recurso &#8211; Contra a lista provis\u00f3ria dos inscritos<\/a><\/span><\/p>\n\n\n\n<p class=\"has-medium-font-size\"><span style=\"color: #000000;\"><a href=\"https:\/\/www.defensoria.se.def.br\/wp-content\/uploads\/2022\/11\/04-19\u00ba-Processo-Seletivo-Edital-n.\u00ba-004.2022.CPSE-Lista-Definitiva-dos-Inscritos.pdf\">04 &#8211; 19\u00ba Processo Seletivo &#8211; Edital n.\u00ba 004.2022.CPSE &#8211; Lista Definitiva dos Inscritos<\/a><\/span><\/p>\n\n\n\n<p class=\"has-medium-font-size\"><span style=\"color: #000000;\"><a href=\"https:\/\/www.defensoria.se.def.br\/wp-content\/uploads\/2022\/11\/05-19\u00ba-Processo-Seletivo-Edital-n.\u00ba-005.2022.CPSE-Convoca\u00e7\u00e3o-para-Entrevista-de-Heteroidentifica\u00e7\u00e3o.pdf\">05 &#8211; 19\u00ba Processo Seletivo &#8211; Edital n.\u00ba 005.2022.CPSE &#8211; Convoca\u00e7\u00e3o para Entrevista de Heteroidentifica\u00e7\u00e3o<\/a><\/span><\/p>\n\n\n\n<p class=\"has-medium-font-size\"><span style=\"color: #000000;\"><a href=\"https:\/\/www.defensoria.se.def.br\/wp-content\/uploads\/2022\/11\/06-19\u00ba-Processo-Seletivo-Edital-n.\u00ba-006.2023.CPSE-Classifica\u00e7\u00e3o-Provis\u00f3ria-e-Prazo-de-Recurso.pdf\">06 &#8211; 19\u00ba Processo Seletivo &#8211; Edital n.\u00ba 006.2023.CPSE &#8211; Classifica\u00e7\u00e3o Provis\u00f3ria e Prazo de Recurso<\/a><\/span><\/p>\n\n\n\n<p class=\"has-medium-font-size\"><span style=\"color: #000000;\"><a href=\"https:\/\/www.defensoria.se.def.br\/wp-content\/uploads\/2022\/11\/6.1-19\u00ba-Processo-Seletivo-Formul\u00e1rio-de-Recurso-Contra-a-Classifica\u00e7\u00e3o-Provis\u00f3ria.pdf\">6.1 &#8211; 19\u00ba Processo Seletivo &#8211; Formul\u00e1rio de Recurso &#8211; Contra a Classifica\u00e7\u00e3o Provis\u00f3ria<\/a><\/span><\/p>\n\n\n\n<p class=\"has-medium-font-size\"><span style=\"color: #000000;\"><a href=\"https:\/\/www.defensoria.se.def.br\/wp-content\/uploads\/2022\/11\/07-19\u00ba-Processo-Seletivo-Edital-n.\u00ba-007.2023.CPSE-Classifica\u00e7\u00e3o-Definitiva-e-Homologa\u00e7\u00e3o.pdf\">07 &#8211; 19\u00ba Processo Seletivo &#8211; Edital n.\u00ba 007.2023.CPSE &#8211; Classifica\u00e7\u00e3o Definitiva e Homologa\u00e7\u00e3o<\/a><\/span><\/p>\n\n\n\n<p>\u00a0<br><br><br><br><\/p>\n","protected":false},"excerpt":{"rendered":"<p>FASES DO PROCESSO SELETIVO N\u00ba19 &nbsp; &nbsp; Acesse abaixo: 01 &#8211; 19\u00ba Processo Seletivo &#8211; Edital n.\u00ba 001.2022.CPSE &#8211; Abertura das inscri\u00e7\u00f5es 02 &#8211; 19\u00ba Processo Seletivo &#8211; Edital n.\u00ba 002.2022.CPSE &#8211; Prorroga\u00e7\u00e3o das inscri\u00e7\u00f5es 03 &#8211; 19\u00ba Processo Seletivo &#8211; Edital n.\u00ba 003.2022.CPSE &#8211; Lista Provis\u00f3ria dos Inscritos 3.1 &#8211; 19\u00ba Processo Seletivo &#8211; &hellip;<\/p>\n<p class=\"read-more\"> <a class=\"\" href=\"https:\/\/www.defensoria.se.def.br\/?page_id=30310\"> <span class=\"screen-reader-text\">FASES DO PROCESSO SELETIVO N\u00ba19<\/span> Read More &raquo;<\/a><\/p>\n","protected":false},"author":1,"featured_media":0,"parent":30306,"menu_order":0,"comment_status":"closed","ping_status":"closed","template":"","meta":{"_eb_attr":"","_uag_custom_page_level_css":"","site-sidebar-layout":"default","site-content-layout":"","ast-site-content-layout":"","site-content-style":"default","site-sidebar-style":"default","ast-global-header-display":"","ast-banner-title-visibility":"","ast-main-header-display":"","ast-hfb-above-header-display":"","ast-hfb-below-header-display":"","ast-hfb-mobile-header-display":"","site-post-title":"","ast-breadcrumbs-content":"","ast-featured-img":"","footer-sml-layout":"","theme-transparent-header-meta":"","adv-header-id-meta":"","stick-header-meta":"","header-above-stick-meta":"","header-main-stick-meta":"","header-below-stick-meta":"","astra-migrate-meta-layouts":"","footnotes":""},"class_list":["post-30310","page","type-page","status-publish","hentry"],"uagb_featured_image_src":{"full":false,"thumbnail":false,"medium":false,"medium_large":false,"large":false,"1536x1536":false,"2048x2048":false},"uagb_author_info":{"display_name":"admin","author_link":"https:\/\/www.defensoria.se.def.br\/?author=1"},"uagb_comment_info":0,"uagb_excerpt":"FASES DO PROCESSO SELETIVO N\u00ba19 &nbsp; &nbsp; Acesse abaixo: 01 &#8211; 19\u00ba Processo Seletivo &#8211; Edital n.\u00ba 001.2022.CPSE &#8211; Abertura das inscri\u00e7\u00f5es 02 &#8211; 19\u00ba Processo Seletivo &#8211; Edital n.\u00ba 002.2022.CPSE &#8211; Prorroga\u00e7\u00e3o das inscri\u00e7\u00f5es 03 &#8211; 19\u00ba Processo Seletivo &#8211; Edital n.\u00ba 003.2022.CPSE &#8211; Lista Provis\u00f3ria dos Inscritos 3.1 &#8211; 19\u00ba Processo Seletivo &#8211;&hellip;","_links":{"self":[{"href":"https:\/\/www.defensoria.se.def.br\/index.php?rest_route=\/wp\/v2\/pages\/30310"}],"collection":[{"href":"https:\/\/www.defensoria.se.def.br\/index.php?rest_route=\/wp\/v2\/pages"}],"about":[{"href":"https:\/\/www.defensoria.se.def.br\/index.php?rest_route=\/wp\/v2\/types\/page"}],"author":[{"embeddable":true,"href":"https:\/\/www.defensoria.se.def.br\/index.php?rest_route=\/wp\/v2\/users\/1"}],"replies":[{"embeddable":true,"href":"https:\/\/www.defensoria.se.def.br\/index.php?rest_route=%2Fwp%2Fv2%2Fcomments&post=30310"}],"version-history":[{"count":21,"href":"https:\/\/www.defensoria.se.def.br\/index.php?rest_route=\/wp\/v2\/pages\/30310\/revisions"}],"predecessor-version":[{"id":40464,"href":"https:\/\/www.defensoria.se.def.br\/index.php?rest_route=\/wp\/v2\/pages\/30310\/revisions\/40464"}],"up":[{"embeddable":true,"href":"https:\/\/www.defensoria.se.def.br\/index.php?rest_route=\/wp\/v2\/pages\/30306"}],"wp:attachment":[{"href":"https:\/\/www.defensoria.se.def.br\/index.php?rest_route=%2Fwp%2Fv2%2Fmedia&parent=30310"}],"curies":[{"name":"wp","href":"https:\/\/api.w.org\/{rel}","templated":true}]}}