{"id":31299,"date":"2023-03-23T13:58:38","date_gmt":"2023-03-23T16:58:38","guid":{"rendered":"https:\/\/www.defensoria.se.def.br\/?page_id=31299"},"modified":"2024-10-04T10:05:28","modified_gmt":"2024-10-04T13:05:28","slug":"fases-do-processo-seletivo-no20","status":"publish","type":"page","link":"https:\/\/www.defensoria.se.def.br\/?page_id=31299","title":{"rendered":"FASES DO PROCESSO SELETIVO N\u00ba20"},"content":{"rendered":"\n<h2 class=\"wp-block-heading\">&nbsp;<\/h2>\n\n\n\n<h2 class=\"wp-block-heading has-text-align-center has-ast-global-color-0-color has-text-color has-link-color wp-elements-66dae92c2624759718ba2bb568e2fca3\"><strong>FASES DO PROCESSO SELETIVO N\u00ba20<\/strong><\/h2>\n\n\n\n<h3 class=\"wp-block-heading\">&nbsp;<\/h3>\n\n\n\n<h5 class=\"wp-block-heading\"><strong>Acesse abaixo:<\/strong><\/h5>\n\n\n\n<p class=\"has-medium-font-size\"><span style=\"color: #000000;\"><a href=\"https:\/\/www.defensoria.se.def.br\/wp-content\/uploads\/2023\/03\/01-20\u00ba-Processo-Seletivo-Edital-n.\u00ba-001.2023.CPSE-Abertura-das-inscri\u00e7\u00f5es.pdf\">01 &#8211; 20\u00ba Processo Seletivo &#8211; Edital n.\u00ba 001.2023.CPSE &#8211; Abertura das inscri\u00e7\u00f5es<\/a> <\/span><\/p>\n\n\n\n<p class=\"has-medium-font-size\"><a href=\"https:\/\/www.defensoria.se.def.br\/wp-content\/uploads\/2023\/03\/02-20\u00ba-Processo-Seletivo-Edital-n.\u00ba-002.2023.CPSE-Lista-Provis\u00f3ria-dos-Inscritos.pdf\">02 &#8211; 20\u00ba Processo Seletivo &#8211; Edital n.\u00ba 002.2023.CPSE &#8211; Lista Provis\u00f3ria dos Inscritos<\/a><\/p>\n\n\n\n<p class=\"has-medium-font-size\"><span style=\"color: #000000;\"><a href=\"https:\/\/www.defensoria.se.def.br\/wp-content\/uploads\/2023\/03\/2.1-20\u00ba-Processo-Seletivo-Formul\u00e1rio-de-Recurso-Contra-a-lista-provis\u00f3ria-dos-inscritos.docx\">2.1 &#8211; 20\u00ba Processo Seletivo &#8211; Formul\u00e1rio de Recurso &#8211; Contra a lista provis\u00f3ria dos inscritos<\/a> <\/span><\/p>\n\n\n\n<p class=\"has-medium-font-size\"><a href=\"https:\/\/www.defensoria.se.def.br\/wp-content\/uploads\/2023\/03\/03-20\u00ba-Processo-Seletivo-Edital-n.\u00ba-003.2023.CPSE-Lista-Definitiva-dos-Inscritos.pdf\">03 &#8211; 20\u00ba Processo Seletivo &#8211; Edital n.\u00ba 003.2023.CPSE &#8211; Lista Definitiva dos Inscritos<\/a><\/p>\n\n\n\n<p class=\"has-medium-font-size\"><a href=\"https:\/\/www.defensoria.se.def.br\/wp-content\/uploads\/2023\/03\/04-20\u00ba-Processo-Seletivo-Edital-n.\u00ba-004.2023.CPSE-Altera\u00e7\u00e3o-do-Cronograma.pdf\">04 &#8211; 20\u00ba Processo Seletivo &#8211; Edital n.\u00ba 004.2023.CPSE &#8211; Altera\u00e7\u00e3o do Cronograma<\/a><\/p>\n\n\n\n<p class=\"has-medium-font-size\"><span style=\"color: #000000;\"><a href=\"https:\/\/www.defensoria.se.def.br\/wp-content\/uploads\/2023\/03\/05-20\u00ba-Processo-Seletivo-Edital-n.\u00ba-005.2023.CPSE-Convoca\u00e7\u00e3o-para-Entrevista-de-Heteroidentifica\u00e7\u00e3o.pdf\">05 &#8211; 20\u00ba Processo Seletivo &#8211; Edital n.\u00ba 005.2023.CPSE &#8211; Convoca\u00e7\u00e3o para Entrevista de Heteroidentifica\u00e7\u00e3o<\/a><\/span><\/p>\n\n\n\n<p class=\"has-medium-font-size\"><span style=\"color: #000000;\"><a href=\"https:\/\/www.defensoria.se.def.br\/wp-content\/uploads\/2023\/03\/06-20\u00ba-Processo-Seletivo-Edital-n.\u00ba-006.2023.CPSE-Classifica\u00e7\u00e3o-Provis\u00f3ria-e-Prazo-de-Recurso.pdf\">06 &#8211; 20\u00ba Processo Seletivo &#8211; Edital n.\u00ba 006.2023.CPSE &#8211; Classifica\u00e7\u00e3o Provis\u00f3ria e Prazo de Recurso<\/a><\/span><\/p>\n\n\n\n<p class=\"has-medium-font-size\"><span style=\"color: #000000;\"><a href=\"https:\/\/www.defensoria.se.def.br\/wp-content\/uploads\/2023\/03\/6.1-20\u00ba-Processo-Seletivo-Formul\u00e1rio-de-Recurso-Contra-a-Classifica\u00e7\u00e3o-Provis\u00f3ria.docx\">6.1 &#8211; 20\u00ba Processo Seletivo &#8211; Formul\u00e1rio de Recurso &#8211; Contra a Classifica\u00e7\u00e3o Provis\u00f3ria<\/a><\/span><\/p>\n\n\n\n<p class=\"has-medium-font-size\"><span style=\"color: #000000;\"><a href=\"https:\/\/www.defensoria.se.def.br\/wp-content\/uploads\/2023\/03\/07-20\u00ba-Processo-Seletivo-Edital-n.\u00ba-007.2023.CPSE-Classifica\u00e7\u00e3o-Definitiva-e-Homologa\u00e7\u00e3o.pdf\">07 &#8211; 20\u00ba Processo Seletivo &#8211; Edital n.\u00ba 007.2023.CPSE &#8211; Classifica\u00e7\u00e3o Definitiva e Homologa\u00e7\u00e3o<\/a><\/span><\/p>\n\n\n\n<div class=\"wp-block-uagb-container uagb-block-5b4e0c87 alignfull uagb-is-root-container\"><div class=\"uagb-container-inner-blocks-wrap\">\n<p><br><br><br><br><\/p>\n<\/div><\/div>\n","protected":false},"excerpt":{"rendered":"<p>&nbsp; FASES DO PROCESSO SELETIVO N\u00ba20 &nbsp; Acesse abaixo: 01 &#8211; 20\u00ba Processo Seletivo &#8211; Edital n.\u00ba 001.2023.CPSE &#8211; Abertura das inscri\u00e7\u00f5es 02 &#8211; 20\u00ba Processo Seletivo &#8211; Edital n.\u00ba 002.2023.CPSE &#8211; Lista Provis\u00f3ria dos Inscritos 2.1 &#8211; 20\u00ba Processo Seletivo &#8211; Formul\u00e1rio de Recurso &#8211; Contra a lista provis\u00f3ria dos inscritos 03 &#8211; 20\u00ba &hellip;<\/p>\n<p class=\"read-more\"> <a class=\"\" href=\"https:\/\/www.defensoria.se.def.br\/?page_id=31299\"> <span class=\"screen-reader-text\">FASES DO PROCESSO SELETIVO N\u00ba20<\/span> Read More &raquo;<\/a><\/p>\n","protected":false},"author":15,"featured_media":0,"parent":31291,"menu_order":0,"comment_status":"closed","ping_status":"closed","template":"","meta":{"_eb_attr":"","_uag_custom_page_level_css":"","site-sidebar-layout":"default","site-content-layout":"","ast-site-content-layout":"","site-content-style":"default","site-sidebar-style":"default","ast-global-header-display":"","ast-banner-title-visibility":"","ast-main-header-display":"","ast-hfb-above-header-display":"","ast-hfb-below-header-display":"","ast-hfb-mobile-header-display":"","site-post-title":"","ast-breadcrumbs-content":"","ast-featured-img":"","footer-sml-layout":"","theme-transparent-header-meta":"","adv-header-id-meta":"","stick-header-meta":"","header-above-stick-meta":"","header-main-stick-meta":"","header-below-stick-meta":"","astra-migrate-meta-layouts":"","footnotes":""},"class_list":["post-31299","page","type-page","status-publish","hentry"],"uagb_featured_image_src":{"full":false,"thumbnail":false,"medium":false,"medium_large":false,"large":false,"1536x1536":false,"2048x2048":false},"uagb_author_info":{"display_name":"Daniel Silva","author_link":"https:\/\/www.defensoria.se.def.br\/?author=15"},"uagb_comment_info":0,"uagb_excerpt":"&nbsp; FASES DO PROCESSO SELETIVO N\u00ba20 &nbsp; Acesse abaixo: 01 &#8211; 20\u00ba Processo Seletivo &#8211; Edital n.\u00ba 001.2023.CPSE &#8211; Abertura das inscri\u00e7\u00f5es 02 &#8211; 20\u00ba Processo Seletivo &#8211; Edital n.\u00ba 002.2023.CPSE &#8211; Lista Provis\u00f3ria dos Inscritos 2.1 &#8211; 20\u00ba Processo Seletivo &#8211; Formul\u00e1rio de Recurso &#8211; Contra a lista provis\u00f3ria dos inscritos 03 &#8211; 20\u00ba&hellip;","_links":{"self":[{"href":"https:\/\/www.defensoria.se.def.br\/index.php?rest_route=\/wp\/v2\/pages\/31299"}],"collection":[{"href":"https:\/\/www.defensoria.se.def.br\/index.php?rest_route=\/wp\/v2\/pages"}],"about":[{"href":"https:\/\/www.defensoria.se.def.br\/index.php?rest_route=\/wp\/v2\/types\/page"}],"author":[{"embeddable":true,"href":"https:\/\/www.defensoria.se.def.br\/index.php?rest_route=\/wp\/v2\/users\/15"}],"replies":[{"embeddable":true,"href":"https:\/\/www.defensoria.se.def.br\/index.php?rest_route=%2Fwp%2Fv2%2Fcomments&post=31299"}],"version-history":[{"count":20,"href":"https:\/\/www.defensoria.se.def.br\/index.php?rest_route=\/wp\/v2\/pages\/31299\/revisions"}],"predecessor-version":[{"id":40447,"href":"https:\/\/www.defensoria.se.def.br\/index.php?rest_route=\/wp\/v2\/pages\/31299\/revisions\/40447"}],"up":[{"embeddable":true,"href":"https:\/\/www.defensoria.se.def.br\/index.php?rest_route=\/wp\/v2\/pages\/31291"}],"wp:attachment":[{"href":"https:\/\/www.defensoria.se.def.br\/index.php?rest_route=%2Fwp%2Fv2%2Fmedia&parent=31299"}],"curies":[{"name":"wp","href":"https:\/\/api.w.org\/{rel}","templated":true}]}}