{"id":31766,"date":"2023-05-04T11:03:41","date_gmt":"2023-05-04T14:03:41","guid":{"rendered":"https:\/\/www.defensoria.se.def.br\/?page_id=31766"},"modified":"2025-04-24T09:37:26","modified_gmt":"2025-04-24T12:37:26","slug":"fases-do-processo-seletivo-no22-2","status":"publish","type":"page","link":"https:\/\/www.defensoria.se.def.br\/?page_id=31766","title":{"rendered":"FASES DO PROCESSO SELETIVO N\u00ba22"},"content":{"rendered":"\n<h2 class=\"wp-block-heading has-text-align-center has-ast-global-color-0-color has-text-color has-link-color wp-elements-e8453a4e23834de21ec8951e17f70dbb\"><br><br><strong>FASES DO PROCESSO SELETIVO N\u00ba22<\/strong><br><\/h2>\n\n\n\n<h5 class=\"wp-block-heading\"><br><br><\/h5>\n\n\n\n<figure class=\"wp-block-table is-style-stripes has-medium-font-size\"><table class=\"has-border-color has-black-border-color has-fixed-layout\" style=\"border-width:1px\"><tbody><tr><td><a href=\"https:\/\/www.defensoria.se.def.br\/wp-content\/uploads\/2023\/05\/01-22\u00ba-Processo-Seletivo-Edital-n.\u00ba-001.2023.CPSE-Abertura-das-inscri\u00e7\u00f5es-assinado-1.pdf\"><strong>01 &#8211; 22\u00ba Processo Seletivo &#8211; Edital n.\u00ba 001.2023.CPSE &#8211; Abertura das inscri\u00e7\u00f5es &#8211; assinado<\/strong><\/a><\/td><\/tr><tr><td><a href=\"https:\/\/www.defensoria.se.def.br\/wp-content\/uploads\/2023\/05\/02-22\u00ba-Processo-Seletivo-Edital-n.\u00ba-002.2023.CPSE-Altera\u00e7\u00e3o-do-Cronograma-de-Execu\u00e7\u00e3o.pdf\"><strong>02 &#8211; 22\u00ba Processo Seletivo &#8211; Edital n.\u00ba 002.2023.CPSE &#8211; Altera\u00e7\u00e3o do Cronograma de Execu\u00e7\u00e3o<\/strong><\/a><\/td><\/tr><tr><td><a href=\"https:\/\/www.defensoria.se.def.br\/wp-content\/uploads\/2023\/05\/03-22\u00ba-Processo-Seletivo-Edital-n.\u00ba-003.2023.CPSE-Classifica\u00e7\u00e3o-Provis\u00f3ria-e-Prazo-de-Recurso.pdf\"><strong>03 &#8211; 22\u00ba Processo Seletivo &#8211; Edital n.\u00ba 003.2023.CPSE &#8211; Classifica\u00e7\u00e3o Provis\u00f3ria e Prazo de Recurso<\/strong><\/a><\/td><\/tr><tr><td><a href=\"https:\/\/www.defensoria.se.def.br\/wp-content\/uploads\/2023\/05\/04-22\u00ba-Processo-Seletivo-Edital-n.\u00ba-004.2023.CPSE-Classifica\u00e7\u00e3o-Definitiva-e-Homologa\u00e7\u00e3o.pdf\"><strong>04 &#8211; 22\u00ba Processo Seletivo &#8211; Edital n.\u00ba 004.2023.CPSE &#8211; Classifica\u00e7\u00e3o Definitiva e Homologa\u00e7\u00e3o<\/strong><\/a><\/td><\/tr><\/tbody><\/table><\/figure>\n\n\n\n<p class=\"has-medium-font-size\"><br><br><\/p>\n","protected":false},"excerpt":{"rendered":"<p>FASES DO PROCESSO SELETIVO N\u00ba22 01 &#8211; 22\u00ba Processo Seletivo &#8211; Edital n.\u00ba 001.2023.CPSE &#8211; Abertura das inscri\u00e7\u00f5es &#8211; assinado 02 &#8211; 22\u00ba Processo Seletivo &#8211; Edital n.\u00ba 002.2023.CPSE &#8211; Altera\u00e7\u00e3o do Cronograma de Execu\u00e7\u00e3o 03 &#8211; 22\u00ba Processo Seletivo &#8211; Edital n.\u00ba 003.2023.CPSE &#8211; Classifica\u00e7\u00e3o Provis\u00f3ria e Prazo de Recurso 04 &#8211; 22\u00ba Processo &hellip;<\/p>\n<p class=\"read-more\"> <a class=\"\" href=\"https:\/\/www.defensoria.se.def.br\/?page_id=31766\"> <span class=\"screen-reader-text\">FASES DO PROCESSO SELETIVO N\u00ba22<\/span> Read More &raquo;<\/a><\/p>\n","protected":false},"author":15,"featured_media":0,"parent":31691,"menu_order":0,"comment_status":"closed","ping_status":"closed","template":"","meta":{"_eb_attr":"","_uag_custom_page_level_css":"","site-sidebar-layout":"default","site-content-layout":"","ast-site-content-layout":"","site-content-style":"default","site-sidebar-style":"default","ast-global-header-display":"","ast-banner-title-visibility":"","ast-main-header-display":"","ast-hfb-above-header-display":"","ast-hfb-below-header-display":"","ast-hfb-mobile-header-display":"","site-post-title":"","ast-breadcrumbs-content":"","ast-featured-img":"","footer-sml-layout":"","theme-transparent-header-meta":"","adv-header-id-meta":"","stick-header-meta":"","header-above-stick-meta":"","header-main-stick-meta":"","header-below-stick-meta":"","astra-migrate-meta-layouts":"","footnotes":""},"class_list":["post-31766","page","type-page","status-publish","hentry"],"uagb_featured_image_src":{"full":false,"thumbnail":false,"medium":false,"medium_large":false,"large":false,"1536x1536":false,"2048x2048":false},"uagb_author_info":{"display_name":"Daniel Silva","author_link":"https:\/\/www.defensoria.se.def.br\/?author=15"},"uagb_comment_info":0,"uagb_excerpt":"FASES DO PROCESSO SELETIVO N\u00ba22 01 &#8211; 22\u00ba Processo Seletivo &#8211; Edital n.\u00ba 001.2023.CPSE &#8211; Abertura das inscri\u00e7\u00f5es &#8211; assinado 02 &#8211; 22\u00ba Processo Seletivo &#8211; Edital n.\u00ba 002.2023.CPSE &#8211; Altera\u00e7\u00e3o do Cronograma de Execu\u00e7\u00e3o 03 &#8211; 22\u00ba Processo Seletivo &#8211; Edital n.\u00ba 003.2023.CPSE &#8211; Classifica\u00e7\u00e3o Provis\u00f3ria e Prazo de Recurso 04 &#8211; 22\u00ba Processo&hellip;","_links":{"self":[{"href":"https:\/\/www.defensoria.se.def.br\/index.php?rest_route=\/wp\/v2\/pages\/31766"}],"collection":[{"href":"https:\/\/www.defensoria.se.def.br\/index.php?rest_route=\/wp\/v2\/pages"}],"about":[{"href":"https:\/\/www.defensoria.se.def.br\/index.php?rest_route=\/wp\/v2\/types\/page"}],"author":[{"embeddable":true,"href":"https:\/\/www.defensoria.se.def.br\/index.php?rest_route=\/wp\/v2\/users\/15"}],"replies":[{"embeddable":true,"href":"https:\/\/www.defensoria.se.def.br\/index.php?rest_route=%2Fwp%2Fv2%2Fcomments&post=31766"}],"version-history":[{"count":27,"href":"https:\/\/www.defensoria.se.def.br\/index.php?rest_route=\/wp\/v2\/pages\/31766\/revisions"}],"predecessor-version":[{"id":44001,"href":"https:\/\/www.defensoria.se.def.br\/index.php?rest_route=\/wp\/v2\/pages\/31766\/revisions\/44001"}],"up":[{"embeddable":true,"href":"https:\/\/www.defensoria.se.def.br\/index.php?rest_route=\/wp\/v2\/pages\/31691"}],"wp:attachment":[{"href":"https:\/\/www.defensoria.se.def.br\/index.php?rest_route=%2Fwp%2Fv2%2Fmedia&parent=31766"}],"curies":[{"name":"wp","href":"https:\/\/api.w.org\/{rel}","templated":true}]}}