{"id":32062,"date":"2023-05-23T10:42:26","date_gmt":"2023-05-23T13:42:26","guid":{"rendered":"https:\/\/www.defensoria.se.def.br\/?page_id=32062"},"modified":"2024-10-04T10:52:15","modified_gmt":"2024-10-04T13:52:15","slug":"ps-no-20-editais-de-convocacao","status":"publish","type":"page","link":"https:\/\/www.defensoria.se.def.br\/?page_id=32062","title":{"rendered":"PS N\u00ba 20 \u2013 Editais de convoca\u00e7\u00e3o"},"content":{"rendered":"\n<h3 class=\"wp-block-heading\">&nbsp;<\/h3>\n\n\n\n<h2 class=\"wp-block-heading has-text-align-center has-ast-global-color-0-color has-text-color has-link-color wp-elements-ef4a40d6f2cc61d10ad8808fefa11248\"><strong>PS N\u00ba 20 \u2013 Editais de convoca\u00e7\u00e3o<br><\/strong><\/h2>\n\n\n\n<h4 class=\"wp-block-heading has-text-align-center\"><br><br><br><span style=\"color: #000000;\"><a href=\"https:\/\/www.defensoria.se.def.br\/wp-content\/uploads\/2020\/10\/Requerimento-para-Pedido-de-Final-de-Lista-de-Estagi\u00e1rios.docx\">Requerimento para Pedido de Final de Lista de Estagi\u00e1rios<\/a><\/span><\/h4>\n\n\n\n<figure class=\"wp-block-table aligncenter is-style-stripes\"><table><tbody><tr><td><span style=\"color: #000000;\"><a href=\"https:\/\/www.defensoria.se.def.br\/wp-content\/uploads\/2023\/05\/EDITAL-GSPG-056.2023-Convoca\u00e7\u00e3o-de-Estagi\u00e1rios-20\u00ba-PSE-Aracaju-Direito.pdf\">EDITAL GSPG 056.2023 &#8211; Convoca\u00e7\u00e3o de Estagi\u00e1rios (20\u00ba PSE) &#8211; Aracaju (Direito)<\/a><\/span><\/td><td><br><span style=\"color: #000000;\"><strong>Publica\u00e7\u00e3o 23\/05\/2023<\/strong><\/span><br><span style=\"color: #000000;\"><strong>Convoca\u00e7\u00e3o 25\/05\/2023<\/strong><\/span><br><br><\/td><\/tr><tr><td><span style=\"color: #000000;\"><a href=\"https:\/\/www.defensoria.se.def.br\/wp-content\/uploads\/2023\/05\/EDITAL-GSPG-060.2023-Convoca\u00e7\u00e3o-de-Estagi\u00e1rios-20\u00ba-PSE-Aracaju-Direito.pdf\">EDITAL GSPG 060.2023 &#8211; Convoca\u00e7\u00e3o de Estagi\u00e1rios (20\u00ba PSE) &#8211; Aracaju (Direito)<\/a><\/span><\/td><td><br><span style=\"color: #000000;\"><strong>Publica\u00e7\u00e3o 26\/05\/2023<\/strong><\/span><br><span style=\"color: #000000;\"><strong>Convoca\u00e7\u00e3o 30\/05\/2023<\/strong><\/span><br><br><\/td><\/tr><tr><td><span style=\"color: #000000;\"><a href=\"https:\/\/www.defensoria.se.def.br\/wp-content\/uploads\/2023\/05\/EDITAL-GSPG-063.2023-Convoca\u00e7\u00e3o-de-Estagi\u00e1rios-20\u00ba-PSE-Aracaju-Direito.pdf\">EDITAL GSPG 063.2023 &#8211; Convoca\u00e7\u00e3o de Estagi\u00e1rios (20\u00ba PSE) &#8211; Aracaju (Direito)<\/a><\/span><\/td><td><br><span style=\"color: #000000;\"><strong>Publica\u00e7\u00e3o 06\/06\/2023<\/strong><\/span><br><span style=\"color: #000000;\"><strong>Convoca\u00e7\u00e3o 09\/06\/2023<\/strong><\/span><br><br><\/td><\/tr><tr><td><span style=\"color: #000000;\"><a href=\"https:\/\/www.defensoria.se.def.br\/wp-content\/uploads\/2023\/05\/EDITAL-GDPG-008.2023-Convocacao-de-Estagiarios-_20_-PSE_-Aracaju-_Direito_-ASSINADO.pdf\">EDITAL GDPG 008.2023 &#8211; Convocacao de Estagiarios _20_ PSE_ &#8211; Aracaju _Direito_ &#8211; ASSINADO<\/a><\/span><\/td><td><br><span style=\"color: #000000;\"><strong>Publica\u00e7\u00e3o 15\/06\/2023<\/strong><\/span><br><span style=\"color: #000000;\"><strong>Convoca\u00e7\u00e3o 15\/06\/2023<\/strong><\/span><br><br><\/td><\/tr><tr><td><span style=\"color: #000000;\"><a href=\"https:\/\/www.defensoria.se.def.br\/wp-content\/uploads\/2023\/05\/EDITAL-GDPG-013.2023-Convoca\u00e7\u00e3o-de-Estagi\u00e1rios-20\u00ba-PSE-S\u00e3o-Crist\u00f3v\u00e3o-Direito-ASSINADO.pdf\">EDITAL GDPG 013.2023 &#8211; Convoca\u00e7\u00e3o de Estagi\u00e1rios (20\u00ba PSE) &#8211; S\u00e3o Crist\u00f3v\u00e3o (Direito) &#8211; ASSINADO<\/a><\/span><\/td><td><br><span style=\"color: #000000;\"><strong>Publica\u00e7\u00e3o 22\/06\/2023<\/strong><\/span><br><span style=\"color: #000000;\"><strong>Convoca\u00e7\u00e3o 23\/06\/2023<\/strong><\/span><br><br><\/td><\/tr><tr><td><span style=\"color: #000000;\"><a href=\"https:\/\/www.defensoria.se.def.br\/wp-content\/uploads\/2023\/05\/EDITAL-GDPG-014.2023-Convoca\u00e7\u00e3o-de-Estagi\u00e1rios-20\u00ba-PSE-S\u00e3o-Crist\u00f3v\u00e3o-Direito.pdf\">EDITAL GDPG 014.2023 &#8211; Convoca\u00e7\u00e3o de Estagi\u00e1rios (20\u00ba PSE) &#8211; S\u00e3o Crist\u00f3v\u00e3o (Direito)<\/a><\/span><\/td><td><br><span style=\"color: #000000;\"><strong>Publica\u00e7\u00e3o 27\/06\/2023<\/strong><\/span><br><span style=\"color: #000000;\"><strong>Convoca\u00e7\u00e3o 28\/06\/2023<\/strong><\/span><br><br><\/td><\/tr><tr><td><span style=\"color: #000000;\"><a href=\"https:\/\/www.defensoria.se.def.br\/wp-content\/uploads\/2023\/05\/EDITAL-GSPG-065.2023-Convoca\u00e7\u00e3o-de-Estagi\u00e1rios-20\u00ba-PSE-S\u00e3o-Crist\u00f3v\u00e3o-Direito.pdf\">EDITAL GSPG 065.2023 &#8211; Convoca\u00e7\u00e3o de Estagi\u00e1rios (20\u00ba PSE) &#8211; S\u00e3o Crist\u00f3v\u00e3o (Direito)<\/a><\/span><\/td><td><br><span style=\"color: #000000;\"><strong>Publica\u00e7\u00e3o 03\/07\/2023<\/strong><\/span><br><span style=\"color: #000000;\"><strong>Convoca\u00e7\u00e3o 05\/07\/2023<\/strong><\/span><br><br><\/td><\/tr><tr><td><span style=\"color: #000000;\"><a href=\"https:\/\/www.defensoria.se.def.br\/wp-content\/uploads\/2023\/05\/EDITAL-GSPG-066.2023-Convoca\u00e7\u00e3o-de-Estagi\u00e1rios-20\u00ba-PSE-Aracaju-Direito.pdf\">EDITAL GSPG 066.2023 &#8211; Convoca\u00e7\u00e3o de Estagi\u00e1rios (20\u00ba PSE) &#8211; Aracaju (Direito)<\/a><\/span><\/td><td><br><span style=\"color: #000000;\"><strong>Publica\u00e7\u00e3o 10\/07\/2023<\/strong><\/span><br><span style=\"color: #000000;\"><strong>Convoca\u00e7\u00e3o 13\/07\/2023<\/strong><\/span><br><br><\/td><\/tr><tr><td><span style=\"color: #000000;\"><a href=\"https:\/\/www.defensoria.se.def.br\/wp-content\/uploads\/2023\/05\/EDITAL-GSPG-071.2023-Convoca\u00e7\u00e3o-de-Estagi\u00e1rios-20\u00ba-PSE-Aracaju-Direito.pdf\">EDITAL GSPG 071.2023 &#8211; Convoca\u00e7\u00e3o de Estagi\u00e1rios (20\u00ba PSE) &#8211; Aracaju (Direito)<\/a><\/span><\/td><td><br><span style=\"color: #000000;\"><strong>Publica\u00e7\u00e3o 20\/07\/2023<\/strong><\/span><br><span style=\"color: #000000;\"><strong>Convoca\u00e7\u00e3o 25\/07\/2023<\/strong><\/span><br><br><\/td><\/tr><tr><td><span style=\"color: #000000;\"><a href=\"https:\/\/www.defensoria.se.def.br\/wp-content\/uploads\/2023\/05\/EDITAL-GSPG-072.2023-Convoca\u00e7\u00e3o-de-Estagi\u00e1rios-20\u00ba-PSE-Socorro-Direito.pdf\">EDITAL GSPG 072.2023 &#8211; Convoca\u00e7\u00e3o de Estagi\u00e1rios (20\u00ba PSE) &#8211; Socorro (Direito)<\/a><\/span><\/td><td><br><span style=\"color: #000000;\"><strong>Publica\u00e7\u00e3o 21\/07\/2023<\/strong><\/span><br><span style=\"color: #000000;\"><strong>Convoca\u00e7\u00e3o 26\/07\/2023<\/strong><\/span><br><br><\/td><\/tr><tr><td><span style=\"color: #000000;\"><a href=\"https:\/\/www.defensoria.se.def.br\/wp-content\/uploads\/2023\/05\/EDITAL-GSPG-075.2023-Convoca\u00e7\u00e3o-de-Estagi\u00e1rios-20\u00ba-PSE-Socorro-Direito.pdf\">EDITAL GSPG 075.2023 &#8211; Convoca\u00e7\u00e3o de Estagi\u00e1rios (20\u00ba PSE) &#8211; Socorro (Direito)<\/a><\/span><\/td><td><br><span style=\"color: #000000;\"><strong>Publica\u00e7\u00e3o 26\/07\/2023<\/strong><\/span><br><span style=\"color: #000000;\"><strong>Convoca\u00e7\u00e3o 31\/07\/2023<\/strong><\/span><br><br><\/td><\/tr><tr><td><span style=\"color: #000000;\"><a href=\"https:\/\/www.defensoria.se.def.br\/wp-content\/uploads\/2023\/05\/EDITAL-GSPG-077.2023-Convoca\u00e7\u00e3o-de-Estagi\u00e1rios-20\u00ba-PSE-Aracaju-Direito-1.pdf\">EDITAL GSPG 077.2023 &#8211; Convoca\u00e7\u00e3o de Estagi\u00e1rios (20\u00ba PSE) &#8211; Aracaju (Direito)<\/a><\/span><\/td><td><br><span style=\"color: #000000;\"><strong>Publica\u00e7\u00e3o 28\/07\/2023<\/strong><\/span><br><span style=\"color: #000000;\"><strong>Convoca\u00e7\u00e3o 31\/07\/2023<\/strong><\/span><br><br><\/td><\/tr><tr><td><span style=\"color: #000000;\"><a href=\"https:\/\/www.defensoria.se.def.br\/wp-content\/uploads\/2023\/05\/EDITAL-GSPG-079.2023-Convoca\u00e7\u00e3o-de-Estagi\u00e1rios-20\u00ba-PSE-Aracaju-e-Socoro-Direito.pdf\">EDITAL GSPG 079.2023 &#8211; Convoca\u00e7\u00e3o de Estagi\u00e1rios (20\u00ba PSE) &#8211; Aracaju e Socoro (Direito)<\/a> <\/span><\/td><td><br><span style=\"color: #000000;\"><strong>Publica\u00e7\u00e3o 08\/08\/2023<\/strong><\/span><br><span style=\"color: #000000;\"><strong>Convoca\u00e7\u00e3o 11\/08\/2023<\/strong><\/span><br><br><\/td><\/tr><tr><td><a href=\"https:\/\/www.defensoria.se.def.br\/wp-content\/uploads\/2023\/05\/EDITAL-GSPG-082.2023-Convoca\u00e7\u00e3o-de-Estagi\u00e1rios-20\u00ba-PSE-Aracaju-e-S.-Crist\u00f3v\u00e3o-Direito.pdf\">EDITAL GSPG 082.2023 &#8211; Convoca\u00e7\u00e3o de Estagi\u00e1rios (20\u00ba PSE) &#8211; Aracaju e S. Crist\u00f3v\u00e3o (Direito)<\/a><\/td><td><br><span style=\"color: #000000;\"><strong>Publica\u00e7\u00e3o 18\/08\/2023<\/strong><\/span><br><span style=\"color: #000000;\"><strong>Convoca\u00e7\u00e3o 22\/08\/2023<\/strong><\/span><br><br><\/td><\/tr><tr><td><a href=\"https:\/\/www.defensoria.se.def.br\/wp-content\/uploads\/2023\/05\/EDITAL-GSPG-083.2023-Convoca\u00e7\u00e3o-de-Estagi\u00e1rios-20\u00ba-PSE-S\u00e3o-Crist\u00f3v\u00e3o-Direito.pdf\">EDITAL GSPG 083.2023 &#8211; Convoca\u00e7\u00e3o de Estagi\u00e1rios (20\u00ba PSE) &#8211; S\u00e3o Crist\u00f3v\u00e3o (Direito)<\/a><\/td><td><br><span style=\"color: #000000;\"><strong>Publica\u00e7\u00e3o 22\/08\/2023<\/strong><\/span><br><span style=\"color: #000000;\"><strong>Convoca\u00e7\u00e3o 24\/08\/2023<\/strong><\/span><br><br><\/td><\/tr><tr><td><a href=\"https:\/\/www.defensoria.se.def.br\/wp-content\/uploads\/2023\/05\/EDITAL-GSPG-085.2023-Convoca\u00e7\u00e3o-de-Estagi\u00e1rios-20\u00ba-PSE-Aracaju-Direito-1.pdf\">EDITAL GSPG 085.2023 &#8211; Convoca\u00e7\u00e3o de Estagi\u00e1rios (20\u00ba PSE) &#8211; Aracaju (Direito)<\/a><\/td><td><br><span style=\"color: #000000;\"><strong>Publica\u00e7\u00e3o 05\/09\/2023<\/strong><\/span><br><span style=\"color: #000000;\"><strong>Convoca\u00e7\u00e3o 08\/09\/2023<\/strong><\/span><br><br><\/td><\/tr><tr><td><span style=\"color: #000000;\"><a href=\"https:\/\/www.defensoria.se.def.br\/wp-content\/uploads\/2023\/05\/EDITAL-GSPG-090.2023-Convoca\u00e7\u00e3o-de-Estagi\u00e1rios-20\u00ba-PSE-Aracaju-Direito.pdf\">EDITAL GSPG 090.2023 &#8211; Convoca\u00e7\u00e3o de Estagi\u00e1rios (20\u00ba PSE) &#8211; Aracaju (Direito)<\/a><\/span><\/td><td><br><span style=\"color: #000000;\"><strong>Publica\u00e7\u00e3o 18\/09\/2023<\/strong><\/span><br><span style=\"color: #000000;\"><strong>Convoca\u00e7\u00e3o 20\/09\/2023<\/strong><\/span><br><br><\/td><\/tr><tr><td><span style=\"color: #000000;\"><a href=\"https:\/\/www.defensoria.se.def.br\/wp-content\/uploads\/2023\/05\/EDITAL-GSPG-093.2023-Convoca\u00e7\u00e3o-de-Estagi\u00e1rios-20\u00ba-PSE-Aracaju-Direito.pdf\">EDITAL GSPG 093.2023 &#8211; Convoca\u00e7\u00e3o de Estagi\u00e1rios (20\u00ba PSE) &#8211; Aracaju (Direito)<\/a><\/span><\/td><td><br><span style=\"color: #000000;\"><strong>Publica\u00e7\u00e3o 29\/09\/2023<\/strong><\/span><br><span style=\"color: #000000;\"><strong>Convoca\u00e7\u00e3o 03\/10\/2023<\/strong><\/span><br><br><\/td><\/tr><tr><td><span style=\"color: #000000;\"><a href=\"https:\/\/www.defensoria.se.def.br\/wp-content\/uploads\/2023\/05\/EDITAL-GSPG-094.2023-Convoca\u00e7\u00e3o-de-Estagi\u00e1rios-20\u00ba-PSE-Aracaju-Direito-1.pdf\">EDITAL GSPG 094.2023 &#8211; Convoca\u00e7\u00e3o de Estagi\u00e1rios (20\u00ba PSE) &#8211; Aracaju (Direito)<\/a><\/span><\/td><td><br><span style=\"color: #000000;\"><strong>Publica\u00e7\u00e3o 09\/10\/2023<\/strong><\/span><br><span style=\"color: #000000;\"><strong>Convoca\u00e7\u00e3o 11\/10\/2023<\/strong><\/span><br><br><\/td><\/tr><tr><td><span style=\"color: #000000;\"><a href=\"https:\/\/www.defensoria.se.def.br\/wp-content\/uploads\/2023\/05\/EDITAL-GSPG-098.2023-Convoca\u00e7\u00e3o-de-Estagi\u00e1rios-20\u00ba-PSE-Aracaju-Direito.pdf\">EDITAL GSPG 098.2023 &#8211; Convoca\u00e7\u00e3o de Estagi\u00e1rios (20\u00ba PSE) &#8211; Aracaju (Direito)<\/a><\/span><\/td><td><br><span style=\"color: #000000;\"><strong>Publica\u00e7\u00e3o 19\/10\/2023<\/strong><\/span><br><span style=\"color: #000000;\"><strong>Convoca\u00e7\u00e3o 24\/10\/2023<\/strong><\/span><br><br><\/td><\/tr><tr><td><span style=\"color: #000000;\"><a href=\"https:\/\/www.defensoria.se.def.br\/wp-content\/uploads\/2023\/05\/EDITAL-GSPG-101.2023-Convoca\u00e7\u00e3o-de-Estagi\u00e1rios-20\u00ba-PSE-Direito.pdf\">EDITAL GSPG 101.2023 &#8211; Convoca\u00e7\u00e3o de Estagi\u00e1rios (20\u00ba PSE) &#8211; (Direito)<\/a><\/span><\/td><td><br><span style=\"color: #000000;\"><strong>Publica\u00e7\u00e3o 25\/10\/2023<\/strong><\/span><br><span style=\"color: #000000;\"><strong>Convoca\u00e7\u00e3o 27\/10\/2023<\/strong><\/span><br><br><\/td><\/tr><tr><td><span style=\"color: #000000;\"><a href=\"https:\/\/www.defensoria.se.def.br\/wp-content\/uploads\/2023\/05\/EDITAL-GSPG-103.2023-Convoca\u00e7\u00e3o-de-Estagi\u00e1rios-20\u00ba-PSE-Aracaju-Direito.pdf\">EDITAL GSPG 103.2023 &#8211; Convoca\u00e7\u00e3o de Estagi\u00e1rios (20\u00ba PSE) &#8211; Aracaju (Direito)<\/a><\/span><\/td><td><br><span style=\"color: #000000;\"><strong>Publica\u00e7\u00e3o 21\/11\/2023<\/strong><\/span><br><span style=\"color: #000000;\"><strong>Convoca\u00e7\u00e3o 24\/11\/2023<\/strong><\/span><br><br><\/td><\/tr><tr><td><span style=\"color: #000000;\"><a href=\"https:\/\/www.defensoria.se.def.br\/wp-content\/uploads\/2023\/05\/EDITAL-GSPG-104.2023-Convoca\u00e7\u00e3o-de-Estagi\u00e1rios-20\u00ba-PSE-Aracaju-Direito.pdf\">EDITAL GSPG 104.2023 &#8211; Convoca\u00e7\u00e3o de Estagi\u00e1rios (20\u00ba PSE) &#8211; Aracaju (Direito)<\/a><\/span><\/td><td><br><span style=\"color: #000000;\"><strong>Publica\u00e7\u00e3o 11\/12\/2023<\/strong><\/span><br><span style=\"color: #000000;\"><strong>Convoca\u00e7\u00e3o 14\/12\/2023<\/strong><\/span><br><br><\/td><\/tr><tr><td><span style=\"color: #000000;\"><a href=\"https:\/\/www.defensoria.se.def.br\/wp-content\/uploads\/2023\/05\/EDITAL-GSPG-109.2023-Convoca\u00e7\u00e3o-de-Estagi\u00e1rios-20\u00ba-PSE-Socorro-direito.pdf\">EDITAL GSPG 109.2023 &#8211; Convoca\u00e7\u00e3o de Estagi\u00e1rios (20\u00ba PSE) &#8211; Socorro (direito)<\/a><\/span><\/td><td><br><span style=\"color: #000000;\"><strong>Publica\u00e7\u00e3o 18\/12\/2023<\/strong><\/span><br><span style=\"color: #000000;\"><strong>Convoca\u00e7\u00e3o 18\/12\/2023<\/strong><\/span><br><br><\/td><\/tr><tr><td><span style=\"color: #000000;\"><a href=\"https:\/\/www.defensoria.se.def.br\/wp-content\/uploads\/2023\/05\/EDITAL-GSPG-110.2023-Convoca\u00e7\u00e3o-de-Estagi\u00e1rios-20\u00ba-PSE-Aracaju-direito-1.pdf\">EDITAL GSPG 110.2023 &#8211; Convoca\u00e7\u00e3o de Estagi\u00e1rios (20\u00ba PSE) &#8211; Aracaju (direito)<\/a><\/span><\/td><td><br><span style=\"color: #000000;\"><strong>Publica\u00e7\u00e3o 18\/12\/2023<\/strong><\/span><br><span style=\"color: #000000;\"><strong>Convoca\u00e7\u00e3o 20\/12\/2023<\/strong><\/span><br><br><\/td><\/tr><tr><td><span style=\"color: #000000;\"><a href=\"https:\/\/www.defensoria.se.def.br\/wp-content\/uploads\/2023\/05\/EDITAL-GSPG-002.2024-CONVOCA\u00c7\u00c3O-20\u00ba-PSE-Aracaju-Direito-assinado.pdf\">EDITAL GSPG 002.2024 &#8211; CONVOCA\u00c7\u00c3O &#8211; 20\u00ba PSE &#8211; Aracaju (Direito) &#8211; assinado<\/a><\/span><\/td><td><br><span style=\"color: #000000;\"><strong>Publica\u00e7\u00e3o 11\/01\/2024<\/strong><\/span><br><span style=\"color: #000000;\"><strong>Convoca\u00e7\u00e3o 15\/01\/2024<\/strong><\/span><br><br><\/td><\/tr><tr><td><span style=\"color: #000000;\"><a href=\"https:\/\/www.defensoria.se.def.br\/wp-content\/uploads\/2023\/05\/EDITAL-GSPG-007.2024-CONVOCA\u00c7\u00c3O-20\u00ba-PSE-Socorro-Direito-Final-de-Lista.pdf\">EDITAL GSPG 007.2024 &#8211; CONVOCA\u00c7\u00c3O &#8211; 20\u00ba PSE &#8211; Socorro (Direito) &#8211; Final de Lista<\/a><\/span><\/td><td><br><span style=\"color: #000000;\"><strong>Publica\u00e7\u00e3o 16\/01\/2024<\/strong><\/span><br><span style=\"color: #000000;\"><strong>Convoca\u00e7\u00e3o 18\/01\/2024<\/strong><\/span><br><br><\/td><\/tr><tr><td><span style=\"color: #000000;\"><a href=\"https:\/\/www.defensoria.se.def.br\/wp-content\/uploads\/2023\/05\/EDITAL-GSPG-022.2024-CONVOCA\u00c7\u00c3O-20\u00ba-PSE-Aracaju-Direito.pdf\">EDITAL GSPG 022.2024 &#8211; CONVOCA\u00c7\u00c3O &#8211; 20\u00ba PSE &#8211; Aracaju (Direito)<\/a><\/span><\/td><td><br><span style=\"color: #000000;\"><strong>Publica\u00e7\u00e3o 30\/01\/2024<\/strong><\/span><br><span style=\"color: #000000;\"><strong>Convoca\u00e7\u00e3o 01\/02\/2024<\/strong><\/span><br><br><\/td><\/tr><tr><td><span style=\"color: #000000;\"><a href=\"https:\/\/www.defensoria.se.def.br\/wp-content\/uploads\/2023\/05\/EDITAL-GSPG-023.2024-CONVOCA\u00c7\u00c3O-20\u00ba-PSE-Aracaju-Direito.pdf\">EDITAL GSPG 023.2024 &#8211; CONVOCA\u00c7\u00c3O &#8211; 20\u00ba PSE &#8211; Aracaju (Direito)<\/a><\/span><\/td><td><br><span style=\"color: #000000;\"><strong>Publica\u00e7\u00e3o 20\/02\/2024<\/strong><\/span><br><span style=\"color: #000000;\"><strong>Convoca\u00e7\u00e3o 22\/02\/2024<\/strong><\/span><br><br><\/td><\/tr><tr><td><span style=\"color: #000000;\"><a href=\"https:\/\/www.defensoria.se.def.br\/wp-content\/uploads\/2023\/05\/EDITAL-GSPG-028.2024-CONVOCA\u00c7\u00c3O-20\u00ba-PSE-Aracaju-Direito.pdf\">EDITAL GSPG 028.2024 &#8211; CONVOCA\u00c7\u00c3O &#8211; 20\u00ba PSE &#8211; Aracaju (Direito)<\/a><\/span><\/td><td><br><span style=\"color: #000000;\"><strong>Publica\u00e7\u00e3o 01\/03\/2024<\/strong><\/span><br><span style=\"color: #000000;\"><strong>Convoca\u00e7\u00e3o 05\/03\/2024<\/strong><\/span><br><br><\/td><\/tr><tr><td><span style=\"color: #000000;\"><a href=\"https:\/\/www.defensoria.se.def.br\/wp-content\/uploads\/2023\/05\/EDITAL-GSPG-031.2024-CONVOCA\u00c7\u00c3O-20\u00ba-PSE-Aracaju-Direito-FINAL-DE-LISTA.pdf\">EDITAL GSPG 031.2024 &#8211; CONVOCA\u00c7\u00c3O &#8211; 20\u00ba PSE &#8211; Aracaju (Direito) &#8211; FINAL DE LISTA<\/a><\/span><\/td><td><br><span style=\"color: #000000;\"><strong>Publica\u00e7\u00e3o 07\/03\/2024<\/strong><\/span><br><span style=\"color: #000000;\"><strong>Convoca\u00e7\u00e3o 11\/03\/2024<\/strong><\/span><br><br><\/td><\/tr><tr><td><span style=\"color: #000000;\"><a href=\"https:\/\/www.defensoria.se.def.br\/wp-content\/uploads\/2023\/05\/EDITAL-GSPG-037.2024-CONVOCA\u00c7\u00c3O-20\u00ba-PSE-Aracaju-Direito-FINAL-DE-LISTA.pdf\">EDITAL GSPG 037.2024 &#8211; CONVOCA\u00c7\u00c3O &#8211; 20\u00ba PSE &#8211; Aracaju (Direito) &#8211; FINAL DE LISTA<\/a><\/span><\/td><td><br><span style=\"color: #000000;\"><strong>Publica\u00e7\u00e3o 12\/03\/2024<\/strong><\/span><br><span style=\"color: #000000;\"><strong>Convoca\u00e7\u00e3o 14\/03\/2024<\/strong><\/span><br><br><\/td><\/tr><\/tbody><\/table><\/figure>\n\n\n\n<div class=\"wp-block-uagb-container uagb-block-9ac37ca9 alignfull uagb-is-root-container\"><div class=\"uagb-container-inner-blocks-wrap\">\n<p><br><br><br><br><br><\/p>\n<\/div><\/div>\n","protected":false},"excerpt":{"rendered":"<p>&nbsp; PS N\u00ba 20 \u2013 Editais de convoca\u00e7\u00e3o Requerimento para Pedido de Final de Lista de Estagi\u00e1rios EDITAL GSPG 056.2023 &#8211; Convoca\u00e7\u00e3o de Estagi\u00e1rios (20\u00ba PSE) &#8211; Aracaju (Direito) Publica\u00e7\u00e3o 23\/05\/2023Convoca\u00e7\u00e3o 25\/05\/2023 EDITAL GSPG 060.2023 &#8211; Convoca\u00e7\u00e3o de Estagi\u00e1rios (20\u00ba PSE) &#8211; Aracaju (Direito) Publica\u00e7\u00e3o 26\/05\/2023Convoca\u00e7\u00e3o 30\/05\/2023 EDITAL GSPG 063.2023 &#8211; Convoca\u00e7\u00e3o de Estagi\u00e1rios (20\u00ba &hellip;<\/p>\n<p class=\"read-more\"> <a class=\"\" href=\"https:\/\/www.defensoria.se.def.br\/?page_id=32062\"> <span class=\"screen-reader-text\">PS N\u00ba 20 \u2013 Editais de convoca\u00e7\u00e3o<\/span> Read More &raquo;<\/a><\/p>\n","protected":false},"author":15,"featured_media":0,"parent":31291,"menu_order":0,"comment_status":"closed","ping_status":"closed","template":"","meta":{"_eb_attr":"","_uag_custom_page_level_css":"","site-sidebar-layout":"default","site-content-layout":"","ast-site-content-layout":"","site-content-style":"default","site-sidebar-style":"default","ast-global-header-display":"","ast-banner-title-visibility":"","ast-main-header-display":"","ast-hfb-above-header-display":"","ast-hfb-below-header-display":"","ast-hfb-mobile-header-display":"","site-post-title":"","ast-breadcrumbs-content":"","ast-featured-img":"","footer-sml-layout":"","theme-transparent-header-meta":"","adv-header-id-meta":"","stick-header-meta":"","header-above-stick-meta":"","header-main-stick-meta":"","header-below-stick-meta":"","astra-migrate-meta-layouts":"","footnotes":""},"class_list":["post-32062","page","type-page","status-publish","hentry"],"uagb_featured_image_src":{"full":false,"thumbnail":false,"medium":false,"medium_large":false,"large":false,"1536x1536":false,"2048x2048":false},"uagb_author_info":{"display_name":"Daniel Silva","author_link":"https:\/\/www.defensoria.se.def.br\/?author=15"},"uagb_comment_info":0,"uagb_excerpt":"&nbsp; PS N\u00ba 20 \u2013 Editais de convoca\u00e7\u00e3o Requerimento para Pedido de Final de Lista de Estagi\u00e1rios EDITAL GSPG 056.2023 &#8211; Convoca\u00e7\u00e3o de Estagi\u00e1rios (20\u00ba PSE) &#8211; Aracaju (Direito) Publica\u00e7\u00e3o 23\/05\/2023Convoca\u00e7\u00e3o 25\/05\/2023 EDITAL GSPG 060.2023 &#8211; Convoca\u00e7\u00e3o de Estagi\u00e1rios (20\u00ba PSE) &#8211; Aracaju (Direito) Publica\u00e7\u00e3o 26\/05\/2023Convoca\u00e7\u00e3o 30\/05\/2023 EDITAL GSPG 063.2023 &#8211; Convoca\u00e7\u00e3o de Estagi\u00e1rios (20\u00ba&hellip;","_links":{"self":[{"href":"https:\/\/www.defensoria.se.def.br\/index.php?rest_route=\/wp\/v2\/pages\/32062"}],"collection":[{"href":"https:\/\/www.defensoria.se.def.br\/index.php?rest_route=\/wp\/v2\/pages"}],"about":[{"href":"https:\/\/www.defensoria.se.def.br\/index.php?rest_route=\/wp\/v2\/types\/page"}],"author":[{"embeddable":true,"href":"https:\/\/www.defensoria.se.def.br\/index.php?rest_route=\/wp\/v2\/users\/15"}],"replies":[{"embeddable":true,"href":"https:\/\/www.defensoria.se.def.br\/index.php?rest_route=%2Fwp%2Fv2%2Fcomments&post=32062"}],"version-history":[{"count":59,"href":"https:\/\/www.defensoria.se.def.br\/index.php?rest_route=\/wp\/v2\/pages\/32062\/revisions"}],"predecessor-version":[{"id":40487,"href":"https:\/\/www.defensoria.se.def.br\/index.php?rest_route=\/wp\/v2\/pages\/32062\/revisions\/40487"}],"up":[{"embeddable":true,"href":"https:\/\/www.defensoria.se.def.br\/index.php?rest_route=\/wp\/v2\/pages\/31291"}],"wp:attachment":[{"href":"https:\/\/www.defensoria.se.def.br\/index.php?rest_route=%2Fwp%2Fv2%2Fmedia&parent=32062"}],"curies":[{"name":"wp","href":"https:\/\/api.w.org\/{rel}","templated":true}]}}