{"id":32067,"date":"2023-05-23T10:48:23","date_gmt":"2023-05-23T13:48:23","guid":{"rendered":"https:\/\/www.defensoria.se.def.br\/?page_id=32067"},"modified":"2024-12-18T13:19:21","modified_gmt":"2024-12-18T16:19:21","slug":"ps-no-21-editais-de-convocacao","status":"publish","type":"page","link":"https:\/\/www.defensoria.se.def.br\/?page_id=32067","title":{"rendered":"PS N\u00ba 21 \u2013 Editais de convoca\u00e7\u00e3o"},"content":{"rendered":"\n<h3 class=\"wp-block-heading\">&nbsp;<\/h3>\n\n\n\n<h3 class=\"wp-block-heading has-text-align-center has-ast-global-color-0-color has-text-color has-link-color wp-elements-37e92993d45bdced566d1c4cdc2b2116\"><strong>PS N\u00ba 21 \u2013 Editais de convoca\u00e7\u00e3o<br><\/strong><\/h3>\n\n\n\n<h4 class=\"wp-block-heading has-text-align-center\"><br><br><span style=\"color: #000000;\"><a href=\"https:\/\/www.defensoria.se.def.br\/wp-content\/uploads\/2020\/10\/Requerimento-para-Pedido-de-Final-de-Lista-de-Estagi\u00e1rios.docx\">Requerimento para Pedido de Final de Lista de Estagi\u00e1rios<\/a><\/span><\/h4>\n\n\n\n<figure class=\"wp-block-table aligncenter is-style-stripes\"><table class=\"has-border-color has-black-border-color\" style=\"border-width:1px\"><tbody><tr><td class=\"has-text-align-left\" data-align=\"left\"><span style=\"color: #000000;\"><a href=\"https:\/\/www.defensoria.se.def.br\/wp-content\/uploads\/2023\/05\/EDITAL-GSPG-057.2023-Convoca\u00e7\u00e3o-de-Estagi\u00e1rios-21\u00ba-PSE-Diversos-Direito-1.pdf\" target=\"_blank\" rel=\"noreferrer noopener\">EDITAL GSPG 057.2023 &#8211; Convoca\u00e7\u00e3o de Estagi\u00e1rios (21\u00ba PSE) &#8211; Diversos (Direito)<\/a><\/span><\/td><td><span style=\"color: #000000;\"><strong>Publica\u00e7\u00e3o 23\/05\/2023<\/strong><\/span><br><span style=\"color: #000000;\"><strong>Convoca\u00e7\u00e3o 25\/05\/2023<\/strong><\/span><\/td><\/tr><tr><td class=\"has-text-align-left\" data-align=\"left\"><span style=\"color: #000000;\"><a href=\"https:\/\/www.defensoria.se.def.br\/wp-content\/uploads\/2023\/05\/EDITAL-GSPG-061.2023-Convoca\u00e7\u00e3o-de-Estagi\u00e1rios-21\u00ba-PSE-Laranjeiras-Direiro-Aracaju-ADM.pdf\" target=\"_blank\" rel=\"noreferrer noopener\">EDITAL GSPG 061.2023 &#8211; Convoca\u00e7\u00e3o de Estagi\u00e1rios (21\u00ba PSE) &#8211; Laranjeiras (Direiro) Aracaju (ADM)<\/a><\/span><\/td><td><span style=\"color: #000000;\"><strong>Publica\u00e7\u00e3o 30\/05\/2023<\/strong><\/span><br><span style=\"color: #000000;\"><strong>Convoca\u00e7\u00e3o 02\/06\/2023<\/strong><\/span><\/td><\/tr><tr><td class=\"has-text-align-left\" data-align=\"left\"><span style=\"color: #000000;\"><a href=\"https:\/\/www.defensoria.se.def.br\/wp-content\/uploads\/2023\/05\/EDITAL-GDPG-007.2023-Convocacao-de-Estagiarios-_21_-PSE_-Estancia-_Direito-ASSINADO.pdf\" target=\"_blank\" rel=\"noreferrer noopener\">EDITAL GDPG 007.2023 &#8211; Convocacao de Estagiarios _21_ PSE_ &#8211; Estancia _Direito &#8211; ASSINADO<\/a><\/span><\/td><td><span style=\"color: #000000;\"><strong>Publica\u00e7\u00e3o 15\/06\/2023<\/strong><\/span><br><span style=\"color: #000000;\"><strong>Convoca\u00e7\u00e3o 15\/06\/2023<\/strong><\/span><\/td><\/tr><tr><td class=\"has-text-align-left\" data-align=\"left\"><span style=\"color: #000000;\"><a href=\"https:\/\/www.defensoria.se.def.br\/wp-content\/uploads\/2023\/05\/EDITAL-GDPG-015.2023-Convoca\u00e7\u00e3o-de-Estagi\u00e1rios-21\u00ba-PSE-Aracaju-Administra\u00e7\u00e3o.pdf\" target=\"_blank\" rel=\"noreferrer noopener\">EDITAL GDPG 015.2023 &#8211; Convoca\u00e7\u00e3o de Estagi\u00e1rios (21\u00ba PSE) &#8211; Aracaju (Administra\u00e7\u00e3o)<\/a><\/span><\/td><td><span style=\"color: #000000;\"><strong>Publica\u00e7\u00e3o 27\/06\/2023<\/strong><\/span><br><span style=\"color: #000000;\"><strong>Convoca\u00e7\u00e3o 28\/06\/2023<\/strong><\/span><\/td><\/tr><tr><td class=\"has-text-align-left\" data-align=\"left\"><span style=\"color: #000000;\"><a href=\"https:\/\/www.defensoria.se.def.br\/wp-content\/uploads\/2023\/05\/EDITAL-GDPG-016.2023-Convoca\u00e7\u00e3o-de-Estagi\u00e1rios-21\u00ba-PSE-Tobias-Barreto-Direito-ASSINADO.pdf\" target=\"_blank\" rel=\"noreferrer noopener\">EDITAL GDPG 016.2023 &#8211; Convoca\u00e7\u00e3o de Estagi\u00e1rios (21\u00ba PSE) &#8211; Tobias Barreto (Direito) &#8211; ASSINADO<\/a><\/span><\/td><td><span style=\"color: #000000;\"><strong>Publica\u00e7\u00e3o 28\/06\/2023<\/strong><\/span><br><span style=\"color: #000000;\"><strong>Convoca\u00e7\u00e3o 30\/06\/2023<\/strong><\/span><\/td><\/tr><tr><td class=\"has-text-align-left\" data-align=\"left\"><span style=\"color: #000000;\"><a href=\"https:\/\/www.defensoria.se.def.br\/wp-content\/uploads\/2023\/05\/EDITAL-GSPG-067.2023-Convoca\u00e7\u00e3o-de-Estagi\u00e1rios-21\u00ba-PSE-Est\u00e2ncia-Direito.pdf\" target=\"_blank\" rel=\"noreferrer noopener\">EDITAL GSPG 067.2023 &#8211; Convoca\u00e7\u00e3o de Estagi\u00e1rios (21\u00ba PSE) &#8211; Est\u00e2ncia (Direito)<\/a><\/span><\/td><td><span style=\"color: #000000;\"><strong>Publica\u00e7\u00e3o 10\/07\/2023<\/strong><\/span><br><span style=\"color: #000000;\"><strong>Convoca\u00e7\u00e3o 13\/07\/2023<\/strong><\/span><\/td><\/tr><tr><td class=\"has-text-align-left\" data-align=\"left\"><span style=\"color: #000000;\"><a href=\"https:\/\/www.defensoria.se.def.br\/wp-content\/uploads\/2023\/05\/EDITAL-GSPG-070.2023-Convoca\u00e7\u00e3o-de-Estagi\u00e1rios-21\u00ba-PSE-Est\u00e2ncia-Direito.pdf\" target=\"_blank\" rel=\"noreferrer noopener\">EDITAL GSPG 070.2023 &#8211; Convoca\u00e7\u00e3o de Estagi\u00e1rios (21\u00ba PSE) &#8211; Est\u00e2ncia (Direito)<\/a><\/span><\/td><td><span style=\"color: #000000;\"><strong>Publica\u00e7\u00e3o 20\/07\/2023<\/strong><\/span><br><span style=\"color: #000000;\"><strong>Convoca\u00e7\u00e3o 25\/07\/2023<\/strong><\/span><\/td><\/tr><tr><td class=\"has-text-align-left\" data-align=\"left\"><span style=\"color: #000000;\"><a href=\"https:\/\/www.defensoria.se.def.br\/wp-content\/uploads\/2023\/05\/EDITAL-GSPG-076.2023-Convoca\u00e7\u00e3o-de-Estagi\u00e1rios-21\u00ba-PSE-Est\u00e2ncia-Direito.pdf\" target=\"_blank\" rel=\"noreferrer noopener\">EDITAL GSPG 076.2023 &#8211; Convoca\u00e7\u00e3o de Estagi\u00e1rios (21\u00ba PSE) &#8211; Est\u00e2ncia (Direito)<\/a><\/span><\/td><td><span style=\"color: #000000;\"><strong>Publica\u00e7\u00e3o 26\/07\/2023<\/strong><\/span><br><span style=\"color: #000000;\"><strong>Convoca\u00e7\u00e3o 31\/07\/2023<\/strong><\/span><\/td><\/tr><tr><td class=\"has-text-align-left\" data-align=\"left\"><span style=\"color: #000000;\"><a href=\"https:\/\/www.defensoria.se.def.br\/wp-content\/uploads\/2023\/05\/EDITAL-GSPG-080.2023-Convoca\u00e7\u00e3o-de-Estagi\u00e1rios-21\u00ba-PSE-Est\u00e2ncia-Direito.pdf\" target=\"_blank\" rel=\"noreferrer noopener\">EDITAL GSPG 080.2023 &#8211; Convoca\u00e7\u00e3o de Estagi\u00e1rios (21\u00ba PSE) &#8211; Est\u00e2ncia (Direito)<\/a><\/span><\/td><td><span style=\"color: #000000;\"><strong>Publica\u00e7\u00e3o 08\/08\/2023<\/strong><\/span><br><span style=\"color: #000000;\"><strong>Convoca\u00e7\u00e3o 11\/08\/2023<\/strong><\/span><\/td><\/tr><tr><td class=\"has-text-align-left\" data-align=\"left\"><span style=\"color: #000000;\"><a href=\"https:\/\/www.defensoria.se.def.br\/wp-content\/uploads\/2023\/05\/EDITAL-GSPG-084.2023-Convoca\u00e7\u00e3o-de-Estagi\u00e1rios-21\u00ba-PSE-Japoat\u00e3-Direito.pdf\" target=\"_blank\" rel=\"noreferrer noopener\">EDITAL GSPG 084.2023 &#8211; Convoca\u00e7\u00e3o de Estagi\u00e1rios (21\u00ba PSE) &#8211; Japoat\u00e3 (Direito)<\/a><\/span><\/td><td><span style=\"color: #000000;\"><strong>Publica\u00e7\u00e3o 28\/08\/2023<\/strong><\/span><br><span style=\"color: #000000;\"><strong>Convoca\u00e7\u00e3o 30\/08\/2023<\/strong><\/span><\/td><\/tr><tr><td class=\"has-text-align-left\" data-align=\"left\"><span style=\"color: #000000;\"><a href=\"https:\/\/www.defensoria.se.def.br\/wp-content\/uploads\/2023\/05\/EDITAL-GSPG-087.2023-Convoca\u00e7\u00e3o-de-Estagi\u00e1rios-21\u00ba-PSE-Carm\u00f3polis-Direito.pdf\" target=\"_blank\" rel=\"noreferrer noopener\">EDITAL GSPG 087.2023 &#8211; Convoca\u00e7\u00e3o de Estagi\u00e1rios (21\u00ba PSE) &#8211; Carm\u00f3polis (Direito)<\/a><\/span><\/td><td><span style=\"color: #000000;\"><strong>Publica\u00e7\u00e3o 05\/09\/2023<\/strong><\/span><br><span style=\"color: #000000;\"><strong>Convoca\u00e7\u00e3o 08\/09\/2023<\/strong><\/span><\/td><\/tr><tr><td class=\"has-text-align-left\" data-align=\"left\"><span style=\"color: #000000;\"><a href=\"https:\/\/www.defensoria.se.def.br\/wp-content\/uploads\/2023\/05\/EDITAL-GSPG-092.2023-Convoca\u00e7\u00e3o-de-Estagi\u00e1rios-21\u00ba-PSE-Areia-Branca-Direito.pdf\" target=\"_blank\" rel=\"noreferrer noopener\">EDITAL GSPG 092.2023 &#8211; Convoca\u00e7\u00e3o de Estagi\u00e1rios (21\u00ba PSE) &#8211; Areia Branca (Direito)<\/a><\/span><\/td><td><span style=\"color: #000000;\"><strong>Publica\u00e7\u00e3o 26\/09\/2023<\/strong><\/span><br><span style=\"color: #000000;\"><strong>Convoca\u00e7\u00e3o 29\/09\/2023<\/strong><\/span><\/td><\/tr><tr><td class=\"has-text-align-left\" data-align=\"left\"><span style=\"color: #000000;\"><a href=\"https:\/\/www.defensoria.se.def.br\/wp-content\/uploads\/2023\/05\/EDITAL-GSPG-108.2023-Convoca\u00e7\u00e3o-de-Estagi\u00e1rios-21\u00ba-PSE-Est\u00e2ncia-e-Itabaiana-direito.pdf\" target=\"_blank\" rel=\"noreferrer noopener\">EDITAL GSPG 108.2023 &#8211; Convoca\u00e7\u00e3o de Estagi\u00e1rios (21\u00ba PSE) &#8211; Est\u00e2ncia e Itabaiana (direito)<\/a><\/span><\/td><td><span style=\"color: #000000;\"><strong>Publica\u00e7\u00e3o 18\/12\/2023<\/strong><\/span><br><span style=\"color: #000000;\"><strong>Convoca\u00e7\u00e3o 29\/09\/2023<\/strong><\/span><\/td><\/tr><tr><td class=\"has-text-align-left\" data-align=\"left\"><span style=\"color: #000000;\"><a href=\"https:\/\/www.defensoria.se.def.br\/wp-content\/uploads\/2023\/05\/EDITAL-GSPG-003.2024-CONVOCA\u00c7\u00c3O-21\u00ba-PSE-Est\u00e2ncia-Direito-assinado.pdf\" target=\"_blank\" rel=\"noreferrer noopener\">EDITAL GSPG 003.2024 &#8211; CONVOCA\u00c7\u00c3O &#8211; 21\u00ba PSE &#8211; Est\u00e2ncia (Direito) &#8211; assinado<\/a><\/span><\/td><td><span style=\"color: #000000;\"><strong>Publica\u00e7\u00e3o 11\/01\/2024<\/strong><\/span><br><span style=\"color: #000000;\"><strong>Convoca\u00e7\u00e3o 15\/01\/2024<\/strong><\/span><\/td><\/tr><tr><td class=\"has-text-align-left\" data-align=\"left\"><span style=\"color: #000000;\"><a href=\"https:\/\/www.defensoria.se.def.br\/wp-content\/uploads\/2023\/05\/EDITAL-GSPG-008.2024-CONVOCA\u00c7\u00c3O-21\u00ba-PSE-Est\u00e2ncia-Direito-Final-de-Lista.pdf\" target=\"_blank\" rel=\"noreferrer noopener\">EDITAL GSPG 008.2024 &#8211; CONVOCA\u00c7\u00c3O &#8211; 21\u00ba PSE &#8211; Est\u00e2ncia (Direito) &#8211; Final de Lista<\/a><\/span><\/td><td><span style=\"color: #000000;\"><strong>Publica\u00e7\u00e3o 16\/01\/2024<\/strong><\/span><br><span style=\"color: #000000;\"><strong>Convoca\u00e7\u00e3o 18\/01\/2024<\/strong><\/span><\/td><\/tr><tr><td class=\"has-text-align-left\" data-align=\"left\"><span style=\"color: #000000;\"><a href=\"https:\/\/www.defensoria.se.def.br\/wp-content\/uploads\/2023\/05\/EDITAL-GSPG-009.2024-CONVOCA\u00c7\u00c3O-21\u00ba-PSE-Ne\u00f3polis-Direito.pdf\" target=\"_blank\" rel=\"noreferrer noopener\">EDITAL GSPG 009.2024 &#8211; CONVOCA\u00c7\u00c3O &#8211; 21\u00ba PSE &#8211; Ne\u00f3polis (Direito)<\/a><\/span><\/td><td><span style=\"color: #000000;\"><strong>Publica\u00e7\u00e3o 16\/01\/2024<\/strong><\/span><br><span style=\"color: #000000;\"><strong>Convoca\u00e7\u00e3o 18\/01\/2024<\/strong><\/span><\/td><\/tr><tr><td class=\"has-text-align-left\" data-align=\"left\"><span style=\"color: #000000;\"><a href=\"https:\/\/www.defensoria.se.def.br\/wp-content\/uploads\/2023\/05\/EDITAL-GSPG-029.2024-CONVOCA\u00c7\u00c3O-21\u00ba-PSE-Capela-Direito.pdf\" target=\"_blank\" rel=\"noreferrer noopener\">EDITAL GSPG 029.2024 &#8211; CONVOCA\u00c7\u00c3O &#8211; 21\u00ba PSE &#8211; Capela (Direito)<\/a><\/span><\/td><td><span style=\"color: #000000;\"><strong>Publica\u00e7\u00e3o 01\/03\/2024<\/strong><\/span><br><span style=\"color: #000000;\"><strong>Convoca\u00e7\u00e3o 05\/03\/2024<\/strong><\/span><\/td><\/tr><tr><td class=\"has-text-align-left\" data-align=\"left\"><span style=\"color: #000000;\"><a href=\"https:\/\/www.defensoria.se.def.br\/wp-content\/uploads\/2023\/05\/EDITAL-GSPG-033.2024-CONVOCA\u00c7\u00c3O-21\u00ba-PSE-Itabaiana-Japaratuba-e-Tobias-Barreto-Direito.pdf\" target=\"_blank\" rel=\"noreferrer noopener\">EDITAL GSPG 033.2024 &#8211; CONVOCA\u00c7\u00c3O &#8211; 21\u00ba PSE &#8211; Itabaiana, Japaratuba e Tobias Barreto (Direito)<\/a><\/span><\/td><td><span style=\"color: #000000;\"><strong>Publica\u00e7\u00e3o 07\/03\/2024<\/strong><\/span><br><span style=\"color: #000000;\"><strong>Convoca\u00e7\u00e3o 11\/03\/2024<\/strong><\/span><\/td><\/tr><tr><td class=\"has-text-align-left\" data-align=\"left\"><span style=\"color: #000000;\"><a href=\"https:\/\/www.defensoria.se.def.br\/wp-content\/uploads\/2023\/05\/EDITAL-GSPG-035.2024-CONVOCA\u00c7\u00c3O-21\u00ba-PSE-Itabaiana-Direito.pdf\" target=\"_blank\" rel=\"noreferrer noopener\">EDITAL GSPG 035.2024 &#8211; CONVOCA\u00c7\u00c3O &#8211; 21\u00ba PSE &#8211; Itabaiana (Direito)<\/a><\/span><\/td><td><span style=\"color: #000000;\"><strong>Publica\u00e7\u00e3o 12\/03\/2024<\/strong><\/span><br><span style=\"color: #000000;\"><strong>Convoca\u00e7\u00e3o 14\/03\/2024<\/strong><\/span><\/td><\/tr><tr><td class=\"has-text-align-left\" data-align=\"left\"><span style=\"color: #000000;\"><a href=\"https:\/\/www.defensoria.se.def.br\/wp-content\/uploads\/2023\/05\/EDITAL-GSPG-045.2024-CONVOCA\u00c7\u00c3O-24\u00ba-PSE-Boquim-direito.pdf\" target=\"_blank\" rel=\"noreferrer noopener\">EDITAL GSPG 045.2024 &#8211; CONVOCA\u00c7\u00c3O &#8211; 21\u00ba PSE &#8211; Boquim (direito)<\/a><\/span><\/td><td><span style=\"color: #000000;\"><strong>Publica\u00e7\u00e3o 16\/04\/2024<\/strong><\/span><br><span style=\"color: #000000;\"><strong>Convoca\u00e7\u00e3o 18\/04\/2024<\/strong><\/span><\/td><\/tr><tr><td class=\"has-text-align-left\" data-align=\"left\"><span style=\"color: #000000;\"><a href=\"https:\/\/www.defensoria.se.def.br\/wp-content\/uploads\/2023\/05\/EDITAL-GSPG-047.2024-CONVOCA\u00c7\u00c3O-21\u00ba-PSE-Boquim-direito-.pdf\" target=\"_blank\" rel=\"noreferrer noopener\">EDITAL GSPG 047.2024 &#8211; CONVOCA\u00c7\u00c3O &#8211; 21\u00ba PSE &#8211; Boquim (direito)<\/a><\/span><\/td><td><span style=\"color: #000000;\"><strong>Publica\u00e7\u00e3o 19\/04\/2024<\/strong><\/span><br><span style=\"color: #000000;\"><strong>Convoca\u00e7\u00e3o 23\/04\/2024<\/strong><\/span><\/td><\/tr><tr><td class=\"has-text-align-left\" data-align=\"left\"><a href=\"https:\/\/www.defensoria.se.def.br\/wp-content\/uploads\/2024\/10\/EDITAL-GSPG-053.2024-CONVOCACAO-21o-PSE-Salgado-Direito.pdf\" target=\"_blank\" rel=\"noreferrer noopener\">EDITAL GSPG 053.2024 &#8211; CONVOCACAO &#8211; 21\u00ba  PSE &#8211; Salgado(Direito)<\/a><\/td><td><span style=\"color: #000000;\"><strong>Publica\u00e7\u00e3o 19\/04\/2024<\/strong><\/span><br><span style=\"color: #000000;\"><strong>Convoca\u00e7\u00e3o 23\/04\/2024<\/strong><\/span><\/td><\/tr><tr><td class=\"has-text-align-left\" data-align=\"left\"><span style=\"color: #000000;\"><a href=\"https:\/\/www.defensoria.se.def.br\/wp-content\/uploads\/2023\/05\/EDITAL-GSPG-054.2024-CONVOCA\u00c7\u00c3O-21\u00ba-PSE-Salgado-Direito.pdf\" target=\"_blank\" rel=\"noreferrer noopener\">EDITAL GSPG 054.2024 &#8211; CONVOCA\u00c7\u00c3O &#8211; 21\u00ba PSE &#8211; Salgado (Direito)<\/a><\/span><\/td><td><span style=\"color: #000000;\"><strong>Publica\u00e7\u00e3o 12\/05\/2024<\/strong><\/span><br><span style=\"color: #000000;\"><strong>Convoca\u00e7\u00e3o 15\/05\/2024<\/strong><\/span><\/td><\/tr><tr><td class=\"has-text-align-left\" data-align=\"left\"><span style=\"color: #000000;\"><a href=\"https:\/\/www.defensoria.se.def.br\/wp-content\/uploads\/2023\/05\/EDITAL-GSPG-055.2024-CONVOCA\u00c7\u00c3O-21\u00ba-PSE-laranjeirasDireito.pdf\" target=\"_blank\" rel=\"noreferrer noopener\">EDITAL GSPG 055.2024 &#8211; CONVOCA\u00c7\u00c3O &#8211; 21\u00ba PSE &#8211; laranjeiras(Direito)<\/a><\/span><\/td><td><span style=\"color: #000000;\"><strong>Publica\u00e7\u00e3o 17\/05\/2024<\/strong><\/span><br><span style=\"color: #000000;\"><strong>Convoca\u00e7\u00e3o 21\/05\/2024<\/strong><\/span><\/td><\/tr><tr><td class=\"has-text-align-left\" data-align=\"left\"><span style=\"color: #000000;\"><a href=\"https:\/\/www.defensoria.se.def.br\/wp-content\/uploads\/2023\/05\/EDITAL-GSPG-056.2024-CONVOCA\u00c7\u00c3O-21\u00ba-PSE-Salgado-Direito.pdf\" target=\"_blank\" rel=\"noreferrer noopener\">EDITAL GSPG 056.2024 &#8211; CONVOCA\u00c7\u00c3O &#8211; 21\u00ba PSE &#8211; Salgado (Direito)<\/a><\/span><\/td><td><span style=\"color: #000000;\"><strong>Publica\u00e7\u00e3o 21\/05\/2024<\/strong><\/span><br><span style=\"color: #000000;\"><strong>Convoca\u00e7\u00e3o 23\/05\/2024<\/strong><\/span><\/td><\/tr><tr><td class=\"has-text-align-left\" data-align=\"left\"><span style=\"color: #000000;\"><a href=\"https:\/\/www.defensoria.se.def.br\/wp-content\/uploads\/2023\/05\/EDITAL-GSPG-058.2024-CONVOCA\u00c7\u00c3O-21\u00ba-PSE-laranjeirasDireito.pdf\" target=\"_blank\" rel=\"noreferrer noopener\">EDITAL GSPG 058.2024 &#8211; CONVOCA\u00c7\u00c3O &#8211; 21\u00ba PSE &#8211; laranjeiras(Direito)<\/a><\/span><\/td><td><span style=\"color: #000000;\"><strong>Publica\u00e7\u00e3o 22\/05\/2024<\/strong><\/span><br><span style=\"color: #000000;\"><strong>Convoca\u00e7\u00e3o 24\/05\/2024<\/strong><\/span><\/td><\/tr><tr><td class=\"has-text-align-left\" data-align=\"left\"><span style=\"color: #000000;\"><a href=\"https:\/\/www.defensoria.se.def.br\/wp-content\/uploads\/2023\/05\/EDITAL-GSPG-079.2024-CONVOCA\u00c7\u00c3O-21\u00ba-PSE-Tobias-Barreto-direito.pdf\" target=\"_blank\" rel=\"noreferrer noopener\">EDITAL GSPG 079.2024 &#8211; CONVOCA\u00c7\u00c3O &#8211; 21\u00ba PSE &#8211; Tobias Barreto (direito)<\/a><\/span><\/td><td><span style=\"color: #000000;\"><strong>Publica\u00e7\u00e3o 05\/08\/2024<\/strong><\/span><br><span style=\"color: #000000;\"><strong>Convoca\u00e7\u00e3o 07\/08\/2024<\/strong><\/span><\/td><\/tr><tr><td class=\"has-text-align-left\" data-align=\"left\"><a href=\"https:\/\/www.defensoria.se.def.br\/wp-content\/uploads\/2024\/09\/EDITAL-GSPG-090.2024-CONVOCACAO-21o-PSE-Lagarto-direito-1.pdf\" target=\"_blank\" rel=\"noreferrer noopener\">EDITAL GSPG 090.2024 &#8211; CONVOCA\u00c7\u00c3O &#8211; 21\u00ba PSE &#8211; Lagarto (direito)<\/a><span style=\"color: #000000;\"><br><\/span><\/td><td><span style=\"color: #000000;\"><strong>Publica\u00e7\u00e3o 12\/09\/2024<\/strong><\/span><br><span style=\"color: #000000;\"><strong>Convoca\u00e7\u00e3o 16\/09\/2024<\/strong><\/span><br><h6 style=\"text-align: justify;\"><\/h6><\/td><\/tr><tr><td class=\"has-text-align-left\" data-align=\"left\"><a href=\"https:\/\/www.defensoria.se.def.br\/wp-content\/uploads\/2024\/09\/EDITAL-GSPG-092.2024-CONVOCACAO-21o-PSE-Lagarto-direito.pdf\" target=\"_blank\" rel=\"noreferrer noopener\">EDITAL GSPG 092.2024 &#8211; CONVOCA\u00c7\u00c3O &#8211; 21\u00ba PSE &#8211; Lagarto (direito)<\/a><\/td><td><span style=\"color: #000000;\"><strong>Publica\u00e7\u00e3o 13\/09\/2024<\/strong><\/span><br><span style=\"color: #000000;\"><strong>Convoca\u00e7\u00e3o 16\/09\/2024<\/strong><\/span><br><h6 style=\"text-align: justify;\"><\/h6><\/td><\/tr><tr><td class=\"has-text-align-left\" data-align=\"left\"><a href=\"https:\/\/www.defensoria.se.def.br\/wp-content\/uploads\/2024\/09\/EDITAL-GSPG-093.2024-CONVOCACAO-21o-PSE-Lagarto-direito.pdf\" target=\"_blank\" rel=\"noreferrer noopener\">EDITAL GSPG 093.2024 &#8211; CONVOCA\u00c7\u00c3O &#8211; 21\u00ba PSE &#8211; Lagarto (direito)<\/a><\/td><td><span style=\"color: #000000;\"><strong>Publica\u00e7\u00e3o 16\/09\/2024<\/strong><\/span><br><span style=\"color: #000000;\"><strong>Convoca\u00e7\u00e3o 18\/09\/2024<\/strong><\/span><\/td><\/tr><tr><td class=\"has-text-align-left\" data-align=\"left\"><a href=\"https:\/\/www.defensoria.se.def.br\/wp-content\/uploads\/2024\/12\/EDITAL-GSPG-130.2024-CONVOCACAO-21o-PSE-Itabaianinha-direito.pdf\" target=\"_blank\" rel=\"noreferrer noopener\">EDITAL GSPG 130.2024 &#8211; CONVOCACAO &#8211; 21\u00ba -PSE &#8211; Itabaianinha(direito)<\/a><\/td><td><span style=\"color: #000000;\"><strong>Publica\u00e7\u00e3o 18\/12\/2024<\/strong><\/span><br><span style=\"color: #000000;\"><strong>Convoca\u00e7\u00e3o 20\/12\/2024<\/strong><\/span><\/td><\/tr><\/tbody><\/table><\/figure>\n\n\n\n<p class=\"has-text-align-center wp-block-heading\"><br><br><br><\/p>\n","protected":false},"excerpt":{"rendered":"<p>&nbsp; PS N\u00ba 21 \u2013 Editais de convoca\u00e7\u00e3o Requerimento para Pedido de Final de Lista de Estagi\u00e1rios EDITAL GSPG 057.2023 &#8211; Convoca\u00e7\u00e3o de Estagi\u00e1rios (21\u00ba PSE) &#8211; Diversos (Direito) Publica\u00e7\u00e3o 23\/05\/2023Convoca\u00e7\u00e3o 25\/05\/2023 EDITAL GSPG 061.2023 &#8211; Convoca\u00e7\u00e3o de Estagi\u00e1rios (21\u00ba PSE) &#8211; Laranjeiras (Direiro) Aracaju (ADM) Publica\u00e7\u00e3o 30\/05\/2023Convoca\u00e7\u00e3o 02\/06\/2023 EDITAL GDPG 007.2023 &#8211; Convocacao de &hellip;<\/p>\n<p class=\"read-more\"> <a class=\"\" href=\"https:\/\/www.defensoria.se.def.br\/?page_id=32067\"> <span class=\"screen-reader-text\">PS N\u00ba 21 \u2013 Editais de convoca\u00e7\u00e3o<\/span> Read More &raquo;<\/a><\/p>\n","protected":false},"author":15,"featured_media":0,"parent":31408,"menu_order":0,"comment_status":"closed","ping_status":"closed","template":"","meta":{"_eb_attr":"","_uag_custom_page_level_css":"","site-sidebar-layout":"default","site-content-layout":"","ast-site-content-layout":"","site-content-style":"default","site-sidebar-style":"default","ast-global-header-display":"","ast-banner-title-visibility":"","ast-main-header-display":"","ast-hfb-above-header-display":"","ast-hfb-below-header-display":"","ast-hfb-mobile-header-display":"","site-post-title":"","ast-breadcrumbs-content":"","ast-featured-img":"","footer-sml-layout":"","theme-transparent-header-meta":"","adv-header-id-meta":"","stick-header-meta":"","header-above-stick-meta":"","header-main-stick-meta":"","header-below-stick-meta":"","astra-migrate-meta-layouts":"","footnotes":""},"class_list":["post-32067","page","type-page","status-publish","hentry"],"uagb_featured_image_src":{"full":false,"thumbnail":false,"medium":false,"medium_large":false,"large":false,"1536x1536":false,"2048x2048":false},"uagb_author_info":{"display_name":"Daniel Silva","author_link":"https:\/\/www.defensoria.se.def.br\/?author=15"},"uagb_comment_info":0,"uagb_excerpt":"&nbsp; PS N\u00ba 21 \u2013 Editais de convoca\u00e7\u00e3o Requerimento para Pedido de Final de Lista de Estagi\u00e1rios EDITAL GSPG 057.2023 &#8211; Convoca\u00e7\u00e3o de Estagi\u00e1rios (21\u00ba PSE) &#8211; Diversos (Direito) Publica\u00e7\u00e3o 23\/05\/2023Convoca\u00e7\u00e3o 25\/05\/2023 EDITAL GSPG 061.2023 &#8211; Convoca\u00e7\u00e3o de Estagi\u00e1rios (21\u00ba PSE) &#8211; Laranjeiras (Direiro) Aracaju (ADM) Publica\u00e7\u00e3o 30\/05\/2023Convoca\u00e7\u00e3o 02\/06\/2023 EDITAL GDPG 007.2023 &#8211; Convocacao de&hellip;","_links":{"self":[{"href":"https:\/\/www.defensoria.se.def.br\/index.php?rest_route=\/wp\/v2\/pages\/32067"}],"collection":[{"href":"https:\/\/www.defensoria.se.def.br\/index.php?rest_route=\/wp\/v2\/pages"}],"about":[{"href":"https:\/\/www.defensoria.se.def.br\/index.php?rest_route=\/wp\/v2\/types\/page"}],"author":[{"embeddable":true,"href":"https:\/\/www.defensoria.se.def.br\/index.php?rest_route=\/wp\/v2\/users\/15"}],"replies":[{"embeddable":true,"href":"https:\/\/www.defensoria.se.def.br\/index.php?rest_route=%2Fwp%2Fv2%2Fcomments&post=32067"}],"version-history":[{"count":60,"href":"https:\/\/www.defensoria.se.def.br\/index.php?rest_route=\/wp\/v2\/pages\/32067\/revisions"}],"predecessor-version":[{"id":42805,"href":"https:\/\/www.defensoria.se.def.br\/index.php?rest_route=\/wp\/v2\/pages\/32067\/revisions\/42805"}],"up":[{"embeddable":true,"href":"https:\/\/www.defensoria.se.def.br\/index.php?rest_route=\/wp\/v2\/pages\/31408"}],"wp:attachment":[{"href":"https:\/\/www.defensoria.se.def.br\/index.php?rest_route=%2Fwp%2Fv2%2Fmedia&parent=32067"}],"curies":[{"name":"wp","href":"https:\/\/api.w.org\/{rel}","templated":true}]}}