{"id":32072,"date":"2023-05-23T10:50:30","date_gmt":"2023-05-23T13:50:30","guid":{"rendered":"https:\/\/www.defensoria.se.def.br\/?page_id=32072"},"modified":"2025-04-24T10:10:04","modified_gmt":"2025-04-24T13:10:04","slug":"ps-no-22-editais-de-convocacao","status":"publish","type":"page","link":"https:\/\/www.defensoria.se.def.br\/?page_id=32072","title":{"rendered":"PS N\u00ba 22 \u2013 Editais de convoca\u00e7\u00e3o"},"content":{"rendered":"\n<h3 class=\"wp-block-heading\">&nbsp;<\/h3>\n\n\n\n<h2 class=\"wp-block-heading has-text-align-center has-ast-global-color-0-color has-text-color has-link-color wp-elements-5dfc35d6c0d836c17ef007785c43d145\"><strong>PS N\u00ba 22 \u2013 Editais de convoca\u00e7\u00e3o<br><\/strong><\/h2>\n\n\n\n<h4 class=\"wp-block-heading has-text-align-center\"><br><br><span style=\"color: #000000;\"><a href=\"https:\/\/www.defensoria.se.def.br\/wp-content\/uploads\/2020\/10\/Requerimento-para-Pedido-de-Final-de-Lista-de-Estagi\u00e1rios.docx\">Requerimento para Pedido de Final de Lista de Estagi\u00e1rios<\/a><\/span><\/h4>\n\n\n\n<figure class=\"wp-block-table is-style-stripes has-medium-font-size\"><table class=\"has-border-color has-black-border-color\" style=\"border-width:1px\"><tbody><tr><td><span style=\"color: #000000;\"><a href=\"https:\/\/www.defensoria.se.def.br\/wp-content\/uploads\/2023\/05\/EDITAL-GSPG-058.2023-Convoca\u00e7\u00e3o-de-Estagi\u00e1rios-22\u00ba-PSE-Gararu-Direito-1.pdf\">EDITAL GSPG 058.2023 &#8211; Convoca\u00e7\u00e3o de Estagi\u00e1rios (22\u00ba PSE) &#8211; Gararu (Direito)<\/a><\/span><\/td><td><span style=\"color: #000000;\"><strong>Publica\u00e7\u00e3o 23\/05\/2023<\/strong><\/span><br><span style=\"color: #000000;\"><strong>Convoca\u00e7\u00e3o 25\/05\/2023<\/strong><\/span><\/td><\/tr><tr><td><span style=\"color: #000000;\"><a href=\"https:\/\/www.defensoria.se.def.br\/wp-content\/uploads\/2023\/05\/EDITAL-GSPG-062.2023-Convoca\u00e7\u00e3o-de-Estagi\u00e1rios-22\u00ba-PSE-Gararu-Direito.pdf\">EDITAL GSPG 062.2023 &#8211; Convoca\u00e7\u00e3o de Estagi\u00e1rios (22\u00ba PSE) &#8211; Gararu (Direito)<\/a><\/span><\/td><td><span style=\"color: #000000;\"><strong>Publica\u00e7\u00e3o 31\/05\/2023<\/strong><\/span><br><span style=\"color: #000000;\"><strong>Convoca\u00e7\u00e3o 02\/06\/2023<\/strong><\/span><\/td><\/tr><tr><td><span style=\"color: #000000;\"><a href=\"https:\/\/www.defensoria.se.def.br\/wp-content\/uploads\/2023\/05\/EDITAL-GDPG-010.2023-Convocacao-de-Estagiarios-_22_-PSE_-Gararu-_Direito_-ASSINADO.pdf\">EDITAL GDPG 010.2023 &#8211; Convocacao de Estagiarios _22_ PSE_ &#8211; Gararu _Direito_ &#8211; ASSINADO<\/a><\/span><\/td><td><span style=\"color: #000000;\"><strong>Publica\u00e7\u00e3o 15\/06\/2023<\/strong><\/span><br><span style=\"color: #000000;\"><strong>Convoca\u00e7\u00e3o 19\/06\/2023<\/strong><\/span><\/td><\/tr><\/tbody><\/table><\/figure>\n\n\n\n<div class=\"wp-block-uagb-container uagb-block-1d6babef alignfull uagb-is-root-container\"><div class=\"uagb-container-inner-blocks-wrap\">\n<p><br><br><br><\/p>\n<\/div><\/div>\n","protected":false},"excerpt":{"rendered":"<p>&nbsp; PS N\u00ba 22 \u2013 Editais de convoca\u00e7\u00e3o Requerimento para Pedido de Final de Lista de Estagi\u00e1rios EDITAL GSPG 058.2023 &#8211; Convoca\u00e7\u00e3o de Estagi\u00e1rios (22\u00ba PSE) &#8211; Gararu (Direito) Publica\u00e7\u00e3o 23\/05\/2023Convoca\u00e7\u00e3o 25\/05\/2023 EDITAL GSPG 062.2023 &#8211; Convoca\u00e7\u00e3o de Estagi\u00e1rios (22\u00ba PSE) &#8211; Gararu (Direito) Publica\u00e7\u00e3o 31\/05\/2023Convoca\u00e7\u00e3o 02\/06\/2023 EDITAL GDPG 010.2023 &#8211; Convocacao de Estagiarios _22_ &hellip;<\/p>\n<p class=\"read-more\"> <a class=\"\" href=\"https:\/\/www.defensoria.se.def.br\/?page_id=32072\"> <span class=\"screen-reader-text\">PS N\u00ba 22 \u2013 Editais de convoca\u00e7\u00e3o<\/span> Read More &raquo;<\/a><\/p>\n","protected":false},"author":15,"featured_media":0,"parent":31691,"menu_order":0,"comment_status":"closed","ping_status":"closed","template":"","meta":{"_eb_attr":"","_uag_custom_page_level_css":"","site-sidebar-layout":"default","site-content-layout":"","ast-site-content-layout":"","site-content-style":"default","site-sidebar-style":"default","ast-global-header-display":"","ast-banner-title-visibility":"","ast-main-header-display":"","ast-hfb-above-header-display":"","ast-hfb-below-header-display":"","ast-hfb-mobile-header-display":"","site-post-title":"","ast-breadcrumbs-content":"","ast-featured-img":"","footer-sml-layout":"","theme-transparent-header-meta":"","adv-header-id-meta":"","stick-header-meta":"","header-above-stick-meta":"","header-main-stick-meta":"","header-below-stick-meta":"","astra-migrate-meta-layouts":"","footnotes":""},"class_list":["post-32072","page","type-page","status-publish","hentry"],"uagb_featured_image_src":{"full":false,"thumbnail":false,"medium":false,"medium_large":false,"large":false,"1536x1536":false,"2048x2048":false},"uagb_author_info":{"display_name":"Daniel Silva","author_link":"https:\/\/www.defensoria.se.def.br\/?author=15"},"uagb_comment_info":0,"uagb_excerpt":"&nbsp; PS N\u00ba 22 \u2013 Editais de convoca\u00e7\u00e3o Requerimento para Pedido de Final de Lista de Estagi\u00e1rios EDITAL GSPG 058.2023 &#8211; Convoca\u00e7\u00e3o de Estagi\u00e1rios (22\u00ba PSE) &#8211; Gararu (Direito) Publica\u00e7\u00e3o 23\/05\/2023Convoca\u00e7\u00e3o 25\/05\/2023 EDITAL GSPG 062.2023 &#8211; Convoca\u00e7\u00e3o de Estagi\u00e1rios (22\u00ba PSE) &#8211; Gararu (Direito) Publica\u00e7\u00e3o 31\/05\/2023Convoca\u00e7\u00e3o 02\/06\/2023 EDITAL GDPG 010.2023 &#8211; Convocacao de Estagiarios _22_&hellip;","_links":{"self":[{"href":"https:\/\/www.defensoria.se.def.br\/index.php?rest_route=\/wp\/v2\/pages\/32072"}],"collection":[{"href":"https:\/\/www.defensoria.se.def.br\/index.php?rest_route=\/wp\/v2\/pages"}],"about":[{"href":"https:\/\/www.defensoria.se.def.br\/index.php?rest_route=\/wp\/v2\/types\/page"}],"author":[{"embeddable":true,"href":"https:\/\/www.defensoria.se.def.br\/index.php?rest_route=\/wp\/v2\/users\/15"}],"replies":[{"embeddable":true,"href":"https:\/\/www.defensoria.se.def.br\/index.php?rest_route=%2Fwp%2Fv2%2Fcomments&post=32072"}],"version-history":[{"count":12,"href":"https:\/\/www.defensoria.se.def.br\/index.php?rest_route=\/wp\/v2\/pages\/32072\/revisions"}],"predecessor-version":[{"id":44004,"href":"https:\/\/www.defensoria.se.def.br\/index.php?rest_route=\/wp\/v2\/pages\/32072\/revisions\/44004"}],"up":[{"embeddable":true,"href":"https:\/\/www.defensoria.se.def.br\/index.php?rest_route=\/wp\/v2\/pages\/31691"}],"wp:attachment":[{"href":"https:\/\/www.defensoria.se.def.br\/index.php?rest_route=%2Fwp%2Fv2%2Fmedia&parent=32072"}],"curies":[{"name":"wp","href":"https:\/\/api.w.org\/{rel}","templated":true}]}}