{"id":32117,"date":"2023-05-26T09:39:09","date_gmt":"2023-05-26T12:39:09","guid":{"rendered":"https:\/\/www.defensoria.se.def.br\/?page_id=32117"},"modified":"2025-05-08T12:31:29","modified_gmt":"2025-05-08T15:31:29","slug":"eu-posso-ser-atendidoa-pela-defensoria-publica","status":"publish","type":"page","link":"https:\/\/www.defensoria.se.def.br\/?page_id=32117","title":{"rendered":"Requisitos necess\u00e1rios para o atendimento"},"content":{"rendered":"\n<p><br><\/p>\n\n\n\n<h1 class=\"wp-block-heading has-text-align-center has-ast-global-color-0-color has-text-color\">&nbsp;<strong>Requisitos Necess\u00e1rios para o Atendimento<\/strong><\/h1>\n\n\n\n<p><br><\/p>\n\n\n\n<h4 class=\"wp-block-heading\"><span style=\"color: #007749;\"><strong>Eu posso ser atendido(a) pela Defensoria P\u00fablica?<\/strong><\/span><\/h4>\n\n\n\n<p>Em regra, s\u00e3o atendidas pela Defensoria P\u00fablica do Estado de Sergipe, pessoas com renda l\u00edquida mensal de at\u00e9 <strong>3 (tr\u00eas) sal\u00e1rios m\u00ednimos.<\/strong><\/p>\n\n\n\n<h4 class=\"wp-block-heading\"><span style=\"color: #007749;\"><strong>E, se eu ganhar acima de 3 (tr\u00eas) sal\u00e1rios m\u00ednimos, serei atendido(a) pela Defensoria P\u00fablica?<\/strong><\/span><\/h4>\n\n\n\n<p>Se sua renda for acima de 3 (tr\u00eas) sal\u00e1rios m\u00ednimos e o valor l\u00edquido, j\u00e1 abatido os gastos com medicamentos e tratamentos de sa\u00fade pr\u00f3prio ou de dependente (desde que n\u00e3o haja sua oferta gratuita); tarifas de \u00e1gua e energia (dedu\u00e7\u00e3o de at\u00e9 20% do sal\u00e1rio m\u00ednimo); imposto de renda e contribui\u00e7\u00e3o previdenci\u00e1ria n\u00e3o ultrapassar 3 (tr\u00eas) sal\u00e1rios m\u00ednimos, ser\u00e1 atendido(a) pela Defensoria P\u00fablica.<\/p>\n\n\n\n<p><span style=\"color: #000000;\"><strong>OBS:&nbsp;<\/strong><\/span>Quem tem renda acima de 3 (tr\u00eas) sal\u00e1rios m\u00ednimos, passar\u00e1 por uma avalia\u00e7\u00e3o socioecon\u00f4mica, realizada pelo Centro Integrado de Atendimento Psicossocial da Defensoria P\u00fablica do Estado (CIAPS), que fica localizado na Central de Atendimento Defensora Diva Costa Lima, Avenida Ministro Geraldo Barreto Sobral n\u00ba 1436, Bairro Jardins. Tel. (79) 3205.3700.<\/p>\n\n\n\n<h4 class=\"wp-block-heading\"><span style=\"color: #007749;\"><strong>E existem outras hip\u00f3teses especiais em que eu, se receber acima de 3 (tr\u00eas) sal\u00e1rios m\u00ednimos, posso ser atendido (a) pela Defensoria P\u00fablica?<\/strong><\/span><\/h4>\n\n\n\n<p><strong>Sim, atendidas algumas condi\u00e7\u00f5es especiais, nas situa\u00e7\u00f5es abaixo:<\/strong><\/p>\n\n\n\n<p>I. Em situa\u00e7\u00f5es de viol\u00eancia dom\u00e9stica e familiar contra a mulher;<\/p>\n\n\n\n<p>II. Defesa criminal;<\/p>\n\n\n\n<p>III. Curadoria especial processual;<\/p>\n\n\n\n<h4 class=\"wp-block-heading\"><span style=\"color: #007749;\"><strong>A Defensoria P\u00fablica atende tamb\u00e9m empresas (pessoas jur\u00eddicas)? <\/strong><\/span><\/h4>\n\n\n\n<p>Sim, desde que se enquadre como micro e pequena empresa. Para ter acesso aos servi\u00e7os prestados pela Defensoria P\u00fablica do Estado de Sergipe, a empresa precisa comprovar a receita mensal, atrav\u00e9s de Declara\u00e7\u00e3o de Imposto de Renda; livros cont\u00e1beis registrados na Junta Comercial de Sergipe (Jucese); balan\u00e7os aprovados pela Assembleia ou subscritos pelos diretores; dentre outros documentos.<\/p>\n\n\n\n<h4 class=\"wp-block-heading\"><span style=\"color: #007749;\"><strong>Confira aqui as informa\u00e7\u00f5es sobre crit\u00e9rios de atendimento:<\/strong><\/span><\/h4>\n\n\n\n<p><a href=\"https:\/\/www.defensoria.se.def.br\/wp-content\/uploads\/2021\/12\/CARTA-DE-SERVI%C3%87OS-AO-USU%C3%81RIO_ALTERADA-01.12.pdf\" target=\"_blank\" rel=\"noreferrer noopener\"><strong>Carta de Servi\u00e7os ao Usu\u00e1rio<\/strong><\/a>&nbsp;<\/p>\n\n\n\n<p><a href=\"https:\/\/www.defensoria.se.def.br\/wp-content\/uploads\/2023\/05\/RESOLU\u00c7\u00c3O-N.\u00ba-009.2014-HIPOSSUFICI\u00caNCIA-ALTERADA-II.pdf\" target=\"_blank\" rel=\"noreferrer noopener\"><strong>Resolu\u00e7\u00e3o N.\u00ba 009.2014 &#8211; (Hipossufici\u00eancia) &#8211; Alterada II<\/strong><\/a><\/p>\n\n\n\n<p><strong><a href=\"https:\/\/www.defensoria.se.def.br\/wp-content\/uploads\/2023\/05\/ANEXO-I-DA-RESOLU\u00c7\u00c3O-N.\u00ba-009.2014-DECLARA\u00c7\u00c3O-DE-HIPOSSUFICI\u00caNCIA-REDA\u00c7\u00c3O-DADA-PELA-RESOLU\u00c7\u00c3O-N.\u00ba-009.2020.pdf\" target=\"_blank\" rel=\"noreferrer noopener\">ANEXO I DA RESOLU\u00c7\u00c3O N.\u00ba 009.2014 &#8211; DECLARA\u00c7\u00c3O DE HIPOSSUFICI\u00caNCIA &#8211; REDA\u00c7\u00c3O DADA PELA RESOLU\u00c7\u00c3O N.\u00ba 009.2020<\/a><\/strong><\/p>\n\n\n<a href=\"https:\/\/www.defensoria.se.def.br\/?page_id=32117&amp;print=1\" title=\"Imprimir postagem\" rel=\"nofollow\"><img decoding=\"async\" class=\"WP-PrintIcon\" src=\"https:\/\/www.defensoria.se.def.br\/wp-content\/plugins\/wp-print\/images\/print.gif\" alt=\"Imprimir postagem\" title=\"Imprimir postagem\" style=\"border: 0px;\" \/><\/a>&nbsp;<a href=\"https:\/\/www.defensoria.se.def.br\/?page_id=32117&amp;print=1\" title=\"Imprimir postagem\" rel=\"nofollow\">Imprimir postagem<\/a>\n\n\n\n\n\n<p>\u00a0<\/p>\n<p>\u00a0<\/p>\n","protected":false},"excerpt":{"rendered":"<p>&nbsp;Requisitos Necess\u00e1rios para o Atendimento Eu posso ser atendido(a) pela Defensoria P\u00fablica? Em regra, s\u00e3o atendidas pela Defensoria P\u00fablica do Estado de Sergipe, pessoas com renda l\u00edquida mensal de at\u00e9 3 (tr\u00eas) sal\u00e1rios m\u00ednimos. E, se eu ganhar acima de 3 (tr\u00eas) sal\u00e1rios m\u00ednimos, serei atendido(a) pela Defensoria P\u00fablica? Se sua renda for acima de &hellip;<\/p>\n<p class=\"read-more\"> <a class=\"\" href=\"https:\/\/www.defensoria.se.def.br\/?page_id=32117\"> <span class=\"screen-reader-text\">Requisitos necess\u00e1rios para o atendimento<\/span> Read More &raquo;<\/a><\/p>\n","protected":false},"author":1,"featured_media":0,"parent":37818,"menu_order":0,"comment_status":"closed","ping_status":"closed","template":"","meta":{"_eb_attr":"","_uag_custom_page_level_css":"","site-sidebar-layout":"default","site-content-layout":"","ast-site-content-layout":"","site-content-style":"default","site-sidebar-style":"default","ast-global-header-display":"","ast-banner-title-visibility":"","ast-main-header-display":"","ast-hfb-above-header-display":"","ast-hfb-below-header-display":"","ast-hfb-mobile-header-display":"","site-post-title":"","ast-breadcrumbs-content":"","ast-featured-img":"","footer-sml-layout":"","theme-transparent-header-meta":"","adv-header-id-meta":"","stick-header-meta":"","header-above-stick-meta":"","header-main-stick-meta":"","header-below-stick-meta":"","astra-migrate-meta-layouts":"","footnotes":""},"class_list":["post-32117","page","type-page","status-publish","hentry"],"uagb_featured_image_src":{"full":false,"thumbnail":false,"medium":false,"medium_large":false,"large":false,"1536x1536":false,"2048x2048":false},"uagb_author_info":{"display_name":"admin","author_link":"https:\/\/www.defensoria.se.def.br\/?author=1"},"uagb_comment_info":0,"uagb_excerpt":"&nbsp;Requisitos Necess\u00e1rios para o Atendimento Eu posso ser atendido(a) pela Defensoria P\u00fablica? Em regra, s\u00e3o atendidas pela Defensoria P\u00fablica do Estado de Sergipe, pessoas com renda l\u00edquida mensal de at\u00e9 3 (tr\u00eas) sal\u00e1rios m\u00ednimos. E, se eu ganhar acima de 3 (tr\u00eas) sal\u00e1rios m\u00ednimos, serei atendido(a) pela Defensoria P\u00fablica? Se sua renda for acima de&hellip;","_links":{"self":[{"href":"https:\/\/www.defensoria.se.def.br\/index.php?rest_route=\/wp\/v2\/pages\/32117"}],"collection":[{"href":"https:\/\/www.defensoria.se.def.br\/index.php?rest_route=\/wp\/v2\/pages"}],"about":[{"href":"https:\/\/www.defensoria.se.def.br\/index.php?rest_route=\/wp\/v2\/types\/page"}],"author":[{"embeddable":true,"href":"https:\/\/www.defensoria.se.def.br\/index.php?rest_route=\/wp\/v2\/users\/1"}],"replies":[{"embeddable":true,"href":"https:\/\/www.defensoria.se.def.br\/index.php?rest_route=%2Fwp%2Fv2%2Fcomments&post=32117"}],"version-history":[{"count":30,"href":"https:\/\/www.defensoria.se.def.br\/index.php?rest_route=\/wp\/v2\/pages\/32117\/revisions"}],"predecessor-version":[{"id":44257,"href":"https:\/\/www.defensoria.se.def.br\/index.php?rest_route=\/wp\/v2\/pages\/32117\/revisions\/44257"}],"up":[{"embeddable":true,"href":"https:\/\/www.defensoria.se.def.br\/index.php?rest_route=\/wp\/v2\/pages\/37818"}],"wp:attachment":[{"href":"https:\/\/www.defensoria.se.def.br\/index.php?rest_route=%2Fwp%2Fv2%2Fmedia&parent=32117"}],"curies":[{"name":"wp","href":"https:\/\/api.w.org\/{rel}","templated":true}]}}