{"id":33444,"date":"2023-07-13T10:25:19","date_gmt":"2023-07-13T13:25:19","guid":{"rendered":"https:\/\/www.defensoria.se.def.br\/?page_id=33444"},"modified":"2026-01-20T12:12:01","modified_gmt":"2026-01-20T15:12:01","slug":"onde-tem-defensoria-publica","status":"publish","type":"page","link":"https:\/\/www.defensoria.se.def.br\/?page_id=33444","title":{"rendered":"ONDE TEM DEFENSORIA P\u00daBLICA ?"},"content":{"rendered":"\n<h3 class=\"wp-block-heading\">&nbsp;<\/h3>\n\n\n\n<h1 class=\"wp-block-heading has-text-align-center has-x-large-font-size\"><span style=\"color: #007749;\"><strong>Onde Tem Defensoria P\u00fablica?<\/strong><\/span><\/h1>\n\n\n\n<p><strong>&nbsp;<\/strong><\/p>\n\n\n\n<h5 class=\"wp-block-heading has-text-align-center has-white-color has-text-color has-link-color wp-elements-bf50ee6fe360dddd78fb02d72ee7eb44\" style=\"letter-spacing:1px\"><span style=\"background-color: #007749;\"><strong> DEFENSORIA NA CAPITAL \u2013 ARACAJU <\/strong><\/span><br><\/h5>\n\n\n\n<figure id=\"aracaju\" class=\"wp-block-table\"><table class=\"has-fixed-layout\"><tbody><tr><td><strong>DEFENSORIA<\/strong><\/td><td><strong>ENDERE\u00c7O<\/strong><\/td><td><strong>HOR\u00c1RIO<\/strong><\/td><td><strong>TELEFONE<\/strong><\/td><\/tr><tr><td><strong>SEDE ADMINISTRATIVA<\/strong><strong>&nbsp;<\/strong><\/td><td>Tv. Jo\u00e3o Francisco da Silveira, n\u00ba 44, Bairro Centro, (Continua\u00e7\u00e3o da Av. Bar\u00e3o de Maruim).<\/td><td>Das 7h \u00e0s 13h<\/td><td>(79) 3205.3800<\/td><\/tr><tr><td><strong>CENTRAL DE ATENDIMENTO DEFENSORA DIVA COSTA LIMA<\/strong><\/td><td>Av. Ministro Geraldo Barreto Sobral, n\u00ba 1436, Bairro Jardins.<\/td><td>Das 7h \u00e0s 17h<\/td><td>(79) 3205.3700<br>(79) 98867.5385 &#8211; WhatsApp <br>       98867.5229 &#8211; WhatsApp<\/td><\/tr><tr><td><strong>CENTRAL DE ATENDIMENTO DEFENSOR P\u00daBLICO ELIAS HORA ESPINHEIRA<\/strong><\/td><td>F\u00f3runs Integrados II, Av. Visconde de Maracaju, S\/N, Bairro 18 do Forte.<\/td><td>Das 7h \u00e0s 13h<\/td><td>(79) 3234.5400<br>       3234.5402<\/td><\/tr><tr><td><strong>DEFENSORIA P\u00daBLICA <\/strong><strong>F\u00d3RUNS INTEGRADOS III<\/strong><\/td><td>Av. Paulo Machado Pimentel, n\u00ba 170, DIA, In\u00e1cio Barbosa<\/td><td>Das 7h \u00e0s 13h<\/td><td>(79) 3234.5500<br>       3234.5502<\/td><\/tr><tr><td><strong>DEFENSORIA P\u00daBLICA <\/strong><strong>CRIMINAL E C\u00cdVEL<\/strong><\/td><td>F\u00f3rum Gumersindo Bessa, Av. Presidente Tancredo Neves, S\/N, Bairro Capucho.<\/td><td>Das 7h \u00e0s 13h<\/td><td>(79) 3226.3500 Geral <br> 3226.3526 C\u00edvel<br> 3226.3515 Fam\u00edlia e sucess\u00f5es <p> 3226.3525 Criminal<\/p><\/td><\/tr><tr><td><strong>DEFENSORIA P\u00daBLICA<\/strong><strong>&nbsp;VEMPA<\/strong><\/td><td>F\u00f3rum Ol\u00edmpio, Mendon\u00e7a Av. Central 3, S\/N, Conjunto Orlando Dantas, Bairro S\u00e3o Conrado.<\/td><td>Das 7h \u00e0s 13h<\/td><td>(79) 3251. 9800<br>       3251.9824<\/td><\/tr><tr><td><strong>DEFENSORIA P\u00daBLICA (<\/strong><strong>JUIZADO DA INF\u00c2NCIA E JUVENTUDE)<\/strong><\/td><td>F\u00f3rum Des. Luiz Carlos Fontes de Alencar \u2013 Av. Gentil Tavares, n\u00ba 380, Bairro Get\u00falio Vargas.<\/td><td>Das 7h \u00e0s 13h<\/td><td>(79) 3226.3801<\/td><\/tr><tr><td><strong>DEFENSORIA P\u00daBLICA <\/strong><strong>C\u00c2MARA C\u00cdVEL E CRIMINAL<\/strong><\/td><td>Tribunal de Justi\u00e7a Pra\u00e7a Fausto Cardoso, n\u00ba 112, Bairro Centro.<\/td><td>Das 7h \u00e0s 13h<\/td><td>(79) 3226.3100<\/td><\/tr><tr><td><strong>N\u00daCLEO DE BAIRROS<\/strong><\/td><td>Central de Atendimento Defensora Diva Costa Lima, Av. Ministro Geraldo Barreto Sobral, n\u00ba 1436, Bairro Jardins.<\/td><td>Das 14h \u00e0s 17h<\/td><td>(79) 3205.3700<\/td><\/tr><tr><td><strong>N\u00daCLEO DA CRIAN\u00c7A E DO ADOLESCENTE<\/strong><\/td><td>Central de Atendimento Defensora Diva Costa Lima, Av. Ministro Geraldo Barreto Sobral, n\u00ba 1436, Bairro Jardins.<\/td><td>Das 14h \u00e0s 17h<\/td><td>(79) 3205.3700<\/td><\/tr><tr><td><strong>N\u00daCLEO DE DEFESA DO CONSUMIDOR<\/strong><\/td><td>Central de Atendimento Defensora Diva Costa Lima, Av. Ministro Geraldo Barreto Sobral, n\u00ba 1436, Bairro Jardins.<\/td><td>Das 14h \u00e0s 17h<\/td><td>(79) 3205.3700<\/td><\/tr><tr><td><strong>N\u00daCLEO DE INQU\u00c9RITOS ADMINISTRATIVOS<\/strong><\/td><td>Central de Atendimento Defensora Diva Costa Lima, Av. Ministro Geraldo Barreto Sobral, n\u00ba 1436, Bairro Jardins.<\/td><td>Das 14h \u00e0s 17h<\/td><td>(79) 3205.3700<\/td><\/tr><tr><td><strong>N\u00daCLEO DE PRIMEIRO ATENDIMENTO<\/strong><\/td><td>Central de Atendimento Defensora Diva Costa Lima, Av. Ministro Geraldo Barreto Sobral, n\u00ba 1436, Bairro Jardins.<\/td><td>Das 14h \u00e0s 17h<\/td><td>(79) 3205.3700<\/td><\/tr><tr><td><strong>N\u00daCLEO DE EXECU\u00c7\u00d5ES PENAIS<\/strong><\/td><td>Central de Atendimento Defensora Diva Costa Lima, Av. Ministro Geraldo Barreto Sobral, n\u00ba 1436, Bairro Jardins.<\/td><td>Das 14h \u00e0s 17h<\/td><td>(79) 3205.3700<\/td><\/tr><tr><td><strong>&nbsp;<\/strong><strong>N\u00daCLEO DE DEFESA DOS DIREITOS HUMANOS E INCLUS\u00c3O SOCIAL<\/strong><\/td><td>Central de Atendimento Defensora Diva Costa Lima, Av. Ministro Geraldo Barreto Sobral, n\u00ba 1436, Bairro Jardins.<\/td><td>Das 14h \u00e0s 17h<\/td><td>(79) 3205.3700<\/td><\/tr><tr><td><strong>N\u00daCLEO DA SA\u00daDE<\/strong><\/td><td>Central de Atendimento Defensora Diva Costa Lima, Av. Ministro Geraldo Barreto Sobral, n\u00ba 1436, Bairro Jardins.<\/td><td>Das 14h \u00e0s 17h<\/td><td>(79) 3205.3700<\/td><\/tr><tr><td><strong>CENTRAL DE MEDIA\u00c7\u00c3O E CONCILIA\u00c7\u00c3O<\/strong><\/td><td>Central de Atendimento Defensora Diva Costa Lima, Av. Ministro Geraldo Barreto Sobral, n\u00ba 1436, Bairro Jardins.<\/td><td>Das 7h \u00e0s 13h<\/td><td>(79) 3205.3700<br>       3205.3708<\/td><\/tr><tr><td><strong>C\u00c2MARA DE RESOLU\u00c7\u00c3O DE LIT\u00cdGIOS DA SA\u00daDE \u2013 CRLS<\/strong><\/td><td>Central de Atendimento Defensora Diva Costa Lima, Av. Ministro Geraldo Barreto Sobral, n\u00ba 1436, Bairro Jardins.<\/td><td>Das 7h \u00e0s 17h<\/td><td>(79) 3205.3700<\/td><\/tr><tr><td><strong>CENTRO INTEGRADO DE ATENDIMENTO PSICOSSOCIAL \u2013 CIAPS<\/strong><\/td><td>Central de Atendimento Defensora Diva Costa Lima, Av. Ministro Geraldo Barreto Sobral, n\u00ba 1436, Bairro Jardins.<\/td><td>Das 7h \u00e0s 13h<\/td><td>(79) 3205.3700<\/td><\/tr><tr><td><strong>N\u00daCLEO DE FLAGRANTE DELITO E ACOMPANHAMENTO DE PRESOS PROVIS\u00d3RIOS<\/strong><\/td><td>F\u00f3rum Gumersindo Bessa, Av. Presidente Tancredo Neves, S\/N, Bairro Capucho.<\/td><td>Das 8h \u00e0s 18h<\/td><td>(79) 98867.5519<br>       3226.3526<br>       3226.3500<\/td><\/tr><tr><td><strong>N\u00daCLEO DE DEFESA DA MULHER<\/strong><\/td><td>Central de Atendimento Defensora Diva Costa Lima, Av. Ministro Geraldo Barreto Sobral, n\u00ba 1436, Bairro Jardins.<\/td><td>Das 14h \u00e0s 17h<\/td><td>(79) 3205.3700<\/td><\/tr><tr><td><strong>N\u00daCLEO DE PLANT\u00c3O C\u00cdVEL E ATUA\u00c7\u00c3O ESPECIAL &#8211; NPCAE<\/strong><\/td><td>F\u00f3rum Gumersindo Bessa, Av. Presidente Tancredo Neves, S\/N, Bairro Capucho.<\/td><td>Das 8h \u00e0s 18h<\/td><td>(79) 99801.2746<\/td><\/tr><tr><td><strong>N\u00daCLEO DE ASSIST\u00caNCIA JUR\u00cdDICA DOS TRIBUNAIS SUPERIORES &#8211; NAJT<\/strong><\/td><td>Central de Atendimento Defensora Diva Costa Lima, Av. Ministro Geraldo Barreto Sobral, n\u00ba 1436, Bairro Jardins.<\/td><td>Das 7h \u00e0s 13h<\/td><td>(79) 3205.3700<\/td><\/tr><tr><td><strong>DEFENSORIA P\u00daBLICA ( F\u00d3RUNS INTEGRADOS IV )<\/strong><\/td><td>Rua Alexandre Alcino, S\/N, Santa Maria.<\/td><td>Das 7h \u00e0s 13h<\/td><td>(79) 3226.3818<br>       3243.8831<\/td><\/tr><tr><td><strong>N\u00daCLEO DE MEDIA\u00c7\u00c3O E CONCILIA\u00c7\u00c3O<\/strong><\/td><td>Central de Atendimento Defensora Diva Costa Lima, Av. Ministro Geraldo Barreto Sobral, n\u00ba 1436, Bairro Jardins.<\/td><td>Das 7h \u00e0s 17h<\/td><td>(79) 3205.3700<\/td><\/tr><tr><td><strong>N\u00daCLEO ESPECIALIZADO EM DIREITOS DA PESSOA IDOSA E DA PESSOA COM DEFICI\u00caNCIA<\/strong><\/td><td>Central de Atendimento Defensora Diva Costa Lima, Av. Ministro Geraldo Barreto Sobral, n\u00ba 1436, Bairro Jardins.<\/td><td>Das 14h \u00e0s 17h<\/td><td>(79) 3205.3700<\/td><\/tr><tr><td><strong>N\u00daCLEO DE COMBATE AO RACISMO E \u00c0 DISCRIMINA\u00c7\u00c3O \u00c9TNICO-RACIAL (NUCORA)<\/strong><\/td><td>Central de Atendimento Defensora Diva Costa Lima, Av. Ministro Geraldo Barreto Sobral, n\u00ba 1436, Bairro Jardins.<\/td><td>Das 14h \u00e0s 17h<\/td><td>(79) 3205.3700<\/td><\/tr><tr><td><strong>N\u00daCLEO ITINERANTE E EXPANS\u00c3O DA DEFENSORIA P\u00daBLICA DO ESTADO<\/strong><\/td><td>Central de Atendimento Defensora Diva Costa Lima, Av. Ministro Geraldo Barreto Sobral, n\u00ba 1436, Bairro Jardins.<\/td><td>Das 14h \u00e0s 17h<\/td><td>(79) 3205.3700<\/td><\/tr><tr><td><strong>N\u00daCLEO DE JUSTI\u00c7A RESTAURATIVA<\/strong><\/td><td>Central de Atendimento Defensora Diva Costa Lima, Av. Ministro Geraldo Barreto Sobral, n\u00ba 1436, Bairro Jardins.<\/td><td>Das 14h \u00e0s 17h<\/td><td>(79) 3205.3700<\/td><\/tr><\/tbody><\/table><\/figure>\n\n\n\n<h5 class=\"wp-block-heading\">&nbsp;<\/h5>\n\n\n\n<h5 class=\"wp-block-heading has-text-align-center has-white-color has-text-color has-link-color wp-elements-efa8e484c06c2c92afa1d4f451b5f33f\" style=\"letter-spacing:1px\"><br><span style=\"background-color: #007749;\"><strong>DEFENSORIA NO INTERIOR \u2013 MUNIC\u00cdPIOS<\/strong><\/span>&nbsp;<strong>&nbsp;<\/strong><\/h5>\n\n\n\n<figure class=\"wp-block-table\"><table class=\"has-fixed-layout\"><tbody><tr><td><strong>CIDADE<\/strong><\/td><td><strong>ENDERE\u00c7O<\/strong><\/td><td><strong>HOR\u00c1RIO<\/strong><\/td><td><strong>TELEFONE<\/strong><\/td><\/tr><tr><td><strong>&nbsp;<\/strong><strong id=\"socorro\">N.SRA DO SOCORRO <\/strong><strong>(PARQUE<\/strong><strong>DOS FAROIS)<\/strong><\/td><td>F\u00f3rum Bel. Luiz Augusto Barreto \u2013 Rodovia BR 101, S\/N, KM 92,5, Parque dos Far\u00f3is.<\/td><td><strong>&nbsp;<\/strong>Das 8h \u00e0s 14h<\/td><td><strong>&nbsp;<\/strong>(79) 3253.6400<\/td><\/tr><tr><td><strong>N. SRA DO SOCORRO <\/strong><strong>(CIDADE \u2013 SEDE)<\/strong><\/td><td>F\u00f3rum Des. Artur Oscar de O. D\u00e9da, Rua Manoel Passos, S\/N, N. Sra do Socorro.<\/td><td>Das 8h \u00e0s 14h<\/td><td>(79) 3279.3400&nbsp;&nbsp;&nbsp;&nbsp;<\/td><\/tr><tr><td><strong>N. SRA DO SOCORRO (<\/strong><strong>CONJ. MARCOS FREIRE II<\/strong>)<\/td><td>F\u00f3rum Des. Pedro Barreto de Andrade Av. Coletora C, S\/N,&nbsp; Conj. Marcos Freire II.<\/td><td>Das 8h \u00e0s 14h<\/td><td>(79) 3279.1111<br>       3226.3823 C\u00edvel e Criminal<br>       3226.3500 Fam\u00edlia e Sucess\u00f5es<br>       <\/td><\/tr><tr><td><strong id=\"saocristovao\">S\u00c3O CRIST\u00d3V\u00c3O <\/strong><strong>(CIDADE \u2013 SEDE)<\/strong><\/td><td>F\u00f3rum Des. Gilson G\u00f3es \u2013 Largo Joel Fontes Costa, S\/N, Centro, S\u00e3o Crist\u00f3v\u00e3o.<\/td><td>Das 8h \u00e0s 14h<\/td><td>(79) 3261.9400<\/td><\/tr><tr><td><strong>S\u00c3O CRIST\u00d3V\u00c3O <\/strong><strong>(UFS)<\/strong><\/td><td>F\u00f3rum Prof. Gon\u00e7alo Rollemberg Leite Av. Marechal Rondon. S\/N, Campus Universit\u00e1rio \u2013 UFS.<\/td><td>Das 8h \u00e0s 14h<\/td><td>(79) 3261.9400<br>       3261.9466<br>       3261.9472<\/td><\/tr><tr><td><strong id=\"estancia\">EST\u00c2NCIA<\/strong><\/td><td>F\u00f3rum Ministro Heitor de Souza Av. Tenente Eloy, n\u00ba 470, Centro, Est\u00e2ncia.<\/td><td>Das 8h \u00e0s 14h<\/td><td>(79) 3522.2297<\/td><\/tr><tr><td><strong id=\"itabaiana\">ITABAIANA<\/strong><\/td><td>F\u00f3rum Maur\u00edcio Graccho Cardoso \u2013 Av. Dr. Luis Magalh\u00e3es, S\/N, Centro, Itabaiana.<\/td><td>Das 8h \u00e0s 14h<\/td><td>(79) 3432.8400<\/td><\/tr><tr><td><strong id=\"lagarto\">LAGARTO<\/strong><\/td><td>F\u00f3rum Epaminondas Silva de Andrade Lima \u2013 Rodovia Lourival Batista, KM 36, Horta, Lagarto.<\/td><td>Das 8h \u00e0s 14h<\/td><td>(79) 3632.1700<\/td><\/tr><tr><td><strong id=\"tobiasbarreto\">TOBIAS BARRETO<\/strong><\/td><td>F\u00f3rum Des. F\u00f3rum Dr. Jo\u00e3o Fontes de Freitas \u2013 Av. Jos\u00e9 Davi dos Santos, S\/N, Santa Rita, Tobias Barreto.<\/td><td>Das 8h \u00e0s 14h<\/td><td>(79) 3541.5900<\/td><\/tr><tr><td><strong id=\"simaodias\">SIM\u00c3O DIAS<\/strong><\/td><td>F\u00f3rum Gov. Marcelo D\u00e9da Chagas \u2013 Rodovia Lourival Baptista, SE240, n\u00ba 2398, Centro, Sim\u00e3o Dias.<\/td><td>Das 8h \u00e0s 14h<\/td><td>(79) 3611.1272<\/td><\/tr><tr><td><strong id=\"barradoscoqueiros\">BARRA DOS COQUEIROS<\/strong><\/td><td>Rodovia Edilson T\u00e1vora, SN, Centro, Barra dos Coqueiros.<\/td><td>Das 8h \u00e0s 14h<\/td><td>(79) 3262.1482<br>       3226.3831<br>       3226.3832<\/td><\/tr><tr><td><strong id=\"boquim\">BOQUIM<\/strong><\/td><td>F\u00f3rum Hermes Fontes \u2013 Parque Citr\u00edcola Jo\u00e3o Alves Filho, S\/N, Centro, Boquim.<\/td><td>Das 8h \u00e0s 14h<\/td><td>(79) 3645.1138<br>       3226.3100<\/td><\/tr><tr><td><strong id=\"capela\">CAPELA<\/strong><\/td><td>F\u00d3RUM \u2013 Rodovia Manuel Dantas, S\/N, Centro, Capela.<\/td><td>Das 8h \u00e0s 14h<\/td><td>(79) 3263.9200<\/td><\/tr><tr><td><strong id=\"carmopolis\">CARMOP\u00d3LIS <\/strong><\/td><td>F\u00d3RUM \u2013 Rua Jos\u00e9 Amado Alves, n\u00ba 420, Trapia I, Carm\u00f3polis.<\/td><td>Das 8h \u00e0s 14h<\/td><td>(79) 3280.8100<\/td><\/tr><tr><td><strong>GENERAL MAYNARD ( Distrito de Carm\u00f3polis )<\/strong><\/td><td>F\u00d3RUM \u2013 Rua Jos\u00e9 Amado Alves, n\u00ba 420, Trapia I, Carm\u00f3polis.<\/td><td>Das 8h \u00e0s 14h<\/td><td>(79) 3280.8100<\/td><\/tr><tr><td><strong>ROS\u00c1RIO DO CATETE ( Distrito de Carm\u00f3polis )<\/strong><\/td><td>F\u00d3RUM \u2013 Rua Jos\u00e9 Amado Alves, n\u00ba 420, Trapia I, Carm\u00f3polis.<\/td><td>Das 8h \u00e0s 14h<\/td><td>(79) 3280.8100<\/td><\/tr><tr><td><strong id=\"freipaulo\">FREI PAULO<\/strong><\/td><td>F\u00d3RUM FL\u00c1VIO DA ROSA MELO \u2013 Travessa Coronel Cassimiro, n\u00ba 79, Centro.<\/td><td>Das 8h \u00e0s 14h<\/td><td>(79) 3447.1336<\/td><\/tr><tr><td><strong>PEDRA MOLE ( Distrito de Frei Paulo )<\/strong><\/td><td>F\u00d3RUM FL\u00c1VIO DA ROSA MELO \u2013 Travessa Coronel Cassimiro, n\u00ba 79, Centro.<\/td><td>Das 8h \u00e0s 14h<\/td><td>(79) 3447.1336<\/td><\/tr><tr><td><strong>PINH\u00c3O ( Distrito de Frei Paulo )<\/strong><\/td><td>F\u00d3RUM FL\u00c1VIO DA ROSA MELO \u2013 Travessa Coronel Cassimiro, n\u00ba 79, Centro.<\/td><td>Das 8h \u00e0s 14h<\/td><td>(79) 3447.1336<\/td><\/tr><tr><td><strong id=\"gararu\">GARARU<\/strong><\/td><td>F\u00d3RUM JO\u00c3O PAULO II \u2013 Av. Presidente Costa e Silva, S\/N, Centro, Gararu.<\/td><td>Das 8h \u00e0s 14h<\/td><td>(79) 3354.1208<\/td><\/tr><tr><td><strong>CANHOBA ( Distrito de Gararu)<\/strong><\/td><td>F\u00d3RUM JO\u00c3O PAULO II \u2013 Av. Presidente Costa e Silva, S\/N, Centro, Gararu.<\/td><td>Das 8h \u00e0s 14h<\/td><td>(79) 3354.1208<\/td><\/tr><tr><td><strong>ITABI ( Distrito de Gararu ) <\/strong><\/td><td>F\u00d3RUM JO\u00c3O PAULO II \u2013 Av. Presidente Costa e Silva, S\/N, Centro, Gararu.<\/td><td>Das 8h \u00e0s 14h<\/td><td>(79) 3354.1208<\/td><\/tr><tr><td><strong>NOSSA SENHORA DE LOURDES ( Distrito de Gararu ) <\/strong><\/td><td>F\u00d3RUM JO\u00c3O PAULO II \u2013 Av. Presidente Costa e Silva, S\/N, Centro, Gararu.<\/td><td>Das 8h \u00e0s 14h<\/td><td>(79) 3354.1208<\/td><\/tr><tr><td><strong id=\"itabaianinha\">ITABAIANINHA<\/strong><\/td><td>F\u00d3RUM DES. ZACARIAS LOUREN\u00c7O DE CARVALHO \u2013 Rua Francisco Severo, n\u00ba 228, Centro, Itabaianinha.<strong>&nbsp;<\/strong><\/td><td>Das 8h \u00e0s 14h<\/td><td>(79) 3544.1440<\/td><\/tr><tr><td><strong id=\"itaporanga\">ITAPORANGA D`AJUDA<\/strong><\/td><td>F\u00f3rum Felisberto Freire \u2013 Av. Em\u00eddio Max Neto, S\/N, Centro, Itaporanga D\u00b4Ajuda.<\/td><td>Das 8h \u00e0s 14h<\/td><td>(79) 3264.3500&nbsp;&nbsp;&nbsp;&nbsp;&nbsp;&nbsp; <br>       3264.1329<\/td><\/tr><tr><td><strong>SALGADO ( Distrito de Itaporanga d&#8217;Ajuda )<\/strong><\/td><td>F\u00f3rum Felisberto Freire \u2013 Av. Em\u00eddio Max Neto, S\/N, Centro, Itaporanga D\u00b4Ajuda.<\/td><td>Das 8h \u00e0s 14h<\/td><td>(79) 3264.3500&nbsp;&nbsp;&nbsp;&nbsp;&nbsp;&nbsp; <br>       3264.1329<\/td><\/tr><tr><td><strong id=\"japaratuba\">JAPARATUBA<\/strong><\/td><td>F\u00f3rum Monsenhor Alberto Bragan\u00e7a de Azevedo \u2013 Rodovia L\u00facio Prado, n\u00ba 40, Centro, Japaratuba.<\/td><td>Das 8h \u00e0s 14h<\/td><td>(79) 3272.3300&nbsp;&nbsp;&nbsp;&nbsp;&nbsp;&nbsp;&nbsp;&nbsp; <br>       3272.1210<\/td><\/tr><tr><td><strong>PIRAMBU ( Distrito de Japaratuba ) <\/strong><\/td><td>F\u00f3rum Monsenhor Alberto Bragan\u00e7a de Azevedo \u2013 Rodovia L\u00facio Prado, n\u00ba 40, Centro, Japaratuba.<\/td><td>Das 8h \u00e0s 14h<\/td><td>(79) 3272.3300&nbsp;&nbsp;&nbsp;&nbsp;&nbsp;&nbsp;&nbsp;&nbsp; <br>       3272.1210<\/td><\/tr><tr><td><strong id=\"laranjeiras\">LARANJEIRAS<\/strong><\/td><td>F\u00f3rum Levindo Cruz Alameda I\u00eada Rosa \u2013 Conjunto Manuel do Prado Franco, S\/N, Laranjeiras.<\/td><td>Das 8h \u00e0s 14h<\/td><td>(79) 3281.5900&nbsp;&nbsp;&nbsp;&nbsp;&nbsp;&nbsp;&nbsp; <br>       <\/td><\/tr><tr><td><strong>AREIA BRANCA ( Distrito de Laranjeiras )<\/strong><\/td><td>F\u00f3rum Levindo Cruz Alameda I\u00eada Rosa \u2013 Conjunto Manuel do Prado Franco, S\/N, Laranjeiras.<\/td><td>Das 8h \u00e0s 14h<\/td><td>(79) 3281.5900&nbsp;&nbsp;&nbsp;<\/td><\/tr><tr><td><strong id=\"neopolis\">NEOP\u00d3LIS <\/strong><\/td><td>FORUM DES. ANTONIO GOIS &#8211; Pra\u00e7a Monsenhor Jos\u00e9 Moreno de Santana, S\/N, Ne\u00f3polis.<\/td><td>Das 8h \u00e0s 14h<\/td><td>(79) 3344.9000<\/td><\/tr><tr><td><strong>JAPOAT\u00c3 (Distrito de Ne\u00f3polis)<\/strong><\/td><td>FORUM DES. ANTONIO GOIS &#8211; Pra\u00e7a Monsenhor Jos\u00e9 Moreno de Santana, S\/N, Ne\u00f3polis.<\/td><td>Das 8h \u00e0s 14h<\/td><td>(79) 3344.9000<\/td><\/tr><tr><td><strong>SANTANA DO S\u00c3O FRANCISCO ( Distrito de Ne\u00f3polis )<\/strong><\/td><td>FORUM DES. ANTONIO GOIS &#8211; Pra\u00e7a Monsenhor Jos\u00e9 Moreno de Santana, S\/N, Ne\u00f3polis.<\/td><td>Das 8h \u00e0s 14h<\/td><td>(79) 3344.9000<\/td><\/tr><tr><td><strong id=\"cristinapolis\">CRISTIN\u00c1POLIS<\/strong><\/td><td>Pra\u00e7a da Bandeira, n\u00ba 245, Centro, Cristin\u00e1polis.<\/td><td>Das 8h \u00e0s 14h<\/td><td>(79) 3542.1248<br>       98106.7272<\/td><\/tr><tr><td><strong>TOMAR DO GERU ( Distrito de Cristin\u00e1polis )<\/strong><\/td><td>Pra\u00e7a da Bandeira, n\u00ba 245, Centro, Cristin\u00e1polis.<\/td><td>Das 8h \u00e0s 14h<\/td><td>(79) 3542.1248<br>       98106.7272<\/td><\/tr><tr><td><strong id=\"gloria\">NOSSA SENHORA DA GL\u00d3RIA<\/strong><\/td><td>Rua Manoel El\u00edgio da Mota, s\/n.\u00ba, Bairro Bras\u00edlia, Nossa Sra. da Gl\u00f3ria\/SE <\/td><td>Das 8h \u00e0s 14h<\/td><td>(79) 3411.4100<\/td><\/tr><tr><td><strong>FEIRA NOVA<\/strong> <strong>( Distrito de N. Sra da Gl\u00f3ria )<\/strong><\/td><td>F\u00f3rum, Rua Manoel El\u00edgio da Mota, s\/n.\u00ba, Bairro Bras\u00edlia, Nossa Sra. da Gl\u00f3ria\/SE<\/td><td>Das 8h \u00e0s 14h<\/td><td>(79) 3411.4100<\/td><\/tr><tr><td><strong>MONTE ALEGRE<\/strong> <strong>( Distrito de N. Sra da Gl\u00f3ria )<\/strong><\/td><td>F\u00f3rum, Rua Manoel El\u00edgio da Mota, s\/n.\u00ba, Bairro Bras\u00edlia, Nossa Sra. da Gl\u00f3ria\/SE<\/td><td>Das 8h \u00e0s 14h<\/td><td>(79) 3411.4100<\/td><\/tr><tr><td><strong id=\"propria\">PROPRI\u00c1<\/strong><\/td><td>Av. Jo\u00e3o Barbosa Porto, S\/N, Bela Vista, Propri\u00e1.<\/td><td>Das 8h \u00e0s 14h<\/td><td>(79) 3322-3024<\/td><\/tr><tr><td><strong id=\"maruim\">MARUIM <\/strong><\/td><td>F\u00f3rum Dr. Alberto Deodato &#8211; Rua \u00c1lvaro Garcez,315, Boa Hora, Maruim.<\/td><td>Das 8h \u00e0s 14h<\/td><td>(79) 3275.1378<\/td><\/tr><tr><td><strong>SANTO AMARO DAS BROTAS (Distrito de Maruim )<\/strong><\/td><td>F\u00f3rum Dr. Alberto Deodato &#8211; Rua \u00c1lvaro Garcez,315, Boa Hora, Maruim.<\/td><td>Das 8h \u00e0s 14h<\/td><td>(79) 3275.1378<\/td><\/tr><tr><td><strong id=\"ribeiropolis\">RIBEIROP\u00d3LIS <\/strong><\/td><td>F\u00f3rum Juiz M\u00e1rio de A. Lob\u00e3o -Rua S\u00e3o Jo\u00e3o, s\/n, Centro, Ribeir\u00f3polis.<\/td><td>Das 8h \u00e0s 14h<\/td><td>(79) 3449-1310<br>       3226.3100<\/td><\/tr><tr><td><strong>NOSSA SENHORA DE APARECIDA (Distrito de Ribeir\u00f3polis )<\/strong><\/td><td>F\u00f3rum Juiz M\u00e1rio de A. Lob\u00e3o &#8211; Rua S\u00e3o Jo\u00e3o, s\/n, Centro, Ribeir\u00f3polis.<\/td><td>Das 8h \u00e0s 14h<\/td><td>(79) 3449-1310<\/td><\/tr><tr><td><strong>S\u00c3O MIGUEL DO ALEIXO <\/strong><br><strong>(Distrito de Ribeir\u00f3polis )<\/strong><\/td><td>F\u00f3rum Juiz M\u00e1rio de A. Lob\u00e3o &#8211; Rua S\u00e3o Jo\u00e3o, s\/n, Centro, Ribeir\u00f3polis.<\/td><td>Das 8h \u00e0s 14h<\/td><td>(79) 3449-1310<\/td><\/tr><\/tbody><\/table><\/figure>\n\n\n\n<p><strong>&nbsp;<\/strong><\/p>\n\n\n\n<p class=\"has-text-align-center\"><strong>SITE:&nbsp;<\/strong><a href=\"http:\/\/www.defensoria.se.def.br\/\"><strong>WWW.DEFENSORIA.SE.DEF.BR<\/strong><\/a><\/p>\n\n\n\n<p class=\"has-text-align-center\"><strong>&nbsp;E-MAILS: <\/strong><\/p>\n\n\n\n<p class=\"has-text-align-center\"><strong>corregedoria.geral@defensoria.se.def.br<\/strong><\/p>\n\n\n\n<p class=\"has-text-align-center\">ascom.dpe@defensoria.se.def.br<\/p>\n\n\n\n<p class=\"has-text-align-center\"><strong>NOSSAS REDES SOCIAIS:<\/strong><\/p>\n\n\n\n<p class=\"has-text-align-center\"><strong>Instagram<\/strong>:<a href=\"https:\/\/www.instagram.com\/defensoriapublicadesergipe\/\">@defensoriapublicadesergipe<\/a><\/p>\n\n\n\n<p class=\"has-text-align-center\"><strong>Facebook<\/strong>:&nbsp;<a href=\"https:\/\/www.facebook.com\/defensoriasergipe\">@defensoriasergipe<\/a><\/p>\n\n\n\n<p class=\"has-text-align-center\"><strong>YouTube<\/strong>:&nbsp;<a href=\"https:\/\/www.youtube.com\/@DefensoriaSergipe\">@defensoriasergipe<\/a><\/p>\n\n\n\n<p class=\"has-text-align-center\"><strong>X (antigo Twitter)<\/strong>: <a href=\"https:\/\/x.com\/defensoriase\">@defensoriase<\/a><\/p>\n\n\n\n<p>&nbsp;<\/p>\n<p>&nbsp;<\/p>\n\n\n","protected":false},"excerpt":{"rendered":"<p>&nbsp; Onde Tem Defensoria P\u00fablica? &nbsp; DEFENSORIA NA CAPITAL \u2013 ARACAJU DEFENSORIA ENDERE\u00c7O HOR\u00c1RIO TELEFONE SEDE ADMINISTRATIVA&nbsp; Tv. Jo\u00e3o Francisco da Silveira, n\u00ba 44, Bairro Centro, (Continua\u00e7\u00e3o da Av. Bar\u00e3o de Maruim). Das 7h \u00e0s 13h (79) 3205.3800 CENTRAL DE ATENDIMENTO DEFENSORA DIVA COSTA LIMA Av. Ministro Geraldo Barreto Sobral, n\u00ba 1436, Bairro Jardins. Das &hellip;<\/p>\n<p class=\"read-more\"> <a class=\"\" href=\"https:\/\/www.defensoria.se.def.br\/?page_id=33444\"> <span class=\"screen-reader-text\">ONDE TEM DEFENSORIA P\u00daBLICA ?<\/span> Read More &raquo;<\/a><\/p>\n","protected":false},"author":15,"featured_media":0,"parent":37818,"menu_order":0,"comment_status":"closed","ping_status":"closed","template":"","meta":{"_eb_attr":"","_uag_custom_page_level_css":"","site-sidebar-layout":"default","site-content-layout":"","ast-site-content-layout":"","site-content-style":"default","site-sidebar-style":"default","ast-global-header-display":"","ast-banner-title-visibility":"","ast-main-header-display":"","ast-hfb-above-header-display":"","ast-hfb-below-header-display":"","ast-hfb-mobile-header-display":"","site-post-title":"","ast-breadcrumbs-content":"","ast-featured-img":"","footer-sml-layout":"","theme-transparent-header-meta":"","adv-header-id-meta":"","stick-header-meta":"","header-above-stick-meta":"","header-main-stick-meta":"","header-below-stick-meta":"","astra-migrate-meta-layouts":"","footnotes":""},"class_list":["post-33444","page","type-page","status-publish","hentry"],"uagb_featured_image_src":{"full":false,"thumbnail":false,"medium":false,"medium_large":false,"large":false,"1536x1536":false,"2048x2048":false},"uagb_author_info":{"display_name":"Daniel Silva","author_link":"https:\/\/www.defensoria.se.def.br\/?author=15"},"uagb_comment_info":0,"uagb_excerpt":"&nbsp; Onde Tem Defensoria P\u00fablica? &nbsp; DEFENSORIA NA CAPITAL \u2013 ARACAJU DEFENSORIA ENDERE\u00c7O HOR\u00c1RIO TELEFONE SEDE ADMINISTRATIVA&nbsp; Tv. Jo\u00e3o Francisco da Silveira, n\u00ba 44, Bairro Centro, (Continua\u00e7\u00e3o da Av. Bar\u00e3o de Maruim). Das 7h \u00e0s 13h (79) 3205.3800 CENTRAL DE ATENDIMENTO DEFENSORA DIVA COSTA LIMA Av. Ministro Geraldo Barreto Sobral, n\u00ba 1436, Bairro Jardins. Das&hellip;","_links":{"self":[{"href":"https:\/\/www.defensoria.se.def.br\/index.php?rest_route=\/wp\/v2\/pages\/33444"}],"collection":[{"href":"https:\/\/www.defensoria.se.def.br\/index.php?rest_route=\/wp\/v2\/pages"}],"about":[{"href":"https:\/\/www.defensoria.se.def.br\/index.php?rest_route=\/wp\/v2\/types\/page"}],"author":[{"embeddable":true,"href":"https:\/\/www.defensoria.se.def.br\/index.php?rest_route=\/wp\/v2\/users\/15"}],"replies":[{"embeddable":true,"href":"https:\/\/www.defensoria.se.def.br\/index.php?rest_route=%2Fwp%2Fv2%2Fcomments&post=33444"}],"version-history":[{"count":44,"href":"https:\/\/www.defensoria.se.def.br\/index.php?rest_route=\/wp\/v2\/pages\/33444\/revisions"}],"predecessor-version":[{"id":49398,"href":"https:\/\/www.defensoria.se.def.br\/index.php?rest_route=\/wp\/v2\/pages\/33444\/revisions\/49398"}],"up":[{"embeddable":true,"href":"https:\/\/www.defensoria.se.def.br\/index.php?rest_route=\/wp\/v2\/pages\/37818"}],"wp:attachment":[{"href":"https:\/\/www.defensoria.se.def.br\/index.php?rest_route=%2Fwp%2Fv2%2Fmedia&parent=33444"}],"curies":[{"name":"wp","href":"https:\/\/api.w.org\/{rel}","templated":true}]}}