{"id":33702,"date":"2023-07-31T14:34:25","date_gmt":"2023-07-31T17:34:25","guid":{"rendered":"https:\/\/www.defensoria.se.def.br\/?page_id=33702"},"modified":"2026-05-08T11:03:50","modified_gmt":"2026-05-08T14:03:50","slug":"composicao-diretorias","status":"publish","type":"page","link":"https:\/\/www.defensoria.se.def.br\/?page_id=33702","title":{"rendered":"COMPOSI\u00c7\u00c3O DIRETORIAS"},"content":{"rendered":"\n<p><br><\/p>\n\n\n\n<h1 class=\"wp-block-heading has-text-align-center has-ast-global-color-0-color has-text-color has-link-color wp-elements-51dbf514e8fb67b2003d9b1a5a2946a0\"><strong>Composi\u00e7\u00e3o Diretorias<\/strong><\/h1>\n\n\n\n<h3 class=\"wp-block-heading has-text-align-center\"><br><br><br><span style=\"color: #007749;\">DIRETORA GERAL<\/span><\/h3>\n\n\n\n<div class=\"wp-block-uagb-container uagb-block-b988eca9 default uagb-is-root-container\">\n<div class=\"wp-block-media-text is-stacked-on-mobile\" style=\"grid-template-columns:24% auto\"><figure class=\"wp-block-media-text__media\"><img loading=\"lazy\" decoding=\"async\" width=\"1024\" height=\"1024\" src=\"https:\/\/www.defensoria.se.def.br\/wp-content\/uploads\/2024\/09\/carla-1-1-1024x1024.png\" alt=\"\" class=\"wp-image-39983 size-full\" srcset=\"https:\/\/www.defensoria.se.def.br\/wp-content\/uploads\/2024\/09\/carla-1-1-1024x1024.png 1024w, https:\/\/www.defensoria.se.def.br\/wp-content\/uploads\/2024\/09\/carla-1-1-300x300.png 300w, https:\/\/www.defensoria.se.def.br\/wp-content\/uploads\/2024\/09\/carla-1-1-150x150.png 150w, https:\/\/www.defensoria.se.def.br\/wp-content\/uploads\/2024\/09\/carla-1-1-768x768.png 768w, https:\/\/www.defensoria.se.def.br\/wp-content\/uploads\/2024\/09\/carla-1-1.png 1152w\" sizes=\"(max-width: 1024px) 100vw, 1024px\" \/><\/figure><div class=\"wp-block-media-text__content\">\n<h5 class=\"wp-block-heading has-text-align-left has-ast-global-color-0-color has-text-color has-link-color wp-elements-bdd1ed1b0eb2bbcbea3d08955bffa78b\">CARLA FONSECA FERNANDES DE BRITO<\/h5>\n\n\n\n<p>Advogada<\/p>\n\n\n\n<p><strong>Cargo Atual<\/strong><br>&#8211; Diretora-Geral da Defensoria P\u00fablica do Estado de Sergipe<\/p>\n<p><strong>Experi\u00eancia Anterior<\/strong> <br>&#8211; Ex-Procuradora-Geral de Santo Amaro das Brotas\/SE<br>&#8211; Ex-Assessora Jur\u00eddica do DER\/SE<br>&#8211; Ex-Assistente da Coordenadoria Jur\u00eddica do TCE\/SE<\/p>\n<p><strong>Forma\u00e7\u00e3o<\/strong><br>&#8211; Especialista em Licita\u00e7\u00f5es e Contratos Administrativos &#8211; Especialista Reconhecido<br>&#8211; P\u00f3s-Graduada em Licita\u00e7\u00f5es e Contratos (FAMA)<br>&#8211; P\u00f3s-Graduanda em Gest\u00e3o P\u00fablica (UFS)<\/p>\n<p><strong>Contato<\/strong><br>&#8211; E-mail: diretoria.geral@defensoria.se.def.br<br>&#8211; Telefone:&nbsp;(79)&nbsp;3205-3808<\/p>\n<\/div><\/div>\n<\/div>\n\n\n\n<div class=\"inherit-container-width wp-block-group is-layout-constrained wp-block-group-is-layout-constrained\">\n\n\n<h3 class=\"wp-block-heading has-text-align-center\"><span style=\"color: #007749;\">DIRETORA DE COORDENADORIA FINANCEIRA<\/span><\/h3>\n<\/div>\n\n\n\n<div class=\"wp-block-group is-vertical is-content-justification-center is-layout-flex wp-container-core-group-is-layout-2 wp-block-group-is-layout-flex\" style=\"padding-top:0;padding-right:0;padding-bottom:0;padding-left:0\">\n<div class=\"wp-block-uagb-container uagb-layout-flex uagb-block-136a237c default uagb-is-root-container\">\n<div class=\"wp-block-media-text alignwide is-stacked-on-mobile is-image-fill\" style=\"margin-top:0;margin-right:0;margin-bottom:0;margin-left:0;padding-top:0;padding-right:0;padding-bottom:0;padding-left:0;grid-template-columns:24% auto\"><figure class=\"wp-block-media-text__media\" style=\"background-image:url(https:\/\/www.defensoria.se.def.br\/wp-content\/uploads\/2024\/09\/image018-removebg-preview-1-965x1024.png);background-position:50% 50%\"><img loading=\"lazy\" decoding=\"async\" width=\"965\" height=\"1024\" src=\"https:\/\/www.defensoria.se.def.br\/wp-content\/uploads\/2024\/09\/image018-removebg-preview-1-965x1024.png\" alt=\"\" class=\"wp-image-39975 size-full\" srcset=\"https:\/\/www.defensoria.se.def.br\/wp-content\/uploads\/2024\/09\/image018-removebg-preview-1-965x1024.png 965w, https:\/\/www.defensoria.se.def.br\/wp-content\/uploads\/2024\/09\/image018-removebg-preview-1-283x300.png 283w, https:\/\/www.defensoria.se.def.br\/wp-content\/uploads\/2024\/09\/image018-removebg-preview-1-768x815.png 768w, https:\/\/www.defensoria.se.def.br\/wp-content\/uploads\/2024\/09\/image018-removebg-preview-1.png 1206w\" sizes=\"(max-width: 965px) 100vw, 965px\" \/><\/figure><div class=\"wp-block-media-text__content\">\n<h5 class=\"wp-block-heading has-text-align-left\"><br><span style=\"color: #007749;\">J\u00d3SELIA SOUZA DE BRITO<\/span><\/h5>\n\n\n\n<p>Natural de Cubat\u00e3o, S\u00e3o Paulo, \u00e9 mestre em Desenvolvimento Regional e Gest\u00e3o de Empreendimentos Locais pela UFS, Especialista em Contabilidade P\u00fablica e Lei de Responsabilidade pela UNINTER, p\u00f3s-gradua\u00e7\u00e3o em Direito P\u00fablico pela Faculdade de Direito 8 de Julho \u2013 em conclus\u00e3o. \u00c9 economista \u2013 CORECON: 1288, formada pela UFS, advogada \u2013 OAB: 15.295, formada pela Est\u00e1cio de Sergipe, e t\u00e9cnica em contabilidade \u2013 CRC: 7339\/O-0, pelo Col\u00e9gio Senhor do Bomfim, possui habilita\u00e7\u00e3o para atuar com Perita Econ\u00f4mico-Financeira \u2013 CNPEF: 493.<br>Foi conselheira regional do Conselho Regional de Economia &#8211; CORECON nos mandatos de 2020-2022 e 2023-2025, tendo sido presidente do regional em 2023 e agraciada com a Medalha do M\u00e9rito Econ\u00f4mico em 2021 e foi membro da Comiss\u00e3o de Enfrentamento a Desigualdade Social e ao Racismo Estrutural da DPE. Atualmente \u00e9 conselheira federal-suplente do Conselho Federal de Economia \u2013 COFECON mandatos 2023-2025 e 2026-2028, e Diretora Financeira desta Defensoria.<\/p>\n\n\n\n<p><\/p>\n\n\n\n<p class=\"has-text-align-left\">Telefone: (79)3205-3818<\/p>\n\n\n\n<p class=\"has-text-align-left\">E-mail : dir.financeira@defensoria.se.def.br<\/p>\n<\/div><\/div>\n<\/div>\n<\/div>\n\n\n\n<h3 class=\"wp-block-heading has-text-align-center\"><br><br><\/h3>\n\n\n\n<h3 class=\"wp-block-heading has-text-align-center\"><span style=\"color: #007749;\">DIRETORA DE COORDENADORIA DE CONTRATOS<\/span><br><br><\/h3>\n\n\n\n<div class=\"wp-block-uagb-container uagb-layout-flex uagb-block-1b271f04 default uagb-is-root-container\">\n<div class=\"wp-block-media-text alignfull is-stacked-on-mobile\" style=\"margin-top:0;margin-right:0;margin-bottom:0;margin-left:0;padding-top:0;padding-right:0;padding-bottom:0;padding-left:0;grid-template-columns:24% auto\"><figure class=\"wp-block-media-text__media\"><img loading=\"lazy\" decoding=\"async\" width=\"859\" height=\"1024\" src=\"https:\/\/www.defensoria.se.def.br\/wp-content\/uploads\/2024\/09\/KARINA-1-859x1024.png\" alt=\"\" class=\"wp-image-39896 size-full\" srcset=\"https:\/\/www.defensoria.se.def.br\/wp-content\/uploads\/2024\/09\/KARINA-1-859x1024.png 859w, https:\/\/www.defensoria.se.def.br\/wp-content\/uploads\/2024\/09\/KARINA-1-252x300.png 252w, https:\/\/www.defensoria.se.def.br\/wp-content\/uploads\/2024\/09\/KARINA-1-768x915.png 768w, https:\/\/www.defensoria.se.def.br\/wp-content\/uploads\/2024\/09\/KARINA-1.png 1074w\" sizes=\"(max-width: 859px) 100vw, 859px\" \/><\/figure><div class=\"wp-block-media-text__content\">\n<h5 class=\"wp-block-heading has-text-align-left\"><br><span style=\"color: #007749;\">KARINA BISPO SANTOS<\/span><\/h5>\n\n\n\n<p>Advogada \u2013 OAB n\u00ba 3595, pela Universidade Federal de Sergipe, p\u00f3s-graduada em Gest\u00e3o em Seguran\u00e7a e Educa\u00e7\u00e3o no Tr\u00e2nsito, Faculdade Jardins \u2013 FAJAR, com diversos cursos de aprimoramento e atualiza\u00e7\u00e3o. Atuou como procuradora jur\u00eddica na Empresa Municipal de Servi\u00e7os Urbanos \u2013 EMSURB; como assessora jur\u00eddica no Departamento Estadual de Tr\u00e2nsito de Sergipe \u2013 DETRAN\/SE; como coordenadora na Funda\u00e7\u00e3o Cultural Cidade de Aracaju \u2013 FUNCAJU; e atualmente como Coordenadora de contratos nesta Defensoria.<\/p>\n\n\n\n<p class=\"has-text-align-left\">E-mail: karinabispo.santos@defensoria.se.def.br<\/p>\n\n\n\n<p class=\"has-text-align-left\">Telefone: (79)3205-3810<\/p>\n<\/div><\/div>\n<\/div>\n\n\n\n<h3 class=\"wp-block-heading has-text-align-center\"><br><br><span style=\"color: #007749;\">DIRETORA DE COORDENADORIA CONT\u00c1BIL<\/span><br><br><\/h3>\n\n\n\n<div class=\"wp-block-uagb-container uagb-layout-flex uagb-block-3f611488 default uagb-is-root-container\">\n<div class=\"wp-block-media-text alignfull is-stacked-on-mobile\" style=\"margin-top:0;margin-right:0;margin-bottom:0;margin-left:0;padding-top:0;padding-right:0;padding-bottom:0;padding-left:0;grid-template-columns:24% auto\"><figure class=\"wp-block-media-text__media\"><img loading=\"lazy\" decoding=\"async\" width=\"779\" height=\"840\" src=\"https:\/\/www.defensoria.se.def.br\/wp-content\/uploads\/2024\/09\/image021-1-1.png\" alt=\"\" class=\"wp-image-39979 size-full\" srcset=\"https:\/\/www.defensoria.se.def.br\/wp-content\/uploads\/2024\/09\/image021-1-1.png 779w, https:\/\/www.defensoria.se.def.br\/wp-content\/uploads\/2024\/09\/image021-1-1-278x300.png 278w, https:\/\/www.defensoria.se.def.br\/wp-content\/uploads\/2024\/09\/image021-1-1-768x828.png 768w\" sizes=\"(max-width: 779px) 100vw, 779px\" \/><\/figure><div class=\"wp-block-media-text__content\">\n<h5 class=\"wp-block-heading has-text-align-left\"><span style=\"color: #007749;\">VIVIAN OLIVEIRA COSTA<\/span><\/h5>\n\n\n\n<p>Contadora CRC: 6185\/O-7, formada pela UNIT, atual diretora de contabilidade da Defensoria P\u00fablica do Estado de Sergipe; foi Subgerente Geral de Operacionaliza\u00e7\u00e3o Cont\u00e1bil, na Superintend\u00eancia de Finan\u00e7as P\u00fablicas \u2013 SUPERFIP.<\/p>\n\n\n\n<p class=\"has-text-align-left\">E-mail : dir.contabilidade@defensoria.se.def.br<\/p>\n\n\n\n<p class=\"has-text-align-left\"><br>Telefone:  (79)3205-3817<\/p>\n<\/div><\/div>\n<\/div>\n\n\n\n<p><\/p>\n\n\n\n<h3 class=\"wp-block-heading\">&nbsp;<\/h3>\n\n\n\n<h3 class=\"wp-block-heading\">&nbsp;<\/h3>\n\n\n\n<h3 class=\"wp-block-heading has-text-align-center\"><span style=\"color: #007749;\">DIRETORA DE COORDENADORIA ADMINISTRATIVA<\/span><br><br><\/h3>\n\n\n\n<div class=\"wp-block-uagb-container uagb-block-af02ac35 default uagb-is-root-container\">\n<div class=\"wp-block-media-text is-stacked-on-mobile is-image-fill\" style=\"grid-template-columns:24% auto\"><figure class=\"wp-block-media-text__media\" style=\"background-image:url(https:\/\/www.defensoria.se.def.br\/wp-content\/uploads\/2024\/09\/image022-1-764x1024.png);background-position:50% 50%\"><img loading=\"lazy\" decoding=\"async\" width=\"764\" height=\"1024\" src=\"https:\/\/www.defensoria.se.def.br\/wp-content\/uploads\/2024\/09\/image022-1-764x1024.png\" alt=\"\" class=\"wp-image-39977 size-full\" srcset=\"https:\/\/www.defensoria.se.def.br\/wp-content\/uploads\/2024\/09\/image022-1-764x1024.png 764w, https:\/\/www.defensoria.se.def.br\/wp-content\/uploads\/2024\/09\/image022-1-224x300.png 224w, https:\/\/www.defensoria.se.def.br\/wp-content\/uploads\/2024\/09\/image022-1-768x1029.png 768w, https:\/\/www.defensoria.se.def.br\/wp-content\/uploads\/2024\/09\/image022-1.png 955w\" sizes=\"(max-width: 764px) 100vw, 764px\" \/><\/figure><div class=\"wp-block-media-text__content\">\n<h5 class=\"wp-block-heading has-text-align-left\"><span style=\"color: #007749;\">MARIA KL\u00c9SIA LIMA RABELO<\/span><\/h5>\n\n\n\n<p>Graduada em Administra\u00e7\u00e3o pela Universidade Tiradentes (1997), CRA\/SE: 4254-01. Especializa\u00e7\u00e3o em Doc\u00eancia para Educa\u00e7\u00e3o Profissional pelo Centro Nacional de Educa\u00e7\u00e3o a Dist\u00e2ncia do Servi\u00e7o Nacional de Aprendizagem Comercial- SENAC (2013). MBA em Gest\u00e3o Empresarial e Intelig\u00eancia Organizacional \u2013 FANESE (2020). Forma\u00e7\u00e3o Professional &amp; Self Coaching \u2013 PSC (2018) pelo Instituto Brasileiro de Coaching (IBC). Forma\u00e7\u00e3o em Analista Comportamental Profiler. Cooperada da Cooperativa de Trabalho na \u00c1rea de Servi\u00e7os M\u00faltiplos de Sergipe (COOPERMULT \u2013 Membro do conselho Fiscal). Consultora e Facilitadora credenciada no sistema SGC do SEBRAE e SESCOOP. Atua\u00e7\u00f5es: Diretora Executiva na Associa\u00e7\u00e3o L\u00edder Solid\u00e1ria e na Associa\u00e7\u00e3o Comercial de Sergipe; Coordenadoria de Planejamento na Funda\u00e7\u00e3o de Apoio a Pesquisa \u2013 FAPITEC; Secretaria da Administra\u00e7\u00e3o do Estado de Sergipe \u2013 SEAD e atualmente Diretora Administrativa da Defensoria P\u00fablica do Estado de Sergipe.<\/p>\n\n\n\n<p class=\"has-text-align-left\">E-mail : dir.administrativa@defensoria.se.def.br<\/p>\n\n\n\n<p class=\"has-text-align-left\">Telefone: (79)3205-3817<\/p>\n<\/div><\/div>\n<\/div>\n\n\n\n<h3 class=\"wp-block-heading\">&nbsp;<\/h3>\n\n\n\n<h3 class=\"wp-block-heading\">&nbsp;<\/h3>\n\n\n\n<h3 class=\"wp-block-heading\">&nbsp;<\/h3>\n\n\n\n<h3 class=\"wp-block-heading has-text-align-center\"><span style=\"color: #007749;\">DIRETORA DE COORDENADORIA DE PLANEJAMENTO<\/span><br><\/h3>\n\n\n\n<div class=\"wp-block-uagb-container uagb-block-e6747359 default uagb-is-root-container\">\n<div class=\"wp-block-media-text is-stacked-on-mobile\" style=\"grid-template-columns:24% auto\"><figure class=\"wp-block-media-text__media\"><img loading=\"lazy\" decoding=\"async\" width=\"635\" height=\"1024\" src=\"https:\/\/www.defensoria.se.def.br\/wp-content\/uploads\/2024\/09\/sandra-1-635x1024.png\" alt=\"\" class=\"wp-image-39981 size-full\" srcset=\"https:\/\/www.defensoria.se.def.br\/wp-content\/uploads\/2024\/09\/sandra-1-635x1024.png 635w, https:\/\/www.defensoria.se.def.br\/wp-content\/uploads\/2024\/09\/sandra-1-186x300.png 186w, https:\/\/www.defensoria.se.def.br\/wp-content\/uploads\/2024\/09\/sandra-1-768x1238.png 768w, https:\/\/www.defensoria.se.def.br\/wp-content\/uploads\/2024\/09\/sandra-1.png 794w\" sizes=\"(max-width: 635px) 100vw, 635px\" \/><\/figure><div class=\"wp-block-media-text__content\">\n<h5 class=\"wp-block-heading has-text-align-left has-ast-global-color-0-color has-text-color has-link-color wp-elements-f8379b9704aebf35e947fe5b7bb56bd3\">SANDRA SANTOS DE CARVALHO<\/h5>\n\n\n\n<p>Graduada em Direito e Gest\u00e3o P\u00fablica, Especializa\u00e7\u00e3o em Curso de Administra\u00e7\u00e3o, Contabilidade e Finan\u00e7as para o setor P\u00fablico, Especializa\u00e7\u00e3o na&nbsp; area de&nbsp; &nbsp;Planejamento e Or\u00e7amento P\u00fablico \u2013 ABOP \u2013 Associa\u00e7\u00e3o Brasileira de Or\u00e7amento Publico Local Bras\u00edlia, DF, Capacita\u00e7\u00e3o para&nbsp; boa execu\u00e7\u00e3o das normas do BID-Banco Interamericano de Desenvolvimento, voltadas para a sele\u00e7\u00e3o e Contrata\u00e7\u00e3o de Consultores, bem como, tipos de procedimentos Licitat\u00f3rios para Aquisi\u00e7\u00e3o de Bens, Contrata\u00e7\u00e3o de Obras e Servi\u00e7os, realizado pela Dire\u00e7\u00e3o Nacional do PNAGE e PROMOEX, Area de Atua\u00e7\u00e3o:&nbsp; Coordenadora da \u00c1rea&nbsp; T\u00e9cnica e Administrativa&nbsp; do Programa PNAGE\/SE- (Programa de Moderniza\u00e7\u00e3o da Administra\u00e7\u00e3o P\u00fablica dos Estados e do Distrito Federal\/&nbsp; Ano 2007 a 2010, local Minist\u00e9rio do Planejamento, Or\u00e7amento e Gest\u00e3o, Bras\u00edlia, DF, Assessora&nbsp; T\u00e9cnica e Executiva&nbsp; da ASPLAN da Secretaria de Estado da Administra\u00e7\u00e3o de Sergipe, entre 2005 a 2010. Atualmente exerce a fun\u00e7\u00e3o de Diretora de Planejamento da Defensoria P\u00fablica do Estado de Sergipe.<\/p>\n\n\n\n<p class=\"has-text-align-left\">E-mail : dir.planejamento@defensoria.se.def.br<\/p>\n\n\n\n<p class=\"has-text-align-left\">Telefone: (79)3205-3812<\/p>\n<\/div><\/div>\n<\/div>\n\n\n\n<p><\/p>\n\n\n\n<p>&nbsp;<\/p>\n\n\n\n<p><br><br><\/p>\n\n\n\n<p><br \/><br \/><br \/><\/p>\n","protected":false},"excerpt":{"rendered":"<p>Composi\u00e7\u00e3o Diretorias DIRETORA GERAL CARLA FONSECA FERNANDES DE BRITO Advogada Cargo Atual&#8211; Diretora-Geral da Defensoria P\u00fablica do Estado de Sergipe Experi\u00eancia Anterior &#8211; Ex-Procuradora-Geral de Santo Amaro das Brotas\/SE&#8211; Ex-Assessora Jur\u00eddica do DER\/SE&#8211; Ex-Assistente da Coordenadoria Jur\u00eddica do TCE\/SE Forma\u00e7\u00e3o&#8211; Especialista em Licita\u00e7\u00f5es e Contratos Administrativos &#8211; Especialista Reconhecido&#8211; P\u00f3s-Graduada em Licita\u00e7\u00f5es e Contratos (FAMA)&#8211; &hellip;<\/p>\n<p class=\"read-more\"> <a class=\"\" href=\"https:\/\/www.defensoria.se.def.br\/?page_id=33702\"> <span class=\"screen-reader-text\">COMPOSI\u00c7\u00c3O DIRETORIAS<\/span> Read More &raquo;<\/a><\/p>\n","protected":false},"author":15,"featured_media":0,"parent":33684,"menu_order":0,"comment_status":"closed","ping_status":"closed","template":"","meta":{"_eb_attr":"","_uag_custom_page_level_css":"","site-sidebar-layout":"default","site-content-layout":"","ast-site-content-layout":"","site-content-style":"default","site-sidebar-style":"default","ast-global-header-display":"","ast-banner-title-visibility":"","ast-main-header-display":"","ast-hfb-above-header-display":"","ast-hfb-below-header-display":"","ast-hfb-mobile-header-display":"","site-post-title":"","ast-breadcrumbs-content":"","ast-featured-img":"","footer-sml-layout":"","theme-transparent-header-meta":"","adv-header-id-meta":"","stick-header-meta":"","header-above-stick-meta":"","header-main-stick-meta":"","header-below-stick-meta":"","astra-migrate-meta-layouts":"","footnotes":""},"class_list":["post-33702","page","type-page","status-publish","hentry"],"uagb_featured_image_src":{"full":false,"thumbnail":false,"medium":false,"medium_large":false,"large":false,"1536x1536":false,"2048x2048":false},"uagb_author_info":{"display_name":"Daniel Silva","author_link":"https:\/\/www.defensoria.se.def.br\/?author=15"},"uagb_comment_info":0,"uagb_excerpt":"Composi\u00e7\u00e3o Diretorias DIRETORA GERAL CARLA FONSECA FERNANDES DE BRITO Advogada Cargo Atual&#8211; Diretora-Geral da Defensoria P\u00fablica do Estado de Sergipe Experi\u00eancia Anterior &#8211; Ex-Procuradora-Geral de Santo Amaro das Brotas\/SE&#8211; Ex-Assessora Jur\u00eddica do DER\/SE&#8211; Ex-Assistente da Coordenadoria Jur\u00eddica do TCE\/SE Forma\u00e7\u00e3o&#8211; Especialista em Licita\u00e7\u00f5es e Contratos Administrativos &#8211; Especialista Reconhecido&#8211; P\u00f3s-Graduada em Licita\u00e7\u00f5es e Contratos (FAMA)&#8211;&hellip;","_links":{"self":[{"href":"https:\/\/www.defensoria.se.def.br\/index.php?rest_route=\/wp\/v2\/pages\/33702"}],"collection":[{"href":"https:\/\/www.defensoria.se.def.br\/index.php?rest_route=\/wp\/v2\/pages"}],"about":[{"href":"https:\/\/www.defensoria.se.def.br\/index.php?rest_route=\/wp\/v2\/types\/page"}],"author":[{"embeddable":true,"href":"https:\/\/www.defensoria.se.def.br\/index.php?rest_route=\/wp\/v2\/users\/15"}],"replies":[{"embeddable":true,"href":"https:\/\/www.defensoria.se.def.br\/index.php?rest_route=%2Fwp%2Fv2%2Fcomments&post=33702"}],"version-history":[{"count":318,"href":"https:\/\/www.defensoria.se.def.br\/index.php?rest_route=\/wp\/v2\/pages\/33702\/revisions"}],"predecessor-version":[{"id":50838,"href":"https:\/\/www.defensoria.se.def.br\/index.php?rest_route=\/wp\/v2\/pages\/33702\/revisions\/50838"}],"up":[{"embeddable":true,"href":"https:\/\/www.defensoria.se.def.br\/index.php?rest_route=\/wp\/v2\/pages\/33684"}],"wp:attachment":[{"href":"https:\/\/www.defensoria.se.def.br\/index.php?rest_route=%2Fwp%2Fv2%2Fmedia&parent=33702"}],"curies":[{"name":"wp","href":"https:\/\/api.w.org\/{rel}","templated":true}]}}