{"id":34770,"date":"2023-10-11T09:17:40","date_gmt":"2023-10-11T12:17:40","guid":{"rendered":"https:\/\/www.defensoria.se.def.br\/?page_id=34770"},"modified":"2025-04-24T09:28:51","modified_gmt":"2025-04-24T12:28:51","slug":"fases-do-processo-seletivo-no23","status":"publish","type":"page","link":"https:\/\/www.defensoria.se.def.br\/?page_id=34770","title":{"rendered":"FASES DO PROCESSO SELETIVO N\u00ba23"},"content":{"rendered":"\n<h2 class=\"wp-block-heading\">&nbsp;<\/h2>\n\n\n\n<h2 class=\"wp-block-heading has-text-align-center has-ast-global-color-0-color has-text-color has-link-color wp-elements-618066d6adc5b07abb870cd422fc2a1d\"><strong>FASES DO PROCESSO SELETIVO N\u00ba23<\/strong><\/h2>\n\n\n\n<h5 class=\"wp-block-heading\"><br><br><br><strong>Acesse abaixo:<\/strong><\/h5>\n\n\n\n<figure class=\"wp-block-table is-style-stripes has-medium-font-size\"><table class=\"has-border-color has-black-border-color has-fixed-layout\" style=\"border-width:1px\"><tbody><tr><td><a href=\"https:\/\/www.defensoria.se.def.br\/wp-content\/uploads\/2023\/10\/01-23\u00ba-Processo-Seletivo-Edital-n.\u00ba-001.2023.CPSE-Abertura-das-inscri\u00e7\u00f5es-interior.pdf\">01 &#8211; 23\u00ba Processo Seletivo &#8211; Edital n.\u00ba 001.2023.CPSE &#8211; Abertura das inscri\u00e7\u00f5es (interior)<\/a><\/td><\/tr><tr><td><a href=\"https:\/\/www.defensoria.se.def.br\/wp-content\/uploads\/2023\/10\/02-23\u00ba-Processo-Seletivo-Edital-n.\u00ba-002.2023.CPSE-Rela\u00e7\u00e3o-Provis\u00f3ria-dos-Inscritos-e-Prazo-de-Recurso.pdf\">02 &#8211; 23\u00ba Processo Seletivo &#8211; Edital n.\u00ba 002.2023.CPSE &#8211; Rela\u00e7\u00e3o Provis\u00f3ria dos Inscritos e Prazo de Recurso<\/a><\/td><\/tr><tr><td><a href=\"https:\/\/www.defensoria.se.def.br\/wp-content\/uploads\/2023\/10\/2.1-23\u00ba-Processo-Seletivo-Formul\u00e1rio-de-Recurso-Contra-a-Lista-Provis\u00f3ria-dos-Inscritos.docx\">2.1 &#8211; 23\u00ba Processo Seletivo &#8211; Formul\u00e1rio de Recurso Contra a Lista Provis\u00f3ria dos Inscritos<\/a><\/td><\/tr><tr><td><a href=\"https:\/\/www.defensoria.se.def.br\/wp-content\/uploads\/2023\/10\/03-23\u00ba-Processo-Seletivo-Edital-n.\u00ba-003.2023.CPSE-Resultados-dos-Recursos-Lista-Definitiva-dos-Inscritos-e-Convoca\u00e7\u00e3o-para-Entrevista-de-Heteroidentifica\u00e7\u00e3o.pdf\">03 &#8211; 23\u00ba Processo Seletivo &#8211; Edital n.\u00ba 003.2023.CPSE &#8211; Resultados dos Recursos, Lista Definitiva dos Inscritos <\/a><a href=\"https:\/\/www.defensoria.se.def.br\/wp-content\/uploads\/2023\/10\/03-23\u00ba-Processo-Seletivo-Edital-n.\u00ba-003.2023.CPSE-Resultados-dos-Recursos-Lista-Definitiva-dos-Inscritos-e-Convoca\u00e7\u00e3o-para-Entrevista-de-Heteroidentifica\u00e7\u00e3o.pdf\">e Convoca\u00e7\u00e3o para Entrevista de Heteroidentifica\u00e7\u00e3o<\/a><\/td><\/tr><tr><td><a href=\"https:\/\/www.defensoria.se.def.br\/wp-content\/uploads\/2023\/10\/04-23\u00ba-Processo-Seletivo-Edital-n.\u00ba-004.2023.CPSE-Classifica\u00e7\u00e3o-Provis\u00f3ria-com-as-Vagas-Reservadas-e-Prazo-de-Recurso.pdf\">04 &#8211; 23\u00ba Processo Seletivo &#8211; Edital n.\u00ba 004.2023.CPSE &#8211; Classifica\u00e7\u00e3o Provis\u00f3ria com as Vagas Reservadas e Prazo de Recurso<\/a><\/td><\/tr><tr><td><a href=\"https:\/\/www.defensoria.se.def.br\/wp-content\/uploads\/2023\/10\/4.1-23\u00ba-Processo-Seletivo-Formul\u00e1rio-de-Recurso-Contra-a-Classifica\u00e7\u00e3o-Provis\u00f3ria-e-a-An\u00e1lise-das-Vagas-Reservadas.docx\">4.1 &#8211; 23\u00ba Processo Seletivo &#8211; Formul\u00e1rio de Recurso Contra a Classifica\u00e7\u00e3o Provis\u00f3ria e a An\u00e1lise das Vagas Reservadas<\/a><\/td><\/tr><tr><td><a href=\"https:\/\/www.defensoria.se.def.br\/wp-content\/uploads\/2023\/10\/05-23\u00ba-Processo-Seletivo-Edital-n.\u00ba-005.2023.CPSE-Classifica\u00e7\u00e3o-Definitiva-e-Homologa\u00e7\u00e3o.pdf\">05 &#8211; 23\u00ba Processo Seletivo &#8211; Edital n.\u00ba 005.2023.CPSE &#8211; Classifica\u00e7\u00e3o Definitiva e Homologa\u00e7\u00e3o<\/a><\/td><\/tr><\/tbody><\/table><\/figure>\n\n\n\n<p><br><br><br><br><\/p>\n\n\n","protected":false},"excerpt":{"rendered":"<p>&nbsp; FASES DO PROCESSO SELETIVO N\u00ba23 Acesse abaixo: 01 &#8211; 23\u00ba Processo Seletivo &#8211; Edital n.\u00ba 001.2023.CPSE &#8211; Abertura das inscri\u00e7\u00f5es (interior) 02 &#8211; 23\u00ba Processo Seletivo &#8211; Edital n.\u00ba 002.2023.CPSE &#8211; Rela\u00e7\u00e3o Provis\u00f3ria dos Inscritos e Prazo de Recurso 2.1 &#8211; 23\u00ba Processo Seletivo &#8211; Formul\u00e1rio de Recurso Contra a Lista Provis\u00f3ria dos Inscritos &hellip;<\/p>\n<p class=\"read-more\"> <a class=\"\" href=\"https:\/\/www.defensoria.se.def.br\/?page_id=34770\"> <span class=\"screen-reader-text\">FASES DO PROCESSO SELETIVO N\u00ba23<\/span> Read More &raquo;<\/a><\/p>\n","protected":false},"author":15,"featured_media":0,"parent":34766,"menu_order":0,"comment_status":"closed","ping_status":"closed","template":"","meta":{"_eb_attr":"","_uag_custom_page_level_css":"","site-sidebar-layout":"default","site-content-layout":"","ast-site-content-layout":"","site-content-style":"default","site-sidebar-style":"default","ast-global-header-display":"","ast-banner-title-visibility":"","ast-main-header-display":"","ast-hfb-above-header-display":"","ast-hfb-below-header-display":"","ast-hfb-mobile-header-display":"","site-post-title":"","ast-breadcrumbs-content":"","ast-featured-img":"","footer-sml-layout":"","theme-transparent-header-meta":"","adv-header-id-meta":"","stick-header-meta":"","header-above-stick-meta":"","header-main-stick-meta":"","header-below-stick-meta":"","astra-migrate-meta-layouts":"","footnotes":""},"class_list":["post-34770","page","type-page","status-publish","hentry"],"uagb_featured_image_src":{"full":false,"thumbnail":false,"medium":false,"medium_large":false,"large":false,"1536x1536":false,"2048x2048":false},"uagb_author_info":{"display_name":"Daniel Silva","author_link":"https:\/\/www.defensoria.se.def.br\/?author=15"},"uagb_comment_info":0,"uagb_excerpt":"&nbsp; FASES DO PROCESSO SELETIVO N\u00ba23 Acesse abaixo: 01 &#8211; 23\u00ba Processo Seletivo &#8211; Edital n.\u00ba 001.2023.CPSE &#8211; Abertura das inscri\u00e7\u00f5es (interior) 02 &#8211; 23\u00ba Processo Seletivo &#8211; Edital n.\u00ba 002.2023.CPSE &#8211; Rela\u00e7\u00e3o Provis\u00f3ria dos Inscritos e Prazo de Recurso 2.1 &#8211; 23\u00ba Processo Seletivo &#8211; Formul\u00e1rio de Recurso Contra a Lista Provis\u00f3ria dos Inscritos&hellip;","_links":{"self":[{"href":"https:\/\/www.defensoria.se.def.br\/index.php?rest_route=\/wp\/v2\/pages\/34770"}],"collection":[{"href":"https:\/\/www.defensoria.se.def.br\/index.php?rest_route=\/wp\/v2\/pages"}],"about":[{"href":"https:\/\/www.defensoria.se.def.br\/index.php?rest_route=\/wp\/v2\/types\/page"}],"author":[{"embeddable":true,"href":"https:\/\/www.defensoria.se.def.br\/index.php?rest_route=\/wp\/v2\/users\/15"}],"replies":[{"embeddable":true,"href":"https:\/\/www.defensoria.se.def.br\/index.php?rest_route=%2Fwp%2Fv2%2Fcomments&post=34770"}],"version-history":[{"count":31,"href":"https:\/\/www.defensoria.se.def.br\/index.php?rest_route=\/wp\/v2\/pages\/34770\/revisions"}],"predecessor-version":[{"id":43998,"href":"https:\/\/www.defensoria.se.def.br\/index.php?rest_route=\/wp\/v2\/pages\/34770\/revisions\/43998"}],"up":[{"embeddable":true,"href":"https:\/\/www.defensoria.se.def.br\/index.php?rest_route=\/wp\/v2\/pages\/34766"}],"wp:attachment":[{"href":"https:\/\/www.defensoria.se.def.br\/index.php?rest_route=%2Fwp%2Fv2%2Fmedia&parent=34770"}],"curies":[{"name":"wp","href":"https:\/\/api.w.org\/{rel}","templated":true}]}}