{"id":354,"date":"2012-05-04T01:12:37","date_gmt":"2012-05-04T01:12:37","guid":{"rendered":"http:\/\/www.defensoria.se.def.br\/?page_id=354"},"modified":"2025-01-14T11:40:15","modified_gmt":"2025-01-14T14:40:15","slug":"membros-natos","status":"publish","type":"page","link":"https:\/\/www.defensoria.se.def.br\/?page_id=354","title":{"rendered":"COMPOSI\u00c7\u00c3O ADMINISTRA\u00c7\u00c3O SUPERIOR"},"content":{"rendered":"\n<p><br><\/p>\n\n\n\n<h1 class=\"wp-block-heading has-text-align-center has-ast-global-color-0-color has-text-color has-link-color wp-elements-0a758d7c93e256a6e1279a0365a8d7d2\"><strong>Composi\u00e7\u00e3o Administra\u00e7\u00e3o Superior<\/strong><\/h1>\n\n\n\n<div class=\"wp-block-group is-nowrap is-layout-flex wp-container-core-group-is-layout-3 wp-block-group-is-layout-flex\">\n<div class=\"wp-block-group is-content-justification-left is-nowrap is-layout-flex wp-container-core-group-is-layout-2 wp-block-group-is-layout-flex\">\n<div class=\"wp-block-group has-border-color has-ast-global-color-0-border-color is-nowrap is-layout-flex wp-container-core-group-is-layout-1 wp-block-group-is-layout-flex\" style=\"border-width:1px;margin-top:0;margin-bottom:0;padding-top:0;padding-right:0;padding-bottom:0;padding-left:0\">\n<div data-aos= \"zoom-in\" data-aos-duration=\"400\" data-aos-delay=\"0\" data-aos-easing=\"ease\" data-aos-once=\"true\" class=\"wp-block-uagb-modal uagb-block-2575785e uagb-modal-wrapper\" data-escpress=\"enable\" data-overlayclick=\"enable\"><img decoding=\"async\" src=\"https:\/\/www.defensoria.se.def.br\/wp-content\/uploads\/2025\/01\/LEO_10.01.25.png\" alt=\"\" class=\"uagb-modal-trigger\" width=\"452\" height=\"630\" loading=\"lazy\"\/><div class=\"uagb-effect-default uagb-modal-popup uagb-block-2575785e\"><div class=\"uagb-modal-popup-wrap\"><div class=\"uagb-modal-popup-content\">\n<div class=\"wp-block-uagb-info-box uagb-block-ca95af29 uagb-infobox__content-wrap  uagb-infobox-icon-above-title uagb-infobox-image-valign-top\"><div class=\"uagb-ifb-content\"><div class=\"uagb-ifb-image-content\"><img decoding=\"async\" src=\"https:\/\/www.defensoria.se.def.br\/wp-content\/uploads\/2025\/01\/LEO_10.01.25-215x300.png\" alt=\"\" width=\"\" height=\"0\" loading=\"lazy\"\/><\/div><div class=\"uagb-ifb-title-wrap\"><h2 class=\"uagb-ifb-title\">Dr. Jos\u00e9 Le\u00f3 de Carvalho Neto<\/h2><\/div><div class=\"uagb-ifb-separator\"><\/div><p class=\"uagb-ifb-desc\"><br>\u00c9 natural de Aracaju\/Sergipe, filho de um dos renomados jornalistas e radialistas do Estado, Jos\u00e9 Le\u00f3 de Carvalho Filho e da agente policial aposentada, Vera L\u00facia Porto. \u00c9 formado em Direito pela Universidade Tiradentes (UNIT) e p\u00f3s-graduado pela Master Federal Law do Rio de Janeiro. Com pouco tempo de formado, foi advogado da Universidade Tiradentes (UNIT) e logo ap\u00f3s Coordenador do Escrit\u00f3rio Modelo da referida institui\u00e7\u00e3o. Ocupou o cargo de Coordenador do curso de Direito da UNIT Est\u00e2ncia e foi Professor universit\u00e1rio do curso de Direito na UNIT Polo de Aracaju. Foi Delegado de Pol\u00edcia, mas escolheu integrar o quadro de Defensores P\u00fablicos ao passar em um concurso p\u00fablico. Sempre atuou na \u00e1rea criminal, sendo Defensor P\u00fablico das Comarcas de Itabaiana, S\u00e3o Crist\u00f3v\u00e3o e na 4\u00aa Vara Criminal de Aracaju. Atualmente \u00e9 Titular da 2 defensoria criminal da comarca de Aracaju e membro do N\u00facleo de Flagrante Delito e Acompanhamento a Presos Provis\u00f3rios. Foi membro do Conselho Superior por dois mandatos e Defensor P\u00fablico Auxiliar no Gabinete do Defensor P\u00fablico Geral, Jesus Jairo Almeida de Lacerda quando Subdefensor-Geral e Defensor-Geral. Foi escolhido por maioria dos membros do Conselho para o cargo de Subdefensor Geral para o Bi\u00eanio 2016\/2018. No dia 11 de Setembro de 2018, foi eleito com 93,5% dos votos dos Defensores P\u00fablicos, sendo o primeiro Defensor P\u00fablico-Geral escolhido atrav\u00e9s de vota\u00e7\u00e3o eletr\u00f4nica via internet. Assume o mandato durante o Bi\u00eanio 2018\/2020. Foi reeleito ao cargo de Defensor P\u00fablico geral com 100% dos votos, para bi\u00eanio 2020\/2022. Foi corregedor-geral no bi\u00eanio 2022\/2024 e eleito pela terceira vez no cargo de Defensor P\u00fablico-Geral para o bi\u00eanio 2024\/2026, obtendo 100% dos votos dos defensores p\u00fablicos em elei\u00e7\u00e3o realizada no dia 29 de agosto de 2024. O que mais lhe orgulha \u00e9 ter muitos amigos em Sergipe e ser querido por todos.<\/p><\/div><\/div>\n<\/div><button class=\"uagb-modal-popup-close\" aria-label=\"Close Modal\"><svg xmlns=\"https:\/\/www.w3.org\/2000\/svg\" viewBox=\"0 0 512 512\"><path d=\"M0 256C0 114.6 114.6 0 256 0C397.4 0 512 114.6 512 256C512 397.4 397.4 512 256 512C114.6 512 0 397.4 0 256zM175 208.1L222.1 255.1L175 303C165.7 312.4 165.7 327.6 175 336.1C184.4 346.3 199.6 346.3 208.1 336.1L255.1 289.9L303 336.1C312.4 346.3 327.6 346.3 336.1 336.1C346.3 327.6 346.3 312.4 336.1 303L289.9 255.1L336.1 208.1C346.3 199.6 346.3 184.4 336.1 175C327.6 165.7 312.4 165.7 303 175L255.1 222.1L208.1 175C199.6 165.7 184.4 165.7 175 175C165.7 184.4 165.7 199.6 175 208.1V208.1z\"><\/path><\/svg><\/button><\/div><\/div><\/div>\n\n\n\n<div data-aos= \"zoom-in\" data-aos-duration=\"400\" data-aos-delay=\"0\" data-aos-easing=\"ease\" data-aos-once=\"true\" class=\"wp-block-uagb-modal uagb-block-df5520f7 uagb-modal-wrapper\" data-escpress=\"enable\" data-overlayclick=\"disable\"><img decoding=\"async\" src=\"https:\/\/www.defensoria.se.def.br\/wp-content\/uploads\/2025\/01\/JESUS_10.01.25.png\" alt=\"\" class=\"uagb-modal-trigger\" width=\"452\" height=\"630\" loading=\"lazy\"\/><div class=\"uagb-effect-default uagb-modal-popup uagb-block-df5520f7\"><div class=\"uagb-modal-popup-wrap\"><div class=\"uagb-modal-popup-content\">\n<div class=\"wp-block-uagb-info-box uagb-block-c880ef41 uagb-infobox__content-wrap  uagb-infobox-icon-above-title uagb-infobox-image-valign-top\"><div class=\"uagb-ifb-content\"><div class=\"uagb-ifb-image-content\"><img decoding=\"async\" src=\"https:\/\/www.defensoria.se.def.br\/wp-content\/uploads\/2025\/01\/JESUS_10.01.25-215x300.png\" alt=\"\" width=\"\" height=\"0\" loading=\"lazy\"\/><\/div><div class=\"uagb-ifb-title-wrap\"><h3 class=\"uagb-ifb-title\">Dr. Jesus Jairo Almeida de Lacerda<\/h3><\/div><div class=\"uagb-ifb-separator\"><\/div><p class=\"uagb-ifb-desc\"><br>\u00c9 natural da Cidade de Patos, Estado da Para\u00edba, formou-se em Direito pela Universidade Estadual da Para\u00edba. Foi analista judici\u00e1rio do Tribunal de Justi\u00e7a de Pernambuco, nomeado Delegado concursado da Pol\u00edcia Civil do Estado da Para\u00edba e ingressou na Defensoria P\u00fablica do Estado de Sergipe no segundo concurso p\u00fablico. Atuou na 3\u00aa e 9\u00aa Vara Privativa de Assist\u00eancia Judici\u00e1ria do Tribunal de Justi\u00e7a de Sergipe, foi coordenador do N\u00facleo do Consumidor, presidente da Associa\u00e7\u00e3o dos Defensores P\u00fablicos do Estado de Sergipe (Adpese) e Subdefensor P\u00fablico Geral na gest\u00e3o do Defensor P\u00fablico, Raimundo Jos\u00e9 Oliveira Veiga, nos Bi\u00eanios 2010\/2012 e 2012\/2014. Conquistou mais de 71% dos votos para o cargo de Defensor P\u00fablico Geral para o Bi\u00eanio 2014\/2016 e foi reeleito com quase 90% dos votos para o Bi\u00eanio 2016\/2018. Assumiu a Corregedoria Geral por dois mandatos (2019 \/2023), foi Subdefensor P\u00fablico-Geral geral por dois mandatos nas gest\u00f5es dos Defensores P\u00fablicos-Gerais, Le\u00f3 Neto (2018\/2022) e Vin\u00edcius Menezes Barreto (2022\/2024); e escolhido mais uma vez por unanimidade pelo Conselho Superior para o terceiro mandato de Subdefensor P\u00fablico Geral para Assuntos Institucionais (2024\/2026). \u00c9 natural da Cidade de Patos, Estado da Para\u00edba, formou-se em Direito pela Universidade Estadual da Para\u00edba. Foi analista judici\u00e1rio do Tribunal de Justi\u00e7a de Pernambuco, nomeado Delegado concursado da Pol\u00edcia Civil do Estado da Para\u00edba e ingressou na Defensoria P\u00fablica do Estado de Sergipe no segundo concurso p\u00fablico. Atuou na 3\u00aa e 9\u00aa Vara Privativa de Assist\u00eancia Judici\u00e1ria do Tribunal de Justi\u00e7a de Sergipe, foi coordenador do N\u00facleo do Consumidor, presidente da Associa\u00e7\u00e3o dos Defensores P\u00fablicos do Estado de Sergipe (Adpese) e Subdefensor P\u00fablico Geral na gest\u00e3o do Defensor P\u00fablico, Raimundo Jos\u00e9 Oliveira Veiga, nos Bi\u00eanios 2010\/2012 e 2012\/2014. Conquistou mais de 71% dos votos para o cargo de Defensor P\u00fablico Geral para o Bi\u00eanio 2014\/2016 e foi reeleito com quase 90% dos votos para o Bi\u00eanio 2016\/2018. Assumiu a Corregedoria Geral por dois mandatos (2019 \/2023), foi Subdefensor P\u00fablico-Geral geral por dois mandatos nas gest\u00f5es dos Defensores P\u00fablicos-Gerais, Le\u00f3 Neto (2018\/2022) e Vin\u00edcius Menezes Barreto (2022\/2024); e escolhido mais uma vez por unanimidade pelo Conselho Superior para o terceiro mandato de Subdefensor P\u00fablico Geral para Assuntos Institucionais (2024\/2026).<\/p><\/div><\/div>\n<\/div><button class=\"uagb-modal-popup-close\" aria-label=\"Close Modal\"><svg xmlns=\"https:\/\/www.w3.org\/2000\/svg\" viewBox=\"0 0 320 512\"><path d=\"M310.6 361.4c12.5 12.5 12.5 32.75 0 45.25C304.4 412.9 296.2 416 288 416s-16.38-3.125-22.62-9.375L160 301.3L54.63 406.6C48.38 412.9 40.19 416 32 416S15.63 412.9 9.375 406.6c-12.5-12.5-12.5-32.75 0-45.25l105.4-105.4L9.375 150.6c-12.5-12.5-12.5-32.75 0-45.25s32.75-12.5 45.25 0L160 210.8l105.4-105.4c12.5-12.5 32.75-12.5 45.25 0s12.5 32.75 0 45.25l-105.4 105.4L310.6 361.4z\"><\/path><\/svg><\/button><\/div><\/div><\/div>\n\n\n\n<div data-aos= \"zoom-in\" data-aos-duration=\"400\" data-aos-delay=\"0\" data-aos-easing=\"ease\" data-aos-once=\"true\" class=\"wp-block-uagb-modal uagb-block-f11f9c36 uagb-modal-wrapper\" data-escpress=\"enable\" data-overlayclick=\"disable\"><img decoding=\"async\" src=\"https:\/\/www.defensoria.se.def.br\/wp-content\/uploads\/2025\/01\/RODRIGO_10.01.25.png\" alt=\"\" class=\"uagb-modal-trigger\" width=\"452\" height=\"630\" loading=\"lazy\"\/><div class=\"uagb-effect-default uagb-modal-popup uagb-block-f11f9c36\"><div class=\"uagb-modal-popup-wrap\"><div class=\"uagb-modal-popup-content\">\n<div class=\"wp-block-uagb-info-box uagb-block-46f60cd7 uagb-infobox__content-wrap  uagb-infobox-icon-above-title uagb-infobox-image-valign-top\"><div class=\"uagb-ifb-content\"><div class=\"uagb-ifb-image-content\"><img decoding=\"async\" src=\"https:\/\/www.defensoria.se.def.br\/wp-content\/uploads\/2025\/01\/RODRIGO_10.01.25-215x300.png\" alt=\"\" width=\"\" height=\"0\" loading=\"lazy\"\/><\/div><div class=\"uagb-ifb-title-wrap\"><h3 class=\"uagb-ifb-title\">Dr. Rodrigo Cavalcante Lima<\/h3><\/div><div class=\"uagb-ifb-separator\"><\/div><p class=\"uagb-ifb-desc\"><br><\/p><\/div><\/div>\n<\/div><button class=\"uagb-modal-popup-close\" aria-label=\"Close Modal\"><svg xmlns=\"https:\/\/www.w3.org\/2000\/svg\" viewBox=\"0 0 320 512\"><path d=\"M310.6 361.4c12.5 12.5 12.5 32.75 0 45.25C304.4 412.9 296.2 416 288 416s-16.38-3.125-22.62-9.375L160 301.3L54.63 406.6C48.38 412.9 40.19 416 32 416S15.63 412.9 9.375 406.6c-12.5-12.5-12.5-32.75 0-45.25l105.4-105.4L9.375 150.6c-12.5-12.5-12.5-32.75 0-45.25s32.75-12.5 45.25 0L160 210.8l105.4-105.4c12.5-12.5 32.75-12.5 45.25 0s12.5 32.75 0 45.25l-105.4 105.4L310.6 361.4z\"><\/path><\/svg><\/button><\/div><\/div><\/div>\n\n\n\n<div data-aos= \"zoom-in\" data-aos-duration=\"400\" data-aos-delay=\"0\" data-aos-easing=\"ease\" data-aos-once=\"true\" class=\"wp-block-uagb-modal uagb-block-1c851b1b uagb-modal-wrapper\" data-escpress=\"enable\" data-overlayclick=\"disable\"><img decoding=\"async\" src=\"https:\/\/www.defensoria.se.def.br\/wp-content\/uploads\/2025\/01\/LUCIANO_10.01.25.png\" alt=\"\" class=\"uagb-modal-trigger\" width=\"452\" height=\"630\" loading=\"lazy\"\/><div class=\"uagb-effect-default uagb-modal-popup uagb-block-1c851b1b\"><div class=\"uagb-modal-popup-wrap\"><div class=\"uagb-modal-popup-content\">\n<div class=\"wp-block-uagb-info-box uagb-block-b280bb72 uagb-infobox__content-wrap  uagb-infobox-icon-above-title uagb-infobox-image-valign-top\"><div class=\"uagb-ifb-content\"><div class=\"uagb-ifb-image-content\"><img decoding=\"async\" src=\"https:\/\/www.defensoria.se.def.br\/wp-content\/uploads\/2025\/01\/LUCIANO_10.01.25-215x300.png\" alt=\"\" width=\"\" height=\"0\" loading=\"lazy\"\/><\/div><div class=\"uagb-ifb-title-wrap\"><h3 class=\"uagb-ifb-title\">Dr. Luciano Gomes de Mello J\u00fanior<\/h3><\/div><div class=\"uagb-ifb-separator\"><\/div><p class=\"uagb-ifb-desc\"><br><\/p><\/div><\/div>\n<\/div><button class=\"uagb-modal-popup-close\" aria-label=\"Close Modal\"><svg xmlns=\"https:\/\/www.w3.org\/2000\/svg\" viewBox=\"0 0 320 512\"><path d=\"M310.6 361.4c12.5 12.5 12.5 32.75 0 45.25C304.4 412.9 296.2 416 288 416s-16.38-3.125-22.62-9.375L160 301.3L54.63 406.6C48.38 412.9 40.19 416 32 416S15.63 412.9 9.375 406.6c-12.5-12.5-12.5-32.75 0-45.25l105.4-105.4L9.375 150.6c-12.5-12.5-12.5-32.75 0-45.25s32.75-12.5 45.25 0L160 210.8l105.4-105.4c12.5-12.5 32.75-12.5 45.25 0s12.5 32.75 0 45.25l-105.4 105.4L310.6 361.4z\"><\/path><\/svg><\/button><\/div><\/div><\/div>\n<\/div>\n<\/div>\n<\/div>\n\n\n\n<p><br><br><br><br><br><\/p>\n\n\n","protected":false},"excerpt":{"rendered":"<p>Composi\u00e7\u00e3o Administra\u00e7\u00e3o Superior<\/p>\n","protected":false},"author":1,"featured_media":0,"parent":865,"menu_order":0,"comment_status":"closed","ping_status":"closed","template":"","meta":{"_eb_attr":"","_uag_custom_page_level_css":"","site-sidebar-layout":"default","site-content-layout":"","ast-site-content-layout":"","site-content-style":"default","site-sidebar-style":"default","ast-global-header-display":"","ast-banner-title-visibility":"","ast-main-header-display":"","ast-hfb-above-header-display":"","ast-hfb-below-header-display":"","ast-hfb-mobile-header-display":"","site-post-title":"","ast-breadcrumbs-content":"","ast-featured-img":"","footer-sml-layout":"","theme-transparent-header-meta":"","adv-header-id-meta":"","stick-header-meta":"","header-above-stick-meta":"","header-main-stick-meta":"","header-below-stick-meta":"","astra-migrate-meta-layouts":"","footnotes":""},"class_list":["post-354","page","type-page","status-publish","hentry"],"uagb_featured_image_src":{"full":false,"thumbnail":false,"medium":false,"medium_large":false,"large":false,"1536x1536":false,"2048x2048":false},"uagb_author_info":{"display_name":"admin","author_link":"https:\/\/www.defensoria.se.def.br\/?author=1"},"uagb_comment_info":0,"uagb_excerpt":"Composi\u00e7\u00e3o Administra\u00e7\u00e3o Superior","_links":{"self":[{"href":"https:\/\/www.defensoria.se.def.br\/index.php?rest_route=\/wp\/v2\/pages\/354"}],"collection":[{"href":"https:\/\/www.defensoria.se.def.br\/index.php?rest_route=\/wp\/v2\/pages"}],"about":[{"href":"https:\/\/www.defensoria.se.def.br\/index.php?rest_route=\/wp\/v2\/types\/page"}],"author":[{"embeddable":true,"href":"https:\/\/www.defensoria.se.def.br\/index.php?rest_route=\/wp\/v2\/users\/1"}],"replies":[{"embeddable":true,"href":"https:\/\/www.defensoria.se.def.br\/index.php?rest_route=%2Fwp%2Fv2%2Fcomments&post=354"}],"version-history":[{"count":130,"href":"https:\/\/www.defensoria.se.def.br\/index.php?rest_route=\/wp\/v2\/pages\/354\/revisions"}],"predecessor-version":[{"id":43010,"href":"https:\/\/www.defensoria.se.def.br\/index.php?rest_route=\/wp\/v2\/pages\/354\/revisions\/43010"}],"up":[{"embeddable":true,"href":"https:\/\/www.defensoria.se.def.br\/index.php?rest_route=\/wp\/v2\/pages\/865"}],"wp:attachment":[{"href":"https:\/\/www.defensoria.se.def.br\/index.php?rest_route=%2Fwp%2Fv2%2Fmedia&parent=354"}],"curies":[{"name":"wp","href":"https:\/\/api.w.org\/{rel}","templated":true}]}}