{"id":35664,"date":"2024-02-17T22:13:15","date_gmt":"2024-02-18T01:13:15","guid":{"rendered":"https:\/\/www.defensoria.se.def.br\/?page_id=35664"},"modified":"2025-04-24T09:24:01","modified_gmt":"2025-04-24T12:24:01","slug":"fases-do-processo-seletivo-no24","status":"publish","type":"page","link":"https:\/\/www.defensoria.se.def.br\/?page_id=35664","title":{"rendered":"FASES DO PROCESSO SELETIVO N\u00ba24"},"content":{"rendered":"\n<p>&nbsp;<br><\/p>\n\n\n\n<h1 class=\"wp-block-heading has-text-align-center has-ast-global-color-0-color has-text-color has-link-color wp-elements-45097a06498f0eab04edfab198402445\"><strong>Fases do Processo Seletivo N\u00ba 24<\/strong><\/h1>\n\n\n\n<p>&nbsp;<br><\/p>\n\n\n\n<figure class=\"wp-block-table is-style-stripes has-medium-font-size\"><table class=\"has-border-color has-black-border-color has-fixed-layout\" style=\"border-width:1px\"><tbody><tr><td class=\"has-text-align-left\" data-align=\"left\"><a href=\"https:\/\/www.defensoria.se.def.br\/wp-content\/uploads\/2024\/02\/01-24\u00ba-PSE-Edital-n.\u00ba-001.2024.CPSE-Abertura-das-inscri\u00e7\u00f5es.pdf\">01 &#8211; 24\u00ba PSE &#8211; Edital n.\u00ba 001.2024.CPSE &#8211; Abertura das inscri\u00e7\u00f5es<\/a><\/td><\/tr><tr><td class=\"has-text-align-left\" data-align=\"left\"><a href=\"https:\/\/www.defensoria.se.def.br\/wp-content\/uploads\/2024\/02\/02-24\u00ba-PSE-Edital-n.\u00ba-002.2023.CPSE-Lista-Provis\u00f3ria-dos-Inscritos-e-Prazo-de-Recurso.pdf\">02 &#8211; 24\u00ba PSE &#8211; Edital n.\u00ba 002.2023.CPSE &#8211; Lista Provis\u00f3ria dos Inscritos e Prazo de Recurso<\/a><\/td><\/tr><tr><td class=\"has-text-align-left\" data-align=\"left\"><a href=\"https:\/\/www.defensoria.se.def.br\/wp-content\/uploads\/2024\/02\/2.1-24\u00ba-PSE-Formul\u00e1rio-de-Recurso-Contra-a-Lista-Provis\u00f3ria-dos-Inscritos.docx\">2.1 &#8211; 24\u00ba PSE &#8211; Formul\u00e1rio de Recurso Contra a Lista Provis\u00f3ria dos Inscritos<\/a><\/td><\/tr><tr><td class=\"has-text-align-left\" data-align=\"left\"><a href=\"https:\/\/www.defensoria.se.def.br\/wp-content\/uploads\/2024\/02\/03-24\u00ba-PSE-Edital-n.\u00ba-003.2023.CPSE-Lista-Definitiva-dos-Inscritos.pdf\">03 &#8211; 24\u00ba PSE &#8211; Edital n.\u00ba 003.2023.CPSE &#8211; Lista Definitiva dos Inscritos<\/a><\/td><\/tr><tr><td class=\"has-text-align-left\" data-align=\"left\"><a href=\"https:\/\/www.defensoria.se.def.br\/wp-content\/uploads\/2024\/02\/04-24\u00ba-PSE-Edital-n.\u00ba-004.2024.CPSE-Data-local-e-hor\u00e1rio-das-provas.pdf\">04 &#8211; 24\u00ba PSE &#8211; Edital n.\u00ba 004.2024.CPSE &#8211; Data, local e hor\u00e1rio das provas<\/a><\/td><\/tr><tr><td class=\"has-text-align-left\" data-align=\"left\"><a href=\"https:\/\/www.defensoria.se.def.br\/wp-content\/uploads\/2024\/02\/24\u00ba-PSE-Lista-de-Distribui\u00e7\u00e3o-dos-Candidatos-por-Salas.pdf\">24\u00ba PSE &#8211; Lista de Distribui\u00e7\u00e3o dos Candidatos por Salas<\/a><\/td><\/tr><tr><td class=\"has-text-align-left\" data-align=\"left\"><a href=\"https:\/\/www.defensoria.se.def.br\/wp-content\/uploads\/2024\/02\/05-24\u00ba-PSE-Edital-n.\u00ba-005.2024.CPSE-Gabarito-Provis\u00f3rio-e-Prazo-de-Recurso.pdf\">05 &#8211; 24\u00ba PSE &#8211; Edital n.\u00ba 005.2024.CPSE &#8211; Gabarito Provis\u00f3rio e Prazo de Recurso<\/a><\/td><\/tr><tr><td class=\"has-text-align-left\" data-align=\"left\"><a href=\"https:\/\/www.defensoria.se.def.br\/wp-content\/uploads\/2024\/02\/5.1-24\u00ba-PSE-Formul\u00e1rio-de-Recurso-Contra-o-Gabarito-Provis\u00f3rio.docx\">5.1 &#8211; 24\u00ba PSE &#8211; Formul\u00e1rio de Recurso Contra o Gabarito Provis\u00f3rio<\/a><\/td><\/tr><tr><td class=\"has-text-align-left\" data-align=\"left\"><a href=\"https:\/\/www.defensoria.se.def.br\/wp-content\/uploads\/2024\/02\/06-24\u00ba-PSE-Edital-n.\u00ba-006.2024.CPSE-Gabarito-Definitivo-Classifica\u00e7\u00e3o-Provis\u00f3ria-com-as-Vagas-Reservadas-e-Prazo-de-Recurso.pdf\">06 &#8211; 24\u00ba PSE &#8211; Edital n.\u00ba 006.2024.CPSE &#8211; Gabarito Definitivo, Classifica\u00e7\u00e3o Provis\u00f3ria com as Vagas Reservadas e Prazo de Recurso<\/a><\/td><\/tr><tr><td class=\"has-text-align-left\" data-align=\"left\"><a href=\"https:\/\/www.defensoria.se.def.br\/wp-content\/uploads\/2024\/02\/6.1-24\u00ba-PSE-Formul\u00e1rio-de-Recurso-Contra-a-Classifica\u00e7\u00e3o-Provis\u00f3ria-e-a-An\u00e1lise-das-Vagas-Reservadas.docx\">6.1 &#8211; 24\u00ba PSE &#8211; Formul\u00e1rio de Recurso Contra a Classifica\u00e7\u00e3o Provis\u00f3ria e a An\u00e1lise das Vagas Reservadas<\/a><\/td><\/tr><tr><td class=\"has-text-align-left\" data-align=\"left\"><a href=\"https:\/\/www.defensoria.se.def.br\/wp-content\/uploads\/2024\/02\/07-24\u00ba-PSE-Edital-n.\u00ba-007.2024.CPSE-Resultado-de-Recursos-Classifica\u00e7\u00e3o-Definitiva-e-Homologa\u00e7\u00e3o.pdf\">07 &#8211; 24\u00ba PSE &#8211; Edital n.\u00ba 007.2024.CPSE &#8211; Resultado de Recursos, Classifica\u00e7\u00e3o Definitiva e Homologa\u00e7\u00e3o<\/a><\/td><\/tr><\/tbody><\/table><\/figure>\n\n\n\n<p>&nbsp;<\/p>\n\n\n\n<p>&nbsp;<br><br><br><\/p>\n\n\n\n<p>&nbsp;<\/p>\n","protected":false},"excerpt":{"rendered":"<p>&nbsp; Fases do Processo Seletivo N\u00ba 24 &nbsp; 01 &#8211; 24\u00ba PSE &#8211; Edital n.\u00ba 001.2024.CPSE &#8211; Abertura das inscri\u00e7\u00f5es 02 &#8211; 24\u00ba PSE &#8211; Edital n.\u00ba 002.2023.CPSE &#8211; Lista Provis\u00f3ria dos Inscritos e Prazo de Recurso 2.1 &#8211; 24\u00ba PSE &#8211; Formul\u00e1rio de Recurso Contra a Lista Provis\u00f3ria dos Inscritos 03 &#8211; 24\u00ba PSE &hellip;<\/p>\n<p class=\"read-more\"> <a class=\"\" href=\"https:\/\/www.defensoria.se.def.br\/?page_id=35664\"> <span class=\"screen-reader-text\">FASES DO PROCESSO SELETIVO N\u00ba24<\/span> Read More &raquo;<\/a><\/p>\n","protected":false},"author":1,"featured_media":0,"parent":35653,"menu_order":0,"comment_status":"closed","ping_status":"closed","template":"","meta":{"_eb_attr":"","_uag_custom_page_level_css":"","site-sidebar-layout":"default","site-content-layout":"","ast-site-content-layout":"","site-content-style":"default","site-sidebar-style":"default","ast-global-header-display":"","ast-banner-title-visibility":"","ast-main-header-display":"","ast-hfb-above-header-display":"","ast-hfb-below-header-display":"","ast-hfb-mobile-header-display":"","site-post-title":"","ast-breadcrumbs-content":"","ast-featured-img":"","footer-sml-layout":"","theme-transparent-header-meta":"","adv-header-id-meta":"","stick-header-meta":"","header-above-stick-meta":"","header-main-stick-meta":"","header-below-stick-meta":"","astra-migrate-meta-layouts":"","footnotes":""},"class_list":["post-35664","page","type-page","status-publish","hentry"],"uagb_featured_image_src":{"full":false,"thumbnail":false,"medium":false,"medium_large":false,"large":false,"1536x1536":false,"2048x2048":false},"uagb_author_info":{"display_name":"admin","author_link":"https:\/\/www.defensoria.se.def.br\/?author=1"},"uagb_comment_info":0,"uagb_excerpt":"&nbsp; Fases do Processo Seletivo N\u00ba 24 &nbsp; 01 &#8211; 24\u00ba PSE &#8211; Edital n.\u00ba 001.2024.CPSE &#8211; Abertura das inscri\u00e7\u00f5es 02 &#8211; 24\u00ba PSE &#8211; Edital n.\u00ba 002.2023.CPSE &#8211; Lista Provis\u00f3ria dos Inscritos e Prazo de Recurso 2.1 &#8211; 24\u00ba PSE &#8211; Formul\u00e1rio de Recurso Contra a Lista Provis\u00f3ria dos Inscritos 03 &#8211; 24\u00ba PSE&hellip;","_links":{"self":[{"href":"https:\/\/www.defensoria.se.def.br\/index.php?rest_route=\/wp\/v2\/pages\/35664"}],"collection":[{"href":"https:\/\/www.defensoria.se.def.br\/index.php?rest_route=\/wp\/v2\/pages"}],"about":[{"href":"https:\/\/www.defensoria.se.def.br\/index.php?rest_route=\/wp\/v2\/types\/page"}],"author":[{"embeddable":true,"href":"https:\/\/www.defensoria.se.def.br\/index.php?rest_route=\/wp\/v2\/users\/1"}],"replies":[{"embeddable":true,"href":"https:\/\/www.defensoria.se.def.br\/index.php?rest_route=%2Fwp%2Fv2%2Fcomments&post=35664"}],"version-history":[{"count":19,"href":"https:\/\/www.defensoria.se.def.br\/index.php?rest_route=\/wp\/v2\/pages\/35664\/revisions"}],"predecessor-version":[{"id":43996,"href":"https:\/\/www.defensoria.se.def.br\/index.php?rest_route=\/wp\/v2\/pages\/35664\/revisions\/43996"}],"up":[{"embeddable":true,"href":"https:\/\/www.defensoria.se.def.br\/index.php?rest_route=\/wp\/v2\/pages\/35653"}],"wp:attachment":[{"href":"https:\/\/www.defensoria.se.def.br\/index.php?rest_route=%2Fwp%2Fv2%2Fmedia&parent=35664"}],"curies":[{"name":"wp","href":"https:\/\/api.w.org\/{rel}","templated":true}]}}