{"id":36260,"date":"2024-04-16T10:07:16","date_gmt":"2024-04-16T13:07:16","guid":{"rendered":"https:\/\/www.defensoria.se.def.br\/?page_id=36260"},"modified":"2024-11-01T10:25:04","modified_gmt":"2024-11-01T13:25:04","slug":"ps-no-24-editais-de-convocacao","status":"publish","type":"page","link":"https:\/\/www.defensoria.se.def.br\/?page_id=36260","title":{"rendered":"PS N\u00ba 24 \u2013 Editais de convoca\u00e7\u00e3o"},"content":{"rendered":"\n<p><br><\/p>\n\n\n\n<h1 class=\"wp-block-heading has-text-align-center has-ast-global-color-0-color has-text-color has-link-color wp-elements-f9a5c73a7141cf4009968c1d49922cc3\"><strong>PS N\u00ba 24 \u2013 Editais de convoca\u00e7\u00e3o<\/strong><\/h1>\n\n\n\n<p><\/p>\n\n\n\n<h4 class=\"wp-block-heading has-text-align-center\"><br><span style=\"color: #000000;\"><a href=\"https:\/\/www.defensoria.se.def.br\/wp-content\/uploads\/2020\/10\/Requerimento-para-Pedido-de-Final-de-Lista-de-Estagi\u00e1rios.docx\">Requerimento para Pedido de Final de Lista de Estagi\u00e1rios<\/a><\/span><br><\/h4>\n\n\n\n<figure class=\"wp-block-table aligncenter is-style-stripes\"><table class=\"has-border-color has-ast-global-color-0-border-color\" style=\"border-width:1px\"><tbody><tr><td class=\"has-text-align-left\" data-align=\"left\"><span style=\"color: #000000;\"><a href=\"https:\/\/www.defensoria.se.def.br\/wp-content\/uploads\/2024\/04\/EDITAL-GSPG-044.2024-CONVOCA\u00c7\u00c3O-24\u00ba-PSE-Aracaju-e-Barra-Direito-Aracaju-Administra\u00e7\u00e3o-1.pdf\"><strong>EDITAL GSPG 044.2024 &#8211; CONVOCA\u00c7\u00c3O &#8211; 24\u00ba PSE &#8211; Aracaju e Barra (Direito), Aracaju (Administra\u00e7\u00e3o)<\/strong><\/a><\/span><\/td><td class=\"has-text-align-center\" data-align=\"center\"><span style=\"color: #000000;\"><strong>Publica\u00e7\u00e3o 16\/04\/2024<\/strong><\/span><br><br><span style=\"color: #000000;\"><strong>Convoca\u00e7\u00e3o 18\/04\/2024<\/strong><\/span><\/td><\/tr><tr><td class=\"has-text-align-left\" data-align=\"left\"><span style=\"color: #000000;\"><a href=\"https:\/\/www.defensoria.se.def.br\/wp-content\/uploads\/2024\/04\/EDITAL-GSPG-046.2024-CONVOCA\u00c7\u00c3O-24\u00ba-PSE-Aracajudireito.pdf\"><strong>EDITAL GSPG 046.2024 &#8211; CONVOCA\u00c7\u00c3O &#8211; 24\u00ba PSE &#8211; Aracaju(direito)<\/strong><\/a><\/span><\/td><td class=\"has-text-align-center\" data-align=\"center\"><span style=\"color: #000000;\"><strong>Publica\u00e7\u00e3o 19\/04\/2024<\/strong><\/span><br><br><span style=\"color: #000000;\"><strong>Convoca\u00e7\u00e3o 23\/04\/2024<\/strong><\/span><\/td><\/tr><tr><td class=\"has-text-align-left\" data-align=\"left\"><span style=\"color: #000000;\"><a href=\"https:\/\/www.defensoria.se.def.br\/wp-content\/uploads\/2024\/04\/EDITAL-GSPG-052.2024-CONVOCA\u00c7\u00c3O-24\u00ba-PSE-Aracaju-Direito-Final-de-Lista.pdf\"><strong>EDITAL GSPG 052.2024 &#8211; CONVOCA\u00c7\u00c3O &#8211; 24\u00ba PSE &#8211; Aracaju (Direito) &#8211; Final de Lista<\/strong><\/a><\/span><\/td><td class=\"has-text-align-center\" data-align=\"center\"><span style=\"color: #000000;\"><strong>Publica\u00e7\u00e3o 09\/05\/2024<\/strong><\/span><br><br><span style=\"color: #000000;\"><strong>Convoca\u00e7\u00e3o 14\/05\/2024<\/strong><\/span><\/td><\/tr><tr><td class=\"has-text-align-left\" data-align=\"left\"><span style=\"color: #000000;\"><a href=\"https:\/\/www.defensoria.se.def.br\/wp-content\/uploads\/2024\/04\/EDITAL-GDPG-006.2024-CONVOCA\u00c7\u00c3O-24\u00ba-PSE-Aracaju-administra\u00e7\u00e3o-FINAL-DE-LISTA.pdf\"><strong>EDITAL GDPG 006.2024 &#8211; CONVOCA\u00c7\u00c3O &#8211; 24\u00ba PSE &#8211; Aracaju (administra\u00e7\u00e3o) &#8211; FINAL DE LISTA<\/strong><\/a><\/span><\/td><td class=\"has-text-align-center\" data-align=\"center\"><span style=\"color: #000000;\"><strong>Publica\u00e7\u00e3o 06\/07\/2024<\/strong><\/span><br><br><span style=\"color: #000000;\"><strong>Convoca\u00e7\u00e3o 10\/07\/2024<\/strong><\/span><\/td><\/tr><\/tbody><\/table><\/figure>\n\n\n\n<div class=\"wp-block-uagb-container uagb-block-5813bd34 alignfull uagb-is-root-container\"><div class=\"uagb-container-inner-blocks-wrap\">\n<p><br><br><br><\/p>\n<\/div><\/div>\n","protected":false},"excerpt":{"rendered":"<p>PS N\u00ba 24 \u2013 Editais de convoca\u00e7\u00e3o Requerimento para Pedido de Final de Lista de Estagi\u00e1rios EDITAL GSPG 044.2024 &#8211; CONVOCA\u00c7\u00c3O &#8211; 24\u00ba PSE &#8211; Aracaju e Barra (Direito), Aracaju (Administra\u00e7\u00e3o) Publica\u00e7\u00e3o 16\/04\/2024 Convoca\u00e7\u00e3o 18\/04\/2024 EDITAL GSPG 046.2024 &#8211; CONVOCA\u00c7\u00c3O &#8211; 24\u00ba PSE &#8211; Aracaju(direito) Publica\u00e7\u00e3o 19\/04\/2024 Convoca\u00e7\u00e3o 23\/04\/2024 EDITAL GSPG 052.2024 &#8211; CONVOCA\u00c7\u00c3O &#8211; &hellip;<\/p>\n<p class=\"read-more\"> <a class=\"\" href=\"https:\/\/www.defensoria.se.def.br\/?page_id=36260\"> <span class=\"screen-reader-text\">PS N\u00ba 24 \u2013 Editais de convoca\u00e7\u00e3o<\/span> Read More &raquo;<\/a><\/p>\n","protected":false},"author":15,"featured_media":0,"parent":35653,"menu_order":0,"comment_status":"closed","ping_status":"closed","template":"","meta":{"_eb_attr":"","_uag_custom_page_level_css":"","site-sidebar-layout":"default","site-content-layout":"","ast-site-content-layout":"","site-content-style":"default","site-sidebar-style":"default","ast-global-header-display":"","ast-banner-title-visibility":"","ast-main-header-display":"","ast-hfb-above-header-display":"","ast-hfb-below-header-display":"","ast-hfb-mobile-header-display":"","site-post-title":"","ast-breadcrumbs-content":"","ast-featured-img":"","footer-sml-layout":"","theme-transparent-header-meta":"","adv-header-id-meta":"","stick-header-meta":"","header-above-stick-meta":"","header-main-stick-meta":"","header-below-stick-meta":"","astra-migrate-meta-layouts":"","footnotes":""},"class_list":["post-36260","page","type-page","status-publish","hentry"],"uagb_featured_image_src":{"full":false,"thumbnail":false,"medium":false,"medium_large":false,"large":false,"1536x1536":false,"2048x2048":false},"uagb_author_info":{"display_name":"Daniel Silva","author_link":"https:\/\/www.defensoria.se.def.br\/?author=15"},"uagb_comment_info":0,"uagb_excerpt":"PS N\u00ba 24 \u2013 Editais de convoca\u00e7\u00e3o Requerimento para Pedido de Final de Lista de Estagi\u00e1rios EDITAL GSPG 044.2024 &#8211; CONVOCA\u00c7\u00c3O &#8211; 24\u00ba PSE &#8211; Aracaju e Barra (Direito), Aracaju (Administra\u00e7\u00e3o) Publica\u00e7\u00e3o 16\/04\/2024 Convoca\u00e7\u00e3o 18\/04\/2024 EDITAL GSPG 046.2024 &#8211; CONVOCA\u00c7\u00c3O &#8211; 24\u00ba PSE &#8211; Aracaju(direito) Publica\u00e7\u00e3o 19\/04\/2024 Convoca\u00e7\u00e3o 23\/04\/2024 EDITAL GSPG 052.2024 &#8211; CONVOCA\u00c7\u00c3O &#8211;&hellip;","_links":{"self":[{"href":"https:\/\/www.defensoria.se.def.br\/index.php?rest_route=\/wp\/v2\/pages\/36260"}],"collection":[{"href":"https:\/\/www.defensoria.se.def.br\/index.php?rest_route=\/wp\/v2\/pages"}],"about":[{"href":"https:\/\/www.defensoria.se.def.br\/index.php?rest_route=\/wp\/v2\/types\/page"}],"author":[{"embeddable":true,"href":"https:\/\/www.defensoria.se.def.br\/index.php?rest_route=\/wp\/v2\/users\/15"}],"replies":[{"embeddable":true,"href":"https:\/\/www.defensoria.se.def.br\/index.php?rest_route=%2Fwp%2Fv2%2Fcomments&post=36260"}],"version-history":[{"count":17,"href":"https:\/\/www.defensoria.se.def.br\/index.php?rest_route=\/wp\/v2\/pages\/36260\/revisions"}],"predecessor-version":[{"id":41994,"href":"https:\/\/www.defensoria.se.def.br\/index.php?rest_route=\/wp\/v2\/pages\/36260\/revisions\/41994"}],"up":[{"embeddable":true,"href":"https:\/\/www.defensoria.se.def.br\/index.php?rest_route=\/wp\/v2\/pages\/35653"}],"wp:attachment":[{"href":"https:\/\/www.defensoria.se.def.br\/index.php?rest_route=%2Fwp%2Fv2%2Fmedia&parent=36260"}],"curies":[{"name":"wp","href":"https:\/\/api.w.org\/{rel}","templated":true}]}}