{"id":36498,"date":"2024-05-15T10:51:48","date_gmt":"2024-05-15T13:51:48","guid":{"rendered":"https:\/\/www.defensoria.se.def.br\/?page_id=36498"},"modified":"2024-05-15T10:51:48","modified_gmt":"2024-05-15T13:51:48","slug":"mapa-do-site","status":"publish","type":"page","link":"https:\/\/www.defensoria.se.def.br\/?page_id=36498","title":{"rendered":"mapa do site"},"content":{"rendered":"<ul id=\"utilityNav\"><\/ul><ul id=\"primaryNav\" class=\"col1\"><li id=\"home\"><a href=\"https:\/\/www.defensoria.se.def.br\"><\/a><\/li><li id=\"menu-item-37633\" class=\"menu-item-37633\"><a href=\"https:\/\/www.defensoria.se.def.br\/\" class=\"menu-link\">In\u00edcio<\/a><\/li>\n<li id=\"menu-item-37519\" class=\"menu-item-37519\"><a href=\"https:\/\/www.defensoria.se.def.br\/?page_id=589\" class=\"menu-link\">Institucional<\/a>\n<ul class=\"sub-menu\">\n\t<li id=\"menu-item-37711\" class=\"menu-item-37711\"><a href=\"https:\/\/www.defensoria.se.def.br\/?page_id=296\" class=\"menu-link\">Quem Somos<\/a><\/li>\n\t<li id=\"menu-item-37652\" class=\"menu-item-37652\"><a href=\"https:\/\/www.defensoria.se.def.br\/?page_id=298\" class=\"menu-link\">Atua\u00e7\u00e3o<\/a><\/li>\n\t<li id=\"menu-item-37649\" class=\"menu-item-37649\"><a href=\"https:\/\/www.defensoria.se.def.br\/?page_id=31305\" class=\"menu-link\">Calend\u00e1rio da Defensoria<\/a><\/li>\n\t<li id=\"menu-item-37712\" class=\"menu-item-37712\"><a href=\"https:\/\/www.defensoria.se.def.br\/?page_id=49362\" class=\"menu-link\">Unidades de Atendimento<\/a><\/li>\n\t<li id=\"menu-item-37651\" class=\"menu-item-37651\"><a href=\"https:\/\/www.defensoria.se.def.br\/?page_id=19906\" class=\"menu-link\">Estrutura Organizacional<\/a><\/li>\n\t<li id=\"menu-item-37721\" class=\"menu-item-37721\"><a href=\"https:\/\/www.defensoria.se.def.br\/?page_id=37719\" class=\"menu-link\">Escola Superior<\/a><\/li>\n\t<li id=\"menu-item-37696\" class=\"menu-item-37696\"><a href=\"https:\/\/www.defensoria.se.def.br\/?page_id=444\" class=\"menu-link\">Concursos \/ Processos Seletivos<\/a><\/li>\n\t<li id=\"menu-item-37732\" class=\"menu-item-37732\"><a href=\"https:\/\/transparencia.defensoria.se.def.br\/\" class=\"menu-link\">Portal da Transpar\u00eancia<\/a><\/li>\n\t<li id=\"menu-item-37731\" class=\"menu-item-37731\"><a target=\"_blank\" rel=\"noopener\" href=\"https:\/\/www.defensoria.se.def.br\/wp-content\/uploads\/2025\/05\/LGPD_DPE-SE-SITE_2025.pdf\" class=\"menu-link\">LGPD<\/a><\/li>\n<\/ul>\n<\/li>\n<li id=\"menu-item-37520\" class=\"menu-item-37520\"><a href=\"https:\/\/www.defensoria.se.def.br\/?page_id=865\" class=\"menu-link\">Defensoria-Geral<\/a>\n<ul class=\"sub-menu\">\n\t<li id=\"menu-item-37765\" class=\"menu-item-37765\"><a href=\"https:\/\/www.defensoria.se.def.br\/?page_id=37748\" class=\"menu-link\">Estrutura<\/a><\/li>\n\t<li id=\"menu-item-37764\" class=\"menu-item-37764\"><a href=\"https:\/\/www.defensoria.se.def.br\/?page_id=37754\" class=\"menu-link\">Atribui\u00e7\u00f5es<\/a><\/li>\n\t<li id=\"menu-item-37767\" class=\"menu-item-37767\"><a href=\"https:\/\/www.defensoria.se.def.br\/?page_id=354\" class=\"menu-link\">Composi\u00e7\u00e3o<\/a><\/li>\n\t<li id=\"menu-item-41131\" class=\"menu-item-41131\"><a href=\"https:\/\/www.defensoria.se.def.br\/?page_id=494\" class=\"menu-link\">Atos, Portarias e Provimentos<\/a><\/li>\n\t<li id=\"menu-item-37766\" class=\"menu-item-37766\"><a href=\"https:\/\/www.defensoria.se.def.br\/?page_id=37719\" class=\"menu-link\">Escola Superior<\/a><\/li>\n\t<li id=\"menu-item-37768\" class=\"menu-item-37768\"><a href=\"https:\/\/www.defensoria.se.def.br\/?page_id=1359\" class=\"menu-link\">Galeria de Ex-Defensores<\/a><\/li>\n\t<li id=\"menu-item-37888\" class=\"menu-item-37888\"><a href=\"https:\/\/www.condege.org.br\/\" class=\"menu-link\">CONDEGE<\/a><\/li>\n<\/ul>\n<\/li>\n<li id=\"menu-item-37521\" class=\"menu-item-37521\"><a href=\"https:\/\/www.defensoria.se.def.br\/?page_id=310\" class=\"menu-link\">Corregedoria-Geral<\/a>\n<ul class=\"sub-menu\">\n\t<li id=\"menu-item-37774\" class=\"menu-item-37774\"><a href=\"https:\/\/www.defensoria.se.def.br\/?page_id=37772\" class=\"menu-link\">Estrutura<\/a><\/li>\n\t<li id=\"menu-item-37777\" class=\"menu-item-37777\"><a href=\"https:\/\/www.defensoria.se.def.br\/?page_id=37775\" class=\"menu-link\">Atribui\u00e7\u00f5es<\/a><\/li>\n\t<li id=\"menu-item-37781\" class=\"menu-item-37781\"><a href=\"https:\/\/www.defensoria.se.def.br\/?page_id=37779\" class=\"menu-link\">Composi\u00e7\u00e3o<\/a><\/li>\n\t<li id=\"menu-item-37658\" class=\"menu-item-37658\"><a href=\"https:\/\/www.defensoria.se.def.br\/?page_id=312\" class=\"menu-link\">Atos Normativos \u2013 Corregedoria-Geral<\/a><\/li>\n\t<li id=\"menu-item-37882\" class=\"menu-item-37882\"><a href=\"https:\/\/www.defensoria.se.def.br\/?page_id=9951\" class=\"menu-link\">E-SIC &#8211; Informa\u00e7\u00e3o ao Cidad\u00e3o \/ Ouvidoria<\/a><\/li>\n\t<li id=\"menu-item-37659\" class=\"menu-item-37659\"><a href=\"https:\/\/www.defensoria.se.def.br\/?page_id=1320\" class=\"menu-link\">Galeria de Ex-Corregedores<\/a><\/li>\n<\/ul>\n<\/li>\n<li id=\"menu-item-37792\" class=\"menu-item-37792\"><a href=\"https:\/\/www.defensoria.se.def.br\/?page_id=37790\" class=\"menu-link\">Conselho Superior<\/a>\n<ul class=\"sub-menu\">\n\t<li id=\"menu-item-37797\" class=\"menu-item-37797\"><a href=\"https:\/\/www.defensoria.se.def.br\/?page_id=37794\" class=\"menu-link\">Estrutura<\/a><\/li>\n\t<li id=\"menu-item-37522\" class=\"menu-item-37522\"><a href=\"https:\/\/www.defensoria.se.def.br\/?page_id=1056\" class=\"menu-link\">Atribui\u00e7\u00f5es<\/a><\/li>\n\t<li id=\"menu-item-37793\" class=\"menu-item-37793\"><a href=\"https:\/\/www.defensoria.se.def.br\/?page_id=34604\" class=\"menu-link\">Composi\u00e7\u00e3o<\/a><\/li>\n\t<li id=\"menu-item-37666\" class=\"menu-item-37666\"><a href=\"https:\/\/www.defensoria.se.def.br\/?page_id=356\" class=\"menu-link\">Resolu\u00e7\u00f5es<\/a><\/li>\n<\/ul>\n<\/li>\n<li id=\"menu-item-37713\" class=\"menu-item-37713\"><a href=\"https:\/\/www.defensoria.se.def.br\/?page_id=37627\" class=\"menu-link\">Webmail<\/a>\n<ul class=\"sub-menu\">\n\t<li id=\"menu-item-37670\" class=\"menu-item-37670\"><a href=\"https:\/\/mail.google.com\/a\/defensoria.se.def.br\" class=\"menu-link\">Gmail<\/a><\/li>\n\t<li id=\"menu-item-37671\" class=\"menu-item-37671\"><a href=\"https:\/\/expresso.se.gov.br\/\" class=\"menu-link\">Expresso<\/a><\/li>\n<\/ul>\n<\/li>\n<\/ul>\n","protected":false},"excerpt":{"rendered":"<p>\u00a0<\/p>\n","protected":false},"author":1,"featured_media":0,"parent":0,"menu_order":0,"comment_status":"closed","ping_status":"closed","template":"","meta":{"_eb_attr":"","_uag_custom_page_level_css":"","site-sidebar-layout":"default","site-content-layout":"","ast-site-content-layout":"","site-content-style":"default","site-sidebar-style":"default","ast-global-header-display":"","ast-banner-title-visibility":"","ast-main-header-display":"","ast-hfb-above-header-display":"","ast-hfb-below-header-display":"","ast-hfb-mobile-header-display":"","site-post-title":"","ast-breadcrumbs-content":"","ast-featured-img":"","footer-sml-layout":"","theme-transparent-header-meta":"","adv-header-id-meta":"","stick-header-meta":"","header-above-stick-meta":"","header-main-stick-meta":"","header-below-stick-meta":"","astra-migrate-meta-layouts":"","footnotes":""},"class_list":["post-36498","page","type-page","status-publish","hentry"],"uagb_featured_image_src":{"full":false,"thumbnail":false,"medium":false,"medium_large":false,"large":false,"1536x1536":false,"2048x2048":false},"uagb_author_info":{"display_name":"admin","author_link":"https:\/\/www.defensoria.se.def.br\/?author=1"},"uagb_comment_info":0,"uagb_excerpt":"\u00a0","_links":{"self":[{"href":"https:\/\/www.defensoria.se.def.br\/index.php?rest_route=\/wp\/v2\/pages\/36498"}],"collection":[{"href":"https:\/\/www.defensoria.se.def.br\/index.php?rest_route=\/wp\/v2\/pages"}],"about":[{"href":"https:\/\/www.defensoria.se.def.br\/index.php?rest_route=\/wp\/v2\/types\/page"}],"author":[{"embeddable":true,"href":"https:\/\/www.defensoria.se.def.br\/index.php?rest_route=\/wp\/v2\/users\/1"}],"replies":[{"embeddable":true,"href":"https:\/\/www.defensoria.se.def.br\/index.php?rest_route=%2Fwp%2Fv2%2Fcomments&post=36498"}],"version-history":[{"count":1,"href":"https:\/\/www.defensoria.se.def.br\/index.php?rest_route=\/wp\/v2\/pages\/36498\/revisions"}],"predecessor-version":[{"id":36499,"href":"https:\/\/www.defensoria.se.def.br\/index.php?rest_route=\/wp\/v2\/pages\/36498\/revisions\/36499"}],"wp:attachment":[{"href":"https:\/\/www.defensoria.se.def.br\/index.php?rest_route=%2Fwp%2Fv2%2Fmedia&parent=36498"}],"curies":[{"name":"wp","href":"https:\/\/api.w.org\/{rel}","templated":true}]}}