{"id":37321,"date":"2024-08-05T20:17:32","date_gmt":"2024-08-05T23:17:32","guid":{"rendered":"https:\/\/www.defensoria.se.def.br\/?page_id=37321"},"modified":"2025-04-24T09:12:33","modified_gmt":"2025-04-24T12:12:33","slug":"fases-do-processo-seletivo-no26","status":"publish","type":"page","link":"https:\/\/www.defensoria.se.def.br\/?page_id=37321","title":{"rendered":"FASES DO PROCESSO SELETIVO N\u00ba26"},"content":{"rendered":"\n<p><br><\/p>\n\n\n\n<h1 class=\"wp-block-heading has-text-align-center has-ast-global-color-0-color has-text-color has-link-color wp-elements-5e514af4b02371c52a38c55b8ae5c896\"><strong>Fases do Processo Seletivo N\u00ba 26<\/strong><\/h1>\n\n\n\n<p><\/p>\n\n\n\n<p><br><strong>Acesse abaixo:<\/strong><\/p>\n\n\n\n<p class=\"has-medium-font-size\"><\/p>\n\n\n\n<figure class=\"wp-block-table is-style-stripes has-medium-font-size\"><table class=\"has-border-color has-ast-global-color-0-border-color\" style=\"border-width:1px\"><tbody><tr><td><span style=\"color: #000000;\"><a href=\"https:\/\/www.defensoria.se.def.br\/wp-content\/uploads\/2024\/08\/01-26\u00ba-PSE-Edital-n.\u00ba-001.2024.CPSE-Abertura.pdf\" target=\"_blank\" rel=\"noopener\"><strong>01 &#8211; 26\u00ba PSE &#8211; Edital n.\u00ba 001.2024.CPSE &#8211; Abertura<\/strong><\/a><\/span><\/td><td><strong>Publica\u00e7\u00e3o<br>05\/08\/2024<\/strong><\/td><\/tr><tr><td><a href=\"https:\/\/www.defensoria.se.def.br\/wp-content\/uploads\/2024\/08\/02-26o-PSE-Edital-n.o-002.2024.CPSE-Alteracao-da-data-de-entrevista-de-heteroidentificacao-e-do-Cronograma-de-Execucao-1.pdf\" target=\"_blank\" rel=\"noopener\"><strong>02 &#8211; 26\u00ba PSE &#8211; Edital n.\u00ba 002.2024.CPSE &#8211; Altera\u00e7\u00e3o da data de entrevista de heteroidentifica\u00e7\u00e3o e do Cronograma de Execu\u00e7\u00e3o<\/strong><\/a><\/td><td><strong>Publica\u00e7\u00e3o<br>28\/08\/2024<\/strong><\/td><\/tr><tr><td><a href=\"https:\/\/www.defensoria.se.def.br\/wp-content\/uploads\/2024\/09\/03-26o-PSE-Edital-n.o-003.2024.CPSE-Alteracao-do-Cronograma-de-Execucao.pdf\" data-type=\"link\" data-id=\"https:\/\/www.defensoria.se.def.br\/wp-content\/uploads\/2024\/09\/03-26o-PSE-Edital-n.o-003.2024.CPSE-Alteracao-do-Cronograma-de-Execucao.pdf\" target=\"_blank\" rel=\"noreferrer noopener\"><strong>03 &#8211; 26\u00ba PSE &#8211; Edital n.\u00ba 003.2024.CPSE &#8211; Altera\u00e7\u00e3o do Cronograma de Execu\u00e7\u00e3o<\/strong><\/a><\/td><td><strong>Publica\u00e7\u00e3o<\/strong><br><strong>09\/09\/2024<\/strong><\/td><\/tr><tr><td><a href=\"https:\/\/www.defensoria.se.def.br\/wp-content\/uploads\/2024\/09\/04-26o-PSE-Edital-n.o-004.2024.CPSE-Classificacao-Provisoria-Analise-das-Vagas-Reservadas-e-Prazo-de-Recurso.pdf\" target=\"_blank\" rel=\"noreferrer noopener\"><strong>04 &#8211; 26\u00ba PSE &#8211; Edital n.\u00ba 004.2024.CPSE &#8211; Classifica\u00e7\u00e3o Provis\u00f3ria, An\u00e1lise das Vagas Reservadas e Prazo de Recurso<\/strong><\/a><\/td><td><strong>Publica\u00e7\u00e3o<\/strong><br><strong>12\/09\/2024<\/strong><\/td><\/tr><tr><td><a href=\"https:\/\/www.defensoria.se.def.br\/wp-content\/uploads\/2024\/09\/4.1-26o-PSE-Formulario-de-Interposicao-de-Recurso.docx\"><strong>4.1 &#8211; 26\u00ba PSE &#8211; Formul\u00e1rio de Interposi\u00e7\u00e3o de Recurso<\/strong><\/a><\/td><td><strong>Publica\u00e7\u00e3o<\/strong><br><strong>12\/09\/2024<\/strong><\/td><\/tr><tr><td><a href=\"https:\/\/www.defensoria.se.def.br\/wp-content\/uploads\/2024\/09\/05-26o-PSE-Edital-n.o-005.2024.CPSE-Classificacao-Definitiva-e-Homologacao.pdf\" target=\"_blank\" rel=\"noreferrer noopener\"><strong>05 &#8211; 26\u00ba PSE &#8211; Edital n.\u00ba 005.2024.CPSE &#8211; Classifica\u00e7\u00e3o Definitiva e Homologa\u00e7\u00e3o<\/strong><\/a><\/td><td><strong>Publica\u00e7\u00e3o<\/strong><br><strong>19\/09\/2024<\/strong><\/td><\/tr><\/tbody><\/table><\/figure>\n\n\n\n<p class=\"has-medium-font-size\"><br><br><br><br><\/p>\n\n\n\n<p class=\"has-text-align-left has-medium-font-size\"><\/p>\n\n\n\n<p class=\"has-medium-font-size\"><\/p>\n\n\n\n<p class=\"has-medium-font-size\"><\/p>\n\n\n\n<p class=\"has-medium-font-size\"><\/p>\n","protected":false},"excerpt":{"rendered":"<p>Fases do Processo Seletivo N\u00ba 26 Acesse abaixo: 01 &#8211; 26\u00ba PSE &#8211; Edital n.\u00ba 001.2024.CPSE &#8211; Abertura Publica\u00e7\u00e3o05\/08\/2024 02 &#8211; 26\u00ba PSE &#8211; Edital n.\u00ba 002.2024.CPSE &#8211; Altera\u00e7\u00e3o da data de entrevista de heteroidentifica\u00e7\u00e3o e do Cronograma de Execu\u00e7\u00e3o Publica\u00e7\u00e3o28\/08\/2024 03 &#8211; 26\u00ba PSE &#8211; Edital n.\u00ba 003.2024.CPSE &#8211; Altera\u00e7\u00e3o do Cronograma de Execu\u00e7\u00e3o &hellip;<\/p>\n<p class=\"read-more\"> <a class=\"\" href=\"https:\/\/www.defensoria.se.def.br\/?page_id=37321\"> <span class=\"screen-reader-text\">FASES DO PROCESSO SELETIVO N\u00ba26<\/span> Read More &raquo;<\/a><\/p>\n","protected":false},"author":1,"featured_media":0,"parent":37318,"menu_order":0,"comment_status":"closed","ping_status":"closed","template":"","meta":{"_eb_attr":"","_uag_custom_page_level_css":"","site-sidebar-layout":"default","site-content-layout":"","ast-site-content-layout":"","site-content-style":"default","site-sidebar-style":"default","ast-global-header-display":"","ast-banner-title-visibility":"","ast-main-header-display":"","ast-hfb-above-header-display":"","ast-hfb-below-header-display":"","ast-hfb-mobile-header-display":"","site-post-title":"","ast-breadcrumbs-content":"","ast-featured-img":"","footer-sml-layout":"","theme-transparent-header-meta":"","adv-header-id-meta":"","stick-header-meta":"","header-above-stick-meta":"","header-main-stick-meta":"","header-below-stick-meta":"","astra-migrate-meta-layouts":"","footnotes":""},"class_list":["post-37321","page","type-page","status-publish","hentry"],"uagb_featured_image_src":{"full":false,"thumbnail":false,"medium":false,"medium_large":false,"large":false,"1536x1536":false,"2048x2048":false},"uagb_author_info":{"display_name":"admin","author_link":"https:\/\/www.defensoria.se.def.br\/?author=1"},"uagb_comment_info":0,"uagb_excerpt":"Fases do Processo Seletivo N\u00ba 26 Acesse abaixo: 01 &#8211; 26\u00ba PSE &#8211; Edital n.\u00ba 001.2024.CPSE &#8211; Abertura Publica\u00e7\u00e3o05\/08\/2024 02 &#8211; 26\u00ba PSE &#8211; Edital n.\u00ba 002.2024.CPSE &#8211; Altera\u00e7\u00e3o da data de entrevista de heteroidentifica\u00e7\u00e3o e do Cronograma de Execu\u00e7\u00e3o Publica\u00e7\u00e3o28\/08\/2024 03 &#8211; 26\u00ba PSE &#8211; Edital n.\u00ba 003.2024.CPSE &#8211; Altera\u00e7\u00e3o do Cronograma de Execu\u00e7\u00e3o&hellip;","_links":{"self":[{"href":"https:\/\/www.defensoria.se.def.br\/index.php?rest_route=\/wp\/v2\/pages\/37321"}],"collection":[{"href":"https:\/\/www.defensoria.se.def.br\/index.php?rest_route=\/wp\/v2\/pages"}],"about":[{"href":"https:\/\/www.defensoria.se.def.br\/index.php?rest_route=\/wp\/v2\/types\/page"}],"author":[{"embeddable":true,"href":"https:\/\/www.defensoria.se.def.br\/index.php?rest_route=\/wp\/v2\/users\/1"}],"replies":[{"embeddable":true,"href":"https:\/\/www.defensoria.se.def.br\/index.php?rest_route=%2Fwp%2Fv2%2Fcomments&post=37321"}],"version-history":[{"count":46,"href":"https:\/\/www.defensoria.se.def.br\/index.php?rest_route=\/wp\/v2\/pages\/37321\/revisions"}],"predecessor-version":[{"id":43989,"href":"https:\/\/www.defensoria.se.def.br\/index.php?rest_route=\/wp\/v2\/pages\/37321\/revisions\/43989"}],"up":[{"embeddable":true,"href":"https:\/\/www.defensoria.se.def.br\/index.php?rest_route=\/wp\/v2\/pages\/37318"}],"wp:attachment":[{"href":"https:\/\/www.defensoria.se.def.br\/index.php?rest_route=%2Fwp%2Fv2%2Fmedia&parent=37321"}],"curies":[{"name":"wp","href":"https:\/\/api.w.org\/{rel}","templated":true}]}}