{"id":37719,"date":"2024-08-29T11:13:47","date_gmt":"2024-08-29T14:13:47","guid":{"rendered":"https:\/\/www.defensoria.se.def.br\/?page_id=37719"},"modified":"2025-04-24T11:36:53","modified_gmt":"2025-04-24T14:36:53","slug":"escola-superior","status":"publish","type":"page","link":"https:\/\/www.defensoria.se.def.br\/?page_id=37719","title":{"rendered":"Escola Superior"},"content":{"rendered":"\n<p class=\"has-text-align-center\"><\/p>\n\n\n\n\n\n<h1 class=\"wp-block-heading has-text-align-center has-ast-global-color-0-color has-text-color has-link-color wp-elements-ea635dac8a0b43fe32ac401905a655ce\">Escola Superior<\/h1>\n\n\n\n<p><br>A Escola Superior \u00e9 \u00f3rg\u00e3o auxiliar da DPE e ser\u00e1 dirigida por Defensor P\u00fablico est\u00e1vel na Carreira indicado pelo Conselho Superior, sem preju\u00edzo de suas fun\u00e7\u00f5es, salvo delibera\u00e7\u00e3o em contr\u00e1rio do Defensor P\u00fablico-Geral do Estado em car\u00e1ter excepcional e tempor\u00e1rio.<\/p>\n\n\n\n<p class=\"has-text-align-center\"><strong>Compete \u00e0 Escola Superior da DPE:<\/strong><\/p>\n\n\n\n<p class=\"has-text-align-left\"><strong>I &#8211;<\/strong> promover a atualiza\u00e7\u00e3o profissional e o aperfei\u00e7oamento t\u00e9cnico dos membros, estagi\u00e1rios e servidores, realizando cursos, confer\u00eancias, semin\u00e1rios e outras atividades cient\u00edficas relativas \u00e0s \u00e1reas de atua\u00e7\u00e3o e \u00e0 miss\u00e3o institucional da DPE;<\/p>\n\n\n\n<p class=\"has-text-align-left\"><strong>II &#8211;<\/strong> promover a capacita\u00e7\u00e3o funcional dos membros e servidores, necess\u00e1ria ao exerc\u00edcio de cargos de coordena\u00e7\u00e3o, principalmente para a incorpora\u00e7\u00e3o de t\u00e9cnicas de gest\u00e3o, administra\u00e7\u00e3o, relacionamento interpessoal e lideran\u00e7a;<\/p>\n\n\n\n<p class=\"has-text-align-left\"><strong>III \u2013<\/strong> editar revistas e boletins peri\u00f3dicos de conte\u00fado multidisciplinar visando a divulga\u00e7\u00e3o de estudos, artigos e pesquisas de interesse institucional;<\/p>\n\n\n\n<p class=\"has-text-align-left\"><strong>IV \u2013<\/strong> manter interc\u00e2mbios e conv\u00eanios com institui\u00e7\u00f5es de ensino, \u00f3rg\u00e3os p\u00fablicos e entidades cuja atua\u00e7\u00e3o guarde afinidade com as miss\u00f5es institucionais da DPE, inclusive com \u00f3rg\u00e3os de ensino e forma\u00e7\u00e3o das demais Carreiras jur\u00eddicas e policiais;<\/p>\n\n\n\n<p class=\"has-text-align-left\"><strong>V \u2013<\/strong> manter biblioteca atualizada, efetuando o tombamento e classifica\u00e7\u00e3o de livros, revistas, impressos, documentos, arquivos eletr\u00f4nicos e eletromagn\u00e9ticos que componham seu acervo;<\/p>\n\n\n\n<p class=\"has-text-align-left\"><strong>VI \u2013<\/strong> disponibilizar aos membros, estagi\u00e1rios e servidores da DPE por meio da internet ou outro meio eletr\u00f4nico, ferramentas de pesquisa e espa\u00e7o para troca de informa\u00e7\u00f5es;<\/p>\n\n\n\n<p class=\"has-text-align-left\"><strong>VII \u2013<\/strong> promover a r\u00e1pida e constante atualiza\u00e7\u00e3o dos membros da DPE em mat\u00e9ria legislativa, doutrin\u00e1ria e jurisprudencial de interesse dos servi\u00e7os;<\/p>\n\n\n\n<p class=\"has-text-align-left\"><strong>VIII \u2013<\/strong> realizar pesquisas e estudos bibliogr\u00e1ficos solicitados pelos \u00f3rg\u00e3os de execu\u00e7\u00e3o relacionados ao desempenho das atividades;<\/p>\n\n\n\n<p class=\"has-text-align-left\"><strong>IX \u2013<\/strong> custear integralmente as despesas de membros e servidores relativas \u00e0 participa\u00e7\u00e3o nas atividades que promover;<\/p>\n\n\n\n<p class=\"has-text-align-left\"><strong>X \u2013<\/strong> custear integral ou parcialmente, mediante aprova\u00e7\u00e3o do Defensor P\u00fablico-Geral do Estado, as despesas de membros e servidores relativas \u00e0 participa\u00e7\u00e3o em eventos promovidos por outros \u00f3rg\u00e3os <br>natureza cient\u00edfica e acad\u00eamica que propiciem a atualiza\u00e7\u00e3o e aperfei\u00e7oamento profissional;<\/p>\n\n\n\n<p class=\"has-text-align-left\"><strong>XI \u2013<\/strong> promover o curso de prepara\u00e7\u00e3o \u00e0 Carreira aos Defensores P\u00fablicos em est\u00e1gio probat\u00f3rio;<\/p>\n\n\n\n<p class=\"has-text-align-left\"><strong>XII \u2013<\/strong> auxiliar o Conselho Superior na fixa\u00e7\u00e3o de par\u00e2metros m\u00ednimos de qualidade para atua\u00e7\u00e3o dos Defensores P\u00fablicos;<\/p>\n\n\n\n<p class=\"has-text-align-left\"><strong>XIII \u2013<\/strong> organizar encontro dos Defensores P\u00fablicos para a defini\u00e7\u00e3o de teses institucionais, que dever\u00e3o ser observadas por todos os Defensores P\u00fablicos, e que integrar\u00e3o os par\u00e2metros m\u00ednimos de qualidade para atua\u00e7\u00e3o<\/p>\n\n\n\n<p class=\"has-text-align-left\"><br><br><br><br><br><\/p>\n\n\n","protected":false},"excerpt":{"rendered":"<p>Escola Superior A Escola Superior \u00e9 \u00f3rg\u00e3o auxiliar da DPE e ser\u00e1 dirigida por Defensor P\u00fablico est\u00e1vel na Carreira indicado pelo Conselho Superior, sem preju\u00edzo de suas fun\u00e7\u00f5es, salvo delibera\u00e7\u00e3o em contr\u00e1rio do Defensor P\u00fablico-Geral do Estado em car\u00e1ter excepcional e tempor\u00e1rio. Compete \u00e0 Escola Superior da DPE: I &#8211; promover a atualiza\u00e7\u00e3o profissional e &hellip;<\/p>\n<p class=\"read-more\"> <a class=\"\" href=\"https:\/\/www.defensoria.se.def.br\/?page_id=37719\"> <span class=\"screen-reader-text\">Escola Superior<\/span> Read More &raquo;<\/a><\/p>\n","protected":false},"author":1,"featured_media":0,"parent":865,"menu_order":0,"comment_status":"closed","ping_status":"closed","template":"","meta":{"_eb_attr":"","_uag_custom_page_level_css":"","site-sidebar-layout":"default","site-content-layout":"","ast-site-content-layout":"","site-content-style":"default","site-sidebar-style":"default","ast-global-header-display":"","ast-banner-title-visibility":"","ast-main-header-display":"","ast-hfb-above-header-display":"","ast-hfb-below-header-display":"","ast-hfb-mobile-header-display":"","site-post-title":"","ast-breadcrumbs-content":"","ast-featured-img":"","footer-sml-layout":"","theme-transparent-header-meta":"","adv-header-id-meta":"","stick-header-meta":"","header-above-stick-meta":"","header-main-stick-meta":"","header-below-stick-meta":"","astra-migrate-meta-layouts":"","footnotes":""},"class_list":["post-37719","page","type-page","status-publish","hentry"],"uagb_featured_image_src":{"full":false,"thumbnail":false,"medium":false,"medium_large":false,"large":false,"1536x1536":false,"2048x2048":false},"uagb_author_info":{"display_name":"admin","author_link":"https:\/\/www.defensoria.se.def.br\/?author=1"},"uagb_comment_info":0,"uagb_excerpt":"Escola Superior A Escola Superior \u00e9 \u00f3rg\u00e3o auxiliar da DPE e ser\u00e1 dirigida por Defensor P\u00fablico est\u00e1vel na Carreira indicado pelo Conselho Superior, sem preju\u00edzo de suas fun\u00e7\u00f5es, salvo delibera\u00e7\u00e3o em contr\u00e1rio do Defensor P\u00fablico-Geral do Estado em car\u00e1ter excepcional e tempor\u00e1rio. Compete \u00e0 Escola Superior da DPE: I &#8211; promover a atualiza\u00e7\u00e3o profissional e&hellip;","_links":{"self":[{"href":"https:\/\/www.defensoria.se.def.br\/index.php?rest_route=\/wp\/v2\/pages\/37719"}],"collection":[{"href":"https:\/\/www.defensoria.se.def.br\/index.php?rest_route=\/wp\/v2\/pages"}],"about":[{"href":"https:\/\/www.defensoria.se.def.br\/index.php?rest_route=\/wp\/v2\/types\/page"}],"author":[{"embeddable":true,"href":"https:\/\/www.defensoria.se.def.br\/index.php?rest_route=\/wp\/v2\/users\/1"}],"replies":[{"embeddable":true,"href":"https:\/\/www.defensoria.se.def.br\/index.php?rest_route=%2Fwp%2Fv2%2Fcomments&post=37719"}],"version-history":[{"count":23,"href":"https:\/\/www.defensoria.se.def.br\/index.php?rest_route=\/wp\/v2\/pages\/37719\/revisions"}],"predecessor-version":[{"id":44032,"href":"https:\/\/www.defensoria.se.def.br\/index.php?rest_route=\/wp\/v2\/pages\/37719\/revisions\/44032"}],"up":[{"embeddable":true,"href":"https:\/\/www.defensoria.se.def.br\/index.php?rest_route=\/wp\/v2\/pages\/865"}],"wp:attachment":[{"href":"https:\/\/www.defensoria.se.def.br\/index.php?rest_route=%2Fwp%2Fv2%2Fmedia&parent=37719"}],"curies":[{"name":"wp","href":"https:\/\/api.w.org\/{rel}","templated":true}]}}