{"id":37754,"date":"2024-08-29T12:46:43","date_gmt":"2024-08-29T15:46:43","guid":{"rendered":"https:\/\/www.defensoria.se.def.br\/?page_id=37754"},"modified":"2025-05-07T12:11:52","modified_gmt":"2025-05-07T15:11:52","slug":"atribuicoes-defensoria-geral","status":"publish","type":"page","link":"https:\/\/www.defensoria.se.def.br\/?page_id=37754","title":{"rendered":"Atribui\u00e7\u00f5es Defensoria-Geral"},"content":{"rendered":"\n<p><br><\/p>\n\n\n\n<h1 class=\"wp-block-heading has-text-align-center has-ast-global-color-0-color has-text-color has-link-color wp-elements-5e0b49fbcc93861fd351ec4e758ab89e\" style=\"font-style:normal;font-weight:600;letter-spacing:6px;text-decoration:none\">Qual o papel da Defensoria-Geral<\/h1>\n\n\n\n<p><\/p>\n\n\n\n<p><br><strong>Art. 12. <\/strong>Ao Defensor P\u00fablico-Geral do Estado, al\u00e9m de outras atribui\u00e7\u00f5es que lhe sejam conferidas por lei ou que forem inerentes ao seu cargo, compete:<br><\/p>\n\n\n\n<p>I \u2013 representar a DPE, judicial e extrajudicialmente;<\/p>\n\n\n\n<p>II \u2013 dirigir, coordenar e superintender as atividades relativas \u00e0 DPE em todo o Estado;<\/p>\n\n\n\n<p>III \u2013 firmar conv\u00eanios, contratos ou ajustes com entidades p\u00fablicas ou particulares, visando a melhoria dos servi\u00e7os da DPE;<\/p>\n\n\n\n<p>IV \u2013 convocar o Conselho Superior, presidir-lhe as sess\u00f5es e dar execu\u00e7\u00e3o as suas delibera\u00e7\u00f5es, quando for o caso;<\/p>\n\n\n\n<p>V \u2013 prover os cargos de sua Carreira e dos seus servi\u00e7os auxiliares e expedir os atos de concess\u00e3o de direitos e vantagens, indeniza\u00e7\u00f5es, f\u00e9rias e licen\u00e7as, confirma\u00e7\u00e3o na Carreira, dispensa do servi\u00e7o e aplica\u00e7\u00e3o de san\u00e7\u00f5es, e designa\u00e7\u00e3o para o exerc\u00edcio e substitui\u00e7\u00e3o de fun\u00e7\u00f5es;<\/p>\n\n\n\n<p>VI \u2013 abrir concurso p\u00fablico para ingresso no cargo de Defensor P\u00fablico, bem como de outros cargos efetivos para servidores da Defensoria e dar posse aos aprovados;<\/p>\n\n\n\n<p>VII \u2013 proferir decis\u00f5es nas sindic\u00e2ncias e processos administrativos disciplinares promovidos pela Corregedoria-Geral;<\/p>\n\n\n\n<p>VIII \u2013 instaurar processo disciplinar contra membros e servidores da DPE, por recomenda\u00e7\u00e3o de seu Conselho Superior;<\/p>\n\n\n\n<p>IX \u2013 propor ao Conselho Superior a destitui\u00e7\u00e3o do CorregedorGeral, nos casos legalmente previstos;<\/p>\n\n\n\n<p>X \u2013 encaminhar os expedientes, atos e estudos de interesse da DPE;<\/p>\n\n\n\n<p>XI \u2013 dirimir conflitos e d\u00favidas de atribui\u00e7\u00e3o, entre os \u00f3rg\u00e3os da DPE, cabendo recurso de sua decis\u00e3o ao Conselho Superior;<\/p>\n\n\n\n<p>XII \u2013 autorizar membro da DPE a afastar-se do Estado, no interesse do servi\u00e7o;<\/p>\n\n\n\n<p>XIII \u2013 propor ao Conselho Superior provid\u00eancias de teor jur\u00eddico que lhe pare\u00e7am reclamadas pelo interesse p\u00fablico;<\/p>\n\n\n\n<p><s>XIV \u2013 adir ao Gabinete, no interesse do servi\u00e7o, um membro da DPE, para o desempenho de atribui\u00e7\u00f5es espec\u00edficas;<\/s><\/p>\n\n\n\n<p><s>XIV \u2013 Designar Defensor P\u00fablico para Auxiliar ao Gabinete da Defensoria P\u00fablica-Geral, sem qualquer acr\u00e9scimo remunerat\u00f3rio, podendo, inclusive, cumular ou n\u00e3o com suas fun\u00e7\u00f5es habituais, total ou parcialmente, a crit\u00e9rio do Defensor P\u00fablico-Geral; <\/s>(Reda\u00e7\u00e3o conferida pela Lei Complementar n\u00ba 257, de 12 de maio de 2015)<\/p>\n\n\n\n<p>XIV \u2013 Designar Defensor P\u00fablico para Auxiliar ao Gabinete da Defensoria P\u00fablica-Geral, sem qualquer acr\u00e9scimo remunerat\u00f3rio, podendo, inclusive, cumular ou n\u00e3o com suas fun\u00e7\u00f5es habituais, total ou parcialmente, a crit\u00e9rio do Defensor P\u00fablico-Geral; (Reda\u00e7\u00e3o conferida pela Lei Complementar n\u00ba 257, de 12 de maio de 2015) XIV &#8211; designar Defensor P\u00fablico para Auxiliar ao Gabinete da Defensoria P\u00fablica-Geral, podendo, inclusive, cumular ou n\u00e3o com suas fun\u00e7\u00f5es habituais, total ou parcialmente, a crit\u00e9rio do Defensor P\u00fablicoGeral; (Reda\u00e7\u00e3o conferida pela Lei Complementar n\u00ba 410, de 18 de mar\u00e7o de 2024)<\/p>\n\n\n\n<p>XV \u2013 constituir comiss\u00e3o de sindic\u00e2ncia e processo administrativo disciplinar, bem como proceder correi\u00e7\u00f5es, sempre que julgar necess\u00e1rio, nos servi\u00e7os afetos \u00e0 DPE;<\/p>\n\n\n\n<p>XVI \u2013 designar membros da DPE para o desempenho de tarefas especiais;<\/p>\n\n\n\n<p>XVII \u2013 decidir, em grau de recurso final, sobre pedidos de assist\u00eancia jur\u00eddica gratuita;<\/p>\n\n\n\n<p>XVIII \u2013 determinar, ouvido o Conselho Superior, exames de sanidade para verifica\u00e7\u00e3o da incapacidade f\u00edsica ou mental de membro da Institui\u00e7\u00e3o;<\/p>\n\n\n\n<p>XIX \u2013 representar ao Conselho Superior, ap\u00f3s o envio pelo Corregedor Geral de relat\u00f3rio circunstanciado opinando, motivadamente, pela confirma\u00e7\u00e3o ou exonera\u00e7\u00e3o do Defensor P\u00fablico na Carreira, na forma do art. 63, sobre a necessidade de aplica\u00e7\u00e3o da pena de disponibilidade, demiss\u00e3o e cassa\u00e7\u00e3o de aposentadoria dos Defensores P\u00fablicos est\u00e1veis, da n\u00e3o-confirma\u00e7\u00e3o de membros da DPE em est\u00e1gio probat\u00f3rio;<\/p>\n\n\n\n<p>XX \u2013 conceder aproveitamento, reintegra\u00e7\u00e3o e revers\u00e3o, a integrantes da Carreira e servidores administrativos da DPE, ap\u00f3s decis\u00e3o do Conselho Superior;<\/p>\n\n\n\n<p>XXI \u2013 delegar compet\u00eancia \u00e0 autoridade que lhe seja subordinada, na forma da lei;<\/p>\n\n\n\n<p>XXII \u2013 apresentar ao Conselho Superior, no in\u00edcio de cada exerc\u00edcio, relat\u00f3rio das atividades da Institui\u00e7\u00e3o durante o ano anterior e, se necess\u00e1rio, sugerir provid\u00eancias legislativas e outras adequadas ao seu aperfei\u00e7oamento;<\/p>\n\n\n\n<p>XXIII \u2013 elaborar a proposta de Regulamenta\u00e7\u00e3o desta Lei Complementar, ouvido o Conselho Superior, bem como os atos normativos ou n\u00e3o, inerentes ao detalhamento da organiza\u00e7\u00e3o, \u00e0s compet\u00eancias e atribui\u00e7\u00f5es da DPE, inclusive resolu\u00e7\u00f5es e instru\u00e7\u00f5es sobre compet\u00eancia, composi\u00e7\u00e3o e funcionamento das unidades integrantes, e ainda, as atribui\u00e7\u00f5es dos membros da Institui\u00e7\u00e3o e de seus servidores;<\/p>\n\n\n\n<p>XXIV \u2013 encaminhar ao Conselho Superior a proposta or\u00e7ament\u00e1ria anual da DPE, enviando-a ao Poder Executivo ap\u00f3s sua aprova\u00e7\u00e3o.<\/p>\n\n\n\n<p>XXV \u2013 requisitar de qualquer autoridade p\u00fablica e de seus agentes, certid\u00f5es, exames, per\u00edcias, vistorias, dilig\u00eancias, processos, documentos, informa\u00e7\u00f5es, esclarecimentos e demais provid\u00eancias<br>necess\u00e1rias \u00e0 atua\u00e7\u00e3o da Defensoria P\u00fablica; (Inciso inclu\u00eddo pela Lei Complementar n\u00ba 373, de 09 de junho de 2022)<\/p>\n\n\n\n<p>XXVI \u2013 requisitar for\u00e7a policial para assegurar a incolumidade f\u00edsica dos membros da Defensoria P\u00fablica, quando estes se encontrarem amea\u00e7ados em raz\u00e3o do desempenho de suas atribui\u00e7\u00f5es institucionais. (Inciso inclu\u00eddo pela Lei Complementar n\u00ba 373, de 09 de junho de 2022)<\/p>\n\n\n\n<p>XXVII \u2013 Designar Defensor P\u00fablico para auxiliar ao Gabinete da Defensoria P\u00fablica-Geral, sem qualquer acr\u00e9scimo remunerat\u00f3rio, podendo, inclusive, cumular ou n\u00e3o com suas fun\u00e7\u00f5es habituais, total ou parcialmente, a crit\u00e9rio do Defensor P\u00fablico-Geral, com a atribui\u00e7\u00e3o principal de acompanhamento das demandas em que sejam parte ou intervenham os usu\u00e1rios da Defensoria P\u00fablica junto aos tribunais superiores. (Inciso inclu\u00eddo pela Lei Complementar n\u00ba 394, de 17 de novembro de 2023)<\/p>\n\n\n\n<p><\/p>\n\n\n","protected":false},"excerpt":{"rendered":"<p>Qual o papel da Defensoria-Geral Art. 12. Ao Defensor P\u00fablico-Geral do Estado, al\u00e9m de outras atribui\u00e7\u00f5es que lhe sejam conferidas por lei ou que forem inerentes ao seu cargo, compete: I \u2013 representar a DPE, judicial e extrajudicialmente; II \u2013 dirigir, coordenar e superintender as atividades relativas \u00e0 DPE em todo o Estado; III \u2013 &hellip;<\/p>\n<p class=\"read-more\"> <a class=\"\" href=\"https:\/\/www.defensoria.se.def.br\/?page_id=37754\"> <span class=\"screen-reader-text\">Atribui\u00e7\u00f5es Defensoria-Geral<\/span> Read More &raquo;<\/a><\/p>\n","protected":false},"author":1,"featured_media":0,"parent":865,"menu_order":0,"comment_status":"closed","ping_status":"closed","template":"","meta":{"_eb_attr":"","_uag_custom_page_level_css":"","site-sidebar-layout":"default","site-content-layout":"","ast-site-content-layout":"","site-content-style":"default","site-sidebar-style":"default","ast-global-header-display":"","ast-banner-title-visibility":"","ast-main-header-display":"","ast-hfb-above-header-display":"","ast-hfb-below-header-display":"","ast-hfb-mobile-header-display":"","site-post-title":"","ast-breadcrumbs-content":"","ast-featured-img":"","footer-sml-layout":"","theme-transparent-header-meta":"","adv-header-id-meta":"","stick-header-meta":"","header-above-stick-meta":"","header-main-stick-meta":"","header-below-stick-meta":"","astra-migrate-meta-layouts":"","footnotes":""},"class_list":["post-37754","page","type-page","status-publish","hentry"],"uagb_featured_image_src":{"full":false,"thumbnail":false,"medium":false,"medium_large":false,"large":false,"1536x1536":false,"2048x2048":false},"uagb_author_info":{"display_name":"admin","author_link":"https:\/\/www.defensoria.se.def.br\/?author=1"},"uagb_comment_info":0,"uagb_excerpt":"Qual o papel da Defensoria-Geral Art. 12. Ao Defensor P\u00fablico-Geral do Estado, al\u00e9m de outras atribui\u00e7\u00f5es que lhe sejam conferidas por lei ou que forem inerentes ao seu cargo, compete: I \u2013 representar a DPE, judicial e extrajudicialmente; II \u2013 dirigir, coordenar e superintender as atividades relativas \u00e0 DPE em todo o Estado; III \u2013&hellip;","_links":{"self":[{"href":"https:\/\/www.defensoria.se.def.br\/index.php?rest_route=\/wp\/v2\/pages\/37754"}],"collection":[{"href":"https:\/\/www.defensoria.se.def.br\/index.php?rest_route=\/wp\/v2\/pages"}],"about":[{"href":"https:\/\/www.defensoria.se.def.br\/index.php?rest_route=\/wp\/v2\/types\/page"}],"author":[{"embeddable":true,"href":"https:\/\/www.defensoria.se.def.br\/index.php?rest_route=\/wp\/v2\/users\/1"}],"replies":[{"embeddable":true,"href":"https:\/\/www.defensoria.se.def.br\/index.php?rest_route=%2Fwp%2Fv2%2Fcomments&post=37754"}],"version-history":[{"count":7,"href":"https:\/\/www.defensoria.se.def.br\/index.php?rest_route=\/wp\/v2\/pages\/37754\/revisions"}],"predecessor-version":[{"id":44223,"href":"https:\/\/www.defensoria.se.def.br\/index.php?rest_route=\/wp\/v2\/pages\/37754\/revisions\/44223"}],"up":[{"embeddable":true,"href":"https:\/\/www.defensoria.se.def.br\/index.php?rest_route=\/wp\/v2\/pages\/865"}],"wp:attachment":[{"href":"https:\/\/www.defensoria.se.def.br\/index.php?rest_route=%2Fwp%2Fv2%2Fmedia&parent=37754"}],"curies":[{"name":"wp","href":"https:\/\/api.w.org\/{rel}","templated":true}]}}