{"id":37779,"date":"2024-08-29T13:15:57","date_gmt":"2024-08-29T16:15:57","guid":{"rendered":"https:\/\/www.defensoria.se.def.br\/?page_id=37779"},"modified":"2025-01-13T13:47:34","modified_gmt":"2025-01-13T16:47:34","slug":"composicao-corregedoria-geral","status":"publish","type":"page","link":"https:\/\/www.defensoria.se.def.br\/?page_id=37779","title":{"rendered":"Composi\u00e7\u00e3o Corregedoria-Geral"},"content":{"rendered":"\n<p><br><\/p>\n\n\n\n<h1 class=\"wp-block-heading has-text-align-center has-ast-global-color-0-color has-text-color has-link-color wp-elements-591da0b37023320847fff7c60a71900a\"><strong>Composi\u00e7\u00e3o Corregedoria-Geral<\/strong><br><\/h1>\n\n\n\n<p><br><\/p>\n\n\n\n<div class=\"wp-block-group is-nowrap is-layout-flex wp-container-core-group-is-layout-3 wp-block-group-is-layout-flex\">\n<div class=\"wp-block-group is-content-justification-left is-nowrap is-layout-flex wp-container-core-group-is-layout-2 wp-block-group-is-layout-flex\">\n<div class=\"wp-block-group has-border-color has-ast-global-color-0-border-color is-nowrap is-layout-flex wp-container-core-group-is-layout-1 wp-block-group-is-layout-flex\" style=\"border-width:1px;margin-top:0;margin-bottom:0;padding-top:0;padding-right:0;padding-bottom:0;padding-left:0\">\n<div data-aos= \"zoom-in\" data-aos-duration=\"400\" data-aos-delay=\"0\" data-aos-easing=\"ease\" data-aos-once=\"true\" class=\"wp-block-uagb-modal uagb-block-2575785e uagb-modal-wrapper\" data-escpress=\"enable\" data-overlayclick=\"enable\"><img decoding=\"async\" src=\"https:\/\/www.defensoria.se.def.br\/wp-content\/uploads\/2025\/01\/LUCIANO_10.01.25-1.png\" alt=\"\" class=\"uagb-modal-trigger\" width=\"452\" height=\"630\" loading=\"lazy\"\/><div class=\"uagb-effect-default uagb-modal-popup uagb-block-2575785e\"><div class=\"uagb-modal-popup-wrap\"><div class=\"uagb-modal-popup-content\">\n<div class=\"wp-block-uagb-info-box uagb-block-ca95af29 uagb-infobox__content-wrap  uagb-infobox-icon-above-title uagb-infobox-image-valign-top\"><div class=\"uagb-ifb-content\"><div class=\"uagb-ifb-image-content\"><img decoding=\"async\" src=\"https:\/\/www.defensoria.se.def.br\/wp-content\/uploads\/2025\/01\/LUCIANO_10.01.25-1-210x300.png\" alt=\"\" width=\"\" height=\"0\" loading=\"lazy\"\/><\/div><div class=\"uagb-ifb-title-wrap\"><h2 class=\"uagb-ifb-title\">DR. LUCIANO GOMES DE MELLO J\u00daNIOR<\/h2><\/div><div class=\"uagb-ifb-separator\"><\/div><p class=\"uagb-ifb-desc\"><br><\/p><\/div><\/div>\n<\/div><button class=\"uagb-modal-popup-close\" aria-label=\"Close Modal\"><svg xmlns=\"https:\/\/www.w3.org\/2000\/svg\" viewBox=\"0 0 320 512\"><path d=\"M310.6 361.4c12.5 12.5 12.5 32.75 0 45.25C304.4 412.9 296.2 416 288 416s-16.38-3.125-22.62-9.375L160 301.3L54.63 406.6C48.38 412.9 40.19 416 32 416S15.63 412.9 9.375 406.6c-12.5-12.5-12.5-32.75 0-45.25l105.4-105.4L9.375 150.6c-12.5-12.5-12.5-32.75 0-45.25s32.75-12.5 45.25 0L160 210.8l105.4-105.4c12.5-12.5 32.75-12.5 45.25 0s12.5 32.75 0 45.25l-105.4 105.4L310.6 361.4z\"><\/path><\/svg><\/button><\/div><\/div><\/div>\n\n\n\n<div data-aos= \"zoom-in\" data-aos-duration=\"400\" data-aos-delay=\"0\" data-aos-easing=\"ease\" data-aos-once=\"true\" class=\"wp-block-uagb-modal uagb-block-df5520f7 uagb-modal-wrapper\" data-escpress=\"enable\" data-overlayclick=\"disable\"><img decoding=\"async\" src=\"https:\/\/www.defensoria.se.def.br\/wp-content\/uploads\/2025\/01\/VINICIUS-SUBCORREGEDOR_10.01.25-1.png\" alt=\"\" class=\"uagb-modal-trigger\" width=\"440\" height=\"630\" loading=\"lazy\"\/><div class=\"uagb-effect-default uagb-modal-popup uagb-block-df5520f7\"><div class=\"uagb-modal-popup-wrap\"><div class=\"uagb-modal-popup-content\">\n<div class=\"wp-block-uagb-info-box uagb-block-c880ef41 uagb-infobox__content-wrap  uagb-infobox-icon-above-title uagb-infobox-image-valign-top\"><div class=\"uagb-ifb-content\"><div class=\"uagb-ifb-image-content\"><img decoding=\"async\" src=\"https:\/\/www.defensoria.se.def.br\/wp-content\/uploads\/2025\/01\/VINICIUS-SUBCORREGEDOR_10.01.25-1-210x300.png\" alt=\"\" width=\"\" height=\"0\" loading=\"lazy\"\/><\/div><div class=\"uagb-ifb-title-wrap\"><h3 class=\"uagb-ifb-title\">Dr. Vin\u00edcius Menezes Barreto<\/h3><\/div><div class=\"uagb-ifb-separator\"><\/div><p class=\"uagb-ifb-desc\"><br>Natural de Aracaju, Sergipe, Dr. Vin\u00edcius Menezes Barreto \u00e9 formado em Direito pela Universidade Federal de Sergipe (UFS) e p\u00f3s-graduado em Processo Civil pela Escola de Magistratura de Sergipe (ESMESE). Foi t\u00e9cnico judici\u00e1rio concursado do Tribunal de Justi\u00e7a do Estado de Sergipe; assessor parlamentar na C\u00e2mara de Vereadores do Munic\u00edpio de Aracaju e analista do Tribunal Regional Eleitoral da Bahia. Exerceu a advocacia com atua\u00e7\u00e3o, em especial, em processos c\u00edveis, tribut\u00e1rios, administrativos e comerciais. Ingressou na Defensoria P\u00fablica do Estado em 2008; foi secret\u00e1rio da Associa\u00e7\u00e3o dos Defensores P\u00fablicos do Estado de Sergipe (Adpese) nas gest\u00f5es dos defensores p\u00fablicos, Jesus Jairo Almeida de Lacerda e Gl\u00e1ucia Am\u00e9lia Silveira Andrade; membro do Conselho Superior da Defensoria P\u00fablica do Estado por dois bi\u00eanios, integrante do N\u00facleo de Execu\u00e7\u00f5es Penais e do N\u00facleo de Flagrante Delito e Presos Provis\u00f3rios. Atuou na Comarca de Japaratuba e no Tribunal do J\u00fari da Capital como Titular da 10\u00aa Defensoria P\u00fablica Criminal do J\u00fari por mais de oito anos. O membro da Defensoria P\u00fablica foi escolhido por unanimidade pelo Conselho Superior da Defensoria P\u00fablica do Estado para o cargo de Subdefensor P\u00fablico-Geral para os Bi\u00eanios 2018\/2020 e 2020\/2022 na gest\u00e3o do Defensor P\u00fablico-Geral, Jos\u00e9 Le\u00f3 de Carvalho Neto. Foi eleito com 91% dos votos dos membros para o cargo de Defensor P\u00fablico-Geral para o Bi\u00eanio 2022\/2024 e atualmente ocupa o cargo de Subcorregedor-Geral.<\/p><\/div><\/div>\n<\/div><button class=\"uagb-modal-popup-close\" aria-label=\"Close Modal\"><svg xmlns=\"https:\/\/www.w3.org\/2000\/svg\" viewBox=\"0 0 320 512\"><path d=\"M310.6 361.4c12.5 12.5 12.5 32.75 0 45.25C304.4 412.9 296.2 416 288 416s-16.38-3.125-22.62-9.375L160 301.3L54.63 406.6C48.38 412.9 40.19 416 32 416S15.63 412.9 9.375 406.6c-12.5-12.5-12.5-32.75 0-45.25l105.4-105.4L9.375 150.6c-12.5-12.5-12.5-32.75 0-45.25s32.75-12.5 45.25 0L160 210.8l105.4-105.4c12.5-12.5 32.75-12.5 45.25 0s12.5 32.75 0 45.25l-105.4 105.4L310.6 361.4z\"><\/path><\/svg><\/button><\/div><\/div><\/div>\n\n\n\n<div data-aos= \"zoom-in\" data-aos-duration=\"400\" data-aos-delay=\"0\" data-aos-easing=\"ease\" data-aos-once=\"true\" class=\"wp-block-uagb-modal uagb-block-1c851b1b uagb-modal-wrapper\" data-escpress=\"enable\" data-overlayclick=\"disable\"><img decoding=\"async\" src=\"https:\/\/www.defensoria.se.def.br\/wp-content\/uploads\/2025\/01\/ANDREZA_CORREGEDORA-AUXILIAR_10.01.25.png\" alt=\"\" class=\"uagb-modal-trigger\" width=\"440\" height=\"630\" loading=\"lazy\"\/><div class=\"uagb-effect-default uagb-modal-popup uagb-block-1c851b1b\"><div class=\"uagb-modal-popup-wrap\"><div class=\"uagb-modal-popup-content\">\n<div class=\"wp-block-uagb-info-box uagb-block-b280bb72 uagb-infobox__content-wrap  uagb-infobox-icon-above-title uagb-infobox-image-valign-top\"><div class=\"uagb-ifb-content\"><div class=\"uagb-ifb-image-content\"><img decoding=\"async\" src=\"https:\/\/www.defensoria.se.def.br\/wp-content\/uploads\/2025\/01\/ANDREZA_CORREGEDORA-AUXILIAR_10.01.25-210x300.png\" alt=\"\" width=\"\" height=\"0\" loading=\"lazy\"\/><\/div><div class=\"uagb-ifb-title-wrap\"><h3 class=\"uagb-ifb-title\">DR. ANDREZA TAVARES ALMEIDA ROLIM<\/h3><\/div><div class=\"uagb-ifb-separator\"><\/div><p class=\"uagb-ifb-desc\"><br><\/p><\/div><\/div>\n<\/div><button class=\"uagb-modal-popup-close\" aria-label=\"Close Modal\"><svg xmlns=\"https:\/\/www.w3.org\/2000\/svg\" viewBox=\"0 0 320 512\"><path d=\"M310.6 361.4c12.5 12.5 12.5 32.75 0 45.25C304.4 412.9 296.2 416 288 416s-16.38-3.125-22.62-9.375L160 301.3L54.63 406.6C48.38 412.9 40.19 416 32 416S15.63 412.9 9.375 406.6c-12.5-12.5-12.5-32.75 0-45.25l105.4-105.4L9.375 150.6c-12.5-12.5-12.5-32.75 0-45.25s32.75-12.5 45.25 0L160 210.8l105.4-105.4c12.5-12.5 32.75-12.5 45.25 0s12.5 32.75 0 45.25l-105.4 105.4L310.6 361.4z\"><\/path><\/svg><\/button><\/div><\/div><\/div>\n<\/div>\n<\/div>\n<\/div>\n\n\n\n<p><br><br><br><br><\/p>\n","protected":false},"excerpt":{"rendered":"<p>Composi\u00e7\u00e3o Corregedoria-Geral<\/p>\n","protected":false},"author":1,"featured_media":0,"parent":310,"menu_order":0,"comment_status":"closed","ping_status":"closed","template":"","meta":{"_eb_attr":"","_uag_custom_page_level_css":"","site-sidebar-layout":"default","site-content-layout":"","ast-site-content-layout":"","site-content-style":"default","site-sidebar-style":"default","ast-global-header-display":"","ast-banner-title-visibility":"","ast-main-header-display":"","ast-hfb-above-header-display":"","ast-hfb-below-header-display":"","ast-hfb-mobile-header-display":"","site-post-title":"","ast-breadcrumbs-content":"","ast-featured-img":"","footer-sml-layout":"","theme-transparent-header-meta":"","adv-header-id-meta":"","stick-header-meta":"","header-above-stick-meta":"","header-main-stick-meta":"","header-below-stick-meta":"","astra-migrate-meta-layouts":"","footnotes":""},"class_list":["post-37779","page","type-page","status-publish","hentry"],"uagb_featured_image_src":{"full":false,"thumbnail":false,"medium":false,"medium_large":false,"large":false,"1536x1536":false,"2048x2048":false},"uagb_author_info":{"display_name":"admin","author_link":"https:\/\/www.defensoria.se.def.br\/?author=1"},"uagb_comment_info":0,"uagb_excerpt":"Composi\u00e7\u00e3o Corregedoria-Geral","_links":{"self":[{"href":"https:\/\/www.defensoria.se.def.br\/index.php?rest_route=\/wp\/v2\/pages\/37779"}],"collection":[{"href":"https:\/\/www.defensoria.se.def.br\/index.php?rest_route=\/wp\/v2\/pages"}],"about":[{"href":"https:\/\/www.defensoria.se.def.br\/index.php?rest_route=\/wp\/v2\/types\/page"}],"author":[{"embeddable":true,"href":"https:\/\/www.defensoria.se.def.br\/index.php?rest_route=\/wp\/v2\/users\/1"}],"replies":[{"embeddable":true,"href":"https:\/\/www.defensoria.se.def.br\/index.php?rest_route=%2Fwp%2Fv2%2Fcomments&post=37779"}],"version-history":[{"count":65,"href":"https:\/\/www.defensoria.se.def.br\/index.php?rest_route=\/wp\/v2\/pages\/37779\/revisions"}],"predecessor-version":[{"id":42959,"href":"https:\/\/www.defensoria.se.def.br\/index.php?rest_route=\/wp\/v2\/pages\/37779\/revisions\/42959"}],"up":[{"embeddable":true,"href":"https:\/\/www.defensoria.se.def.br\/index.php?rest_route=\/wp\/v2\/pages\/310"}],"wp:attachment":[{"href":"https:\/\/www.defensoria.se.def.br\/index.php?rest_route=%2Fwp%2Fv2%2Fmedia&parent=37779"}],"curies":[{"name":"wp","href":"https:\/\/api.w.org\/{rel}","templated":true}]}}