{"id":38091,"date":"2024-09-04T09:08:32","date_gmt":"2024-09-04T12:08:32","guid":{"rendered":"https:\/\/www.defensoria.se.def.br\/?page_id=38091"},"modified":"2026-02-27T09:01:37","modified_gmt":"2026-02-27T12:01:37","slug":"npcae","status":"publish","type":"page","link":"https:\/\/www.defensoria.se.def.br\/?page_id=38091","title":{"rendered":"Plant\u00e3o C\u00edvel e Atua\u00e7\u00e3o Especial"},"content":{"rendered":"\n<h3 class=\"wp-block-heading\">&nbsp;<\/h3>\n\n\n\n<h1 class=\"wp-block-heading\"><span style=\"color: #007749;\"><strong>N\u00facleo de Plant\u00e3o C\u00edvel e Atua\u00e7\u00e3o Especial da Defensoria P\u00fablica (NPCAE)<\/strong><\/span><\/h1>\n\n\n\n<p class=\"has-text-align-center\">Resolu\u00e7\u00e3o n\u00ba 007\/2023<\/p>\n\n\n\n<p><span style=\"color: #007749;\"><strong style=\"font-size: revert; background-color: var(--ast-global-color-5);\">DIRETORA:<\/strong><\/span><\/p>\n\n\n\n<p><strong>Dra. Roberta Gouveia Donald Alves<\/strong> &#8211; Port. 321\/2023<\/p>\n\n\n\n<p>&nbsp;<\/p>\n\n\n\n<p><span style=\"color: #007749;\"><strong>MEMBRO:<\/strong><\/span><\/p>\n\n\n\n<p>Dr. Haeckel Rodrigo Bulcao Da Silva &#8211; Port. 322\/2023<\/p>\n\n\n\n<p>Dra. Mariana Oliveira Santos &#8211; Port. 323\/2023<\/p>\n\n\n\n<p>Dra. N\u00fabia Raissa Assis Martins &#8211; Port. 220\/2024<\/p>\n\n\n\n<p>&nbsp;<\/p>\n\n\n\n<p><span style=\"color: #007749;\"><strong>HIST\u00d3RICO:<\/strong><\/span><\/p>\n\n\n\n<p><strong>&nbsp;<\/strong><\/p>\n\n\n\n<p>O N\u00facleo de Plant\u00e3o C\u00edvel e Atua\u00e7\u00e3o Especial da Defensoria P\u00fablica (NPCAE) tem atua\u00e7\u00e3o plant\u00f5es do Poder Judici\u00e1rio em mat\u00e9ria c\u00edvel durante os dias n\u00e3o \u00fateis e <span style=\"color: #007749;\"><strong>cumprimento de designa\u00e7\u00f5es especiais da Defensoria P\u00fablica-Geral. <\/strong><\/span>\u00c9 composto por 04 (quatro) Defensores P\u00fablicos.<\/p>\n\n\n\n<p>Algumas atribui\u00e7\u00f5es dos membros do NPCAE: Realizar os plant\u00f5es diurnos e noturnos da Defensoria P\u00fablica do Estado de Sergipe, em mat\u00e9ria c\u00edvel, junto ao Tribunal de Justi\u00e7a do Estado; propor as a\u00e7\u00f5es e medidas judiciais decorrentes da atua\u00e7\u00e3o durante o plant\u00e3o c\u00edvel diurno e noturno, nas hip\u00f3teses circunscritas nas resolu\u00e7\u00f5es expedidas pelo Tribunal de Justi\u00e7a; realizar o atendimento dos usu\u00e1rios que busquem a atua\u00e7\u00e3o da Defensoria P\u00fablica nas mat\u00e9rias pertinentes ao plant\u00e3o c\u00edvel, sempre lhes prestando esclarecimentos quanto ao resultado das a\u00e7\u00f5es ou medidas propostas; interpor os recursos cab\u00edveis que possam ser apreciados durante o plant\u00e3o; entre outras.<\/p>\n\n\n\n<p>&nbsp;<br><br><br><br><\/p>\n","protected":false},"excerpt":{"rendered":"<p>&nbsp; N\u00facleo de Plant\u00e3o C\u00edvel e Atua\u00e7\u00e3o Especial da Defensoria P\u00fablica (NPCAE) Resolu\u00e7\u00e3o n\u00ba 007\/2023 DIRETORA: Dra. Roberta Gouveia Donald Alves &#8211; Port. 321\/2023 &nbsp; MEMBRO: Dr. Haeckel Rodrigo Bulcao Da Silva &#8211; Port. 322\/2023 Dra. Mariana Oliveira Santos &#8211; Port. 323\/2023 Dra. N\u00fabia Raissa Assis Martins &#8211; Port. 220\/2024 &nbsp; HIST\u00d3RICO: &nbsp; O N\u00facleo &hellip;<\/p>\n<p class=\"read-more\"> <a class=\"\" href=\"https:\/\/www.defensoria.se.def.br\/?page_id=38091\"> <span class=\"screen-reader-text\">Plant\u00e3o C\u00edvel e Atua\u00e7\u00e3o Especial<\/span> Read More &raquo;<\/a><\/p>\n","protected":false},"author":17,"featured_media":0,"parent":458,"menu_order":0,"comment_status":"closed","ping_status":"closed","template":"","meta":{"_eb_attr":"","_uag_custom_page_level_css":"","site-sidebar-layout":"default","site-content-layout":"","ast-site-content-layout":"","site-content-style":"default","site-sidebar-style":"default","ast-global-header-display":"","ast-banner-title-visibility":"","ast-main-header-display":"","ast-hfb-above-header-display":"","ast-hfb-below-header-display":"","ast-hfb-mobile-header-display":"","site-post-title":"","ast-breadcrumbs-content":"","ast-featured-img":"","footer-sml-layout":"","theme-transparent-header-meta":"","adv-header-id-meta":"","stick-header-meta":"","header-above-stick-meta":"","header-main-stick-meta":"","header-below-stick-meta":"","astra-migrate-meta-layouts":"","footnotes":""},"class_list":["post-38091","page","type-page","status-publish","hentry"],"uagb_featured_image_src":{"full":false,"thumbnail":false,"medium":false,"medium_large":false,"large":false,"1536x1536":false,"2048x2048":false},"uagb_author_info":{"display_name":"Sillas Muritiba","author_link":"https:\/\/www.defensoria.se.def.br\/?author=17"},"uagb_comment_info":0,"uagb_excerpt":"&nbsp; N\u00facleo de Plant\u00e3o C\u00edvel e Atua\u00e7\u00e3o Especial da Defensoria P\u00fablica (NPCAE) Resolu\u00e7\u00e3o n\u00ba 007\/2023 DIRETORA: Dra. Roberta Gouveia Donald Alves &#8211; Port. 321\/2023 &nbsp; MEMBRO: Dr. Haeckel Rodrigo Bulcao Da Silva &#8211; Port. 322\/2023 Dra. Mariana Oliveira Santos &#8211; Port. 323\/2023 Dra. N\u00fabia Raissa Assis Martins &#8211; Port. 220\/2024 &nbsp; HIST\u00d3RICO: &nbsp; O N\u00facleo&hellip;","_links":{"self":[{"href":"https:\/\/www.defensoria.se.def.br\/index.php?rest_route=\/wp\/v2\/pages\/38091"}],"collection":[{"href":"https:\/\/www.defensoria.se.def.br\/index.php?rest_route=\/wp\/v2\/pages"}],"about":[{"href":"https:\/\/www.defensoria.se.def.br\/index.php?rest_route=\/wp\/v2\/types\/page"}],"author":[{"embeddable":true,"href":"https:\/\/www.defensoria.se.def.br\/index.php?rest_route=\/wp\/v2\/users\/17"}],"replies":[{"embeddable":true,"href":"https:\/\/www.defensoria.se.def.br\/index.php?rest_route=%2Fwp%2Fv2%2Fcomments&post=38091"}],"version-history":[{"count":12,"href":"https:\/\/www.defensoria.se.def.br\/index.php?rest_route=\/wp\/v2\/pages\/38091\/revisions"}],"predecessor-version":[{"id":49735,"href":"https:\/\/www.defensoria.se.def.br\/index.php?rest_route=\/wp\/v2\/pages\/38091\/revisions\/49735"}],"up":[{"embeddable":true,"href":"https:\/\/www.defensoria.se.def.br\/index.php?rest_route=\/wp\/v2\/pages\/458"}],"wp:attachment":[{"href":"https:\/\/www.defensoria.se.def.br\/index.php?rest_route=%2Fwp%2Fv2%2Fmedia&parent=38091"}],"curies":[{"name":"wp","href":"https:\/\/api.w.org\/{rel}","templated":true}]}}