{"id":44137,"date":"2025-04-28T09:13:24","date_gmt":"2025-04-28T12:13:24","guid":{"rendered":"https:\/\/www.defensoria.se.def.br\/?page_id=44137"},"modified":"2025-11-12T13:14:32","modified_gmt":"2025-11-12T16:14:32","slug":"resolucoes-2025","status":"publish","type":"page","link":"https:\/\/www.defensoria.se.def.br\/?page_id=44137","title":{"rendered":"RESOLU\u00c7\u00d5ES 2025"},"content":{"rendered":"\n<p>&nbsp;<br><\/p>\n\n\n\n<h1 class=\"wp-block-heading has-text-align-center has-ast-global-color-0-color has-text-color has-link-color wp-elements-fd240f20379dc55e011a8f2b4d374c8e\"><strong>2025<\/strong><\/h1>\n\n\n\n<p>&nbsp;<br><\/p>\n\n\n\n<h6 class=\"wp-block-heading has-text-align-center\"><span style=\"color: #007749;\"><strong>CLIQUE<\/strong><strong> NA RESOLU\u00c7\u00c3O PARA EFETUAR O DOWNLOAD:<\/strong><\/span><\/h6>\n\n\n\n<figure class=\"wp-block-table is-style-stripes has-medium-font-size\"><table class=\"has-black-color has-text-color has-link-color has-border-color has-black-border-color\" style=\"border-width:1px\"><tbody><tr><td>Publicado no DOE em 22\/04\/2025<\/td><td class=\"has-text-align-left\" data-align=\"left\"><a href=\"https:\/\/www.defensoria.se.def.br\/wp-content\/uploads\/2025\/04\/RESOLUCAO-N.o-001.2025-NUMECON-1.html\" target=\"_blank\" rel=\"noreferrer noopener\"><strong>RESOLU\u00c7\u00c3O &#8211; N\u00ba 001.2025 &#8211; NUMECON<\/strong><\/a><\/td><\/tr><tr><td>Publicado no DOE em 22\/04\/2025<\/td><td class=\"has-text-align-left\" data-align=\"left\"><a href=\"https:\/\/www.defensoria.se.def.br\/wp-content\/uploads\/2025\/04\/RESOLUCAO-N.o-002.2025-IDOSO-E-DEFICIENTE-1.html\" target=\"_blank\" rel=\"noreferrer noopener\"><strong>RESOLU\u00c7\u00c3O &#8211; N\u00ba 002.2025 &#8211; IDOSO E PESSOA COM DEFICI\u00caNCIA<\/strong><\/a><\/td><\/tr><tr><td>Publicado no DOE em 22\/04\/2025<\/td><td class=\"has-text-align-left\" data-align=\"left\"><a href=\"https:\/\/www.defensoria.se.def.br\/wp-content\/uploads\/2025\/04\/RESOLUCAO-N.o-003.2025-NUCORA-1.html\" target=\"_blank\" rel=\"noreferrer noopener\"><strong>RESOLU\u00c7\u00c3O &#8211; N\u00ba 003.2025 &#8211; NUCORA<\/strong><\/a><\/td><\/tr><tr><td>Publicado no DOE em 22\/04\/2025<\/td><td class=\"has-text-align-left\" data-align=\"left\"><a href=\"https:\/\/www.defensoria.se.def.br\/wp-content\/uploads\/2025\/07\/RESOLUCAO-N.o-004.2025-ITINERANTE-1.htm\" target=\"_blank\" rel=\"noreferrer noopener\"><strong>RESOLU\u00c7\u00c3O &#8211; N\u00ba 004.2025 &#8211; ITINERANTE<\/strong><\/a><\/td><\/tr><tr><td>Publicado no DOE em 22\/04\/2025<\/td><td class=\"has-text-align-left\" data-align=\"left\"><a href=\"https:\/\/www.defensoria.se.def.br\/wp-content\/uploads\/2025\/04\/RESOLUCAO-N.o-005.2025-JUSTICA-RESTAURATIVA-1.html\" target=\"_blank\" rel=\"noreferrer noopener\"><strong>RESOLU\u00c7\u00c3O &#8211; N\u00ba 005.2025 &#8211; JUSTI\u00c7A RESTAURATIVA<\/strong><\/a><\/td><\/tr><tr><td>Publicado no DOE em 16\/07\/2025<\/td><td class=\"has-text-align-left\" data-align=\"left\"><a href=\"https:\/\/www.defensoria.se.def.br\/wp-content\/uploads\/2025\/07\/RESOLUCAO-N.o-006.2025-CONDICOES-ESPECIAIS-DE-TRABALHO-GESTANTES-E-MAES-COM-FILHOS-ATE-1-ANO.html\" target=\"_blank\" rel=\"noreferrer noopener\"><strong>RESOLUCAO &#8211; N\u00ba 006.2025 &#8211; CONDICOES ESPECIAIS DE TRABALHO GESTANTES E MAES COM FILHOS ATE 1 ANO<\/strong><\/a><\/td><\/tr><tr><td>Publicado no DOE em 16\/07\/2025<\/td><td class=\"has-text-align-left\" data-align=\"left\"><a href=\"https:\/\/www.defensoria.se.def.br\/wp-content\/uploads\/2025\/07\/RESOLUCAO-N.o-007.2025-ALTERACAO-DA-RESOLUCAO-N.o-013.2017-ABONO.html\" target=\"_blank\" rel=\"noreferrer noopener\"><strong>RESOLUCAO &#8211; N\u00ba 007.2025 &#8211; ALTERACAO DA RESOLUCAO N\u00ba  013.2017 ABONO<\/strong><\/a><\/td><\/tr><tr><td>Publicado no DOE em 16\/07\/2025<\/td><td class=\"has-text-align-left\" data-align=\"left\"><a href=\"https:\/\/www.defensoria.se.def.br\/wp-content\/uploads\/2025\/07\/RESOLUCAO-N.o-008.2025-ALTERACAO-DA-RESOLUC\u0327A\u0303O-N.o-011.2018-NOSSA-SENHORA-DO-SOCORRO.html\" target=\"_blank\" rel=\"noreferrer noopener\"><strong>RESOLUCAO N\u00ba 008.2025 &#8211; ALTERACAO DA RESOLUC\u0327A\u0303O N\u00ba 011.2018  NOSSA SENHORA DO SOCORRO<\/strong><\/a><\/td><\/tr><tr><td>Publicado no DOE em 21\/08\/2025<\/td><td class=\"has-text-align-left\" data-align=\"left\"><a href=\"https:\/\/www.defensoria.se.def.br\/wp-content\/uploads\/2025\/08\/RESOLUCAO-N.o-009.2025-TRANSFORMACAO-DA-4a-DPE-EM-DPE-DE-GARANTIAS-E-ATRIBUICAO-ANPP.htm\"><strong>RESOLU\u00c7\u00c3O N.\u00ba 009.2025 (TRANSFORMA\u00c7\u00c3O DA 4\u00aa DPE EM DPE DE GARANTIAS E ATRIBUI\u00c7\u00c3O ANPP)<\/strong><\/a><\/td><\/tr><tr><td>Publicado no DOE em 21\/08\/2025<\/td><td class=\"has-text-align-left\" data-align=\"left\"><a href=\"https:\/\/www.defensoria.se.def.br\/wp-content\/uploads\/2025\/08\/RESOLUCA\u0303O-N.o-010.2025-ALTERACAO-DA-RESOLUCAO-N.o-015.2023-NFDAPP.htm\"><strong>RESOLUCA\u0303O N.\u00ba 010.2025 (ALTERA\u00c7\u00c3O DA RESOLU\u00c7\u00c3O N.\u00ba 015.2023 &#8211; NFDAPP)<\/strong><\/a><\/td><\/tr><tr><td>Publicado no DOE em 02\/09\/2025<\/td><td class=\"has-text-align-left\" data-align=\"left\"><a href=\"https:\/\/www.defensoria.se.def.br\/wp-content\/uploads\/2025\/09\/RESOLUCA\u0303O-N.o-011.2025-ALTERA-A-RESOLUCAO-N.o-001.2024-LICENCA-COMPENSATORIA.html\" target=\"_blank\" rel=\"noreferrer noopener\"><strong>RESOLUCA\u0303O N\u00ba  011.2025 ALTERA A RESOLUCAO N\u00ba001.2024 LICENCA COMPENSATORIA<\/strong><\/a><\/td><\/tr><tr><td>Publicado no DOE em 02\/09\/2025<\/td><td class=\"has-text-align-left\" data-align=\"left\"><a href=\"https:\/\/www.defensoria.se.def.br\/wp-content\/uploads\/2025\/09\/RESOLUCA\u0303O-N.o-012.2025-ALTERACAO-DAS-RESOLUCOES-N.o-003.2025-NUCORA-E-N.o-006.2016-EXECUCOES.html\" target=\"_blank\" rel=\"noreferrer noopener\"><strong>RESOLUCA\u0303O N\u00ba 012.2025 ALTERACAO DAS RESOLUCOES N\u00ba  003.2025 NUCORA E N\u00ba 006.2016 EXECU\u00c7\u00d5ES<\/strong><\/a><\/td><\/tr><tr><td>Publicado no DOE em 12\/09\/2025<\/td><td class=\"has-text-align-left\" data-align=\"left\"><a href=\"https:\/\/www.defensoria.se.def.br\/wp-content\/uploads\/2025\/09\/RESOLUCA\u0303O-N.o-013.2025-INSTITUI-A-OBRIGACAO-BIMESTRAL-ENVIO-DE-CERTIDAO-CARTORARIA-PRESOS-PROVISORIOS-1.html\" target=\"_blank\" rel=\"noreferrer noopener\"><strong>RESOLUCA\u0303O N\u00ba 013.2025 INSTITUI A OBRIGACAO BIMESTRAL ENVIO DE CERTIDAO CARTORARIA PRESOS PROVISORIOS<\/strong><\/a><\/td><\/tr><tr><td>Publicado no DOE em 11\/11\/2025<\/td><td class=\"has-text-align-left\" data-align=\"left\"><a href=\"https:\/\/www.defensoria.se.def.br\/wp-content\/uploads\/2025\/11\/RESOLUC\u0327A\u0303O-N.o-014.2025-ALTERA-A-RESOLUC\u0327A\u0303O-N.o-003.2011-ATUALIZAC\u0327A\u0303O-DAS-DIA\u0301RIAS.html\" target=\"_blank\" rel=\"noreferrer noopener\"><strong>RESOLUC\u0327A\u0303O N\u00ba 014.2025 ALTERA A RESOLUC\u0327A\u0303O N\u00ba 003.2011 ATUALIZAC\u0327A\u0303O DAS DIA\u0301RIAS<\/strong><\/a><\/td><\/tr><tr><td>Publicado no DOE em 11\/11\/2025<\/td><td class=\"has-text-align-left\" data-align=\"left\"><a href=\"https:\/\/www.defensoria.se.def.br\/wp-content\/uploads\/2025\/11\/RESOLUC\u0327A\u0303O-N.o-015.2025-ALTERA-A-RESOLUC\u0327A\u0303O-N.o-001.2022-ATUALIZAC\u0327A\u0303O-DO-AUXI\u0301LIO-SAU\u0301DE.html\" target=\"_blank\" rel=\"noreferrer noopener\"><strong>RESOLUC\u0327A\u0303O N\u00ba  015.2025 ALTERA A RESOLUC\u0327A\u0303O N\u00ba 001.2022 ATUALIZAC\u0327A\u0303O DO AUXI\u0301LIO SAU\u0301DE<\/strong><\/a><\/td><\/tr><tr><td>Publicado no DOE em 11\/11\/2025<\/td><td class=\"has-text-align-left\" data-align=\"left\"><a href=\"https:\/\/www.defensoria.se.def.br\/wp-content\/uploads\/2025\/11\/RESOLUCAO-N.o-016.2025-ALTERA-A-RESOLUCAO-N.o-002.2022-ATUALIZACAO-DO-AUXILIO-ALIMENTACAO.html\" target=\"_blank\" rel=\"noreferrer noopener\"><strong>RESOLUC\u00c3O N\u00ba 016.2025 ALTERA A RESOLUC\u00c3O N\u00ba 002.2022 ATUALIZACAO DO AUXILIO ALIMENTACAO<\/strong><\/a><\/td><\/tr><tr><td>Publicado no DOE em 11\/11\/2025<\/td><td class=\"has-text-align-left\" data-align=\"left\"><a href=\"https:\/\/www.defensoria.se.def.br\/wp-content\/uploads\/2025\/11\/RESOLUCAO-N.o-017.2025-ALTERA-A-RESOLUCAO-N.o-016.2023-ESTAGIO.html\" target=\"_blank\" rel=\"noreferrer noopener\"><strong>RESOLUCAO N\u00ba 017.2025 ALTERA A RESOLUCAO N\u00ba 016.202 ESTAGIO<\/strong><\/a><\/td><\/tr><tr><td>Publicado no DOE em 11\/11\/2025<\/td><td class=\"has-text-align-left\" data-align=\"left\"><a href=\"https:\/\/www.defensoria.se.def.br\/wp-content\/uploads\/2025\/11\/RESOLUCAO-N.o-019.2025-ALTERACAO-DO-REGIMENTO-INTERNO-DO-CONSELHO-SUPERIOR.html\" target=\"_blank\" rel=\"noreferrer noopener\"><strong>RESOLUCAO N\u00ba 019.2025 ALTERACAO DO REGIMENTO INTERNO DO CONSELHO SUPERIOR<\/strong><\/a><\/td><\/tr><\/tbody><\/table><\/figure>\n\n\n\n<p>&nbsp;<br><\/p>\n\n\n\n<p>&nbsp;<br><\/p>\n\n\n\n<p>&nbsp;<\/p>\n","protected":false},"excerpt":{"rendered":"<p>&nbsp; 2025 &nbsp; CLIQUE NA RESOLU\u00c7\u00c3O PARA EFETUAR O DOWNLOAD: Publicado no DOE em 22\/04\/2025 RESOLU\u00c7\u00c3O &#8211; N\u00ba 001.2025 &#8211; NUMECON Publicado no DOE em 22\/04\/2025 RESOLU\u00c7\u00c3O &#8211; N\u00ba 002.2025 &#8211; IDOSO E PESSOA COM DEFICI\u00caNCIA Publicado no DOE em 22\/04\/2025 RESOLU\u00c7\u00c3O &#8211; N\u00ba 003.2025 &#8211; NUCORA Publicado no DOE em 22\/04\/2025 RESOLU\u00c7\u00c3O &#8211; N\u00ba &hellip;<\/p>\n<p class=\"read-more\"> <a class=\"\" href=\"https:\/\/www.defensoria.se.def.br\/?page_id=44137\"> <span class=\"screen-reader-text\">RESOLU\u00c7\u00d5ES 2025<\/span> Read More &raquo;<\/a><\/p>\n","protected":false},"author":17,"featured_media":0,"parent":356,"menu_order":0,"comment_status":"closed","ping_status":"closed","template":"","meta":{"_eb_attr":"","_uag_custom_page_level_css":"","site-sidebar-layout":"default","site-content-layout":"","ast-site-content-layout":"","site-content-style":"default","site-sidebar-style":"default","ast-global-header-display":"","ast-banner-title-visibility":"","ast-main-header-display":"","ast-hfb-above-header-display":"","ast-hfb-below-header-display":"","ast-hfb-mobile-header-display":"","site-post-title":"","ast-breadcrumbs-content":"","ast-featured-img":"","footer-sml-layout":"","theme-transparent-header-meta":"","adv-header-id-meta":"","stick-header-meta":"","header-above-stick-meta":"","header-main-stick-meta":"","header-below-stick-meta":"","astra-migrate-meta-layouts":"","footnotes":""},"class_list":["post-44137","page","type-page","status-publish","hentry"],"uagb_featured_image_src":{"full":false,"thumbnail":false,"medium":false,"medium_large":false,"large":false,"1536x1536":false,"2048x2048":false},"uagb_author_info":{"display_name":"Sillas Muritiba","author_link":"https:\/\/www.defensoria.se.def.br\/?author=17"},"uagb_comment_info":0,"uagb_excerpt":"&nbsp; 2025 &nbsp; CLIQUE NA RESOLU\u00c7\u00c3O PARA EFETUAR O DOWNLOAD: Publicado no DOE em 22\/04\/2025 RESOLU\u00c7\u00c3O &#8211; N\u00ba 001.2025 &#8211; NUMECON Publicado no DOE em 22\/04\/2025 RESOLU\u00c7\u00c3O &#8211; N\u00ba 002.2025 &#8211; IDOSO E PESSOA COM DEFICI\u00caNCIA Publicado no DOE em 22\/04\/2025 RESOLU\u00c7\u00c3O &#8211; N\u00ba 003.2025 &#8211; NUCORA Publicado no DOE em 22\/04\/2025 RESOLU\u00c7\u00c3O &#8211; N\u00ba&hellip;","_links":{"self":[{"href":"https:\/\/www.defensoria.se.def.br\/index.php?rest_route=\/wp\/v2\/pages\/44137"}],"collection":[{"href":"https:\/\/www.defensoria.se.def.br\/index.php?rest_route=\/wp\/v2\/pages"}],"about":[{"href":"https:\/\/www.defensoria.se.def.br\/index.php?rest_route=\/wp\/v2\/types\/page"}],"author":[{"embeddable":true,"href":"https:\/\/www.defensoria.se.def.br\/index.php?rest_route=\/wp\/v2\/users\/17"}],"replies":[{"embeddable":true,"href":"https:\/\/www.defensoria.se.def.br\/index.php?rest_route=%2Fwp%2Fv2%2Fcomments&post=44137"}],"version-history":[{"count":27,"href":"https:\/\/www.defensoria.se.def.br\/index.php?rest_route=\/wp\/v2\/pages\/44137\/revisions"}],"predecessor-version":[{"id":48544,"href":"https:\/\/www.defensoria.se.def.br\/index.php?rest_route=\/wp\/v2\/pages\/44137\/revisions\/48544"}],"up":[{"embeddable":true,"href":"https:\/\/www.defensoria.se.def.br\/index.php?rest_route=\/wp\/v2\/pages\/356"}],"wp:attachment":[{"href":"https:\/\/www.defensoria.se.def.br\/index.php?rest_route=%2Fwp%2Fv2%2Fmedia&parent=44137"}],"curies":[{"name":"wp","href":"https:\/\/api.w.org\/{rel}","templated":true}]}}