{"id":44233,"date":"2025-05-07T13:58:39","date_gmt":"2025-05-07T16:58:39","guid":{"rendered":"https:\/\/www.defensoria.se.def.br\/?page_id=44233"},"modified":"2026-02-27T09:05:32","modified_gmt":"2026-02-27T12:05:32","slug":"numecon","status":"publish","type":"page","link":"https:\/\/www.defensoria.se.def.br\/?page_id=44233","title":{"rendered":"NUMECON"},"content":{"rendered":"\n<p class=\"has-text-align-center\"><br><\/p>\n\n\n\n<h1 class=\"wp-block-heading has-text-align-center has-ast-global-color-0-color has-text-color has-link-color wp-elements-9224b1c5102d1d8da7d16606931b7ec3\">N\u00facleo de Media\u00e7\u00e3o e Concilia\u00e7\u00e3o <\/h1>\n\n\n\n<p class=\"has-text-align-center\">Resolu\u00e7\u00e3o N\u00ba 001\/2025<\/p>\n\n\n\n<p class=\"has-text-align-left\"><span style=\"color: #007749;\"><strong>DIRETOR:<\/strong><\/span><\/p>\n\n\n\n<p><strong>Dra. Isabelle Silva Peixoto Barbosa<\/strong> &#8211; Portaria n\u00ba273.2025<\/p>\n\n\n\n<p class=\"has-text-align-left\"><span style=\"color: #007749;\"><strong>MEMBROS:<\/strong><\/span><\/p>\n\n\n\n<p>Dra. Glaucia Amelia Silveira Andrade &#8211; Portaria n\u00ba 274\/2025<\/p>\n\n\n\n<p class=\"has-text-align-left\"><span style=\"color: #007749;\"><strong>HIST\u00d3RIA:<\/strong><\/span><\/p>\n\n\n\n<p><strong>Art. 4\u00b0<\/strong> &#8211; S\u00e3o atribui\u00e7\u00f5es dos Defensores que integram o NUMECON:<\/p>\n\n\n\n<p><strong>I<\/strong> &#8211; Realizar atendimentos e prestar orienta\u00e7\u00e3o jur\u00eddica, quando poss\u00edvel, atuar como mediador ou conciliador na solu\u00e7\u00e3o extrajudicial de conflitos de interesses, reduzindo a termo os acordos celebrados;<\/p>\n\n\n\n<p><strong>II<\/strong> &#8211; Observar as regras e t\u00e9cnicas concernentes aos procedimentos de media\u00e7\u00e3o e concilia\u00e7\u00e3o no exerc\u00edcio do seu mister;<\/p>\n\n\n\n<p><strong>III <\/strong>&#8211; Manter conduta respeitosa e urbana perante os assistidos e atentar aos direitos dos mesmos, inclusive os previstos no art. 5\u00ba da Lei Complementar Estadual n.\u00ba 183\/2010;<\/p>\n\n\n\n<p><strong>IV <\/strong>&#8211; Garantir a confidenciabilidade dos procedimentos de media\u00e7\u00e3o e concilia\u00e7\u00e3o;<\/p>\n\n\n\n<p><strong>V<\/strong> &#8211; Buscar restabelecer a comunica\u00e7\u00e3o entre os envolvidos no conflito, visando a harmonia das rela\u00e7\u00f5es futuras;<\/p>\n\n\n\n<p><strong>VI<\/strong> &#8211; Fomentar o acordo que seja mutuamente satisfat\u00f3rio.<\/p>\n\n\n\n<p><strong>VII<\/strong> &#8211; Fomentar o uso dos meios extrajudiciais adequados de resolu\u00e7\u00f5es de conflitos, especialmente a media\u00e7\u00e3o e a concilia\u00e7\u00e3o, entre os Defensores P\u00fablicos do Estado de Sergipe;<\/p>\n\n\n\n<p><strong>VIII<\/strong> &#8211; Realizar visitas t\u00e9cnicas a \u00f3rg\u00e3os e entidades p\u00fablicos, como tamb\u00e9m privados, que desenvolvem a tem\u00e1tica;<\/p>\n\n\n\n<p><strong>IX<\/strong> &#8211; Informar e conscientizar a popula\u00e7\u00e3o a respeito do direito ao acesso \u00e0 solu\u00e7\u00e3o de conflitos atrav\u00e9s da auto-composi\u00e7\u00e3o;<\/p>\n\n\n\n<p><strong>Art. 5\u00ba<\/strong> &#8211; S\u00e3o atribui\u00e7\u00f5es do Diretor do NUMECON:<\/p>\n\n\n\n<p><strong>I <\/strong>&#8211; Coordenar o planejamento e orientar as atividades desenvolvidas pelo N\u00facleo, bem como realizar a divis\u00e3o equ\u00e2nime dos trabalhos;<\/p>\n\n\n\n<p><strong>II<\/strong> &#8211; Remeter, bimestralmente, \u00e0 Corregedoria-Geral, relat\u00f3rio das atividades do N\u00facleo, contendo os dados requisitados por aquele \u00f3rg\u00e3o;<\/p>\n\n\n\n<p><strong>III <\/strong>&#8211; Representar a Central de Concilia\u00e7\u00e3o e Media\u00e7\u00e3o perante o Defensor P\u00fablico-Geral, os Poderes Judici\u00e1rio, Legislativo e Executivo, \u00f3rg\u00e3os da Administra\u00e7\u00e3o P\u00fablica em Geral e Entidades Privadas;<\/p>\n\n\n\n<p><strong>IV<\/strong> &#8211; Convocar Defensor P\u00fablico integrante e demais membros da equipe para reuni\u00f5es peri\u00f3dicas ou extraordin\u00e1rias, a fim de tratar de temas relevantes a respeito de media\u00e7\u00e3o e concilia\u00e7\u00e3o;<\/p>\n\n\n\n<p><strong>V<\/strong> &#8211; Propor ao Defensor P\u00fablico-Geral a celebra\u00e7\u00e3o de conv\u00eanios com institui\u00e7\u00f5es, \u00f3rg\u00e3os e entidades, para o atendimento das atribui\u00e7\u00f5es e finalidades do NUMEC;<\/p>\n\n\n\n<p><strong>VI<\/strong> &#8211; Providenciar o aparelhamento do NUMECON com materiais e recursos indispens\u00e1veis ao seu pleno funcionamento;<\/p>\n\n\n\n<p><strong>VII<\/strong> &#8211; Expedir regulamentos, dentro do \u00e2mbito do NUMECON, para estruturar a atividade administrativa do \u00f3rg\u00e3o;<\/p>\n\n\n\n<p><strong>VIII<\/strong> &#8211; Supervisionar a atua\u00e7\u00e3o da equipe que comp\u00f5e o NUMECON;<\/p>\n\n\n\n<p><strong>IX<\/strong> &#8211; Encaminhar ao Defensor P\u00fablico-Geral e\/ou ao Conselho Superior da Institui\u00e7\u00e3o propostas de elabora\u00e7\u00e3o, revis\u00e3o e atualiza\u00e7\u00e3o legislativa nas mat\u00e9rias afetas ao NUMECON.<\/p>\n\n\n\n<p><strong>X<\/strong> &#8211; Exercer, al\u00e9m das atribui\u00e7\u00f5es previstas neste artigo, todas as demais pertinentes ao membro integrante.<\/p>\n\n\n\n<p>&nbsp;<br><br><\/p>\n\n\n","protected":false},"excerpt":{"rendered":"<p>N\u00facleo de Media\u00e7\u00e3o e Concilia\u00e7\u00e3o Resolu\u00e7\u00e3o N\u00ba 001\/2025 DIRETOR: Dra. Isabelle Silva Peixoto Barbosa &#8211; Portaria n\u00ba273.2025 MEMBROS: Dra. Glaucia Amelia Silveira Andrade &#8211; Portaria n\u00ba 274\/2025 HIST\u00d3RIA: Art. 4\u00b0 &#8211; S\u00e3o atribui\u00e7\u00f5es dos Defensores que integram o NUMECON: I &#8211; Realizar atendimentos e prestar orienta\u00e7\u00e3o jur\u00eddica, quando poss\u00edvel, atuar como mediador ou conciliador na &hellip;<\/p>\n<p class=\"read-more\"> <a class=\"\" href=\"https:\/\/www.defensoria.se.def.br\/?page_id=44233\"> <span class=\"screen-reader-text\">NUMECON<\/span> Read More &raquo;<\/a><\/p>\n","protected":false},"author":17,"featured_media":0,"parent":12208,"menu_order":0,"comment_status":"closed","ping_status":"closed","template":"","meta":{"_eb_attr":"","_uag_custom_page_level_css":"","site-sidebar-layout":"default","site-content-layout":"","ast-site-content-layout":"","site-content-style":"default","site-sidebar-style":"default","ast-global-header-display":"","ast-banner-title-visibility":"","ast-main-header-display":"","ast-hfb-above-header-display":"","ast-hfb-below-header-display":"","ast-hfb-mobile-header-display":"","site-post-title":"","ast-breadcrumbs-content":"","ast-featured-img":"","footer-sml-layout":"","theme-transparent-header-meta":"","adv-header-id-meta":"","stick-header-meta":"","header-above-stick-meta":"","header-main-stick-meta":"","header-below-stick-meta":"","astra-migrate-meta-layouts":"","footnotes":""},"class_list":["post-44233","page","type-page","status-publish","hentry"],"uagb_featured_image_src":{"full":false,"thumbnail":false,"medium":false,"medium_large":false,"large":false,"1536x1536":false,"2048x2048":false},"uagb_author_info":{"display_name":"Sillas Muritiba","author_link":"https:\/\/www.defensoria.se.def.br\/?author=17"},"uagb_comment_info":0,"uagb_excerpt":"N\u00facleo de Media\u00e7\u00e3o e Concilia\u00e7\u00e3o Resolu\u00e7\u00e3o N\u00ba 001\/2025 DIRETOR: Dra. Isabelle Silva Peixoto Barbosa &#8211; Portaria n\u00ba273.2025 MEMBROS: Dra. Glaucia Amelia Silveira Andrade &#8211; Portaria n\u00ba 274\/2025 HIST\u00d3RIA: Art. 4\u00b0 &#8211; S\u00e3o atribui\u00e7\u00f5es dos Defensores que integram o NUMECON: I &#8211; Realizar atendimentos e prestar orienta\u00e7\u00e3o jur\u00eddica, quando poss\u00edvel, atuar como mediador ou conciliador na&hellip;","_links":{"self":[{"href":"https:\/\/www.defensoria.se.def.br\/index.php?rest_route=\/wp\/v2\/pages\/44233"}],"collection":[{"href":"https:\/\/www.defensoria.se.def.br\/index.php?rest_route=\/wp\/v2\/pages"}],"about":[{"href":"https:\/\/www.defensoria.se.def.br\/index.php?rest_route=\/wp\/v2\/types\/page"}],"author":[{"embeddable":true,"href":"https:\/\/www.defensoria.se.def.br\/index.php?rest_route=\/wp\/v2\/users\/17"}],"replies":[{"embeddable":true,"href":"https:\/\/www.defensoria.se.def.br\/index.php?rest_route=%2Fwp%2Fv2%2Fcomments&post=44233"}],"version-history":[{"count":4,"href":"https:\/\/www.defensoria.se.def.br\/index.php?rest_route=\/wp\/v2\/pages\/44233\/revisions"}],"predecessor-version":[{"id":49737,"href":"https:\/\/www.defensoria.se.def.br\/index.php?rest_route=\/wp\/v2\/pages\/44233\/revisions\/49737"}],"up":[{"embeddable":true,"href":"https:\/\/www.defensoria.se.def.br\/index.php?rest_route=\/wp\/v2\/pages\/12208"}],"wp:attachment":[{"href":"https:\/\/www.defensoria.se.def.br\/index.php?rest_route=%2Fwp%2Fv2%2Fmedia&parent=44233"}],"curies":[{"name":"wp","href":"https:\/\/api.w.org\/{rel}","templated":true}]}}