{"id":44238,"date":"2025-05-07T14:11:39","date_gmt":"2025-05-07T17:11:39","guid":{"rendered":"https:\/\/www.defensoria.se.def.br\/?page_id=44238"},"modified":"2026-02-27T09:23:05","modified_gmt":"2026-02-27T12:23:05","slug":"idoso-e-deficiente","status":"publish","type":"page","link":"https:\/\/www.defensoria.se.def.br\/?page_id=44238","title":{"rendered":"Idoso e Deficiente"},"content":{"rendered":"\n<p class=\"has-text-align-center\"><br><\/p>\n\n\n\n<h1 class=\"wp-block-heading has-text-align-center has-ast-global-color-0-color has-text-color has-link-color wp-elements-c56ee53d854da15c05a98539e8ba9c80\">N\u00facleo Especializado em Direitos da Pessoa Idosa e da Pessoa com Defici\u00eancia<\/h1>\n\n\n\n<p class=\"has-text-align-center\"><strong>Resolu\u00e7\u00e3o N\u00ba 002\/2025<\/strong><\/p>\n\n\n\n<p class=\"has-text-align-left\"><span style=\"color: #007749;\"><strong>DIRETOR:<\/strong><\/span><\/p>\n\n\n\n<p><strong>Dra. Natalie Brito Martins Paim<\/strong> &#8211; Portaria n\u00ba279.2025<\/p>\n\n\n\n<p class=\"has-text-align-left\"><span style=\"color: #007749;\"><strong>MEMBROS:<\/strong><\/span><\/p>\n\n\n\n<p>Dr.\u00a0Luiz Henrique De Castro Heusi &#8211; Portaria n\u00ba280.2025<\/p>\n\n\n\n<p>Dra.\u00a0Fabiana Mesquita Bacchi &#8211; Portaria n\u00ba281.2025<\/p>\n\n\n\n<p>Dra.Ithaiara Carvalho Lima &#8211; Portaria n\u00ba282.2025<\/p>\n\n\n\n<p class=\"has-text-align-left\"><span style=\"color: #007749;\"><strong>HIST\u00d3RIA:<\/strong><\/span><\/p>\n\n\n\n<p class=\"has-text-align-left has-text-align-center\"><strong>Art. 4\u00ba<\/strong> &#8211; <strong>S\u00e3o atribui\u00e7\u00f5es da Diretoria do N\u00facleo Especializado em Direitos da Pessoa Idosa e da Pessoa com Defici\u00eancia:<\/strong><\/p>\n\n\n\n<p><strong>I <\/strong>&#8211; Coordenar o planejamento e orientar as atividades desenvolvidas pelo N\u00facleo, bem como realizar a divis\u00e3o equ\u00e2nime dos trabalhos;<\/p>\n\n\n\n<p><strong>II<\/strong> &#8211; Apresentar at\u00e9 o dia \u00faltimo dia \u00fatil do m\u00eas de novembro o planejamento estrat\u00e9gico do N\u00facleo para o ano subsequente;<\/p>\n\n\n\n<p><strong>III<\/strong> &#8211; Remeter, bimestralmente, \u00e0 Corregedoria-Geral, relat\u00f3rio das atividades do N\u00facleo, contendo os dados requisitados por aquele \u00f3rg\u00e3o;<\/p>\n\n\n\n<p><strong>IV<\/strong> &#8211; Prestar orienta\u00e7\u00e3o aos demais \u00f3rg\u00e3os de atua\u00e7\u00e3o e execu\u00e7\u00e3o da DPE, no que for pertinente \u00e0s suas atribui\u00e7\u00f5es;<\/p>\n\n\n\n<p><strong>V<\/strong> &#8211; Expedir circulares, of\u00edcios e outros atos visando \u00e0 organiza\u00e7\u00e3o e ao funcionamento do N\u00facleo, tais como: o estabelecimento de metas de trabalho, a confec\u00e7\u00e3o de escalas de plant\u00e3o dos membros do N\u00facleo, a elabora\u00e7\u00e3o de relat\u00f3rios, a promo\u00e7\u00e3o de reuni\u00f5es e a coordena\u00e7\u00e3o de servidores e estagi\u00e1rios;<\/p>\n\n\n\n<p><strong>VI<\/strong> &#8211; Exercer as fun\u00e7\u00f5es especiais que lhe forem delegadas pela Defensoria P\u00fablica-Geral do Estado;<\/p>\n\n\n\n<p><strong>VII<\/strong> &#8211; Exercer, al\u00e9m das atribui\u00e7\u00f5es previstas neste artigo, todas as demais pertinentes ao membro assessor.<\/p>\n\n\n\n<p><strong>Art. 5\u00ba &#8211; S\u00e3o atribui\u00e7\u00f5es dos membros do N\u00facleo Especializado em Direitos da Pessoa Idosa e da Pessoa com Defici\u00eancia:<\/strong><\/p>\n\n\n\n<p><strong>I <\/strong>&#8211; Prestar orienta\u00e7\u00e3o jur\u00eddica \u00e0 popula\u00e7\u00e3o, mediante atendimento ao p\u00fablico e realizar audi\u00eancias p\u00fablicas, no \u00e2mbito de suas atribui\u00e7\u00f5es;<\/p>\n\n\n\n<p><strong>II<\/strong> &#8211; Informar e conscientizar a sociedade, por interm\u00e9dio dos diferentes meios de comunica\u00e7\u00e3o, atrav\u00e9s da Coordenadoria de Comunica\u00e7\u00e3o da Defensoria P\u00fablica, a respeito dos direitos e garantias referentes \u00e0s atribui\u00e7\u00f5es do n\u00facleo;<\/p>\n\n\n\n<p><strong>III<\/strong> &#8211; Coletar e organizar dados relativos \u00e0 viola\u00e7\u00e3o dos direitos dos idosos e pessoas com defici\u00eancia no Estado de Sergipe, bem como promover ou realizar pesquisas sobre as causas de viola\u00e7\u00e3o desses direitos para subsidiar a proposi\u00e7\u00e3o de medidas extrajudiciais e judiciais;<\/p>\n\n\n\n<p><strong>IV<\/strong> &#8211; Compilar e remeter informa\u00e7\u00f5es t\u00e9cnico-jur\u00eddicas aos Defensores P\u00fablicos, sobre assuntos gerais ligados aos direitos do idoso e da pessoa com defici\u00eancia;<\/p>\n\n\n\n<p><strong>V<\/strong> &#8211; Propor medidas e a\u00e7\u00f5es individuais e coletivas relativa \u00e0s mat\u00e9rias de sua atribui\u00e7\u00e3o;<\/p>\n\n\n\n<p><strong>VI<\/strong> &#8211; Realizar e manter interc\u00e2mbio e coopera\u00e7\u00e3o com entidades e \u00f3rg\u00e3os, p\u00fablicos ou privados, nacionais ou internacionais, de defesa dos direitos dos idosos e pessoas com defici\u00eancia;<\/p>\n\n\n\n<p><strong>VII<\/strong> &#8211; Promover a visibilidade e representa\u00e7\u00e3o institucional por meio de realiza\u00e7\u00e3o e participa\u00e7\u00e3o em eventos, solenidades e demais demandas da sociedade civil alusivas aos direitos dos idosos e pessoas com defici\u00eancia, em especial em datas comemorativas ligadas aos temas;<\/p>\n\n\n\n<p><strong>VIII<\/strong> \u2013 Editar cartilhas e informativos com not\u00edcias atualizadas, destinados \u00e0 educa\u00e7\u00e3o da popula\u00e7\u00e3o em direitos;<\/p>\n\n\n\n<p><strong>IX<\/strong> \u2013 Acionar as Cortes Internacionais, nas causas relacionadas a direitos da pessoa idosa e da pessoa com defici\u00eancia;<\/p>\n\n\n\n<p class=\"has-text-align-center\">&nbsp;<\/p>\n","protected":false},"excerpt":{"rendered":"<p>N\u00facleo Especializado em Direitos da Pessoa Idosa e da Pessoa com Defici\u00eancia Resolu\u00e7\u00e3o N\u00ba 002\/2025 DIRETOR: Dra. Natalie Brito Martins Paim &#8211; Portaria n\u00ba279.2025 MEMBROS: Dr.\u00a0Luiz Henrique De Castro Heusi &#8211; Portaria n\u00ba280.2025 Dra.\u00a0Fabiana Mesquita Bacchi &#8211; Portaria n\u00ba281.2025 Dra.Ithaiara Carvalho Lima &#8211; Portaria n\u00ba282.2025 HIST\u00d3RIA: Art. 4\u00ba &#8211; S\u00e3o atribui\u00e7\u00f5es da Diretoria do N\u00facleo &hellip;<\/p>\n<p class=\"read-more\"> <a class=\"\" href=\"https:\/\/www.defensoria.se.def.br\/?page_id=44238\"> <span class=\"screen-reader-text\">Idoso e Deficiente<\/span> Read More &raquo;<\/a><\/p>\n","protected":false},"author":17,"featured_media":0,"parent":12208,"menu_order":0,"comment_status":"closed","ping_status":"closed","template":"","meta":{"_eb_attr":"","_uag_custom_page_level_css":"","site-sidebar-layout":"default","site-content-layout":"","ast-site-content-layout":"","site-content-style":"default","site-sidebar-style":"default","ast-global-header-display":"","ast-banner-title-visibility":"","ast-main-header-display":"","ast-hfb-above-header-display":"","ast-hfb-below-header-display":"","ast-hfb-mobile-header-display":"","site-post-title":"","ast-breadcrumbs-content":"","ast-featured-img":"","footer-sml-layout":"","theme-transparent-header-meta":"","adv-header-id-meta":"","stick-header-meta":"","header-above-stick-meta":"","header-main-stick-meta":"","header-below-stick-meta":"","astra-migrate-meta-layouts":"","footnotes":""},"class_list":["post-44238","page","type-page","status-publish","hentry"],"uagb_featured_image_src":{"full":false,"thumbnail":false,"medium":false,"medium_large":false,"large":false,"1536x1536":false,"2048x2048":false},"uagb_author_info":{"display_name":"Sillas Muritiba","author_link":"https:\/\/www.defensoria.se.def.br\/?author=17"},"uagb_comment_info":0,"uagb_excerpt":"N\u00facleo Especializado em Direitos da Pessoa Idosa e da Pessoa com Defici\u00eancia Resolu\u00e7\u00e3o N\u00ba 002\/2025 DIRETOR: Dra. Natalie Brito Martins Paim &#8211; Portaria n\u00ba279.2025 MEMBROS: Dr.\u00a0Luiz Henrique De Castro Heusi &#8211; Portaria n\u00ba280.2025 Dra.\u00a0Fabiana Mesquita Bacchi &#8211; Portaria n\u00ba281.2025 Dra.Ithaiara Carvalho Lima &#8211; Portaria n\u00ba282.2025 HIST\u00d3RIA: Art. 4\u00ba &#8211; S\u00e3o atribui\u00e7\u00f5es da Diretoria do N\u00facleo&hellip;","_links":{"self":[{"href":"https:\/\/www.defensoria.se.def.br\/index.php?rest_route=\/wp\/v2\/pages\/44238"}],"collection":[{"href":"https:\/\/www.defensoria.se.def.br\/index.php?rest_route=\/wp\/v2\/pages"}],"about":[{"href":"https:\/\/www.defensoria.se.def.br\/index.php?rest_route=\/wp\/v2\/types\/page"}],"author":[{"embeddable":true,"href":"https:\/\/www.defensoria.se.def.br\/index.php?rest_route=\/wp\/v2\/users\/17"}],"replies":[{"embeddable":true,"href":"https:\/\/www.defensoria.se.def.br\/index.php?rest_route=%2Fwp%2Fv2%2Fcomments&post=44238"}],"version-history":[{"count":3,"href":"https:\/\/www.defensoria.se.def.br\/index.php?rest_route=\/wp\/v2\/pages\/44238\/revisions"}],"predecessor-version":[{"id":49743,"href":"https:\/\/www.defensoria.se.def.br\/index.php?rest_route=\/wp\/v2\/pages\/44238\/revisions\/49743"}],"up":[{"embeddable":true,"href":"https:\/\/www.defensoria.se.def.br\/index.php?rest_route=\/wp\/v2\/pages\/12208"}],"wp:attachment":[{"href":"https:\/\/www.defensoria.se.def.br\/index.php?rest_route=%2Fwp%2Fv2%2Fmedia&parent=44238"}],"curies":[{"name":"wp","href":"https:\/\/api.w.org\/{rel}","templated":true}]}}