{"id":44241,"date":"2025-05-07T14:30:11","date_gmt":"2025-05-07T17:30:11","guid":{"rendered":"https:\/\/www.defensoria.se.def.br\/?page_id=44241"},"modified":"2025-05-07T15:07:46","modified_gmt":"2025-05-07T18:07:46","slug":"nucora","status":"publish","type":"page","link":"https:\/\/www.defensoria.se.def.br\/?page_id=44241","title":{"rendered":"NUCORA"},"content":{"rendered":"\n<p class=\"has-text-align-center\"><br><\/p>\n\n\n\n<h1 class=\"wp-block-heading has-text-align-center has-ast-global-color-0-color has-text-color has-link-color wp-elements-e5d4ea206247f93348a8014749a6d786\">N\u00facleo de Combate ao Racismo e \u00e0 Discrimina\u00e7\u00e3o \u00c9tnico-Racial &#8211; NUCORA<\/h1>\n\n\n\n<p class=\"has-text-align-center\"><strong>Resolu\u00e7\u00e3o N\u00ba 003\/2025<\/strong><\/p>\n\n\n\n<p class=\"has-text-align-left\"><span style=\"color: #007749;\"><strong>DIRETOR:<\/strong><\/span><\/p>\n\n\n\n<p>Dra.\u00a0Janara Pereira Cesar Santos<\/p>\n\n\n\n<p class=\"has-text-align-left\"><span style=\"color: #007749;\"><strong>MEMBROS:<\/strong><\/span><\/p>\n\n\n\n<p>Dra.\u00a0Carla Caroline De Oliveira Silva<\/p>\n\n\n\n<p>Dr.\u00a0Danilo Dos Santos Oliveira<\/p>\n\n\n\n<p class=\"has-text-align-left\"><span style=\"color: #007749;\"><strong>HIST\u00d3RIA:<\/strong><\/span><\/p>\n\n\n\n<p><strong>Art. 4\u00ba &#8211; S\u00e3o atribui\u00e7\u00f5es da Diretoria do NUCORA:<\/strong><\/p>\n\n\n\n<p><strong>I<\/strong> &#8211; Coordenar o planejamento e orientar as atividades desenvolvidas pelo N\u00facleo, bem como realizar a divis\u00e3o equ\u00e2nime dos trabalhos;<\/p>\n\n\n\n<p><strong>II<\/strong> &#8211; Apresentar at\u00e9 o dia \u00faltimo dia \u00fatil do m\u00eas de novembro o planejamento estrat\u00e9gico do N\u00facleo para o ano subsequente;<\/p>\n\n\n\n<p><strong>III<\/strong> &#8211; Remeter, bimestralmente, \u00e0 Corregedoria-Geral, relat\u00f3rio das atividades do N\u00facleo, contendo os dados requisitados por aquele \u00f3rg\u00e3o;<\/p>\n\n\n\n<p><strong>IV<\/strong> &#8211; Prestar orienta\u00e7\u00e3o aos demais \u00f3rg\u00e3os de atua\u00e7\u00e3o e execu\u00e7\u00e3o da DPE, no que for pertinente \u00e0s suas atribui\u00e7\u00f5es;<\/p>\n\n\n\n<p><strong>V<\/strong> &#8211; Expedir circulares, of\u00edcios e outros atos visando \u00e0 organiza\u00e7\u00e3o e ao funcionamento do N\u00facleo, tais como: o estabelecimento de metas de trabalho, a confec\u00e7\u00e3o de escalas de plant\u00e3o dos membros do N\u00facleo, a elabora\u00e7\u00e3o de relat\u00f3rios, a promo\u00e7\u00e3o de reuni\u00f5es e a coordena\u00e7\u00e3o de servidores e estagi\u00e1rios;<\/p>\n\n\n\n<p><strong>VI<\/strong> &#8211; Exercer as fun\u00e7\u00f5es especiais que lhe forem delegadas pela Defensoria P\u00fablica-Geral do Estado;<\/p>\n\n\n\n<p><strong>VII<\/strong> &#8211; Exercer, al\u00e9m das atribui\u00e7\u00f5es previstas neste artigo, todas as demais pertinentes ao membro assessor.<\/p>\n\n\n\n<p><strong>Art. 5\u00ba &#8211; S\u00e3o atribui\u00e7\u00f5es dos membros do NUCORA:<\/strong><\/p>\n\n\n\n<p><strong>I<\/strong> &#8211; Desenvolver a\u00e7\u00f5es destinadas \u00e0 valoriza\u00e7\u00e3o da igualdade \u00e9tnico-racial;<\/p>\n\n\n\n<p><strong>II<\/strong> \u2013 Fomentar a articula\u00e7\u00e3o com \u00f3rg\u00e3os, institui\u00e7\u00f5es p\u00fablicas e sociedade civil, visando ao aperfei\u00e7oamento dos mecanismos de prote\u00e7\u00e3o e promo\u00e7\u00e3o dos direitos \u00e9tnico-raciais;<\/p>\n\n\n\n<p><strong>III<\/strong> &#8211; Acompanhar a formula\u00e7\u00e3o e implementa\u00e7\u00e3o de pol\u00edticas p\u00fablicas para o enfrentamento das desigualdades \u00e9tnico-raciais no Estado de Sergipe;<\/p>\n\n\n\n<p><strong>IV<\/strong> \u2013 Realizar atendimento especializado atinente a quest\u00f5es \u00e9tnicas e combate ao racismo estrutural, institucional e interpessoal;<\/p>\n\n\n\n<p><strong>V<\/strong> \u2013 Estimular a\u00e7\u00f5es que visem ao planejamento e monitoramento das pol\u00edticas p\u00fablicas antirracistas de acesso \u00e0 justi\u00e7a;<\/p>\n\n\n\n<p><strong>VI<\/strong> &#8211; Propor medidas e a\u00e7\u00f5es individuais ou coletivas relativas \u00e0s mat\u00e9rias de sua atribui\u00e7\u00e3o;<\/p>\n\n\n\n<p><strong>VII<\/strong> &#8211; Prestar orienta\u00e7\u00e3o jur\u00eddica \u00e0 popula\u00e7\u00e3o, mediante atendimento ao p\u00fablico e a realiza\u00e7\u00e3o de audi\u00eancias p\u00fablicas, no \u00e2mbito de suas atribui\u00e7\u00f5es;<\/p>\n\n\n\n<p><strong>VIII<\/strong> &#8211; Editar cartilhas e informativos com not\u00edcias atualizadas, destinados \u00e0 educa\u00e7\u00e3o da popula\u00e7\u00e3o em direitos;<\/p>\n\n\n\n<p><strong>IX<\/strong> &#8211; Promover a visibilidade e representa\u00e7\u00e3o institucional por meio de realiza\u00e7\u00e3o e participa\u00e7\u00e3o em eventos, solenidades e demais demandas da sociedade civil alusivos a quest\u00f5es \u00e9tnicas e combate ao racismo, em especial em datas comemorativas ligadas aos temas;<\/p>\n\n\n\n<p><strong>X<\/strong> &#8211; Compilar e remeter informa\u00e7\u00f5es t\u00e9cnico-jur\u00eddicas aos Defensores P\u00fablicos e Defensoras p\u00fablicas, sobre assuntos gerais ligados ao combate ao racismo;<\/p>\n\n\n\n<p><strong>XI<\/strong> &#8211; Prestar esclarecimentos \u00e0 sociedade civil sobre mat\u00e9rias de relev\u00e2ncia pertinentes a sua atividade, sempre que houver designa\u00e7\u00e3o da Diretoria do N\u00facleo e\/ou da Defensoria P\u00fablica-Geral, por interm\u00e9dio da Coordenadoria de Comunica\u00e7\u00e3o da Defensoria P\u00fablica;<\/p>\n\n\n\n<p><strong>XII<\/strong> &#8211; Acionar as Cortes Internacionais, no \u00e2mbito das atribui\u00e7\u00f5es do n\u00facleo.<\/p>\n\n\n\n<p class=\"has-text-align-left\">&nbsp;<\/p>\n","protected":false},"excerpt":{"rendered":"<p>N\u00facleo de Combate ao Racismo e \u00e0 Discrimina\u00e7\u00e3o \u00c9tnico-Racial &#8211; NUCORA Resolu\u00e7\u00e3o N\u00ba 003\/2025 DIRETOR: Dra.\u00a0Janara Pereira Cesar Santos MEMBROS: Dra.\u00a0Carla Caroline De Oliveira Silva Dr.\u00a0Danilo Dos Santos Oliveira HIST\u00d3RIA: Art. 4\u00ba &#8211; S\u00e3o atribui\u00e7\u00f5es da Diretoria do NUCORA: I &#8211; Coordenar o planejamento e orientar as atividades desenvolvidas pelo N\u00facleo, bem como realizar a &hellip;<\/p>\n<p class=\"read-more\"> <a class=\"\" href=\"https:\/\/www.defensoria.se.def.br\/?page_id=44241\"> <span class=\"screen-reader-text\">NUCORA<\/span> Read More &raquo;<\/a><\/p>\n","protected":false},"author":17,"featured_media":0,"parent":12208,"menu_order":0,"comment_status":"closed","ping_status":"closed","template":"","meta":{"_eb_attr":"","_uag_custom_page_level_css":"","site-sidebar-layout":"default","site-content-layout":"","ast-site-content-layout":"","site-content-style":"default","site-sidebar-style":"default","ast-global-header-display":"","ast-banner-title-visibility":"","ast-main-header-display":"","ast-hfb-above-header-display":"","ast-hfb-below-header-display":"","ast-hfb-mobile-header-display":"","site-post-title":"","ast-breadcrumbs-content":"","ast-featured-img":"","footer-sml-layout":"","theme-transparent-header-meta":"","adv-header-id-meta":"","stick-header-meta":"","header-above-stick-meta":"","header-main-stick-meta":"","header-below-stick-meta":"","astra-migrate-meta-layouts":"","footnotes":""},"class_list":["post-44241","page","type-page","status-publish","hentry"],"uagb_featured_image_src":{"full":false,"thumbnail":false,"medium":false,"medium_large":false,"large":false,"1536x1536":false,"2048x2048":false},"uagb_author_info":{"display_name":"Sillas Muritiba","author_link":"https:\/\/www.defensoria.se.def.br\/?author=17"},"uagb_comment_info":0,"uagb_excerpt":"N\u00facleo de Combate ao Racismo e \u00e0 Discrimina\u00e7\u00e3o \u00c9tnico-Racial &#8211; NUCORA Resolu\u00e7\u00e3o N\u00ba 003\/2025 DIRETOR: Dra.\u00a0Janara Pereira Cesar Santos MEMBROS: Dra.\u00a0Carla Caroline De Oliveira Silva Dr.\u00a0Danilo Dos Santos Oliveira HIST\u00d3RIA: Art. 4\u00ba &#8211; S\u00e3o atribui\u00e7\u00f5es da Diretoria do NUCORA: I &#8211; Coordenar o planejamento e orientar as atividades desenvolvidas pelo N\u00facleo, bem como realizar a&hellip;","_links":{"self":[{"href":"https:\/\/www.defensoria.se.def.br\/index.php?rest_route=\/wp\/v2\/pages\/44241"}],"collection":[{"href":"https:\/\/www.defensoria.se.def.br\/index.php?rest_route=\/wp\/v2\/pages"}],"about":[{"href":"https:\/\/www.defensoria.se.def.br\/index.php?rest_route=\/wp\/v2\/types\/page"}],"author":[{"embeddable":true,"href":"https:\/\/www.defensoria.se.def.br\/index.php?rest_route=\/wp\/v2\/users\/17"}],"replies":[{"embeddable":true,"href":"https:\/\/www.defensoria.se.def.br\/index.php?rest_route=%2Fwp%2Fv2%2Fcomments&post=44241"}],"version-history":[{"count":2,"href":"https:\/\/www.defensoria.se.def.br\/index.php?rest_route=\/wp\/v2\/pages\/44241\/revisions"}],"predecessor-version":[{"id":44243,"href":"https:\/\/www.defensoria.se.def.br\/index.php?rest_route=\/wp\/v2\/pages\/44241\/revisions\/44243"}],"up":[{"embeddable":true,"href":"https:\/\/www.defensoria.se.def.br\/index.php?rest_route=\/wp\/v2\/pages\/12208"}],"wp:attachment":[{"href":"https:\/\/www.defensoria.se.def.br\/index.php?rest_route=%2Fwp%2Fv2%2Fmedia&parent=44241"}],"curies":[{"name":"wp","href":"https:\/\/api.w.org\/{rel}","templated":true}]}}