{"id":44244,"date":"2025-05-07T14:35:54","date_gmt":"2025-05-07T17:35:54","guid":{"rendered":"https:\/\/www.defensoria.se.def.br\/?page_id=44244"},"modified":"2026-02-27T09:55:03","modified_gmt":"2026-02-27T12:55:03","slug":"nucleo-itinerante-e-expansao-da-defensoria-publica-do-estado","status":"publish","type":"page","link":"https:\/\/www.defensoria.se.def.br\/?page_id=44244","title":{"rendered":"N\u00facleo Itinerante e Expans\u00e3o da Defensoria P\u00fablica do Estado"},"content":{"rendered":"\n<p class=\"has-text-align-center\"><br><\/p>\n\n\n\n<h1 class=\"wp-block-heading has-text-align-center has-ast-global-color-0-color has-text-color has-link-color wp-elements-8a0f6ea8eb4310eb71e62de732a5c22c\">N\u00facleo Itinerante e Expans\u00e3o da Defensoria P\u00fablica do Estado<\/h1>\n\n\n\n<p class=\"has-text-align-center\"><strong>RESOLU\u00c7\u00c3O N.\u00ba&nbsp;004\/2025<\/strong><\/p>\n\n\n\n<p class=\"has-text-align-left\"><span style=\"color: #007749;\"><strong>DIRETOR:<\/strong><\/span><\/p>\n\n\n\n<p>Dra.\u00a0Arlene Maria da Rocha Carvalho &#8211; Portaria N\u00ba 283.2025<\/p>\n\n\n\n<p class=\"has-text-align-left\"><span style=\"color: #007749;\"><strong>MEMBROS:<\/strong><\/span><\/p>\n\n\n\n<p>Dra.\u00a0Luiz Faustino Correa Freire &#8211; Portaria n\u00ba 284.2025<\/p>\n\n\n\n<p>Dr.\u00a0Jos\u00e9 Guilherme Leite Cavalcanti Filho &#8211; Port. n\u00ba 081\/2026<\/p>\n\n\n\n<p class=\"has-text-align-left\"><span style=\"color: #007749;\"><strong>HIST\u00d3RIA:<\/strong><\/span><\/p>\n\n\n\n<p><strong>Art. 5\u00ba &#8211;&nbsp;S\u00e3o atribui\u00e7\u00f5es da Diretoria:<\/strong><\/p>\n\n\n\n<p><strong>I &#8211;<\/strong>&nbsp;Coordenar o planejamento e orientar as atividades desenvolvidas pelo N\u00facleo, bem como realizar a divis\u00e3o equ\u00e2nime dos trabalhos;<\/p>\n\n\n\n<p><strong>II &#8211;<\/strong>&nbsp;Apresentar at\u00e9 o dia \u00faltimo dia \u00fatil do m\u00eas de novembro o planejamento estrat\u00e9gico do N\u00facleo para o ano subsequente;<\/p>\n\n\n\n<p><strong>III &#8211;<\/strong>&nbsp;Remeter, bimestralmente, \u00e0 Corregedoria-Geral, relat\u00f3rio das atividades do N\u00facleo, contendo os dados requisitados por aquele \u00f3rg\u00e3o;<\/p>\n\n\n\n<p><strong>IV &#8211;<\/strong>&nbsp;Prestar orienta\u00e7\u00e3o aos demais \u00f3rg\u00e3os de atua\u00e7\u00e3o e execu\u00e7\u00e3o da DPE,&nbsp;no que for pertinente \u00e0s suas atribui\u00e7\u00f5es;<\/p>\n\n\n\n<p><strong>V &#8211;<\/strong>&nbsp;Expedir circulares, of\u00edcios e outros atos&nbsp;visando \u00e0 organiza\u00e7\u00e3o e ao funcionamento do N\u00facleo, tais como: o estabelecimento de metas de trabalho, a confec\u00e7\u00e3o de escalas de plant\u00e3o dos membros do N\u00facleo, a elabora\u00e7\u00e3o de relat\u00f3rios, a promo\u00e7\u00e3o de reuni\u00f5es e a coordena\u00e7\u00e3o de servidores e estagi\u00e1rios;<\/p>\n\n\n\n<p><strong>VI &#8211;<\/strong>&nbsp;Exercer as fun\u00e7\u00f5es especiais que lhe forem delegadas&nbsp;pelaDefensora&nbsp;ou Defensor P\u00fablico-Geral do Estado;<\/p>\n\n\n\n<p><strong>VII &#8211;<\/strong>&nbsp;Exercer, al\u00e9m das atribui\u00e7\u00f5es previstas neste artigo, todas as demais pertinentes ao membro assessor.<\/p>\n\n\n\n<p><strong>Art. 6\u00ba &#8211;&nbsp;S\u00e3o atribui\u00e7\u00f5es dos Membros Assessores:<\/strong><\/p>\n\n\n\n<p><strong>I \u2013<\/strong>&nbsp;Participar e prestar orienta\u00e7\u00e3o jur\u00eddica \u00e0 popula\u00e7\u00e3o hipossuficiente, fora da estrutura f\u00edsica da Defensoria P\u00fablica de Sergipe, em mutir\u00f5es, eventos e&nbsp;projetos nos quais haja a participa\u00e7\u00e3o da Defensoria P\u00fablica, ainda que n\u00e3o organizados por ela;<\/p>\n\n\n\n<p><strong>II \u2013<\/strong>&nbsp;Realizar e estimular o interc\u00e2mbio da Defensoria P\u00fablica com entidades p\u00fablicas e privadas que disponibilizem servi\u00e7os em regi\u00f5es caracterizadas pela vulnerabilidade socioecon\u00f4mica;<\/p>\n\n\n\n<p><strong>III \u2013<\/strong>&nbsp;Planejar, elaborar e propor \u00e0s autoridades competentes pol\u00edticas p\u00fablicas que visem \u00e0 erradica\u00e7\u00e3o da pobreza e \u00e0 redu\u00e7\u00e3o das desigualdades sociais;<\/p>\n\n\n\n<p><strong>IV \u2013<\/strong>&nbsp;Cumprir a Designa\u00e7\u00e3o da Defensoria P\u00fablica-Geral, no que&nbsp;pertine&nbsp;ao atendimento de pessoas que necessitam da assist\u00eancia da Defensoria P\u00fablica, realizando assim, audi\u00eancia, peti\u00e7\u00e3o inicial, contesta\u00e7\u00e3o, r\u00e9plica, resposta \u00e0 acusa\u00e7\u00e3o, alega\u00e7\u00e3o final, manifesta\u00e7\u00e3o nos autos ou qualquer recurso cab\u00edvel ao caso, dentre outras atua\u00e7\u00f5es necess\u00e1rias, fora das atribui\u00e7\u00f5es da&nbsp;Defensoria a que esteja&nbsp;lotado(a) ou designado(a);<\/p>\n\n\n\n<p><strong>V &#8211;<\/strong>&nbsp;Realizar atendimentos a assistidos, com processo em tr\u00e2mite em outro Estado da Federa\u00e7\u00e3o, residentes em munic\u00edpios de Sergipe que contam ou n\u00e3o com os servi\u00e7os permanentes da Defensoria P\u00fablica, na forma prevista no par\u00e1grafo \u00fanico do artigo 1\u00ba desta Resolu\u00e7\u00e3o.<\/p>\n\n\n\n<p class=\"has-text-align-left\">&nbsp;<\/p>\n\n\n\n<p class=\"has-text-align-left\">&nbsp;<\/p>\n","protected":false},"excerpt":{"rendered":"<p>N\u00facleo Itinerante e Expans\u00e3o da Defensoria P\u00fablica do Estado RESOLU\u00c7\u00c3O N.\u00ba&nbsp;004\/2025 DIRETOR: Dra.\u00a0Arlene Maria da Rocha Carvalho &#8211; Portaria N\u00ba 283.2025 MEMBROS: Dra.\u00a0Luiz Faustino Correa Freire &#8211; Portaria n\u00ba 284.2025 Dr.\u00a0Jos\u00e9 Guilherme Leite Cavalcanti Filho &#8211; Port. n\u00ba 081\/2026 HIST\u00d3RIA: Art. 5\u00ba &#8211;&nbsp;S\u00e3o atribui\u00e7\u00f5es da Diretoria: I &#8211;&nbsp;Coordenar o planejamento e orientar as atividades desenvolvidas &hellip;<\/p>\n<p class=\"read-more\"> <a class=\"\" href=\"https:\/\/www.defensoria.se.def.br\/?page_id=44244\"> <span class=\"screen-reader-text\">N\u00facleo Itinerante e Expans\u00e3o da Defensoria P\u00fablica do Estado<\/span> Read More &raquo;<\/a><\/p>\n","protected":false},"author":17,"featured_media":0,"parent":12208,"menu_order":0,"comment_status":"closed","ping_status":"closed","template":"","meta":{"_eb_attr":"","_uag_custom_page_level_css":"","site-sidebar-layout":"default","site-content-layout":"","ast-site-content-layout":"","site-content-style":"default","site-sidebar-style":"default","ast-global-header-display":"","ast-banner-title-visibility":"","ast-main-header-display":"","ast-hfb-above-header-display":"","ast-hfb-below-header-display":"","ast-hfb-mobile-header-display":"","site-post-title":"","ast-breadcrumbs-content":"","ast-featured-img":"","footer-sml-layout":"","theme-transparent-header-meta":"","adv-header-id-meta":"","stick-header-meta":"","header-above-stick-meta":"","header-main-stick-meta":"","header-below-stick-meta":"","astra-migrate-meta-layouts":"","footnotes":""},"class_list":["post-44244","page","type-page","status-publish","hentry"],"uagb_featured_image_src":{"full":false,"thumbnail":false,"medium":false,"medium_large":false,"large":false,"1536x1536":false,"2048x2048":false},"uagb_author_info":{"display_name":"Sillas Muritiba","author_link":"https:\/\/www.defensoria.se.def.br\/?author=17"},"uagb_comment_info":0,"uagb_excerpt":"N\u00facleo Itinerante e Expans\u00e3o da Defensoria P\u00fablica do Estado RESOLU\u00c7\u00c3O N.\u00ba&nbsp;004\/2025 DIRETOR: Dra.\u00a0Arlene Maria da Rocha Carvalho &#8211; Portaria N\u00ba 283.2025 MEMBROS: Dra.\u00a0Luiz Faustino Correa Freire &#8211; Portaria n\u00ba 284.2025 Dr.\u00a0Jos\u00e9 Guilherme Leite Cavalcanti Filho &#8211; Port. n\u00ba 081\/2026 HIST\u00d3RIA: Art. 5\u00ba &#8211;&nbsp;S\u00e3o atribui\u00e7\u00f5es da Diretoria: I &#8211;&nbsp;Coordenar o planejamento e orientar as atividades desenvolvidas&hellip;","_links":{"self":[{"href":"https:\/\/www.defensoria.se.def.br\/index.php?rest_route=\/wp\/v2\/pages\/44244"}],"collection":[{"href":"https:\/\/www.defensoria.se.def.br\/index.php?rest_route=\/wp\/v2\/pages"}],"about":[{"href":"https:\/\/www.defensoria.se.def.br\/index.php?rest_route=\/wp\/v2\/types\/page"}],"author":[{"embeddable":true,"href":"https:\/\/www.defensoria.se.def.br\/index.php?rest_route=\/wp\/v2\/users\/17"}],"replies":[{"embeddable":true,"href":"https:\/\/www.defensoria.se.def.br\/index.php?rest_route=%2Fwp%2Fv2%2Fcomments&post=44244"}],"version-history":[{"count":3,"href":"https:\/\/www.defensoria.se.def.br\/index.php?rest_route=\/wp\/v2\/pages\/44244\/revisions"}],"predecessor-version":[{"id":49749,"href":"https:\/\/www.defensoria.se.def.br\/index.php?rest_route=\/wp\/v2\/pages\/44244\/revisions\/49749"}],"up":[{"embeddable":true,"href":"https:\/\/www.defensoria.se.def.br\/index.php?rest_route=\/wp\/v2\/pages\/12208"}],"wp:attachment":[{"href":"https:\/\/www.defensoria.se.def.br\/index.php?rest_route=%2Fwp%2Fv2%2Fmedia&parent=44244"}],"curies":[{"name":"wp","href":"https:\/\/api.w.org\/{rel}","templated":true}]}}