{"id":44247,"date":"2025-05-07T14:44:06","date_gmt":"2025-05-07T17:44:06","guid":{"rendered":"https:\/\/www.defensoria.se.def.br\/?page_id=44247"},"modified":"2026-02-27T09:21:43","modified_gmt":"2026-02-27T12:21:43","slug":"nucleo-de-justica-restaurativa-njr","status":"publish","type":"page","link":"https:\/\/www.defensoria.se.def.br\/?page_id=44247","title":{"rendered":"N\u00facleo de Justi\u00e7a Restaurativa &#8211; NJR"},"content":{"rendered":"\n<p class=\"has-text-align-center\"><br><\/p>\n\n\n\n<h1 class=\"wp-block-heading has-text-align-center has-ast-global-color-0-color has-text-color has-link-color wp-elements-7e6746e603533554577ab5196b6087f4\">N\u00facleo de Justi\u00e7a Restaurativa &#8211; NJR<\/h1>\n\n\n\n<p class=\"has-text-align-center\"><strong>RESOLU\u00c7\u00c3O N.\u00ba&nbsp;005\/2025<\/strong><\/p>\n\n\n\n<p class=\"has-text-align-left\"><span style=\"color: #007749;\"><strong>DIRETOR:<\/strong><\/span><\/p>\n\n\n\n<p><strong>Dra.\u00a0Let\u00edcia de Oliveira Neves<\/strong> &#8211; Portaria n\u00ba275.2025<\/p>\n\n\n\n<p class=\"has-text-align-left\"><span style=\"color: #007749;\"><strong>MEMBROS:<\/strong><\/span><\/p>\n\n\n\n<p>Dra.\u00a0Carla Viviane Oliveira Do Nascimento &#8211; Portaria n\u00ba276.2025<\/p>\n\n\n\n<p>Dr.\u00a0Nathalie Celestino Ribeiro De Oliveira &#8211; Portaria n\u00ba277.2025<\/p>\n\n\n\n<p>Dr.\u00a0Frederico Alves De Fernandes &#8211; Portaria n\u00ba278.2025<\/p>\n\n\n\n<p class=\"has-text-align-left\"><span style=\"color: #007749;\"><strong>HIST\u00d3RIA:<\/strong><\/span><\/p>\n\n\n\n<p class=\"has-text-align-left\">&nbsp;<strong>Art. 3\u00ba &#8211;<\/strong>&nbsp;<strong>S\u00e3o atribui\u00e7\u00f5es do Diretor do NJR:<\/strong><\/p>\n\n\n\n<p><strong>I &#8211;<\/strong>&nbsp;Coordenar o planejamento e orientar as atividades desenvolvidas pelo N\u00facleo, bem como realizar a divis\u00e3o equ\u00e2nime dos trabalhos;<\/p>\n\n\n\n<p><strong>II &#8211;<\/strong>&nbsp;Apresentar at\u00e9 o dia \u00faltimo dia \u00fatil do m\u00eas de novembro o planejamento estrat\u00e9gico do N\u00facleo para o ano subsequente;<\/p>\n\n\n\n<p><strong>III &#8211;<\/strong>&nbsp;Remeter, bimestralmente, \u00e0 Corregedoria-Geral, relat\u00f3rio das atividades do N\u00facleo, contendo os dados requisitados por aquele \u00f3rg\u00e3o;<\/p>\n\n\n\n<p><strong>IV &#8211;<\/strong>&nbsp;Prestar orienta\u00e7\u00e3o aos demais \u00f3rg\u00e3os de atua\u00e7\u00e3o e execu\u00e7\u00e3o da DPE,&nbsp;no que for pertinente \u00e0s suas atribui\u00e7\u00f5es;<\/p>\n\n\n\n<p><strong>V &#8211;<\/strong>&nbsp;Expedir circulares, of\u00edcios e outros atos&nbsp;visando \u00e0 organiza\u00e7\u00e3o e ao funcionamento do N\u00facleo, tais como: o estabelecimento de metas de trabalho, a confec\u00e7\u00e3o de escalas de plant\u00e3o dos membros do N\u00facleo, a elabora\u00e7\u00e3o de relat\u00f3rios, a promo\u00e7\u00e3o de reuni\u00f5es e a coordena\u00e7\u00e3o de servidores e estagi\u00e1rios;<\/p>\n\n\n\n<p><strong>VI &#8211;<\/strong>&nbsp;Exercer as fun\u00e7\u00f5es especiais que lhe forem delegadas pelo Defensor P\u00fablico-Geral do Estado;<\/p>\n\n\n\n<p><strong>VII &#8211;<\/strong>&nbsp;Exercer, al\u00e9m das atribui\u00e7\u00f5es previstas neste artigo, todas as demais pertinentes ao membro assessor.<\/p>\n\n\n\n<p><strong>Art. 4\u00ba &#8211;<\/strong>&nbsp;<strong>S\u00e3o atribui\u00e7\u00f5es dos membros do NJR:<\/strong><\/p>\n\n\n\n<p><strong>I \u2013<\/strong>&nbsp;Realizar o atendimento, acolhimento e orienta\u00e7\u00e3o \u00e0s v\u00edtimas diretas e indiretas de crimes e atos infracionais;<\/p>\n\n\n\n<p><strong>II \u2013<\/strong>&nbsp;Promover a tentativa de concilia\u00e7\u00e3o ou media\u00e7\u00e3o, quando for poss\u00edvel, para a repara\u00e7\u00e3o do dano sofrido e para a reconstru\u00e7\u00e3o das rela\u00e7\u00f5es pessoais e sociais entre o ofensor e a v\u00edtima;<\/p>\n\n\n\n<p><strong>III \u2013<\/strong>&nbsp;Preparar, instaurar e dar andamento a procedimentos restaurativos, realizando, com os envolvidos, sess\u00f5es restaurativas que visem evitar a reitera\u00e7\u00e3o do ato danoso, bem como a reprodu\u00e7\u00e3o das condi\u00e7\u00f5es que contribu\u00edram para o seu surgimento;<\/p>\n\n\n\n<p><strong>IV \u2013<\/strong>&nbsp;Requerer a homologa\u00e7\u00e3o judicial dos acordos obtidos;<\/p>\n\n\n\n<p><strong>V \u2013<\/strong>&nbsp;Prestar esclarecimentos \u00e0 sociedade civil sobre mat\u00e9rias de relev\u00e2ncia pertinentes a sua atividade, sempre que houver designa\u00e7\u00e3o do Diretor do N\u00facleo e\/ou do Defensor P\u00fablico-Geral, por interm\u00e9dio da Coordenadoria de Comunica\u00e7\u00e3o da Defensoria P\u00fablica;<\/p>\n\n\n\n<p><strong>VI \u2013<\/strong>&nbsp;Promover a visibilidade e representa\u00e7\u00e3o institucional por meio de participa\u00e7\u00e3o em eventos, solenidades e demais demandas da sociedade civil, no \u00e2mbito de suas atribui\u00e7\u00f5es;<\/p>\n\n\n\n<p><strong>VII \u2013<\/strong>&nbsp;Promover e\/ou participar de encontros visando&nbsp;a&nbsp;divulga\u00e7\u00e3o, forma\u00e7\u00e3o, capacita\u00e7\u00e3o e debates sobre a Justi\u00e7a Restaurativa.<\/p>\n\n\n\n<p class=\"has-text-align-left\">&nbsp;<\/p>\n","protected":false},"excerpt":{"rendered":"<p>N\u00facleo de Justi\u00e7a Restaurativa &#8211; NJR RESOLU\u00c7\u00c3O N.\u00ba&nbsp;005\/2025 DIRETOR: Dra.\u00a0Let\u00edcia de Oliveira Neves &#8211; Portaria n\u00ba275.2025 MEMBROS: Dra.\u00a0Carla Viviane Oliveira Do Nascimento &#8211; Portaria n\u00ba276.2025 Dr.\u00a0Nathalie Celestino Ribeiro De Oliveira &#8211; Portaria n\u00ba277.2025 Dr.\u00a0Frederico Alves De Fernandes &#8211; Portaria n\u00ba278.2025 HIST\u00d3RIA: &nbsp;Art. 3\u00ba &#8211;&nbsp;S\u00e3o atribui\u00e7\u00f5es do Diretor do NJR: I &#8211;&nbsp;Coordenar o planejamento e orientar &hellip;<\/p>\n<p class=\"read-more\"> <a class=\"\" href=\"https:\/\/www.defensoria.se.def.br\/?page_id=44247\"> <span class=\"screen-reader-text\">N\u00facleo de Justi\u00e7a Restaurativa &#8211; NJR<\/span> Read More &raquo;<\/a><\/p>\n","protected":false},"author":17,"featured_media":0,"parent":12208,"menu_order":0,"comment_status":"closed","ping_status":"closed","template":"","meta":{"_eb_attr":"","_uag_custom_page_level_css":"","site-sidebar-layout":"default","site-content-layout":"","ast-site-content-layout":"","site-content-style":"default","site-sidebar-style":"default","ast-global-header-display":"","ast-banner-title-visibility":"","ast-main-header-display":"","ast-hfb-above-header-display":"","ast-hfb-below-header-display":"","ast-hfb-mobile-header-display":"","site-post-title":"","ast-breadcrumbs-content":"","ast-featured-img":"","footer-sml-layout":"","theme-transparent-header-meta":"","adv-header-id-meta":"","stick-header-meta":"","header-above-stick-meta":"","header-main-stick-meta":"","header-below-stick-meta":"","astra-migrate-meta-layouts":"","footnotes":""},"class_list":["post-44247","page","type-page","status-publish","hentry"],"uagb_featured_image_src":{"full":false,"thumbnail":false,"medium":false,"medium_large":false,"large":false,"1536x1536":false,"2048x2048":false},"uagb_author_info":{"display_name":"Sillas Muritiba","author_link":"https:\/\/www.defensoria.se.def.br\/?author=17"},"uagb_comment_info":0,"uagb_excerpt":"N\u00facleo de Justi\u00e7a Restaurativa &#8211; NJR RESOLU\u00c7\u00c3O N.\u00ba&nbsp;005\/2025 DIRETOR: Dra.\u00a0Let\u00edcia de Oliveira Neves &#8211; Portaria n\u00ba275.2025 MEMBROS: Dra.\u00a0Carla Viviane Oliveira Do Nascimento &#8211; Portaria n\u00ba276.2025 Dr.\u00a0Nathalie Celestino Ribeiro De Oliveira &#8211; Portaria n\u00ba277.2025 Dr.\u00a0Frederico Alves De Fernandes &#8211; Portaria n\u00ba278.2025 HIST\u00d3RIA: &nbsp;Art. 3\u00ba &#8211;&nbsp;S\u00e3o atribui\u00e7\u00f5es do Diretor do NJR: I &#8211;&nbsp;Coordenar o planejamento e orientar&hellip;","_links":{"self":[{"href":"https:\/\/www.defensoria.se.def.br\/index.php?rest_route=\/wp\/v2\/pages\/44247"}],"collection":[{"href":"https:\/\/www.defensoria.se.def.br\/index.php?rest_route=\/wp\/v2\/pages"}],"about":[{"href":"https:\/\/www.defensoria.se.def.br\/index.php?rest_route=\/wp\/v2\/types\/page"}],"author":[{"embeddable":true,"href":"https:\/\/www.defensoria.se.def.br\/index.php?rest_route=\/wp\/v2\/users\/17"}],"replies":[{"embeddable":true,"href":"https:\/\/www.defensoria.se.def.br\/index.php?rest_route=%2Fwp%2Fv2%2Fcomments&post=44247"}],"version-history":[{"count":2,"href":"https:\/\/www.defensoria.se.def.br\/index.php?rest_route=\/wp\/v2\/pages\/44247\/revisions"}],"predecessor-version":[{"id":49742,"href":"https:\/\/www.defensoria.se.def.br\/index.php?rest_route=\/wp\/v2\/pages\/44247\/revisions\/49742"}],"up":[{"embeddable":true,"href":"https:\/\/www.defensoria.se.def.br\/index.php?rest_route=\/wp\/v2\/pages\/12208"}],"wp:attachment":[{"href":"https:\/\/www.defensoria.se.def.br\/index.php?rest_route=%2Fwp%2Fv2%2Fmedia&parent=44247"}],"curies":[{"name":"wp","href":"https:\/\/api.w.org\/{rel}","templated":true}]}}