{"id":450,"date":"2012-06-04T02:52:24","date_gmt":"2012-06-04T02:52:24","guid":{"rendered":"http:\/\/www.defensoria.se.def.br\/?page_id=450"},"modified":"2026-05-07T11:28:40","modified_gmt":"2026-05-07T14:28:40","slug":"publico","status":"publish","type":"page","link":"https:\/\/www.defensoria.se.def.br\/?page_id=450","title":{"rendered":"Est\u00e1gio Defensor P\u00fablico"},"content":{"rendered":"\n<h3 class=\"wp-block-heading\">&nbsp;<\/h3>\n\n\n\n<h3 class=\"wp-block-heading has-text-align-center\"><span style=\"color: #007749;\"><strong>Defensor P\u00fablico<\/strong><\/span><\/h3>\n\n\n\n<h3 class=\"wp-block-heading\"><\/h3>\n\n\n\n<p>\u00a0A UG n\u00e3o realizou nenhum concurso nos \u00faltimos 5 anos. O \u00faltimo certame foi realizado em 2021. Informa\u00e7\u00e3o atualizada at\u00e9 a data de 11\/05\/2026\u00a0&#8220;<\/p>\n\n\n\n<h3 class=\"wp-block-heading has-text-align-center\"><strong>ANO: 2021<\/strong><\/h3>\n\n\n\n<p>&nbsp;<\/p>\n\n\n\n<p class=\"has-text-align-center\">Concurso P\u00fablico para&nbsp;provimento de cargo de Defensor P\u00fablico Substituto Ingresso com subs\u00eddio final de R$ 33.250,98.<br><span style=\"color: #ff0000;\"><a style=\"color: #ff0000;\" href=\"https:\/\/www.cebraspe.org.br\/concursos\/DPE_SE_21\"><strong>ACESSE CLICANDO AQUI.<\/strong><\/a><\/span><\/p>\n","protected":false},"excerpt":{"rendered":"<p>&nbsp; Defensor P\u00fablico \u00a0A UG n\u00e3o realizou nenhum concurso nos \u00faltimos 5 anos. O \u00faltimo certame foi realizado em 2021. Informa\u00e7\u00e3o atualizada at\u00e9 a data de \u00a0&#8220; ANO: 2021 &nbsp; Concurso P\u00fablico para&nbsp;provimento de cargo de Defensor P\u00fablico Substituto Ingresso com subs\u00eddio final de R$ 33.250,98.ACESSE CLICANDO AQUI.<\/p>\n","protected":false},"author":1,"featured_media":0,"parent":444,"menu_order":0,"comment_status":"closed","ping_status":"closed","template":"","meta":{"_eb_attr":"","_uag_custom_page_level_css":"","site-sidebar-layout":"default","site-content-layout":"","ast-site-content-layout":"","site-content-style":"default","site-sidebar-style":"default","ast-global-header-display":"","ast-banner-title-visibility":"","ast-main-header-display":"","ast-hfb-above-header-display":"","ast-hfb-below-header-display":"","ast-hfb-mobile-header-display":"","site-post-title":"","ast-breadcrumbs-content":"","ast-featured-img":"","footer-sml-layout":"","theme-transparent-header-meta":"","adv-header-id-meta":"","stick-header-meta":"","header-above-stick-meta":"","header-main-stick-meta":"","header-below-stick-meta":"","astra-migrate-meta-layouts":"","footnotes":""},"class_list":["post-450","page","type-page","status-publish","hentry"],"uagb_featured_image_src":{"full":false,"thumbnail":false,"medium":false,"medium_large":false,"large":false,"1536x1536":false,"2048x2048":false},"uagb_author_info":{"display_name":"admin","author_link":"https:\/\/www.defensoria.se.def.br\/?author=1"},"uagb_comment_info":0,"uagb_excerpt":"&nbsp; Defensor P\u00fablico \u00a0A UG n\u00e3o realizou nenhum concurso nos \u00faltimos 5 anos. O \u00faltimo certame foi realizado em 2021. Informa\u00e7\u00e3o atualizada at\u00e9 a data de \u00a0&#8220; ANO: 2021 &nbsp; Concurso P\u00fablico para&nbsp;provimento de cargo de Defensor P\u00fablico Substituto Ingresso com subs\u00eddio final de R$ 33.250,98.ACESSE CLICANDO AQUI.","_links":{"self":[{"href":"https:\/\/www.defensoria.se.def.br\/index.php?rest_route=\/wp\/v2\/pages\/450"}],"collection":[{"href":"https:\/\/www.defensoria.se.def.br\/index.php?rest_route=\/wp\/v2\/pages"}],"about":[{"href":"https:\/\/www.defensoria.se.def.br\/index.php?rest_route=\/wp\/v2\/types\/page"}],"author":[{"embeddable":true,"href":"https:\/\/www.defensoria.se.def.br\/index.php?rest_route=\/wp\/v2\/users\/1"}],"replies":[{"embeddable":true,"href":"https:\/\/www.defensoria.se.def.br\/index.php?rest_route=%2Fwp%2Fv2%2Fcomments&post=450"}],"version-history":[{"count":17,"href":"https:\/\/www.defensoria.se.def.br\/index.php?rest_route=\/wp\/v2\/pages\/450\/revisions"}],"predecessor-version":[{"id":50778,"href":"https:\/\/www.defensoria.se.def.br\/index.php?rest_route=\/wp\/v2\/pages\/450\/revisions\/50778"}],"up":[{"embeddable":true,"href":"https:\/\/www.defensoria.se.def.br\/index.php?rest_route=\/wp\/v2\/pages\/444"}],"wp:attachment":[{"href":"https:\/\/www.defensoria.se.def.br\/index.php?rest_route=%2Fwp%2Fv2%2Fmedia&parent=450"}],"curies":[{"name":"wp","href":"https:\/\/api.w.org\/{rel}","templated":true}]}}