{"id":46462,"date":"2025-08-05T11:08:08","date_gmt":"2025-08-05T14:08:08","guid":{"rendered":"https:\/\/www.defensoria.se.def.br\/?page_id=46462"},"modified":"2025-08-05T11:08:08","modified_gmt":"2025-08-05T14:08:08","slug":"interacao-medicamentosa","status":"publish","type":"page","link":"https:\/\/www.defensoria.se.def.br\/?page_id=46462","title":{"rendered":"Intera\u00e7\u00e3o Medicamentosa"},"content":{"rendered":"\n<h1 class=\"wp-block-heading has-text-align-center\">\u201cIntera\u00e7\u00e3o Medicamentosa: Um Instrumento de Racionaliza\u00e7\u00e3o de Recursos P\u00fablicos e de Cuidados Terap\u00eauticos\u201d<\/h1>\n\n\n\n<p style=\"text-align: justify;\">A presente pr\u00e1tica denomina-se \u201cIntera\u00e7\u00e3o Medicamentosa: Um Instrumento de Racionaliza\u00e7\u00e3o de Recursos P\u00fablicos e de Cuidados Terap\u00eauticos\u201d.<\/p>\n<p style=\"text-align: justify;\">Trata-se de projeto pr\u00e9-processual com atua\u00e7\u00e3o direta nas demandas de assistidos que fazem uso m\u00faltiplos medicamentos, sem aferi\u00e7\u00e3o da intera\u00e7\u00e3o medicamentosa entre eles.<\/p>\n<p style=\"text-align: justify;\">Tem por objetivo principal: a) analisar pr\u00e9-processualmente a intera\u00e7\u00e3o medicamentosa, evitando o fornecimento e a judicializa\u00e7\u00e3o contra o Poder P\u00fablico (Estado e Munic\u00edpios) de medicamentos que n\u00e3o cumprem sua fun\u00e7\u00e3o terap\u00eautica no caso do assistido em decorr\u00eancia de intera\u00e7\u00e3o medicamentosa; b) restabelecer os cuidados farmacol\u00f3gicos ao assistido, com o uso racional de medicamentos, garantindo, por consequ\u00eancia, a seguran\u00e7a jur\u00eddica, processual e institucional nas demandas de sa\u00fade; e c) estabelecer uma proposta de fluxograma ao Sistema \u00danico de Sa\u00fade para an\u00e1lise de intera\u00e7\u00e3o medicamentosa nos casos de assistidos que fazem uso de m\u00faltiplos medicamentos prescritos por profissionais distintos.<\/p>\n<p style=\"text-align: justify;\">Referido projeto se operacionaliza atrav\u00e9s de interven\u00e7\u00e3o qualificada da triagem com solicita\u00e7\u00e3o de informa\u00e7\u00f5es ao assistido sobre todos os medicamentos que faz uso e respectivos hor\u00e1rios de ingest\u00e3o, seguida de an\u00e1lise da Equipe T\u00e9cnica (farmac\u00eautico e enfermeiro) sobre a poss\u00edvel exist\u00eancia de intera\u00e7\u00e3o medicamentosa e, por \u00faltimo, de manifesta\u00e7\u00e3o do m\u00e9dico prescritor sobre a possibilidade de exclus\u00e3o ou de substitui\u00e7\u00e3o do medicamento que enseja a intera\u00e7\u00e3o medicamentosa.<\/p>\n<p style=\"text-align: justify;\">De fato, a Resolu\u00e7\u00e3o-RDC n\u00ba 67\/2007, da Ag\u00eancia Nacional de Vigil\u00e2ncia Sanit\u00e1ria prev\u00ea, entre outras coisas, a necessidade de assegurar o uso racional de medicamentos, atrav\u00e9s do controle da efic\u00e1cia terap\u00eautica dos medicamentos, com acompanhamento e a avalia\u00e7\u00e3o da utiliza\u00e7\u00e3o destes por farmac\u00eautico.<\/p>\n<p style=\"text-align: justify;\">Assim, permite-se: a) analisar pr\u00e9-processualmente a intera\u00e7\u00e3o entre medicamentos solicitados por assistidos que fazem uso de m\u00faltiplos medicamentos e que t\u00eam a efic\u00e1cia terap\u00eautica afetada pela intera\u00e7\u00e3o medicamentosa, evitando o fornecimento pelo Poder P\u00fablico (Estado e Munic\u00edpio) e judicializa\u00e7\u00e3o contra este de medicamento que n\u00e3o cumpre efetiva fun\u00e7\u00e3o terap\u00eautica no caso do assistido; e b) restabelecer os cuidados farmacol\u00f3gicos aos assistidos, com uso racional dos medicamentos, evitando-se n\u00e3o apenas dano ao er\u00e1rio, mas tamb\u00e9m \u00e0 sa\u00fade da popula\u00e7\u00e3o\u00a0 decorrente do uso irracional de medicamentos destitu\u00eddos de efetiva efic\u00e1cia terap\u00eautica, al\u00e9m de funcionar como uma proposta de fluxograma ao Sistema \u00danico de Sa\u00fade para an\u00e1lise de intera\u00e7\u00e3o medicamentosa nos casos de assistidos que fazem uso de m\u00faltiplos medicamentos prescritos por profissionais distintos.<\/p>\n<p>\u00a0<\/p>\n<p>\u00a0<\/p>\n","protected":false},"excerpt":{"rendered":"<p>\u201cIntera\u00e7\u00e3o Medicamentosa: Um Instrumento de Racionaliza\u00e7\u00e3o de Recursos P\u00fablicos e de Cuidados Terap\u00eauticos\u201d A presente pr\u00e1tica denomina-se \u201cIntera\u00e7\u00e3o Medicamentosa: Um Instrumento de Racionaliza\u00e7\u00e3o de Recursos P\u00fablicos e de Cuidados Terap\u00eauticos\u201d. Trata-se de projeto pr\u00e9-processual com atua\u00e7\u00e3o direta nas demandas de assistidos que fazem uso m\u00faltiplos medicamentos, sem aferi\u00e7\u00e3o da intera\u00e7\u00e3o medicamentosa entre eles. Tem por &hellip;<\/p>\n<p class=\"read-more\"> <a class=\"\" href=\"https:\/\/www.defensoria.se.def.br\/?page_id=46462\"> <span class=\"screen-reader-text\">Intera\u00e7\u00e3o Medicamentosa<\/span> Read More &raquo;<\/a><\/p>\n","protected":false},"author":1,"featured_media":0,"parent":19952,"menu_order":0,"comment_status":"closed","ping_status":"closed","template":"","meta":{"_eb_attr":"","_uag_custom_page_level_css":"","site-sidebar-layout":"default","site-content-layout":"","ast-site-content-layout":"","site-content-style":"default","site-sidebar-style":"default","ast-global-header-display":"","ast-banner-title-visibility":"","ast-main-header-display":"","ast-hfb-above-header-display":"","ast-hfb-below-header-display":"","ast-hfb-mobile-header-display":"","site-post-title":"","ast-breadcrumbs-content":"","ast-featured-img":"","footer-sml-layout":"","theme-transparent-header-meta":"","adv-header-id-meta":"","stick-header-meta":"","header-above-stick-meta":"","header-main-stick-meta":"","header-below-stick-meta":"","astra-migrate-meta-layouts":"","footnotes":""},"class_list":["post-46462","page","type-page","status-publish","hentry"],"uagb_featured_image_src":{"full":false,"thumbnail":false,"medium":false,"medium_large":false,"large":false,"1536x1536":false,"2048x2048":false},"uagb_author_info":{"display_name":"admin","author_link":"https:\/\/www.defensoria.se.def.br\/?author=1"},"uagb_comment_info":0,"uagb_excerpt":"\u201cIntera\u00e7\u00e3o Medicamentosa: Um Instrumento de Racionaliza\u00e7\u00e3o de Recursos P\u00fablicos e de Cuidados Terap\u00eauticos\u201d A presente pr\u00e1tica denomina-se \u201cIntera\u00e7\u00e3o Medicamentosa: Um Instrumento de Racionaliza\u00e7\u00e3o de Recursos P\u00fablicos e de Cuidados Terap\u00eauticos\u201d. Trata-se de projeto pr\u00e9-processual com atua\u00e7\u00e3o direta nas demandas de assistidos que fazem uso m\u00faltiplos medicamentos, sem aferi\u00e7\u00e3o da intera\u00e7\u00e3o medicamentosa entre eles. Tem por&hellip;","_links":{"self":[{"href":"https:\/\/www.defensoria.se.def.br\/index.php?rest_route=\/wp\/v2\/pages\/46462"}],"collection":[{"href":"https:\/\/www.defensoria.se.def.br\/index.php?rest_route=\/wp\/v2\/pages"}],"about":[{"href":"https:\/\/www.defensoria.se.def.br\/index.php?rest_route=\/wp\/v2\/types\/page"}],"author":[{"embeddable":true,"href":"https:\/\/www.defensoria.se.def.br\/index.php?rest_route=\/wp\/v2\/users\/1"}],"replies":[{"embeddable":true,"href":"https:\/\/www.defensoria.se.def.br\/index.php?rest_route=%2Fwp%2Fv2%2Fcomments&post=46462"}],"version-history":[{"count":4,"href":"https:\/\/www.defensoria.se.def.br\/index.php?rest_route=\/wp\/v2\/pages\/46462\/revisions"}],"predecessor-version":[{"id":46466,"href":"https:\/\/www.defensoria.se.def.br\/index.php?rest_route=\/wp\/v2\/pages\/46462\/revisions\/46466"}],"up":[{"embeddable":true,"href":"https:\/\/www.defensoria.se.def.br\/index.php?rest_route=\/wp\/v2\/pages\/19952"}],"wp:attachment":[{"href":"https:\/\/www.defensoria.se.def.br\/index.php?rest_route=%2Fwp%2Fv2%2Fmedia&parent=46462"}],"curies":[{"name":"wp","href":"https:\/\/api.w.org\/{rel}","templated":true}]}}