{"id":49335,"date":"2026-01-21T14:13:41","date_gmt":"2026-01-21T17:13:41","guid":{"rendered":"https:\/\/www.defensoria.se.def.br\/?page_id=49335"},"modified":"2026-05-07T11:07:26","modified_gmt":"2026-05-07T14:07:26","slug":"resolucoes-2026","status":"publish","type":"page","link":"https:\/\/www.defensoria.se.def.br\/?page_id=49335","title":{"rendered":"RESOLU\u00c7\u00d5ES 2026"},"content":{"rendered":"\n<p><\/p>\n\n\n\n<h1 class=\"wp-block-heading has-text-align-center has-ast-global-color-0-color has-text-color has-link-color wp-elements-cfa3d788008ff08a3596727ebee79191\"><strong>2026<\/strong><\/h1>\n\n\n\n<p><\/p>\n\n\n\n<h6 class=\"wp-block-heading has-text-align-center\"><strong>CLIQUE<\/strong><strong> NA RESOLU\u00c7\u00c3O PARA EFETUAR O DOWNLOAD:<\/strong><\/h6>\n\n\n\n<figure class=\"wp-block-table has-medium-font-size\"><table class=\"has-black-color has-text-color has-link-color has-border-color has-black-border-color\" style=\"border-width:1px\"><tbody><tr><td> 21\/01\/2026<\/td><td class=\"has-text-align-left\" data-align=\"left\"><a href=\"https:\/\/www.defensoria.se.def.br\/wp-content\/uploads\/2026\/02\/RESOLUCAO-N.o-001.2026-ACRESCENTAM-SE-OS-PARAGRAFOS-1o-2o-E-3o-AO-ART.-10-DA-RES.-18.2025-ACERVO-SEMANA-COM-MENOS-DE-5-DIAS-UTEIS.html\" target=\"_blank\" rel=\"noreferrer noopener\"><strong>RESOLU\u00c7\u00c3O N\u00ba 001.2026 &#8211; ACRESCENTAM-SE OS PARAGRAFOS 1\u00ba 2\u00ba E 3\u00ba AO ART. 10 DA RES. 18.2025 ACERVO SEMANA COM MENOS DE 5 DIAS UTEIS<\/strong><\/a><\/td><\/tr><tr><td>26\/02\/2026<\/td><td class=\"has-text-align-left\" data-align=\"left\"><a href=\"https:\/\/www.defensoria.se.def.br\/wp-content\/uploads\/2026\/02\/1.-RESOLUCAO-N.o-002.2026-NUCLEO-DO-MEIO-AMBIENTE-ASSINADA.pdf\" target=\"_blank\" rel=\"noreferrer noopener\"><strong>RESOLU\u00c7\u00c3O N\u00ba 002.2026 &#8211; N\u00daCLEO DO MEIO AMBIENTE<\/strong><\/a><\/td><\/tr><tr><td>02\/02\/2026<\/td><td class=\"has-text-align-left\" data-align=\"left\"><a href=\"https:\/\/www.defensoria.se.def.br\/wp-content\/uploads\/2026\/03\/RESOLUCAO-N.o-003.2026-ALTERACAO-DAS-RESOLUCOES-N.oS-003.2018-001.2024-E-018.2025.html\" target=\"_blank\" rel=\"noreferrer noopener\"><strong>RESOLU\u00c7\u00c3O N\u00ba 003.2026 &#8211; ALTERA\u00c7\u00c3O DAS RESOLU\u00c7\u00d5ES N. 003.2018 001.2024 E 018.2025<\/strong><\/a><\/td><\/tr><tr><td>20\/02\/2026<\/td><td class=\"has-text-align-left\" data-align=\"left\"><a href=\"https:\/\/www.defensoria.se.def.br\/wp-content\/uploads\/2026\/02\/RESOLUCAO-N.o-004.2026-ELEICAO-CONSELHO-SUPERIOR.html\" target=\"_blank\" rel=\"noreferrer noopener\"><strong>RESOLU\u00c7\u00c3O N\u00ba 004.2026 &#8211; ELEIC\u00c3O CONSELHO SUPERIOR<\/strong><\/a><\/td><\/tr><tr><td>19\/02\/2026<\/td><td class=\"has-text-align-left\" data-align=\"left\"><a href=\"https:\/\/www.defensoria.se.def.br\/wp-content\/uploads\/2026\/03\/RESOLUCAO-N.o-005.2026-ALTERA-A-RESOLUCAO-No-02.2022-ATUALIZA-O-VALOR-DO-AUXILIO-ALIMENTACAO.html\" target=\"_blank\" rel=\"noreferrer noopener\"><strong>RESOLU\u00c7\u00c3O N.\u00ba 005.2026 &#8211; ALTERA A RESOLUC\u00c3O N\u00ba 02.2022 ATUALIZA\u00c7\u00c3O VALOR DO AUX\u00cdLIO ALIMENTA\u00c7\u00c3O<\/strong><\/a><\/td><\/tr><tr><td>09\/03\/2026<\/td><td class=\"has-text-align-left\" data-align=\"left\"><a href=\"https:\/\/www.defensoria.se.def.br\/wp-content\/uploads\/2026\/03\/RESOLUCAO-N.o-006.2026-ALTERACAO-DA-RESOLUCAO-N.o-002.2026.html\" target=\"_blank\" rel=\"noreferrer noopener\"><strong>RESOLU\u00c7\u00c3O N\u00ba 006.2026 &#8211; ALTERA\u00c7\u00c3O DA RESOLU\u00c7\u00c3O N\u00ba 002.2026<\/strong><\/a><\/td><\/tr><tr><td>05\/05\/2026<\/td><td class=\"has-text-align-left\" data-align=\"left\"><a href=\"https:\/\/www.defensoria.se.def.br\/wp-content\/uploads\/2026\/05\/RESOLUCAO-N.o-007.2026-REVOGACAO-DA-RESOLUCAO-N.o-014.2022-NUCLEO-DE-ASSISTENCIA-JURIDICA-DOS-TRIBUNAIS-SUPERIORES-NAJT.html\" target=\"_blank\" rel=\"noreferrer noopener\"><strong>RESOLU\u00c7\u00c3O N\u00ba 007.2026 &#8211; REVOGA\u00c7\u00c3O DA RESOLU\u00c7\u00c3O N.014.2022 N\u00daCLEO DE ASSISTENCIA JUR\u00cdDICA DOS TRIBUNAIS SUPERIORES NAJT<\/strong><\/a><\/td><\/tr><tr><td>05\/05\/2026<\/td><td class=\"has-text-align-left\" data-align=\"left\"><a href=\"https:\/\/www.defensoria.se.def.br\/wp-content\/uploads\/2026\/05\/RESOLUCAO-N.o-008.2026-CRIA-A-DP-DA-3a-TURMA-SUPERIOR-DO-TJ.SE_.html\" target=\"_blank\" rel=\"noreferrer noopener\"><strong>RESOLU\u00c7\u00c3O N\u00ba 008.2026 &#8211; CRIA A DP DA 3\u00aa TURMA SUPERIOR DO TJ.SE<\/strong><\/a><\/td><\/tr><tr><td>05\/05\/2026<\/td><td class=\"has-text-align-left\" data-align=\"left\"><a href=\"https:\/\/www.defensoria.se.def.br\/wp-content\/uploads\/2026\/05\/RESOLUCAO-N.o-009.2026-CRIA-A-DP-DA-4a-TURMA-SUPERIOR-DO-TJ.SE_.html\" target=\"_blank\" rel=\"noreferrer noopener\"><strong>RESOLU\u00c7\u00c3O N\u00ba 009.2026 &#8211; CRIA A DP DA 4\u00aa TURMA SUPERIOR DO TJ.SE<\/strong><\/a><\/td><\/tr><tr><td>05\/05\/2026<\/td><td class=\"has-text-align-left\" data-align=\"left\"><a href=\"https:\/\/www.defensoria.se.def.br\/wp-content\/uploads\/2026\/05\/RESOLUCAO-N.o-010.2026-CRIA-A-DP-DA-5a-TURMA-SUPERIOR-DO-TJ.SE_.html\" target=\"_blank\" rel=\"noreferrer noopener\"><strong>RESOLU\u00c7\u00c3O N\u00ba 010.2026 &#8211; CRIA DP DA 5\u00aa TURMA SUPERIOR DO TJ.SE<\/strong><\/a><\/td><\/tr><tr><td>05\/05\/2026<\/td><td class=\"has-text-align-left\" data-align=\"left\"><a href=\"https:\/\/www.defensoria.se.def.br\/wp-content\/uploads\/2026\/05\/RESOLUCAO-N.o-011.2026-CRIA-A-DP-DA-6a-TURMA-SUPERIOR-DO-TJ.SE_.html\" target=\"_blank\" rel=\"noreferrer noopener\"><strong>RESOLU\u00c7\u00c3O N\u00ba 011.2026 &#8211; CRIA A DP DA 6\u00aa TURMA SUPERIOR DO TJ.SE<\/strong><\/a><\/td><\/tr><tr><td>05\/05\/2026<\/td><td class=\"has-text-align-left\" data-align=\"left\"><a href=\"https:\/\/www.defensoria.se.def.br\/wp-content\/uploads\/2026\/05\/RESOLUCAO-N.o-012.2026-CRIA-A-DP-DE-REVISAO-CRIMINAL.html\" target=\"_blank\" rel=\"noreferrer noopener\"><strong>RESOLU\u00c7\u00c3O N\u00ba 012.2026 &#8211; CRIA A DP DE REVIS\u00c3O CRIMINAL<\/strong><\/a><\/td><\/tr><tr><td>05\/05\/2026<\/td><td class=\"has-text-align-left\" data-align=\"left\"><a href=\"https:\/\/www.defensoria.se.def.br\/wp-content\/uploads\/2026\/05\/RESOLUCA\u0303O-N.o-013.2026-ALTERACAO-DA-RESOLUCAO-N.o-004.2025-ITINERANTE.html\" target=\"_blank\" rel=\"noreferrer noopener\"><strong>RESOLUCA\u0303O N\u00ba 013.2026 &#8211; ALTERA\u00c7\u00c3O DA RESOLU\u00c7\u00c3O N\u00ba 004.2025 ITINERANTE<\/strong><\/a><\/td><\/tr><tr><td>05\/05\/2026<\/td><td class=\"has-text-align-left\" data-align=\"left\"><a href=\"https:\/\/www.defensoria.se.def.br\/wp-content\/uploads\/2026\/05\/RESOLUCA\u0303O-N.o-014.2026-NUCLEO-PESSOA-EM-SITUACAO-DE-RUA.html\" target=\"_blank\" rel=\"noreferrer noopener\"><strong>RESOLUCA\u0303O N\u00ba 014.2026 &#8211; NUCLEO PESSOA EM SITUACAO DE RUA<\/strong><\/a><\/td><\/tr><tr><td>06\/05\/2026<\/td><td class=\"has-text-align-left\" data-align=\"left\"><a href=\"https:\/\/www.defensoria.se.def.br\/wp-content\/uploads\/2026\/05\/RESOLUCA\u0303O-N.o-015.2026-AUXILIO-SAUDE.html\" target=\"_blank\" rel=\"noreferrer noopener\"><strong>RESOLUCA\u0303O N\u00ba 015.2026 &#8211; AUXILIO SA\u00daDE<\/strong><\/a><\/td><\/tr><tr><td>07\/05\/2026<\/td><td class=\"has-text-align-left\" data-align=\"left\"><a href=\"https:\/\/www.defensoria.se.def.br\/wp-content\/uploads\/2026\/05\/RESOLUCAO-N.o-016.2026-NUCLEO-DE-ATENDIMENTO-EM-ENTIDADES-DE-ENSINO-SUPERIOR.html\" target=\"_blank\" rel=\"noreferrer noopener\"><strong>RESOLU\u00c7\u00c3O &#8211; N\u00ba 016.2026 &#8211; N\u00daCLEO DE ATENDIMENTO EM ENTIDADES DE ENSINO SUPERIOR<\/strong><\/a><\/td><\/tr><\/tbody><\/table><\/figure>\n\n\n\n<p><br><\/p>\n\n\n\n<p><br><\/p>\n","protected":false},"excerpt":{"rendered":"<p>2026 CLIQUE NA RESOLU\u00c7\u00c3O PARA EFETUAR O DOWNLOAD: 21\/01\/2026 RESOLU\u00c7\u00c3O N\u00ba 001.2026 &#8211; ACRESCENTAM-SE OS PARAGRAFOS 1\u00ba 2\u00ba E 3\u00ba AO ART. 10 DA RES. 18.2025 ACERVO SEMANA COM MENOS DE 5 DIAS UTEIS 26\/02\/2026 RESOLU\u00c7\u00c3O N\u00ba 002.2026 &#8211; N\u00daCLEO DO MEIO AMBIENTE 02\/02\/2026 RESOLU\u00c7\u00c3O N\u00ba 003.2026 &#8211; ALTERA\u00c7\u00c3O DAS RESOLU\u00c7\u00d5ES N. 003.2018 001.2024 E &hellip;<\/p>\n<p class=\"read-more\"> <a class=\"\" href=\"https:\/\/www.defensoria.se.def.br\/?page_id=49335\"> <span class=\"screen-reader-text\">RESOLU\u00c7\u00d5ES 2026<\/span> Read More &raquo;<\/a><\/p>\n","protected":false},"author":17,"featured_media":0,"parent":356,"menu_order":0,"comment_status":"closed","ping_status":"closed","template":"","meta":{"_eb_attr":"","_uag_custom_page_level_css":"","site-sidebar-layout":"default","site-content-layout":"","ast-site-content-layout":"","site-content-style":"default","site-sidebar-style":"default","ast-global-header-display":"","ast-banner-title-visibility":"","ast-main-header-display":"","ast-hfb-above-header-display":"","ast-hfb-below-header-display":"","ast-hfb-mobile-header-display":"","site-post-title":"","ast-breadcrumbs-content":"","ast-featured-img":"","footer-sml-layout":"","theme-transparent-header-meta":"","adv-header-id-meta":"","stick-header-meta":"","header-above-stick-meta":"","header-main-stick-meta":"","header-below-stick-meta":"","astra-migrate-meta-layouts":"","footnotes":""},"class_list":["post-49335","page","type-page","status-publish","hentry"],"uagb_featured_image_src":{"full":false,"thumbnail":false,"medium":false,"medium_large":false,"large":false,"1536x1536":false,"2048x2048":false},"uagb_author_info":{"display_name":"Sillas Muritiba","author_link":"https:\/\/www.defensoria.se.def.br\/?author=17"},"uagb_comment_info":0,"uagb_excerpt":"2026 CLIQUE NA RESOLU\u00c7\u00c3O PARA EFETUAR O DOWNLOAD: 21\/01\/2026 RESOLU\u00c7\u00c3O N\u00ba 001.2026 &#8211; ACRESCENTAM-SE OS PARAGRAFOS 1\u00ba 2\u00ba E 3\u00ba AO ART. 10 DA RES. 18.2025 ACERVO SEMANA COM MENOS DE 5 DIAS UTEIS 26\/02\/2026 RESOLU\u00c7\u00c3O N\u00ba 002.2026 &#8211; N\u00daCLEO DO MEIO AMBIENTE 02\/02\/2026 RESOLU\u00c7\u00c3O N\u00ba 003.2026 &#8211; ALTERA\u00c7\u00c3O DAS RESOLU\u00c7\u00d5ES N. 003.2018 001.2024 E&hellip;","_links":{"self":[{"href":"https:\/\/www.defensoria.se.def.br\/index.php?rest_route=\/wp\/v2\/pages\/49335"}],"collection":[{"href":"https:\/\/www.defensoria.se.def.br\/index.php?rest_route=\/wp\/v2\/pages"}],"about":[{"href":"https:\/\/www.defensoria.se.def.br\/index.php?rest_route=\/wp\/v2\/types\/page"}],"author":[{"embeddable":true,"href":"https:\/\/www.defensoria.se.def.br\/index.php?rest_route=\/wp\/v2\/users\/17"}],"replies":[{"embeddable":true,"href":"https:\/\/www.defensoria.se.def.br\/index.php?rest_route=%2Fwp%2Fv2%2Fcomments&post=49335"}],"version-history":[{"count":13,"href":"https:\/\/www.defensoria.se.def.br\/index.php?rest_route=\/wp\/v2\/pages\/49335\/revisions"}],"predecessor-version":[{"id":50772,"href":"https:\/\/www.defensoria.se.def.br\/index.php?rest_route=\/wp\/v2\/pages\/49335\/revisions\/50772"}],"up":[{"embeddable":true,"href":"https:\/\/www.defensoria.se.def.br\/index.php?rest_route=\/wp\/v2\/pages\/356"}],"wp:attachment":[{"href":"https:\/\/www.defensoria.se.def.br\/index.php?rest_route=%2Fwp%2Fv2%2Fmedia&parent=49335"}],"curies":[{"name":"wp","href":"https:\/\/api.w.org\/{rel}","templated":true}]}}