{"id":49853,"date":"2026-03-05T11:44:44","date_gmt":"2026-03-05T14:44:44","guid":{"rendered":"https:\/\/www.defensoria.se.def.br\/?page_id=49853"},"modified":"2026-03-05T11:44:44","modified_gmt":"2026-03-05T14:44:44","slug":"nucleo-de-defesa-ambiental","status":"publish","type":"page","link":"https:\/\/www.defensoria.se.def.br\/?page_id=49853","title":{"rendered":"N\u00facleo de Defesa Ambiental"},"content":{"rendered":"\n<h3 class=\"wp-block-heading\"><\/h3>\n\n\n\n<h1 class=\"wp-block-heading has-text-align-center\"><span style=\"color: #007749;\"><strong>N\u00facleo de Defesa Ambiental<\/strong><\/span><\/h1>\n\n\n\n<p class=\"has-text-align-center\">Resolu\u00e7\u00e3o n\u00ba 002\/2026<\/p>\n\n\n\n<p><span style=\"color: #007749;\"><strong>DIRETORA:<\/strong><\/span><\/p>\n\n\n\n<p><strong>Dra. Richesmy Lib\u00f3rio Santa Rosa<\/strong><\/p>\n\n\n\n<p><span style=\"color: #007749;\"><strong>MEMBROS:<\/strong><\/span><\/p>\n\n\n\n<p>Dr. Marcelle Pereira dos Santos Oliveira<\/p>\n\n\n\n<p><span style=\"color: #007749;\"><strong>EMAIL DO N\u00daCLEO :<\/strong><\/span> <br>nucleo.meioambiente@defensoria.se.def.br<\/p>\n\n\n\n<p><span style=\"color: #007749;\"><strong>HIST\u00d3RICO:<\/strong><\/span><\/p>\n\n\n\n<p>A cria\u00e7\u00e3o N\u00facleo de Defesa Ambiental da Defensoria P\u00fablica do Estado de Sergipe (NUDAM) representa um marco na consolida\u00e7\u00e3o da atua\u00e7\u00e3o institucional voltada \u00e0 tutela coletiva do meio ambiente e \u00e0 promo\u00e7\u00e3o da responsabilidade socioambiental.<\/p>\n\n\n\n<p>A iniciativa foi formalizada por meio da Resolu\u00e7\u00e3o n\u00ba 002\/2026, aprovada pelo Conselho Superior da Institui\u00e7\u00e3o em 2 de fevereiro de 2026.<\/p>\n\n\n\n<p>A medida est\u00e1 alinhada ao artigo 225 da Constitui\u00e7\u00e3o Federal de 1988, que assegura a todos o direito ao meio ambiente ecologicamente equilibrado, bem como \u00e0 miss\u00e3o constitucional da Defensoria P\u00fablica de garantir direitos fundamentais \u00e0 popula\u00e7\u00e3o em situa\u00e7\u00e3o de vulnerabilidade.<\/p>\n\n\n\n<p>O hist\u00f3rico de cria\u00e7\u00e3o do NUDAM tamb\u00e9m se insere em um contexto nacional de fortalecimento da pauta socioambiental no \u00e2mbito das Defensorias P\u00fablicas.<\/p>\n\n\n\n<p>Em mar\u00e7o de 2024, foi firmado o \u201cProtocolo Verde\u201d, acordo de coopera\u00e7\u00e3o voltado \u00e0 implementa\u00e7\u00e3o de pol\u00edticas institucionais sustent\u00e1veis, celebrado entre o Conselho Nacional das Defensoras e Defensores P\u00fablicos-Gerais e a Defensoria P\u00fablica da Uni\u00e3o, consolidando diretrizes para atua\u00e7\u00e3o estrat\u00e9gica e integrada em mat\u00e9ria ambiental.<\/p>\n\n\n\n<p>Diante do reconhecimento de que a popula\u00e7\u00e3o em situa\u00e7\u00e3o de pobreza \u00e9 a mais impactada por desastres ambientais e pelos efeitos da degrada\u00e7\u00e3o ambiental, a Defensoria P\u00fablica do Estado de Sergipe estruturou o N\u00facleo com atua\u00e7\u00e3o na Comarca de Aracaju, estabelecendo atribui\u00e7\u00f5es espec\u00edficas voltadas \u00e0 promo\u00e7\u00e3o da educa\u00e7\u00e3o ambiental, articula\u00e7\u00e3o interinstitucional, proposi\u00e7\u00e3o de medidas extrajudiciais e judiciais, defesa dos animais, coopera\u00e7\u00e3o t\u00e9cnica e fortalecimento de pol\u00edticas p\u00fablicas sustent\u00e1veis.<\/p>\n\n\n\n<p><span style=\"color: #007749;\"><strong>ATRIBUI\u00c7\u00d5ES:<\/strong><\/span><\/p>\n\n\n\n<p><strong>a)<\/strong> Estabelecer permanente articula\u00e7\u00e3o com n\u00facleos especializados ou<br>equivalentes de outras Defensorias P\u00fablicas na \u00e1rea meio ambiente para defini\u00e7\u00e3o<br>de estrat\u00e9gias comum em assuntos de \u00e2mbito nacional e para interc\u00e2mbio de<br>experi\u00eancias;<\/p>\n\n\n\n<p><strong>b)<\/strong> Cooperar para a cria\u00e7\u00e3o e implementa\u00e7\u00e3o de pol\u00edticas institucionais<br>para minimiza\u00e7\u00e3o de impactos socioambientais e gest\u00e3o adequada dos res\u00edduos gerados, al\u00e9m de fomentar conscientiza\u00e7\u00e3o e mobiliza\u00e7\u00e3o dos agentes e colaboradores para ado\u00e7\u00e3o de pr\u00e1ticas ambientalmente sustent\u00e1veis;<\/p>\n\n\n\n<p><strong>c)<\/strong> Firmar coopera\u00e7\u00e3o interinstitucional, por meio da gest\u00e3o superior,<br>sendo o caso, com outros \u00f3rg\u00e3os e entidades, p\u00fablicos e privados, visando \u00e0<br>promo\u00e7\u00e3o de a\u00e7\u00f5es voltadas \u00e0 sustentabilidade e demais mat\u00e9rias afetas \u00e0 tutela coletiva do meio ambiente e defesa dos animais;<\/p>\n\n\n\n<p><strong>d)<\/strong> Promover a conscientiza\u00e7\u00e3o e educa\u00e7\u00e3o ambiental, com vistas a<br>fomentar a conscientiza\u00e7\u00e3o coletiva para a preserva\u00e7\u00e3o do meio ambiente e defesa dos animais, sobretudo em favor da popula\u00e7\u00e3o necessitada e vulner\u00e1vel;;<\/p>\n\n\n\n<p><strong>e)<\/strong> Propor medidas extrajudiciais e judiciais visando \u00e0<br>compatibilidade da tutela do meio ambiente ao desenvolvimento sustent\u00e1vel tanto no \u00e2mbito individual ou coletivo;<\/p>\n\n\n\n<p><strong>f)<\/strong> Editar cartilhas e informativos com not\u00edcias atualizadas, destinados<br>\u00e0 educa\u00e7\u00e3o da popula\u00e7\u00e3o em direito ambiental e da defesa dos animais;<\/p>\n\n\n\n<p><strong>g)<\/strong> Manter contato e congregar esfor\u00e7os junto aos entes p\u00fablicos, bem<br>como sindicatos, associa\u00e7\u00f5es e demais organiza\u00e7\u00f5es da sociedade civil, em defesa e preserva\u00e7\u00e3o do meio ambiente e defesa dos animais, cujo equil\u00edbrio \u00e9 direito de todos;<\/p>\n\n\n\n<p><strong>h)<\/strong> Acionar as Cortes Internacionais, no \u00e2mbito das atribui\u00e7\u00f5es do<br>N\u00facleo;<br>Entre outras\u2026<\/p>\n\n\n\n<p><\/p>\n\n\n\n<p><\/p>\n","protected":false},"excerpt":{"rendered":"<p>N\u00facleo de Defesa Ambiental Resolu\u00e7\u00e3o n\u00ba 002\/2026 DIRETORA: Dra. Richesmy Lib\u00f3rio Santa Rosa MEMBROS: Dr. Marcelle Pereira dos Santos Oliveira EMAIL DO N\u00daCLEO : nucleo.meioambiente@defensoria.se.def.br HIST\u00d3RICO: A cria\u00e7\u00e3o N\u00facleo de Defesa Ambiental da Defensoria P\u00fablica do Estado de Sergipe (NUDAM) representa um marco na consolida\u00e7\u00e3o da atua\u00e7\u00e3o institucional voltada \u00e0 tutela coletiva do meio ambiente &hellip;<\/p>\n<p class=\"read-more\"> <a class=\"\" href=\"https:\/\/www.defensoria.se.def.br\/?page_id=49853\"> <span class=\"screen-reader-text\">N\u00facleo de Defesa Ambiental<\/span> Read More &raquo;<\/a><\/p>\n","protected":false},"author":17,"featured_media":0,"parent":0,"menu_order":0,"comment_status":"closed","ping_status":"closed","template":"","meta":{"_eb_attr":"","_uag_custom_page_level_css":"","site-sidebar-layout":"default","site-content-layout":"","ast-site-content-layout":"","site-content-style":"default","site-sidebar-style":"default","ast-global-header-display":"","ast-banner-title-visibility":"","ast-main-header-display":"","ast-hfb-above-header-display":"","ast-hfb-below-header-display":"","ast-hfb-mobile-header-display":"","site-post-title":"","ast-breadcrumbs-content":"","ast-featured-img":"","footer-sml-layout":"","theme-transparent-header-meta":"","adv-header-id-meta":"","stick-header-meta":"","header-above-stick-meta":"","header-main-stick-meta":"","header-below-stick-meta":"","astra-migrate-meta-layouts":"","footnotes":""},"class_list":["post-49853","page","type-page","status-publish","hentry"],"uagb_featured_image_src":{"full":false,"thumbnail":false,"medium":false,"medium_large":false,"large":false,"1536x1536":false,"2048x2048":false},"uagb_author_info":{"display_name":"Sillas Muritiba","author_link":"https:\/\/www.defensoria.se.def.br\/?author=17"},"uagb_comment_info":0,"uagb_excerpt":"N\u00facleo de Defesa Ambiental Resolu\u00e7\u00e3o n\u00ba 002\/2026 DIRETORA: Dra. Richesmy Lib\u00f3rio Santa Rosa MEMBROS: Dr. Marcelle Pereira dos Santos Oliveira EMAIL DO N\u00daCLEO : nucleo.meioambiente@defensoria.se.def.br HIST\u00d3RICO: A cria\u00e7\u00e3o N\u00facleo de Defesa Ambiental da Defensoria P\u00fablica do Estado de Sergipe (NUDAM) representa um marco na consolida\u00e7\u00e3o da atua\u00e7\u00e3o institucional voltada \u00e0 tutela coletiva do meio ambiente&hellip;","_links":{"self":[{"href":"https:\/\/www.defensoria.se.def.br\/index.php?rest_route=\/wp\/v2\/pages\/49853"}],"collection":[{"href":"https:\/\/www.defensoria.se.def.br\/index.php?rest_route=\/wp\/v2\/pages"}],"about":[{"href":"https:\/\/www.defensoria.se.def.br\/index.php?rest_route=\/wp\/v2\/types\/page"}],"author":[{"embeddable":true,"href":"https:\/\/www.defensoria.se.def.br\/index.php?rest_route=\/wp\/v2\/users\/17"}],"replies":[{"embeddable":true,"href":"https:\/\/www.defensoria.se.def.br\/index.php?rest_route=%2Fwp%2Fv2%2Fcomments&post=49853"}],"version-history":[{"count":1,"href":"https:\/\/www.defensoria.se.def.br\/index.php?rest_route=\/wp\/v2\/pages\/49853\/revisions"}],"predecessor-version":[{"id":49854,"href":"https:\/\/www.defensoria.se.def.br\/index.php?rest_route=\/wp\/v2\/pages\/49853\/revisions\/49854"}],"wp:attachment":[{"href":"https:\/\/www.defensoria.se.def.br\/index.php?rest_route=%2Fwp%2Fv2%2Fmedia&parent=49853"}],"curies":[{"name":"wp","href":"https:\/\/api.w.org\/{rel}","templated":true}]}}