{"id":50073,"date":"2026-04-01T11:06:40","date_gmt":"2026-04-01T14:06:40","guid":{"rendered":"https:\/\/www.defensoria.se.def.br\/?page_id=50073"},"modified":"2026-04-28T13:49:06","modified_gmt":"2026-04-28T16:49:06","slug":"ps-no-29-editais-de-convocacao","status":"publish","type":"page","link":"https:\/\/www.defensoria.se.def.br\/?page_id=50073","title":{"rendered":"PS N\u00ba 29 \u2013 Editais de Convoca\u00e7\u00e3o"},"content":{"rendered":"\n<p><br><\/p>\n\n\n\n<h1 class=\"wp-block-heading has-text-align-center has-ast-global-color-0-color has-text-color has-link-color wp-elements-1fcd3180a44fb8d485832d025b918308\"><strong>PS N\u00ba 29 \u2013 Editais de Convoca\u00e7\u00e3o<\/strong><\/h1>\n\n\n\n<p><br><\/p>\n\n\n\n<h4 class=\"wp-block-heading has-text-align-center\"><br><a href=\"https:\/\/www.defensoria.se.def.br\/wp-content\/uploads\/2026\/04\/REQUERIMENTO-PARA-PEDIDO-DE-FINAL-DE-LISTA-DE-ESTAGIARIOS.pdf\" target=\"_blank\" rel=\"noreferrer noopener\">Requerimento para Pedido de Final de Lista de Estagi\u00e1rios<\/a><\/h4>\n\n\n\n<p><\/p>\n\n\n\n<figure class=\"wp-block-table is-style-stripes has-medium-font-size\"><table class=\"has-border-color has-ast-global-color-0-border-color\" style=\"border-width:1px\"><tbody><tr><td><a href=\"https:\/\/www.defensoria.se.def.br\/wp-content\/uploads\/2026\/04\/EDITAL-GSPG-035.2026-CONVOCACAO-29o-PSE-ARACAJU-CAPELA-LAGARTO-SOCORRO-E-TOBIAS-BARRETO-DIREITO.pdf\" target=\"_blank\" rel=\"noreferrer noopener\">EDITAL GSPG 035.2026  CONVOCACAO 29\u00ba PSE ARACAJU CAPELA LAGARTO SOCORRO E TOBIAS BARRETO (DIREITO)<\/a><\/td><td class=\"has-text-align-center\" data-align=\"center\"><strong>Publica\u00e7\u00e3o<\/strong> <br><strong>01\/04\/2026<\/strong> <br><br><strong>Convoca\u00e7\u00e3o 07\/04\/2026<\/strong><\/td><\/tr><tr><td><a href=\"https:\/\/www.defensoria.se.def.br\/wp-content\/uploads\/2026\/04\/EDITAL-GSPG-039.2026-CONVOCACAO-29o-PSE-LAGARTO-DIREITO.pdf\" target=\"_blank\" rel=\"noreferrer noopener\">EDITAL GSPG 039.2026 CONVOCA\u00c7\u00c3O 29\u00ba PSE LAGARTO (DIREITO)<\/a><\/td><td class=\"has-text-align-center\" data-align=\"center\"><strong>Publica\u00e7\u00e3o<\/strong> <br><strong>07\/04\/2026<\/strong> <br><br><strong>Convoca\u00e7\u00e3o 09\/04\/2026<\/strong><\/td><\/tr><tr><td><a href=\"https:\/\/www.defensoria.se.def.br\/wp-content\/uploads\/2026\/04\/EDITAL-GSPG-040.2026-CONVOCACAO-29o-PSE-ARACAJU-DIREITO.pdf\" target=\"_blank\" rel=\"noreferrer noopener\">EDITAL GSPG 040.2026 CONVOCA\u00c7\u00c3O 29\u00ba PSE ARACAJU (DIREITO)<\/a><\/td><td class=\"has-text-align-center\" data-align=\"center\"><strong>Publica\u00e7\u00e3o<\/strong> <br><strong>08\/04\/2026<\/strong> <br><br><strong>Convoca\u00e7\u00e3o 10\/04\/2026<\/strong><\/td><\/tr><tr><td><a href=\"https:\/\/www.defensoria.se.def.br\/wp-content\/uploads\/2026\/04\/EDITAL-GSPG-041.2026-CONVOCACAO-29o-PSE-LARANJEIRAS-LAGARTO-E-SOCORRO-DIREITO.pdf\" target=\"_blank\" rel=\"noreferrer noopener\">EDITAL GSPG 041.2026 CONVOCA\u00c7\u00c3O 29\u00ba  PSE LARANJEIRAS LAGARTO E SOCORRO (DIREITO)<\/a><\/td><td class=\"has-text-align-center\" data-align=\"center\"><strong>Publica\u00e7\u00e3o<\/strong> <br><strong>09\/04\/2026<\/strong> <br><br><strong>Convoca\u00e7\u00e3o 13\/04\/2026<\/strong><\/td><\/tr><tr><td><a href=\"https:\/\/www.defensoria.se.def.br\/wp-content\/uploads\/2026\/04\/EDITAL-GSPG-042.2026-CONVOCACAO-29o-PSE-SOCORRO-e-TOBIAS-DIREITO.pdf\" target=\"_blank\" rel=\"noreferrer noopener\">EDITAL GSPG 042.2026 CONVOCA\u00c7\u00c3O 29\u00ba PSE SOCORRO e TOBIAS (DIREITO)<\/a><\/td><td class=\"has-text-align-center\" data-align=\"center\"><strong>Publica\u00e7\u00e3o<\/strong> <br><strong>15\/04\/2026<\/strong> <br><br><strong>Convoca\u00e7\u00e3o 17\/04\/2026<\/strong><\/td><\/tr><tr><td><a href=\"https:\/\/www.defensoria.se.def.br\/wp-content\/uploads\/2026\/04\/EDITAL-GSPG-044.2026-CONVOCACAO-29o-PSE-ARACAJU-DIREITO.pdf\" target=\"_blank\" rel=\"noreferrer noopener\">EDITAL-GSPG-044.2026-CONVOCACAO-29o-PSE-ARACAJU-DIREITO<\/a><\/td><td class=\"has-text-align-center\" data-align=\"center\"><strong>Publica\u00e7\u00e3o<\/strong> <br><strong>22\/04\/2026<\/strong> <br><br><strong>Convoca\u00e7\u00e3o 24\/04\/2026<\/strong><\/td><\/tr><tr><td><a href=\"https:\/\/www.defensoria.se.def.br\/wp-content\/uploads\/2026\/04\/EDITAL-GSPG-046.-2026-CONVOCACAO-29o-PSE-ESTANCIA-DIREITO.pdf\" target=\"_blank\" rel=\"noreferrer noopener\">EDITAL GSPG 046.2026 CONVOCA\u00c7\u00c3O 29\u00ba PSE EST\u00c2NCIA (DIREITO)<\/a><\/td><td class=\"has-text-align-center\" data-align=\"center\"><strong>Publica\u00e7\u00e3o<\/strong> <br><strong>24\/04\/2026<\/strong> <br><br><strong>Convoca\u00e7\u00e3o 28\/04\/2026<\/strong><\/td><\/tr><tr><td><a href=\"https:\/\/www.defensoria.se.def.br\/wp-content\/uploads\/2026\/04\/EDITAL-GSPG-047.2026-CONVOCACAO-29o-PSE-ARACAJU-DIREITO.pdf\" target=\"_blank\" rel=\"noreferrer noopener\">EDITAL GSPG 047.2026 CONVOCA\u00c7\u00c3O 29\u00ba PSE ARACAJU (DIREITO)<\/a><\/td><td class=\"has-text-align-center\" data-align=\"center\"><strong>Publica\u00e7\u00e3o<\/strong> <br><strong>28\/04\/2026<\/strong> <br><br><strong>Convoca\u00e7\u00e3o 30\/04\/2026<\/strong><\/td><\/tr><\/tbody><\/table><\/figure>\n\n\n\n<p><br><br><\/p>\n\n\n\n<p><\/p>\n","protected":false},"excerpt":{"rendered":"<p>PS N\u00ba 29 \u2013 Editais de Convoca\u00e7\u00e3o Requerimento para Pedido de Final de Lista de Estagi\u00e1rios EDITAL GSPG 035.2026 CONVOCACAO 29\u00ba PSE ARACAJU CAPELA LAGARTO SOCORRO E TOBIAS BARRETO (DIREITO) Publica\u00e7\u00e3o 01\/04\/2026 Convoca\u00e7\u00e3o 07\/04\/2026 EDITAL GSPG 039.2026 CONVOCA\u00c7\u00c3O 29\u00ba PSE LAGARTO (DIREITO) Publica\u00e7\u00e3o 07\/04\/2026 Convoca\u00e7\u00e3o 09\/04\/2026 EDITAL GSPG 040.2026 CONVOCA\u00c7\u00c3O 29\u00ba PSE ARACAJU (DIREITO) Publica\u00e7\u00e3o &hellip;<\/p>\n<p class=\"read-more\"> <a class=\"\" href=\"https:\/\/www.defensoria.se.def.br\/?page_id=50073\"> <span class=\"screen-reader-text\">PS N\u00ba 29 \u2013 Editais de Convoca\u00e7\u00e3o<\/span> Read More &raquo;<\/a><\/p>\n","protected":false},"author":17,"featured_media":0,"parent":49615,"menu_order":0,"comment_status":"closed","ping_status":"closed","template":"","meta":{"_eb_attr":"","_uag_custom_page_level_css":"","site-sidebar-layout":"default","site-content-layout":"","ast-site-content-layout":"","site-content-style":"default","site-sidebar-style":"default","ast-global-header-display":"","ast-banner-title-visibility":"","ast-main-header-display":"","ast-hfb-above-header-display":"","ast-hfb-below-header-display":"","ast-hfb-mobile-header-display":"","site-post-title":"","ast-breadcrumbs-content":"","ast-featured-img":"","footer-sml-layout":"","theme-transparent-header-meta":"","adv-header-id-meta":"","stick-header-meta":"","header-above-stick-meta":"","header-main-stick-meta":"","header-below-stick-meta":"","astra-migrate-meta-layouts":"","footnotes":""},"class_list":["post-50073","page","type-page","status-publish","hentry"],"uagb_featured_image_src":{"full":false,"thumbnail":false,"medium":false,"medium_large":false,"large":false,"1536x1536":false,"2048x2048":false},"uagb_author_info":{"display_name":"Sillas Muritiba","author_link":"https:\/\/www.defensoria.se.def.br\/?author=17"},"uagb_comment_info":0,"uagb_excerpt":"PS N\u00ba 29 \u2013 Editais de Convoca\u00e7\u00e3o Requerimento para Pedido de Final de Lista de Estagi\u00e1rios EDITAL GSPG 035.2026 CONVOCACAO 29\u00ba PSE ARACAJU CAPELA LAGARTO SOCORRO E TOBIAS BARRETO (DIREITO) Publica\u00e7\u00e3o 01\/04\/2026 Convoca\u00e7\u00e3o 07\/04\/2026 EDITAL GSPG 039.2026 CONVOCA\u00c7\u00c3O 29\u00ba PSE LAGARTO (DIREITO) Publica\u00e7\u00e3o 07\/04\/2026 Convoca\u00e7\u00e3o 09\/04\/2026 EDITAL GSPG 040.2026 CONVOCA\u00c7\u00c3O 29\u00ba PSE ARACAJU (DIREITO) Publica\u00e7\u00e3o&hellip;","_links":{"self":[{"href":"https:\/\/www.defensoria.se.def.br\/index.php?rest_route=\/wp\/v2\/pages\/50073"}],"collection":[{"href":"https:\/\/www.defensoria.se.def.br\/index.php?rest_route=\/wp\/v2\/pages"}],"about":[{"href":"https:\/\/www.defensoria.se.def.br\/index.php?rest_route=\/wp\/v2\/types\/page"}],"author":[{"embeddable":true,"href":"https:\/\/www.defensoria.se.def.br\/index.php?rest_route=\/wp\/v2\/users\/17"}],"replies":[{"embeddable":true,"href":"https:\/\/www.defensoria.se.def.br\/index.php?rest_route=%2Fwp%2Fv2%2Fcomments&post=50073"}],"version-history":[{"count":23,"href":"https:\/\/www.defensoria.se.def.br\/index.php?rest_route=\/wp\/v2\/pages\/50073\/revisions"}],"predecessor-version":[{"id":50605,"href":"https:\/\/www.defensoria.se.def.br\/index.php?rest_route=\/wp\/v2\/pages\/50073\/revisions\/50605"}],"up":[{"embeddable":true,"href":"https:\/\/www.defensoria.se.def.br\/index.php?rest_route=\/wp\/v2\/pages\/49615"}],"wp:attachment":[{"href":"https:\/\/www.defensoria.se.def.br\/index.php?rest_route=%2Fwp%2Fv2%2Fmedia&parent=50073"}],"curies":[{"name":"wp","href":"https:\/\/api.w.org\/{rel}","templated":true}]}}