{"id":5915,"date":"2014-03-28T12:43:42","date_gmt":"2014-03-28T12:43:42","guid":{"rendered":"http:\/\/www.defensoria.se.def.br\/?page_id=5915"},"modified":"2023-12-19T16:23:08","modified_gmt":"2023-12-19T19:23:08","slug":"plantao-da-defensoria","status":"publish","type":"page","link":"https:\/\/www.defensoria.se.def.br\/?page_id=5915","title":{"rendered":"PLANT\u00c3O DA DEFENSORIA"},"content":{"rendered":"<h3 style=\"text-align: center;\" align=\"center\"><strong>RECESSO FORENSE\u00a0<span style=\"color: #ff0000;\">2023\/2024<\/span><\/strong><\/h3>\n<h5 style=\"text-align: center;\"><em><span style=\"color: #000000;\"><strong>CLIQUE NA\u00a0<span style=\"color: #ff0000;\">ESCALA<\/span>\u00a0PARA ABRIR A TABELA<\/strong><\/span><\/em><\/h5>\n<h4><a href=\"https:\/\/www.defensoria.se.def.br\/wp-content\/uploads\/2014\/03\/Escala-Recesso-Forense-2023-2024-Defensores-Sem-telefone.pdf\">ESCALA DOS DEFENSORES P\u00daBLICOS<\/a><\/h4>\n<h4><a href=\"https:\/\/www.defensoria.se.def.br\/wp-content\/uploads\/2014\/03\/ESCALA-FUNCION\u00c1RIOS.pdf\">ESCALA DOS SERVIDORES\u00a0<\/a><\/h4>\n<p>&nbsp;<\/p>\n<h3 style=\"text-align: center;\" align=\"center\">*****************************************************************************<\/h3>\n<h3 style=\"text-align: center;\" align=\"center\"><strong>RECESSO FORENSE <span style=\"color: #ff0000;\">2021\/2022<\/span><\/strong><\/h3>\n<h5 style=\"text-align: center;\"><em><span style=\"color: #000000;\"><strong>CLIQUE NA\u00a0<span style=\"color: #ff0000;\">ESCALA<\/span>\u00a0PARA ABRIR A TABELA<\/strong><\/span><\/em><\/h5>\n<p>&nbsp;<\/p>\n<h4><strong><a href=\"https:\/\/www.defensoria.se.def.br\/wp-content\/uploads\/2014\/03\/ESCALA-RECESSO-FORENSE-2021-2022-para-enviar.pdf\">ESCALA DOS DEFENSORES P\u00daBLICOS<\/a><\/strong><\/h4>\n<h4><strong><a href=\"https:\/\/www.defensoria.se.def.br\/wp-content\/uploads\/2014\/03\/ESCALA-SERVIDOR-ALTERADA.pdf\">ESCALA DOS SERVIDORES E FUNCION\u00c1RIOS TERCEIRIZADOS<\/a><\/strong><\/h4>\n<p>&nbsp;<\/p>\n<h3 style=\"text-align: justify;\" align=\"center\">****************************************************************************************<\/h3>\n<h3 style=\"text-align: center;\" align=\"center\"><strong>RECESSO FORENSE\u00a0<span style=\"color: #ff0000;\">2020\/2021<\/span><\/strong><\/h3>\n<h5 style=\"text-align: center;\"><em><span style=\"color: #000000;\"><strong>CLIQUE NA\u00a0<span style=\"color: #ff0000;\">ESCALA<\/span>\u00a0PARA ABRIR A TABELA<\/strong><\/span><\/em><\/h5>\n<p>&nbsp;<\/p>\n<h4><span style=\"color: #000000;\"><strong><a style=\"color: #000000;\" href=\"https:\/\/www.defensoria.se.def.br\/wp-content\/uploads\/2014\/03\/ESCALA-DOS-DEFENSORES-P\u00daBLICOS-RECESSO-FORENSE-2020-2021-SEM-FONE.pdf\">ESCALA DOS DEFENSORES P\u00daBLICOS<\/a><\/strong><\/span><\/h4>\n<h4><span style=\"color: #000000;\"><strong><a style=\"color: #000000;\" href=\"https:\/\/www.defensoria.se.def.br\/wp-content\/uploads\/2014\/03\/ESCALA-DOS-SERVIDORES-PLANTONISTAS-sem-fones.pdf\">ESCALA DOS SERVIDORES\u00a0<\/a><\/strong><\/span><\/h4>\n<h4><span style=\"color: #000000;\"><strong><a style=\"color: #000000;\" href=\"https:\/\/www.defensoria.se.def.br\/wp-content\/uploads\/2014\/03\/RELA\u00c7\u00c3O-DO-PLANTAO-DOS-ESTAGIARIOS-2020-2021-DEFINITIVA_sem-fones.pdf\">ESCALA DOS ESTAGIARIOS\u00a0<\/a><\/strong><\/span><\/h4>\n<h3 style=\"text-align: center;\" align=\"center\">*******************************************************************************************<\/h3>\n<h3 style=\"text-align: center;\" align=\"center\"><strong>RECESSO FORENSE\u00a0<span style=\"color: #ff0000;\">2019\/2020<\/span><\/strong><\/h3>\n<h5 style=\"text-align: center;\"><em><span style=\"color: #000000;\"><strong>CLIQUE NA\u00a0<span style=\"color: #ff0000;\">ESCALA<\/span>\u00a0PARA ABRIR A TABELA<\/strong><\/span><\/em><\/h5>\n<h5>\u00a0<\/h5>\n<h5><span style=\"color: #000000;\"><a style=\"color: #000000;\" href=\"https:\/\/www.defensoria.se.def.br\/wp-content\/uploads\/2014\/03\/Escala-de-Plant\u00e3o-\u2013-DEFENSORES-P\u00daBLICOS.pdf\"><strong>Escala de Plant\u00e3o<\/strong> \u2013 <strong>DEFENSORES P\u00daBLICOS<\/strong><\/a><\/span><\/h5>\n<h5><span style=\"color: #000000;\"><a style=\"color: #000000;\" href=\"https:\/\/www.defensoria.se.def.br\/wp-content\/uploads\/2014\/03\/ESCALA-DE-PLANT\u00c3O-2019-2020-SERVIDORES.pdf\"><strong>Escala<\/strong> de <strong>Plant\u00e3o<\/strong> \u00a0&#8211; <strong>SERVIDORES<\/strong><\/a><\/span><\/h5>\n<h5><span style=\"color: #000000;\"><a style=\"color: #000000;\" href=\"https:\/\/www.defensoria.se.def.br\/wp-content\/uploads\/2014\/03\/Estagi\u00e1rios.pdf\"><strong>Escala de Plant\u00e3o<\/strong> &#8211; <strong>ESTAGI\u00c1RIOS<\/strong><\/a><\/span><\/h5>\n<h5><span style=\"color: #000000;\"><a style=\"color: #000000;\" href=\"https:\/\/www.defensoria.se.def.br\/wp-content\/uploads\/2014\/03\/Escala-de-Plant\u00e3o-dos-servidores-da-ADMINISTRA\u00c7\u00c3O.pdf\"><strong>Escala<\/strong> de <strong>Plant\u00e3o<\/strong> dos\u00a0<strong>SERVIDORES<\/strong> da <strong>ADMINISTRA\u00c7\u00c3O<\/strong><\/a><\/span><\/h5>\n<h5><span style=\"color: #000000;\"><a style=\"color: #000000;\" href=\"https:\/\/www.defensoria.se.def.br\/wp-content\/uploads\/2014\/03\/ESCALA-DA-CORREGEDORIA-.pdf\"><strong>Escala<\/strong>\u00a0de <strong>Plant\u00e3o<\/strong> da <strong>CORREGEDORIA<\/strong><\/a><\/span><\/h5>\n<p style=\"text-align: justify;\">*************************************************************************************************************<\/p>\n<h3 style=\"text-align: center;\" align=\"center\"><strong>RECESSO FORENSE <span style=\"color: #ff0000;\">2018\/2019<\/span><\/strong><\/h3>\n<h5 style=\"text-align: center;\"><em><span style=\"color: #000000;\"><strong>CLIQUE NA\u00a0<span style=\"color: #ff0000;\">ESCALA<\/span>\u00a0PARA ABRIR A TABELA<\/strong><\/span><\/em><\/h5>\n<h5><span style=\"color: #000000;\"><a style=\"color: #000000;\" href=\"http:\/\/www.defensoria.se.def.br\/wp-content\/uploads\/2014\/03\/OF\u00cdCIO-CIRCULAR-GCG-N\u00ba-015.2018.pdf\">OF\u00cdCIO CIRCULAR GCG N\u00ba 015.2018<\/a><\/span><\/h5>\n<h5><span style=\"color: #000000;\"><a style=\"color: #000000;\" href=\"http:\/\/www.defensoria.se.def.br\/wp-content\/uploads\/2018\/12\/ESCALA-PLANT\u00c3O-RECESSO-FORENSE-2018-2019-ATUALIZADA-18.12.pdf\">ESCALA<\/a><a style=\"color: #000000;\" href=\"http:\/\/www.defensoria.se.def.br\/wp-content\/uploads\/2014\/03\/ESCALA-PLANT\u00c3O-RECESSO-FORENSE-2018-2019-ATUALIZADA.pdf\">\u00a0<\/a>\u00a0DOS DEFENSORES P\u00daBLICOS C\u00cdVEIS E CRIMINAIS<\/span><\/h5>\n<h5><span style=\"color: #000000;\"><a style=\"color: #000000;\" href=\"http:\/\/www.defensoria.se.def.br\/wp-content\/uploads\/2014\/03\/ESCALAS-DE-PLANT\u00d5ES-DOS-FUNCION\u00c1ROS-PARA-RECESSO-FORENSE_ATUAL.pdf\">ESCALA\u00a0<\/a>\u00a0DOS SERVIDORES<\/span><\/h5>\n<h4 style=\"text-align: center;\" align=\"center\">**********************************************************************************************************<br \/><!--more--><\/h4>\n<h3 style=\"text-align: center;\" align=\"center\"><strong>RECESSO FORENSE <span style=\"color: #ff0000;\">2017\/2018<\/span><\/strong><\/h3>\n<h5 style=\"text-align: center;\"><em><span style=\"color: #000000;\"><strong>CLIQUE NA\u00a0<span style=\"color: #ff0000;\">ESCALA<\/span>\u00a0PARA ABRIR A TABELA<\/strong><\/span><\/em><\/h5>\n<h6 style=\"text-align: center;\"><span style=\"color: #000000;\"><strong>20 DE JANEIRO DE 2017 \u00c0\u00a06 DE JANEIRO DE 2018<\/strong><\/span><\/h6>\n<h5><span style=\"color: #ff0000;\"><strong><a style=\"color: #ff0000;\" href=\"http:\/\/www.defensoria.se.def.br\/wp-content\/uploads\/2017\/12\/ESCALA-DE-RECESSO-DOS-DEFENSORES-P\u00daBLICOS.pdf\">ESCALA <\/a><\/strong><\/span>DOS <strong>DEFENSORES P\u00daBLICOS<\/strong> C\u00cdVEIS E CRIMINAIS\u00a0<\/h5>\n<h5><span style=\"color: #ff0000;\"><strong><a style=\"color: #ff0000;\" href=\"http:\/\/www.defensoria.se.def.br\/wp-content\/uploads\/2014\/03\/ESCALA-RESUMIDA.pdf\">ESCALA <\/a><\/strong><\/span>\u00a0DOS <strong>SERVIDORES<\/strong>\u00a0<\/h5>\n<h4 style=\"text-align: center;\" align=\"center\"><span style=\"color: #999999;\">_______________________________________________________________<\/span><\/h4>\n<h4 style=\"text-align: center;\"><!--more--><\/h4>\n<h3 style=\"text-align: center;\" align=\"center\"><strong>RECESSO FORENSE <span style=\"color: #ff0000;\">2016\/2017<\/span><\/strong><\/h3>\n<h5 style=\"text-align: center;\" align=\"center\">\u00a0<em><span style=\"color: #000000;\"><strong>CLIQUE NA <span style=\"color: #ff0000;\">ESCALA<\/span> PARA ABRIR A TABELA<\/strong><\/span><\/em><\/h5>\n<h6 style=\"text-align: center;\"><span style=\"color: #000000;\"><strong>20 DE JANEIRO DE 2016 \u00c0\u00a06\u00a0DE JANEIRO DE 2017<\/strong><\/span><\/h6>\n<h5><strong><span style=\"color: #008000;\"><span style=\"color: #ff0000;\"><a style=\"color: #ff0000;\" href=\"http:\/\/www.defensoria.se.def.br\/?attachment_id=15136\" rel=\"attachment wp-att-15136\">ESCALA \u00a0<\/a><\/span><\/span><\/strong><span style=\"color: #008000;\"><span style=\"color: #000000;\">DOS <strong>DEFENSORES P\u00daBLICOS<\/strong> C\u00cdVEIS E CRIMINAIS<\/span><\/span><\/h5>\n<h5>\u00a0<strong><span style=\"color: #008000;\"><span style=\"color: #ff0000;\"><a style=\"color: #ff0000;\" href=\"http:\/\/www.defensoria.se.def.br\/?attachment_id=15137\" rel=\"attachment wp-att-15137\">ESCALA<\/a>\u00a0<\/span><\/span><\/strong><span style=\"color: #008000;\"><span style=\"color: #ff0000;\"><span style=\"color: #000000;\">DOS <strong>SERVIDORES\u00a0<\/strong><\/span><\/span><\/span><\/h5>\n<h4 style=\"text-align: center;\" align=\"center\">**********************************************************************************************************<\/h4>\n<h4 style=\"text-align: center;\"><!--more--><\/h4>\n<h3 style=\"text-align: center;\"><strong>RECESSO FORENSE <span style=\"color: #ff0000;\">2014\/2015<\/span><\/strong><\/h3>\n<p><span style=\"font-size: small;\"><strong><span style=\"color: #ff0000;\"><span style=\"color: #000000;\">De <span style=\"background-color: #ffff00;\">Janeiro a Junho de 2014<\/span> &#8211;\u00a0<span style=\"color: #ff0000;\"><a href=\"http:\/\/www.defensoria.se.def.br\/wp-content\/uploads\/2014\/03\/JANEIRO-A-JUNHO.pdf\"><span style=\"color: #ff0000;\">ACESSE AQUI!<\/span><\/a><\/span><\/span><\/span><\/strong><\/span><\/p>\n<p><span style=\"font-size: small;\"><strong><span style=\"color: #000000;\"><span style=\"background-color: #ffff00;\"><span style=\"background-color: #ffffff;\">De<\/span> Julho a Dezembro de 2014<\/span> \u00a0<\/span>&#8211;\u00a0<span style=\"color: #ff0000;\"><a href=\"http:\/\/www.defensoria.se.def.br\/wp-content\/uploads\/2014\/03\/ESCALA_-FINAIS-DE-SEMANA.pdf\"><span style=\"color: #ff0000;\"><span style=\"color: #000000;\">ESCALA_FINAIS DE SEMANA<\/span> &#8211; ACESSE AQUI!<\/span><\/a>\u00a0<\/span><\/strong><\/span><\/p>\n<p><strong style=\"font-size: small;\"><span style=\"color: #000000;\">De <span style=\"background-color: #ffff00;\">Julho a Dezembro de 2014 e Janeiro de 2015<\/span><\/span> &#8211; <span style=\"color: #000000;\">Feriados Nacionais, Municipais e Recesso Forense<\/span>\u00a0\u00a0<span style=\"color: #ff0000;\"><a href=\"http:\/\/www.defensoria.se.def.br\/wp-content\/uploads\/2014\/03\/FERIADOS.pdf\"><span style=\"color: #ff0000;\">ACESSE AQUI!<\/span><\/a><\/span><\/strong><\/p>\n<p><span style=\"font-size: small;\"><strong><span style=\"color: #000000;\">Plant\u00e3o dos Estagi\u00e1rios per\u00edodo:\u00a0<span style=\"background-color: #ffff00;\">20 de Dezembro a 06 de Janeiro de 2014<\/span><\/span>\u00a0<span style=\"color: #ff0000;\"><a href=\"http:\/\/www.defensoria.se.def.br\/wp-content\/uploads\/2014\/03\/RELA\u00c7\u00c3O-DO-PLANTAO-DOS-ESTAGIARIOS-2014-2015-1.pdf\"><span style=\"color: #ff0000;\">ACESSE AQUI!<\/span><\/a><\/span><\/strong><\/span><\/p>\n<p><span style=\"font-size: small;\"><strong><span style=\"color: #000000;\">Escala dos Defensores P\u00fablicos durante o <span style=\"background-color: #ffff00;\">Recesso Forense 2014\/2015<\/span><\/span>.<\/strong>\u00a0<span style=\"color: #ff0000;\"><strong><a href=\"http:\/\/www.defensoria.se.def.br\/wp-content\/uploads\/2014\/03\/ESCALA-DOS-DEFENSORES-RECESSO-FORENSE-2014-2015.pdf\"><span style=\"color: #ff0000;\">ACESSE AQUI!<\/span><\/a><\/strong><\/span><\/span><\/p>\n","protected":false},"excerpt":{"rendered":"<p>RECESSO FORENSE\u00a02023\/2024 CLIQUE NA\u00a0ESCALA\u00a0PARA ABRIR A TABELA ESCALA DOS DEFENSORES P\u00daBLICOS ESCALA DOS SERVIDORES\u00a0 &nbsp; ***************************************************************************** RECESSO FORENSE 2021\/2022 CLIQUE NA\u00a0ESCALA\u00a0PARA ABRIR A TABELA &nbsp; ESCALA DOS DEFENSORES P\u00daBLICOS ESCALA DOS SERVIDORES E FUNCION\u00c1RIOS TERCEIRIZADOS &nbsp; **************************************************************************************** RECESSO FORENSE\u00a02020\/2021 CLIQUE NA\u00a0ESCALA\u00a0PARA ABRIR A TABELA &nbsp; ESCALA DOS DEFENSORES P\u00daBLICOS ESCALA DOS SERVIDORES\u00a0 ESCALA DOS ESTAGIARIOS\u00a0 &hellip;<\/p>\n<p class=\"read-more\"> <a class=\"\" href=\"https:\/\/www.defensoria.se.def.br\/?page_id=5915\"> <span class=\"screen-reader-text\">PLANT\u00c3O DA DEFENSORIA<\/span> Read More &raquo;<\/a><\/p>\n","protected":false},"author":1,"featured_media":0,"parent":0,"menu_order":0,"comment_status":"closed","ping_status":"closed","template":"","meta":{"_eb_attr":"","_uag_custom_page_level_css":"","site-sidebar-layout":"default","site-content-layout":"","ast-site-content-layout":"","site-content-style":"default","site-sidebar-style":"default","ast-global-header-display":"","ast-banner-title-visibility":"","ast-main-header-display":"","ast-hfb-above-header-display":"","ast-hfb-below-header-display":"","ast-hfb-mobile-header-display":"","site-post-title":"","ast-breadcrumbs-content":"","ast-featured-img":"","footer-sml-layout":"","theme-transparent-header-meta":"","adv-header-id-meta":"","stick-header-meta":"","header-above-stick-meta":"","header-main-stick-meta":"","header-below-stick-meta":"","astra-migrate-meta-layouts":"","footnotes":""},"class_list":["post-5915","page","type-page","status-publish","hentry"],"uagb_featured_image_src":{"full":false,"thumbnail":false,"medium":false,"medium_large":false,"large":false,"1536x1536":false,"2048x2048":false},"uagb_author_info":{"display_name":"admin","author_link":"https:\/\/www.defensoria.se.def.br\/?author=1"},"uagb_comment_info":0,"uagb_excerpt":"RECESSO FORENSE\u00a02023\/2024 CLIQUE NA\u00a0ESCALA\u00a0PARA ABRIR A TABELA ESCALA DOS DEFENSORES P\u00daBLICOS ESCALA DOS SERVIDORES\u00a0 &nbsp; ***************************************************************************** RECESSO FORENSE 2021\/2022 CLIQUE NA\u00a0ESCALA\u00a0PARA ABRIR A TABELA &nbsp; ESCALA DOS DEFENSORES P\u00daBLICOS ESCALA DOS SERVIDORES E FUNCION\u00c1RIOS TERCEIRIZADOS &nbsp; **************************************************************************************** RECESSO FORENSE\u00a02020\/2021 CLIQUE NA\u00a0ESCALA\u00a0PARA ABRIR A TABELA &nbsp; ESCALA DOS DEFENSORES P\u00daBLICOS ESCALA DOS SERVIDORES\u00a0 ESCALA DOS ESTAGIARIOS\u00a0&hellip;","_links":{"self":[{"href":"https:\/\/www.defensoria.se.def.br\/index.php?rest_route=\/wp\/v2\/pages\/5915"}],"collection":[{"href":"https:\/\/www.defensoria.se.def.br\/index.php?rest_route=\/wp\/v2\/pages"}],"about":[{"href":"https:\/\/www.defensoria.se.def.br\/index.php?rest_route=\/wp\/v2\/types\/page"}],"author":[{"embeddable":true,"href":"https:\/\/www.defensoria.se.def.br\/index.php?rest_route=\/wp\/v2\/users\/1"}],"replies":[{"embeddable":true,"href":"https:\/\/www.defensoria.se.def.br\/index.php?rest_route=%2Fwp%2Fv2%2Fcomments&post=5915"}],"version-history":[{"count":92,"href":"https:\/\/www.defensoria.se.def.br\/index.php?rest_route=\/wp\/v2\/pages\/5915\/revisions"}],"predecessor-version":[{"id":35353,"href":"https:\/\/www.defensoria.se.def.br\/index.php?rest_route=\/wp\/v2\/pages\/5915\/revisions\/35353"}],"wp:attachment":[{"href":"https:\/\/www.defensoria.se.def.br\/index.php?rest_route=%2Fwp%2Fv2%2Fmedia&parent=5915"}],"curies":[{"name":"wp","href":"https:\/\/api.w.org\/{rel}","templated":true}]}}